{"id":969,"date":"2020-10-07T12:04:44","date_gmt":"2020-10-07T10:04:44","guid":{"rendered":"https:\/\/ssps-backup.200.solutions\/?page_id=969"},"modified":"2021-09-27T19:38:08","modified_gmt":"2021-09-27T17:38:08","slug":"interaktivni-vedecke-centrum-pri-ssps","status":"publish","type":"page","link":"https:\/\/ssps-backup.200.solutions\/?page_id=969","title":{"rendered":"Interaktivn\u00ed v\u011bdeck\u00e9 centrum p\u0159i SSP\u0160"},"content":{"rendered":"\n<p>SSP\u0160 v r\u00e1mci projektu Interaktivn\u00ed v\u011bdeck\u00e9 centrum p\u0159ipravila pro M\u0160 a Z\u0160 \u0159adu zaj\u00edmav\u00fdch workshop\u016f na r\u016fzn\u00e1 fyzik\u00e1ln\u00ed a IT t\u00e9mata. Smyslem t\u011bchto 90 minut dlouh\u00fdch d\u00edlen je snaha p\u0159ibl\u00ed\u017eit mlad\u0161\u00edm \u017e\u00e1k\u016fm z\u00e1klady v\u011bdy a techniky hravou a\u017e \u201eak\u010dn\u00ed\u201c formou.<\/p>\n\n\n\n<p>Vede ho vyu\u010duj\u00edc\u00ed fyziky <a href=\"https:\/\/ssps-backup.200.solutions\/ucitel\/vera-krajcova\/\">V\u011bra Kraj\u010dov\u00e1<\/a>, kter\u00e1 je i koordin\u00e1torkou evropsk\u00fdch projekt\u016f pro \u010cR a vedouc\u00ed centra fyziky Elix\u00edru do \u0161kol na Sm\u00edchovsk\u00e9 SP\u0160 a gymn\u00e1ziu. Sou\u010d\u00e1st\u00ed centra je mo\u017enost propojen\u00ed student\u016f s&nbsp;laborato\u0159emi FEL \u010cVUT, kdy studenti v&nbsp;r\u00e1mci sv\u00fdch studentsk\u00fdch a maturitn\u00edch projekt\u016f doch\u00e1zej\u00ed na konzultace na FEL a vytv\u00e1\u0159ej\u00ed nov\u00e9 a velmi pot\u0159ebn\u00e9 pom\u016fcky do v\u00fduky.<\/p>\n\n\n\n<p>Dal\u0161\u00ed studenti v&nbsp;r\u00e1mci sv\u00fdch studentsk\u00fdch a maturitn\u00edch projekt\u016f sami p\u0159ipravuj\u00ed workshopy na kl\u00ed\u010d podle po\u017eadavk\u016f \u0161kol a pak tak\u00e9 sami workshopy vedou. A\u0165 ji\u017e v&nbsp;Laborato\u0159i fyziky, Laborato\u0159i IoT, Laborato\u0159i robotiky, Laborato\u0159i virtu\u00e1ln\u00ed a roz\u0161\u00ed\u0159en\u00e9 reality, Laborato\u0159i 3D tisku, Kybernetick\u00e9m polygonu.<\/p>\n\n\n\n<p><strong>Pro koho: <\/strong>d\u011bti M\u0160 a Z\u0160 ve v\u011bku 5 \u2013 15 let, skupinky po maxim\u00e1ln\u011b 20 d\u011btech (v z\u00e1vislosti na volb\u011b programu je mo\u017en\u00e1 domluva)<\/p>\n\n\n\n<p><strong>\u010casov\u00e1 realizace:<\/strong> je mo\u017en\u00e9 domluvit 1 samostatn\u00fd workshop nebo 2 workshopy jako celo-dopoledn\u00ed (celo-odpoledn\u00ed) program<\/p>\n\n\n\n<p><strong>Mo\u017en\u00e9 zapojen\u00ed student\u016f:<\/strong> tv\u016frci, organiz\u00e1to\u0159i a realiz\u00e1to\u0159i workshop\u016f, tv\u016frci nov\u00fdch v\u00fdukov\u00fdch pom\u016fcek pro v\u00fduku fyziky. &nbsp;<\/p>\n\n\n\n<div style=\"height:42px\" aria-hidden=\"true\" class=\"wp-block-spacer\"><\/div>\n\n\n\n<figure class=\"wp-block-gallery columns-3 is-cropped wp-block-gallery-1 is-layout-flex wp-block-gallery-is-layout-flex\"><ul class=\"blocks-gallery-grid\"><li class=\"blocks-gallery-item\"><figure><img fetchpriority=\"high\" decoding=\"async\" width=\"1024\" height=\"768\" src=\"https:\/\/ssps-backup.200.solutions\/wp-content\/uploads\/2020\/10\/image1-1024x768.jpg\" alt=\"\" data-id=\"973\" data-full-url=\"https:\/\/ssps-backup.200.solutions\/wp-content\/uploads\/2020\/10\/image1-scaled.jpg\" data-link=\"https:\/\/ssps-backup.200.solutions\/projekty\/interaktivni-vedecke-centrum-pri-ssps\/image1\/\" class=\"wp-image-973\" srcset=\"https:\/\/ssps-backup.200.solutions\/wp-content\/uploads\/2020\/10\/image1-1024x768.jpg 1024w, https:\/\/ssps-backup.200.solutions\/wp-content\/uploads\/2020\/10\/image1-300x225.jpg 300w, https:\/\/ssps-backup.200.solutions\/wp-content\/uploads\/2020\/10\/image1-768x576.jpg 768w, https:\/\/ssps-backup.200.solutions\/wp-content\/uploads\/2020\/10\/image1-1536x1152.jpg 1536w, https:\/\/ssps-backup.200.solutions\/wp-content\/uploads\/2020\/10\/image1-2048x1536.jpg 2048w\" sizes=\"(max-width: 1024px) 100vw, 1024px\" \/><\/figure><\/li><li class=\"blocks-gallery-item\"><figure><img decoding=\"async\" width=\"683\" height=\"1024\" src=\"https:\/\/ssps-backup.200.solutions\/wp-content\/uploads\/2020\/10\/IMG_3282-683x1024.jpg\" alt=\"\" data-id=\"974\" data-full-url=\"https:\/\/ssps-backup.200.solutions\/wp-content\/uploads\/2020\/10\/IMG_3282-scaled.jpg\" data-link=\"https:\/\/ssps-backup.200.solutions\/projekty\/interaktivni-vedecke-centrum-pri-ssps\/img_3282\/\" class=\"wp-image-974\" srcset=\"https:\/\/ssps-backup.200.solutions\/wp-content\/uploads\/2020\/10\/IMG_3282-683x1024.jpg 683w, https:\/\/ssps-backup.200.solutions\/wp-content\/uploads\/2020\/10\/IMG_3282-200x300.jpg 200w, https:\/\/ssps-backup.200.solutions\/wp-content\/uploads\/2020\/10\/IMG_3282-768x1152.jpg 768w, https:\/\/ssps-backup.200.solutions\/wp-content\/uploads\/2020\/10\/IMG_3282-1024x1536.jpg 1024w, https:\/\/ssps-backup.200.solutions\/wp-content\/uploads\/2020\/10\/IMG_3282-1365x2048.jpg 1365w, https:\/\/ssps-backup.200.solutions\/wp-content\/uploads\/2020\/10\/IMG_3282-scaled.jpg 1707w\" sizes=\"(max-width: 683px) 100vw, 683px\" \/><\/figure><\/li><li class=\"blocks-gallery-item\"><figure><img decoding=\"async\" width=\"1024\" height=\"683\" src=\"https:\/\/ssps-backup.200.solutions\/wp-content\/uploads\/2020\/10\/IMG_9929-1024x683.jpg\" alt=\"\" data-id=\"975\" data-full-url=\"https:\/\/ssps-backup.200.solutions\/wp-content\/uploads\/2020\/10\/IMG_9929-scaled.jpg\" data-link=\"https:\/\/ssps-backup.200.solutions\/projekty\/interaktivni-vedecke-centrum-pri-ssps\/img_9929\/\" class=\"wp-image-975\" srcset=\"https:\/\/ssps-backup.200.solutions\/wp-content\/uploads\/2020\/10\/IMG_9929-1024x683.jpg 1024w, https:\/\/ssps-backup.200.solutions\/wp-content\/uploads\/2020\/10\/IMG_9929-300x200.jpg 300w, https:\/\/ssps-backup.200.solutions\/wp-content\/uploads\/2020\/10\/IMG_9929-768x512.jpg 768w, https:\/\/ssps-backup.200.solutions\/wp-content\/uploads\/2020\/10\/IMG_9929-1536x1024.jpg 1536w, https:\/\/ssps-backup.200.solutions\/wp-content\/uploads\/2020\/10\/IMG_9929-2048x1365.jpg 2048w\" sizes=\"(max-width: 1024px) 100vw, 1024px\" \/><\/figure><\/li><li class=\"blocks-gallery-item\"><figure><img loading=\"lazy\" decoding=\"async\" width=\"1024\" height=\"576\" src=\"https:\/\/ssps-backup.200.solutions\/wp-content\/uploads\/2020\/10\/IMG_20160212_090750-1024x576.jpg\" alt=\"\" data-id=\"976\" data-full-url=\"https:\/\/ssps-backup.200.solutions\/wp-content\/uploads\/2020\/10\/IMG_20160212_090750-scaled.jpg\" data-link=\"https:\/\/ssps-backup.200.solutions\/projekty\/interaktivni-vedecke-centrum-pri-ssps\/img_20160212_090750\/\" class=\"wp-image-976\" srcset=\"https:\/\/ssps-backup.200.solutions\/wp-content\/uploads\/2020\/10\/IMG_20160212_090750-1024x576.jpg 1024w, https:\/\/ssps-backup.200.solutions\/wp-content\/uploads\/2020\/10\/IMG_20160212_090750-300x169.jpg 300w, https:\/\/ssps-backup.200.solutions\/wp-content\/uploads\/2020\/10\/IMG_20160212_090750-768x432.jpg 768w, https:\/\/ssps-backup.200.solutions\/wp-content\/uploads\/2020\/10\/IMG_20160212_090750-1536x864.jpg 1536w, https:\/\/ssps-backup.200.solutions\/wp-content\/uploads\/2020\/10\/IMG_20160212_090750-2048x1152.jpg 2048w\" sizes=\"(max-width: 1024px) 100vw, 1024px\" \/><\/figure><\/li><\/ul><\/figure>\n\n\n\n<p><\/p>\n\n\n\n<div style=\"height:33px\" aria-hidden=\"true\" class=\"wp-block-spacer\"><\/div>\n\n\n\n<h2 class=\"wp-block-heading\"><strong>T\u00e9mata&nbsp;a&nbsp;zam\u011b\u0159en\u00ed:<\/strong><\/h2>\n\n\n\n<p><strong>IT:&nbsp;&nbsp;<\/strong>&nbsp;&nbsp;&nbsp;&nbsp;&nbsp;<\/p>\n\n\n\n<p>Hardware&nbsp;pro&nbsp;nejmen\u0161\u00ed&nbsp;(prvn\u00ed&nbsp;stupe\u0148&nbsp;Z\u0160)<\/p>\n\n\n\n<p>3D&nbsp;modelov\u00e1n\u00ed&nbsp;(7.&nbsp;\u2013&nbsp;9.&nbsp;t\u0159\u00edda&nbsp;Z\u0160)<\/p>\n\n\n\n<p>3D&nbsp;tisk&nbsp;(7.&nbsp;\u2013&nbsp;9.&nbsp;t\u0159\u00edda&nbsp;Z\u0160)&nbsp;&#8211;&nbsp;navazuj\u00edc\u00ed&nbsp;na&nbsp;3D&nbsp;modelov\u00e1n\u00ed<\/p>\n\n\n\n<p>Ozoboti&nbsp;(1.&nbsp;\u2013&nbsp;9.&nbsp;t\u0159\u00edda&nbsp;Z\u0160)<\/p>\n\n\n\n<p>Lego&nbsp;roboti&nbsp;(3.&nbsp;\u2013&nbsp;9.&nbsp;t\u0159\u00edda&nbsp;Z\u0160)<\/p>\n\n\n\n<p>Kybernetick\u00e1\u00a0bezpe\u010dnost\u00a0(4.\u00a0\u2013\u00a09.\u00a0t\u0159\u00edda\u00a0Z\u0160)<\/p>\n\n\n\n<p>Jak poznat podvodn\u00e9 eshopy  (7.\u00a0\u2013\u00a09.\u00a0t\u0159\u00edda\u00a0Z\u0160) <\/p>\n\n\n\n<p><\/p>\n\n\n\n<p><strong>Matematika&nbsp;a&nbsp;geometrie:<\/strong><\/p>\n\n\n\n<p>Prostorov\u00e1&nbsp;geometrie&nbsp;(5.&nbsp;&#8211;&nbsp;7.&nbsp;t\u0159\u00edda&nbsp;Z\u0160)<\/p>\n\n\n\n<p>Finan\u010dn\u00ed&nbsp;matematika&nbsp;(8.&nbsp;\u2013&nbsp;9.&nbsp;t\u0159\u00edda&nbsp;Z\u0160)<\/p>\n\n\n\n<p><\/p>\n\n\n\n<p><strong>Fyzika&nbsp;a&nbsp;p\u0159\u00edrodov\u011bda:<\/strong><\/p>\n\n\n\n<p>Mal\u00ed&nbsp;v\u011bdci&nbsp;(M\u0160&nbsp;a&nbsp;prvn\u00ed&nbsp;stupe\u0148&nbsp;Z\u0160)<\/p>\n\n\n\n<p>Mal\u00ed v\u011bdci II (M\u0160&nbsp;a&nbsp;prvn\u00ed&nbsp;stupe\u0148&nbsp;Z\u0160)<\/p>\n\n\n\n<p>Kometa&nbsp;(3.&nbsp;\u2013&nbsp;6.&nbsp;t\u0159\u00edda&nbsp;Z\u0160)<\/p>\n\n\n\n<p>Jak&nbsp;vid\u011bt&nbsp;neviditeln\u00e9&nbsp;(optika,&nbsp;el.-mag.&nbsp;z\u00e1\u0159en\u00ed&nbsp;7.&nbsp;\u2013&nbsp;9.&nbsp;t\u0159\u00edda&nbsp;Z\u0160)<\/p>\n\n\n\n<p>Nanotechnologie&nbsp;pro&nbsp;za\u010d\u00e1te\u010dn\u00edky&nbsp;(8.&nbsp;\u2013&nbsp;9.&nbsp;t\u0159\u00edda&nbsp;Z\u0160)<\/p>\n\n\n\n<p>Optick\u00e9&nbsp;hra\u010dky&nbsp;(7.&nbsp;\u2013&nbsp;9.&nbsp;t\u0159\u00edda&nbsp;Z\u0160)<\/p>\n\n\n\n<p>Slune\u010dn\u00ed&nbsp;soustava&nbsp;(8.&nbsp;\u2013&nbsp;9.&nbsp;t\u0159\u00edda&nbsp;Z\u0160)<\/p>\n\n\n\n<p>Elektrostatika&nbsp;(6.&nbsp;\u2013&nbsp;8.&nbsp;t\u0159\u00edda&nbsp;Z\u0160)<\/p>\n\n\n\n<p>Elektrick\u00e1\u00a0m\u011b\u0159en\u00ed\u00a0(8.\u00a0\u2013\u00a09.\u00a0t\u0159\u00edda\u00a0Z\u0160)<\/p>\n\n\n\n<p>M\u011b\u0159en\u00ed se syst\u00e9mem PASCO (8.\u00a0\u2013\u00a09.\u00a0t\u0159\u00edda\u00a0Z\u0160) <\/p>\n\n\n\n<p>Slizm\u00e1nie&nbsp;(1.&nbsp;\u2013&nbsp;9.&nbsp;t\u0159\u00edda&nbsp;Z\u0160)<\/p>\n\n\n\n<p>Nanoskopie&nbsp;(8.&nbsp;\u2013&nbsp;9.&nbsp;t\u0159\u00edda&nbsp;Z\u0160)<\/p>\n\n\n\n<p>Pot\u00e1p\u011bn\u00ed (fyzika a p\u0159\u00edrodov\u011bda, 8. \u2013 9.\u00a0t\u0159\u00edda\u00a0Z\u0160)  <\/p>\n\n\n\n<p><\/p>\n\n\n\n<p><strong>Term\u00edny:<\/strong>&nbsp;na&nbsp;z\u00e1klad\u011b&nbsp;domluvy&nbsp;b\u011bhem&nbsp;cel\u00e9ho&nbsp;\u0161koln\u00edho&nbsp;roku<\/p>\n\n\n\n<p><strong>Cena:<\/strong>&nbsp;ZDARMA,&nbsp;hrazeno&nbsp;z&nbsp;grantu&nbsp;hl.&nbsp;m\u011bsta&nbsp;Prahy&nbsp;na&nbsp;podporu&nbsp;vzd\u011bl\u00e1v\u00e1n\u00ed<\/p>\n\n\n\n<p><strong>Objedn\u00e1vky a dal\u0161\u00ed informace:<\/strong> vera.krajcova@ssps-backup.200.solutions<\/p>\n","protected":false},"excerpt":{"rendered":"<p>SSP\u0160 v r\u00e1mci projektu Interaktivn\u00ed v\u011bdeck\u00e9 centrum p\u0159ipravila pro M\u0160 a Z\u0160 \u0159adu zaj\u00edmav\u00fdch workshop\u016f&#8230; <a href=\"https:\/\/ssps-backup.200.solutions\/?page_id=969\" class=\"readmore\">Zobrazit v\u00edce<\/a><\/p>\n","protected":false},"author":14,"featured_media":0,"parent":154,"menu_order":1,"comment_status":"closed","ping_status":"closed","template":"","meta":{"_acf_changed":false,"inline_featured_image":false,"footnotes":""},"class_list":["post-969","page","type-page","status-publish","hentry"],"acf":[],"_links":{"self":[{"href":"https:\/\/ssps-backup.200.solutions\/index.php?rest_route=\/wp\/v2\/pages\/969","targetHints":{"allow":["GET"]}}],"collection":[{"href":"https:\/\/ssps-backup.200.solutions\/index.php?rest_route=\/wp\/v2\/pages"}],"about":[{"href":"https:\/\/ssps-backup.200.solutions\/index.php?rest_route=\/wp\/v2\/types\/page"}],"author":[{"embeddable":true,"href":"https:\/\/ssps-backup.200.solutions\/index.php?rest_route=\/wp\/v2\/users\/14"}],"replies":[{"embeddable":true,"href":"https:\/\/ssps-backup.200.solutions\/index.php?rest_route=%2Fwp%2Fv2%2Fcomments&post=969"}],"version-history":[{"count":16,"href":"https:\/\/ssps-backup.200.solutions\/index.php?rest_route=\/wp\/v2\/pages\/969\/revisions"}],"predecessor-version":[{"id":2494,"href":"https:\/\/ssps-backup.200.solutions\/index.php?rest_route=\/wp\/v2\/pages\/969\/revisions\/2494"}],"up":[{"embeddable":true,"href":"https:\/\/ssps-backup.200.solutions\/index.php?rest_route=\/wp\/v2\/pages\/154"}],"wp:attachment":[{"href":"https:\/\/ssps-backup.200.solutions\/index.php?rest_route=%2Fwp%2Fv2%2Fmedia&parent=969"}],"curies":[{"name":"wp","href":"https:\/\/api.w.org\/{rel}","templated":true}]}}