{"id":795,"date":"2020-09-23T10:22:21","date_gmt":"2020-09-23T08:22:21","guid":{"rendered":"http:\/\/ssps.200solutions.com\/?page_id=795"},"modified":"2021-07-03T22:43:00","modified_gmt":"2021-07-03T20:43:00","slug":"informace-o-zpracovani-ou-zaci","status":"publish","type":"page","link":"https:\/\/ssps-backup.200.solutions\/?page_id=795","title":{"rendered":"Informace o zpracov\u00e1n\u00ed O\u00da &#8211; \u017e\u00e1ci"},"content":{"rendered":"\n<p>Sm\u00edchovsk\u00e1 st\u0159edn\u00ed pr\u016fmyslov\u00e1 \u0161kola\u00a0a gymn\u00e1zium, I\u010c: 61386855, se s\u00eddlem Preslova 25, Praha 5, p\u0159\u00edsp\u011bvkov\u00e1 organizace zalo\u017een\u00e1 z\u0159izovac\u00ed listinou vydanou Zastupitelstvem hlavn\u00edho m\u011bsta Prahy (d\u00e1le jen \u201e\u0160kola\u201c), jako\u017eto spr\u00e1vce osobn\u00edch \u00fadaj\u016f, t\u00edmto informuje z\u00e1konn\u00e9 z\u00e1stupce \u017e\u00e1k\u016f (tedy z\u00e1konn\u00e9 z\u00e1stupce \u201esubjekt \u00fadaj\u016f\u201c) o zp\u016fsobu a rozsahu zpracov\u00e1n\u00ed osobn\u00edch \u00fadaj\u016f ze strany \u0160koly, v\u010detn\u011b rozsahu pr\u00e1v subjekt\u016f \u00fadaj\u016f souvisej\u00edc\u00edch se zpracov\u00e1n\u00edm jejich osobn\u00edch \u00fadaj\u016f \u0160kolou.<\/p>\n\n\n\n<p>\u0160kola zpracov\u00e1v\u00e1 osobn\u00ed a citliv\u00e9 \u00fadaje v souladu s Na\u0159\u00edzen\u00edm Evropsk\u00e9ho parlamentu a Rady (EU) 2016\/679 ze dne 27. dubna 2016 o ochran\u011b fyzick\u00fdch osob v souvislosti se zpracov\u00e1n\u00edm osobn\u00edch \u00fadaj\u016f a o voln\u00e9m pohybu t\u011bchto \u00fadaj\u016f a o zru\u0161en\u00ed sm\u011brnice 95\/46\/ES (obecn\u00e9 na\u0159\u00edzen\u00ed o ochran\u011b osobn\u00edch \u00fadaj\u016f; d\u00e1le jen \u201eGDPR\u201c) a d\u00e1le v souladu s relevantn\u00edmi vnitrost\u00e1tn\u00edmi pr\u00e1vn\u00edmi p\u0159edpisy v oblasti ochrany osobn\u00edch \u00fadaj\u016f.<\/p>\n\n\n\n<p>\u0160kola shroma\u017e\u010fuje a zpracov\u00e1v\u00e1 osobn\u00ed \u00fadaje pouze v souladu se stanoven\u00fdmi \u00fa\u010dely a v rozsahu a po dobu nezbytnou pro napln\u011bn\u00ed t\u011bchto stanoven\u00fdch \u00fa\u010delu.<br><\/p>\n\n\n\n<h3 class=\"title wp-block-heading\">\u00da\u010del a pr\u00e1vn\u00ed z\u00e1klad pro zpracov\u00e1n\u00ed osobn\u00edch \u00fadaj\u016f<\/h3>\n\n\n\n<ol class=\"wp-block-list\"><li><strong><em>Zaji\u0161t\u011bn\u00ed a poskytnut\u00ed \u0161koln\u00edho a mimo\u0161koln\u00edho vzd\u011bl\u00e1v\u00e1n\u00ed<\/em><\/strong><ul><li>zpracov\u00e1n\u00ed osobn\u00edch \u00fadaj\u016f je nezbytn\u00e9 pro dodr\u017een\u00ed pr\u00e1vn\u00ed povinnosti \u0160koly (viz z\u00e1kon \u010d. 561\/2004 Sb., \u0161kolsk\u00fd z\u00e1kon, \u00a7 28, odst. 2,&nbsp;\u0161kola shroma\u017e\u010fuje a zpracov\u00e1v\u00e1 osobn\u00ed \u00fadaje subjektu \u00fadaj\u016f v rozsahu \u2013 jm\u00e9no a p\u0159\u00edjmen\u00ed, rodn\u00e9 \u010d\u00edslo, pop\u0159\u00edpad\u011b datum narozen\u00ed, nebylo-li rodn\u00e9 \u010d\u00edslo d\u00edt\u011bti, \u017e\u00e1kovi nebo studentovi p\u0159id\u011bleno, d\u00e1le st\u00e1tn\u00ed ob\u010danstv\u00ed, m\u00edsto narozen\u00ed a m\u00edsto trval\u00e9ho pobytu, pop\u0159\u00edpad\u011b m\u00edsto pobytu na \u00fazem\u00ed \u010cesk\u00e9 republiky podle druhu pobytu cizince nebo m\u00edsto pobytu v zahrani\u010d\u00ed, nepob\u00fdv\u00e1-li d\u00edt\u011b, \u017e\u00e1k nebo student na \u00fazem\u00ed \u010cesk\u00e9 republiky. D\u00e1le \u00fadaje o p\u0159edchoz\u00edm vzd\u011bl\u00e1v\u00e1n\u00ed, v\u010detn\u011b dosa\u017een\u00e9ho stupn\u011b vzd\u011bl\u00e1n\u00ed, obor, formu a d\u00e9lku vzd\u011bl\u00e1v\u00e1n\u00ed, jde-li o st\u0159edn\u00ed a vy\u0161\u0161\u00ed odbornou \u0161kolu, datum zah\u00e1jen\u00ed vzd\u011bl\u00e1v\u00e1n\u00ed ve \u0161kole, \u00fadaje o pr\u016fb\u011bhu a v\u00fdsledc\u00edch vzd\u011bl\u00e1v\u00e1n\u00ed ve \u0161kole, vyu\u010dovac\u00ed jazyk, \u00fadaje o znev\u00fdhodn\u011bn\u00ed d\u00edt\u011bte, \u017e\u00e1ka nebo studenta, \u00fadaje o mimo\u0159\u00e1dn\u00e9m nad\u00e1n\u00ed, \u00fadaje o podp\u016frn\u00fdch opat\u0159en\u00edch poskytovan\u00fdch d\u00edt\u011bti, \u017e\u00e1kovi nebo studentovi \u0161kolou a o z\u00e1v\u011brech vy\u0161et\u0159en\u00ed uveden\u00fdch v doporu\u010den\u00ed \u0161kolsk\u00e9ho poradensk\u00e9ho za\u0159\u00edzen\u00ed. \u0160kola je tak\u00e9 opr\u00e1vn\u011bna zpracov\u00e1vat \u00fadaje o zdravotn\u00ed zp\u016fsobilosti ke vzd\u011bl\u00e1v\u00e1n\u00ed a o zdravotn\u00edch obt\u00ed\u017e\u00edch, kter\u00e9 by mohly m\u00edt vliv na pr\u016fb\u011bh vzd\u011bl\u00e1v\u00e1n\u00ed, d\u00e1le datum ukon\u010den\u00ed vzd\u011bl\u00e1v\u00e1n\u00ed ve \u0161kole, p\u0159\u00edpadn\u011b \u00fadaje o zkou\u0161ce, j\u00ed\u017e bylo vzd\u011bl\u00e1v\u00e1n\u00ed ve st\u0159edn\u00ed nebo vy\u0161\u0161\u00ed odborn\u00e9 \u0161kole ukon\u010deno.<\/li><li>Vyjma osobn\u00edch \u00fadaj\u016f \u017e\u00e1ka m\u00e1 \u0161kola pr\u00e1vn\u00ed povinnost zpracov\u00e1vat tak\u00e9 osobn\u00ed \u00fadaje z\u00e1konn\u00e9ho z\u00e1stupce \u017e\u00e1ka, a to v rozsahu&nbsp;: jm\u00e9no a p\u0159\u00edjmen\u00ed z\u00e1konn\u00e9ho z\u00e1stupce, m\u00edsto trval\u00e9ho pobytu nebo bydli\u0161t\u011b, pokud nem\u00e1 na \u00fazem\u00ed \u010cesk\u00e9 republiky m\u00edsto trval\u00e9ho pobytu, a adresu pro doru\u010dov\u00e1n\u00ed p\u00edsemnost\u00ed, telefonick\u00e9 spojen\u00ed.<br><\/li><\/ul><\/li><li><strong>Prezentace a propagace \u0160koly, prezentace v\u00fdsledk\u016f \u010dinnosti \u017e\u00e1k\u016f<\/strong><ul><li>souhlas se zpracov\u00e1n\u00edm osobn\u00edch \u00fadaj\u016f<ul><li>\u0160kola po\u0159izuje a zpracov\u00e1v\u00e1 osobn\u00ed \u00fadaje subjektu \u00fadaj\u016f v rozsahu \u2013 fotografie, videa \u017e\u00e1k\u016f, a to pouze na z\u00e1klad\u011b souhlasu ud\u011blen\u00e9ho ke zpracov\u00e1n\u00ed osobn\u00edch \u00fadaj\u016f.<\/li><li>\u0160kola nakl\u00e1d\u00e1 s d\u00edly \u017e\u00e1k\u016f (um\u011bleck\u00e9 a jin\u00e9 povahy), za \u00fa\u010delem v\u00fdstav, sout\u011b\u017e\u00ed i prezentace \u0161koly a informuje o dosa\u017een\u00fdch v\u00fdsledc\u00edch, a to pouze na z\u00e1klad\u011b souhlasu ud\u011blen\u00e9ho ke zpracov\u00e1n\u00ed osobn\u00edch \u00fadaj\u016f.<\/li><li>Tento souhlas m\u016f\u017ee subjekt \u00fadaj\u016f kdykoliv odvolat, a to osobn\u011b, nebo p\u00edsemn\u011b ozn\u00e1men\u00edm doru\u010den\u00fdm prost\u0159ednictv\u00edm n\u00ed\u017ee uveden\u00fdch kontaktn\u00edch \u00fadaj\u016f.<br><\/li><\/ul><\/li><\/ul><\/li><\/ol>\n\n\n\n<h3 class=\"title wp-block-heading\">Zpracovatel\u00e9 a p\u0159\u00edjemci<\/h3>\n\n\n\n<p>Osobn\u00ed \u00fadaje mohou b\u00fdt pro zaji\u0161t\u011bn\u00ed v\u00fd\u0161e popsan\u00fdch \u00fa\u010del\u016f mimo \u0160koly a jej\u00edch zam\u011bstnanc\u016f zpracov\u00e1vat tak\u00e9 zpracovatel\u00e9 osobn\u00edch \u00fadaj\u016f \u0160koly, a to na z\u00e1klad\u011b smluv o zpracov\u00e1n\u00ed osobn\u00edch \u00fadaj\u016f uzav\u0159en\u00fdch v souladu s GDPR.<\/p>\n\n\n\n<p>\u0160kola informuje, \u017ee osobn\u00ed \u00fadaje mohou b\u00fdt na z\u00e1klad\u011b z\u00e1konn\u00e9 \u017e\u00e1dosti p\u0159ed\u00e1ny t\u0159et\u00edm subjekt\u016fm, kter\u00e9 disponuj\u00ed z\u00e1konnou pravomoc\u00ed vy\u017eadovat p\u0159ed\u00e1n\u00ed p\u0159edm\u011btn\u00fdch osobn\u00edch \u00fadaj\u016f.<\/p>\n\n\n\n<p><\/p>\n\n\n\n<h3 class=\"title wp-block-heading\">Pr\u00e1va subjektu \u00fadaj\u016f<\/h3>\n\n\n\n<p>Z\u00e1konn\u00fd z\u00e1stupce subjektu \u00fadaj\u016f (subjekt \u00fadaj\u016f) je opr\u00e1vn\u011bn po\u017eadovat informaci, zda osobn\u00ed \u00fadaje, kter\u00e9 se ho t\u00fdkaj\u00ed, jsou \u010di nejsou \u0160kolou zpracov\u00e1v\u00e1ny, a pokud je tomu tak, m\u00e1 pr\u00e1vo z\u00edskat p\u0159\u00edstup k t\u011bmto osobn\u00edm \u00fadaj\u016fm a k n\u00e1sleduj\u00edc\u00edm informac\u00edm: \u00fa\u010del zpracov\u00e1n\u00ed osobn\u00edch \u00fadaj\u016f, kategorie dot\u010den\u00fdch osobn\u00edch \u00fadaj\u016f, p\u0159\u00edjemci nebo kategorie p\u0159\u00edjemc\u016f osobn\u00edch \u00fadaj\u016f, doba, po kterou budou osobn\u00ed \u00fadaje uchov\u00e1v\u00e1ny, zdroje osobn\u00edch \u00fadaj\u016f, skute\u010dnost, zda doch\u00e1z\u00ed k automatizovan\u00e9mu rozhodov\u00e1n\u00ed, v\u010detn\u011b profilov\u00e1n\u00ed. \u0160kola poskytne prvn\u00ed kopii zpracov\u00e1van\u00fdch osobn\u00edch \u00fadaj\u016f subjektu \u00fadaj\u016f bezplatn\u011b. Za dal\u0161\u00ed kopie na \u017e\u00e1dost z\u00e1konn\u00e9ho z\u00e1stupce subjektu \u00fadaj\u016f (subjektu \u00fadaj\u016f) m\u016f\u017ee \u0160kola po\u017eadovat p\u0159im\u011b\u0159enou \u00fahradu nep\u0159evy\u0161uj\u00edc\u00ed n\u00e1klady nezbytn\u00e9 na poskytnut\u00ed takov\u00e9 informace.<\/p>\n\n\n\n<p>Z\u00e1konn\u00fd z\u00e1stupce subjektu \u00fadaj\u016f (subjekt \u00fadaj\u016f) m\u00e1 d\u00e1le pr\u00e1vo z\u00edskat osobn\u00ed \u00fadaje, kter\u00e9 se ho t\u00fdkaj\u00ed, je\u017e poskytl \u0160kole, ve strukturovan\u00e9m, b\u011b\u017en\u011b pou\u017e\u00edvan\u00e9m a strojov\u011b \u010diteln\u00e9m form\u00e1tu, a pr\u00e1vo p\u0159edat tyto \u00fadaje jin\u00e9mu spr\u00e1vci, a d\u00e1le pr\u00e1vo na to, aby osobn\u00ed \u00fadaje byly p\u0159ed\u00e1ny p\u0159\u00edmo jedn\u00edm spr\u00e1vcem spr\u00e1vci druh\u00e9mu, je-li to technicky provediteln\u00e9.<\/p>\n\n\n\n<p>V p\u0159\u00edpad\u011b, \u017ee se z\u00e1konn\u00fd z\u00e1stupce subjektu \u00fadaj\u016f (subjekt \u00fadaj\u016f) domn\u00edv\u00e1, \u017ee \u0160kola nebo smluvn\u00ed zpracovatel \u0160koly prov\u00e1d\u00ed zpracov\u00e1n\u00ed osobn\u00edch \u00fadaj\u016f v rozporu s ochranou soukrom\u00e9ho a osobn\u00edho \u017eivota subjektu \u00fadaj\u016f nebo v rozporu se z\u00e1konem, zejm\u00e9na jsou-li osobn\u00ed \u00fadaje nep\u0159esn\u00e9 s ohledem na \u00fa\u010del jejich zpracov\u00e1n\u00ed, m\u016f\u017ee subjekt \u00fadaj\u016f \u0160kolu po\u017e\u00e1dat o opravu \u010di v\u00fdmaz (likvidaci) t\u011bchto osobn\u00edch \u00fadaj\u016f, pop\u0159\u00edpad\u011b o omezen\u00ed (blokaci) zpracov\u00e1n\u00ed. D\u00e1le m\u016f\u017ee subjekt \u00fadaj\u016f vzn\u00e9st n\u00e1mitku proti takov\u00e9mu zpracov\u00e1n\u00ed.<br><\/p>\n\n\n\n<p><strong>Na z\u00e1klad\u011b souhlasu jsou zpracov\u00e1v\u00e1ny O\u00da jm\u00e9no a p\u0159\u00edjmen\u00ed \u017e\u00e1ka za \u00fa\u010delem vytvo\u0159en\u00ed \u0161koln\u00edho \u017e\u00e1kovsk\u00e9ho e-mailu a tak\u00e9 jsou na z\u00e1klad\u011b souhlasu tyto \u00fadaje p\u0159ed\u00e1v\u00e1ny t\u0159et\u00ed stran\u011b (provozovateli slu\u017eeb).<\/strong><\/p>\n\n\n\n<p>\u0160kola v\u017edy bez zbyte\u010dn\u00e9ho odkladu, v ka\u017ed\u00e9m p\u0159\u00edpad\u011b do jednoho m\u011bs\u00edce od obdr\u017een\u00ed \u017e\u00e1dosti informuje subjekt \u00fadaj\u016f o vy\u0159\u00edzen\u00ed jeho \u017e\u00e1dosti.<\/p>\n\n\n\n<p>Subjekt \u00fadaj\u016f m\u00e1 pr\u00e1vo kdykoliv se obr\u00e1tit se sv\u00fdm podn\u011btem na \u00da\u0159ad pro ochranu osobn\u00edch \u00fadaj\u016f,<\/p>\n\n\n\n<p>Pplk. Sochora 27, 170 00 Praha 7.<br><\/p>\n\n\n\n<h3 class=\"title wp-block-heading\">Kontaktn\u00ed \u00fadaje<\/h3>\n\n\n\n<p>Sm\u00edchovsk\u00e1 st\u0159edn\u00ed pr\u016fmyslov\u00e1 \u0161kola a gymn\u00e1zium, Preslova 25, Praha 5, 150 21<br>e-mail:&nbsp;<a rel=\"noreferrer noopener\" href=\"mailto:reditel@ssps-backup.200.solutions\" target=\"_blank\">reditel@ssps-backup.200.solutions<\/a><br>tel.: 257 320 533<\/p>\n","protected":false},"excerpt":{"rendered":"<p>Sm\u00edchovsk\u00e1 st\u0159edn\u00ed pr\u016fmyslov\u00e1 \u0161kola\u00a0a gymn\u00e1zium, I\u010c: 61386855, se s\u00eddlem Preslova 25, Praha 5, p\u0159\u00edsp\u011bvkov\u00e1 organizace&#8230; <a href=\"https:\/\/ssps-backup.200.solutions\/?page_id=795\" class=\"readmore\">Zobrazit v\u00edce<\/a><\/p>\n","protected":false},"author":14,"featured_media":0,"parent":166,"menu_order":0,"comment_status":"closed","ping_status":"closed","template":"","meta":{"_acf_changed":false,"inline_featured_image":false,"footnotes":""},"class_list":["post-795","page","type-page","status-publish","hentry"],"acf":[],"_links":{"self":[{"href":"https:\/\/ssps-backup.200.solutions\/index.php?rest_route=\/wp\/v2\/pages\/795","targetHints":{"allow":["GET"]}}],"collection":[{"href":"https:\/\/ssps-backup.200.solutions\/index.php?rest_route=\/wp\/v2\/pages"}],"about":[{"href":"https:\/\/ssps-backup.200.solutions\/index.php?rest_route=\/wp\/v2\/types\/page"}],"author":[{"embeddable":true,"href":"https:\/\/ssps-backup.200.solutions\/index.php?rest_route=\/wp\/v2\/users\/14"}],"replies":[{"embeddable":true,"href":"https:\/\/ssps-backup.200.solutions\/index.php?rest_route=%2Fwp%2Fv2%2Fcomments&post=795"}],"version-history":[{"count":5,"href":"https:\/\/ssps-backup.200.solutions\/index.php?rest_route=\/wp\/v2\/pages\/795\/revisions"}],"predecessor-version":[{"id":2210,"href":"https:\/\/ssps-backup.200.solutions\/index.php?rest_route=\/wp\/v2\/pages\/795\/revisions\/2210"}],"up":[{"embeddable":true,"href":"https:\/\/ssps-backup.200.solutions\/index.php?rest_route=\/wp\/v2\/pages\/166"}],"wp:attachment":[{"href":"https:\/\/ssps-backup.200.solutions\/index.php?rest_route=%2Fwp%2Fv2%2Fmedia&parent=795"}],"curies":[{"name":"wp","href":"https:\/\/api.w.org\/{rel}","templated":true}]}}