{"id":793,"date":"2020-09-23T10:21:39","date_gmt":"2020-09-23T08:21:39","guid":{"rendered":"http:\/\/ssps.200solutions.com\/?page_id=793"},"modified":"2020-12-27T19:49:21","modified_gmt":"2020-12-27T18:49:21","slug":"informace-o-zpracovani-ou-zamestnanci","status":"publish","type":"page","link":"https:\/\/ssps-backup.200.solutions\/?page_id=793","title":{"rendered":"Informace o zpracov\u00e1n\u00ed O\u00da &#8211; zam\u011bstnanci"},"content":{"rendered":"\n<p>Spole\u010dnost Sm\u00edchovsk\u00e1 st\u0159edn\u00ed pr\u016fmyslov\u00e1 \u0161kola a gymn\u00e1zium, I\u010cO: 61386855, se s\u00eddlem Preslova 25, Praha 5, p\u0159\u00edsp\u011bvkov\u00e1 organizace zalo\u017een\u00e1 z\u0159izovac\u00ed listinou vydanou Zastupitelstvem hlavn\u00edho m\u011bsta Prahy (d\u00e1le jen \u201eOrganizace\u201c), jako\u017eto spr\u00e1vce osobn\u00edch \u00fadaj\u016f, si t\u00edmto dovoluje informovat sv\u00e9\u00a0zam\u011bstnance\u00a0(d\u00e1le tak\u00e9 jen \u201esubjekty \u00fadaj\u016f\u201c) o zp\u016fsobu a rozsahu zpracov\u00e1n\u00ed osobn\u00edch \u00fadaj\u016f ze strany Organizace, v\u010detn\u011b rozsahu pr\u00e1v subjekt\u016f \u00fadaj\u016f souvisej\u00edc\u00edch se zpracov\u00e1n\u00edm jejich osobn\u00edch \u00fadaj\u016f ze strany Organizace<\/p>\n\n\n\n<h2 class=\"wp-block-heading\"><strong>Jak\u00e9 \u00fadaje Organizace o zam\u011bstnanc\u00edch zpracov\u00e1v\u00e1<\/strong><\/h2>\n\n\n\n<h4 class=\"wp-block-heading\">1. Adresn\u00ed a identifika\u010dn\u00ed \u00fadaje<\/h4>\n\n\n\n<p>(zejm. rodn\u00e9 p\u0159\u00edjmen\u00ed a v\u0161echna d\u0159\u00edv\u011bj\u0161\u00ed p\u0159\u00edjmen\u00ed; p\u0159\u00edjmen\u00ed, jm\u00e9no; akademick\u00fd titul; adresa trval\u00e9ho bydli\u0161t\u011b; datum a m\u00edsto narozen\u00ed; rodn\u00e9 \u010d\u00edslo; \u010d\u00edslo ob\u010dansk\u00e9ho pr\u016fkazu; pohlav\u00ed; rodinn\u00fd stav; st\u00e1tn\u00ed p\u0159\u00edslu\u0161nost; telefonn\u00ed \u010d\u00edslo; e-mailov\u00e1 adresa);<\/p>\n\n\n\n<h4 class=\"wp-block-heading\">2. Popisn\u00e9 \u00fadaje<\/h4>\n\n\n\n<p>(zejm. \u00fadaje o dosa\u017een\u00e9m vzd\u011bl\u00e1n\u00ed, \u0161kole, praxi, jazykov\u00fdch a jin\u00fdch odborn\u00fdch vlastnostech; \u010d\u00edsla veden\u00fdch \u00fa\u010dt\u016f u bankovn\u00edch \u00fastav\u016f; identifika\u010dn\u00ed \u00fadaje zdravotn\u00ed poji\u0161\u0165ovny; \u00fadaje o d\u016fchodu; \u00fadaje o platov\u00fdch podm\u00ednk\u00e1ch; \u00fadaje o vyu\u017e\u00edv\u00e1n\u00ed sv\u011b\u0159en\u00fdch p\u0159edm\u011bt\u016f; \u00fadaje o pracovn\u00ed neschopnosti; \u00fadaje o v\u0161ech p\u0159edchoz\u00edch zam\u011bstn\u00e1n\u00edch; \u00fadaje o zdravotn\u00ed zp\u016fsobilosti \u2013 v\u00fdsledek zdravotn\u00ed prohl\u00eddky; \u00fadaje o zm\u011bn\u011bn\u00e9 pracovn\u00ed schopnosti; \u00fadaje uveden\u00e9 v \u017eivotopisu; fotografie);<\/p>\n\n\n\n<h4 class=\"wp-block-heading\">3. \u00dadaje o jin\u00e9 osob\u011b<\/h4>\n\n\n\n<p>(zejm. identifika\u010dn\u00ed \u00fadaje \u010dlena rodiny \u2013 man\u017eela \/man\u017eelky\/d\u00edt\u011bte)<\/p>\n\n\n\n<h2 class=\"wp-block-heading\"><strong>\u00da\u010del a pr\u00e1vn\u00ed tituly, na jejich\u017e z\u00e1klad\u011b prob\u00edh\u00e1 zpracov\u00e1n\u00ed osobn\u00edch \u00fadaj\u016f<\/strong><\/h2>\n\n\n\n<h4 class=\"wp-block-heading\">1. Veden\u00ed person\u00e1ln\u011b-mzdov\u00e9 agendy<\/h4>\n\n\n\n<p>Zpracov\u00e1n\u00ed osobn\u00edch \u00fadaj\u016f v rozsahu \u2013&nbsp;jm\u00e9no, p\u0159\u00edjmen\u00ed, datum narozen\u00ed a adresa, \u00fadaje uveden\u00e9 v \u017eivotopisu&nbsp;, je nezbytn\u00e9 pro jedn\u00e1n\u00ed o uzav\u0159en\u00ed nebo zm\u011bn\u011b pracovn\u00ed smlouvy nebo jin\u00e9 obdobn\u00e9 smlouvy, jej\u00ed\u017e smluvn\u00ed stranou je subjekt \u00fadaj\u016f, a pro n\u00e1sledn\u00e9&nbsp;pln\u011bn\u00ed takov\u00e9 smlouvy&nbsp;(pracovn\u011bpr\u00e1vn\u00edho vztahu).<\/p>\n\n\n\n<p>Zpracov\u00e1n\u00ed osobn\u00edch \u00fadaj\u016f v rozsahu \u2013&nbsp;datum a m\u00edsto narozen\u00ed, rodn\u00e9 p\u0159\u00edjmen\u00ed a v\u0161echna d\u0159\u00edv\u011bj\u0161\u00ed p\u0159\u00edjmen\u00ed, p\u0159\u00edjmen\u00ed, jm\u00e9no, rodn\u00e9 \u010d\u00edslo, \u010d\u00edslo ob\u010dansk\u00e9ho pr\u016fkazu, pohlav\u00ed, m\u00edsto trval\u00e9ho pobytu, st\u00e1tn\u00ed p\u0159\u00edslu\u0161nost, \u00fadaje o dosa\u017een\u00e9m vzd\u011bl\u00e1n\u00ed, \u0161kole, praxi, jazykov\u00fdch a jin\u00fdch odborn\u00fdch vlastnostech; \u010d\u00edsla veden\u00fdch \u00fa\u010dt\u016f u bankovn\u00edch \u00fastav\u016f; identifika\u010dn\u00ed \u00fadaje zdravotn\u00ed poji\u0161\u0165ovny; \u00fadaje o d\u016fchodu; \u00fadaje o mzdov\u00fdch podm\u00ednk\u00e1ch; \u00fadaje o vyu\u017e\u00edv\u00e1n\u00ed sv\u011b\u0159en\u00fdch p\u0159edm\u011bt\u016f; \u00fadaje o pracovn\u00ed neschopnosti; \u00fadaje o v\u0161ech p\u0159edchoz\u00edch zam\u011bstn\u00e1n\u00edch; \u00fadaje o zdravotn\u00ed zp\u016fsobilosti \u2013 v\u00fdsledek zdravotn\u00ed prohl\u00eddky; \u00fadaje o zm\u011bn\u011bn\u00e9 pracovn\u00ed schopnosti, \u00fadaje o jin\u00e9 osob\u011b: p\u0159\u00edjmen\u00ed a jm\u00e9no man\u017eela\/ky, n\u00e1zev a adresa zam\u011bstnavatele, jm\u00e9no, p\u0159\u00edjmen\u00ed, rodn\u00e9 \u010d\u00edslo d\u00edt\u011bte,&nbsp;je nezbytn\u00e9&nbsp;pro pln\u011bn\u00ed pr\u00e1vn\u00edch povinnost\u00ed&nbsp;ulo\u017een\u00fdch z\u00e1konem \u010d. 262\/2006 Sb., z\u00e1kon\u00edkem pr\u00e1ce, ve zn\u011bn\u00ed pozd\u011bj\u0161\u00edch p\u0159edpis\u016f, nebo zvl\u00e1\u0161tn\u00edm pr\u00e1vn\u00edm p\u0159edpisem (nap\u0159. z\u00e1konem \u010d. 582\/1991 Sb., o organizaci a prov\u00e1d\u011bn\u00ed soci\u00e1ln\u00edho zabezpe\u010den\u00ed, ve zn\u011bn\u00ed pozd\u011bj\u0161\u00edch p\u0159edpis\u016f, z\u00e1konem \u010d. 48\/1997 Sb., o ve\u0159ejn\u00e9m zdravotn\u00edm poji\u0161t\u011bn\u00ed, ve zn\u011bn\u00ed pozd\u011bj\u0161\u00edch p\u0159edpis\u016f, z\u00e1konem \u010d. 187\/2006 Sb., o zdravotn\u00edm poji\u0161t\u011bn\u00ed, ve zn\u011bn\u00ed pozd\u011bj\u0161\u00edch p\u0159edpis\u016f, z\u00e1konem \u010d. 435\/2004 Sb., o zam\u011bstnanosti, ve zn\u011bn\u00ed pozd\u011bj\u0161\u00edch p\u0159edpis\u016f, z\u00e1konem \u010d. 373\/2011 Sb., o specifick\u00fdch zdravotn\u00edch slu\u017eb\u00e1ch, ve zn\u011bn\u00ed pozd\u011bj\u0161\u00edch p\u0159edpis\u016f, z\u00e1konem \u010d. 586\/1992 Sb., o dan\u00edch z p\u0159\u00edjm\u016f, ve zn\u011bn\u00ed pozd\u011bj\u0161\u00edch p\u0159edpis\u016f).<\/p>\n\n\n\n<h4 class=\"wp-block-heading\">2. Ochrana osob a majetku<\/h4>\n\n\n\n<p>Zpracov\u00e1n\u00ed osobn\u00edch \u00fadaj\u016f je nezbytn\u00e9 pro \u00fa\u010dely&nbsp;opr\u00e1vn\u011bn\u00fdch z\u00e1jm\u016f&nbsp;Organizace, spo\u010d\u00edvaj\u00edc\u00edch v zaji\u0161t\u011bn\u00ed ochrany osob a majetku.<\/p>\n\n\n\n<p>Organizace shroma\u017e\u010fuje a zpracov\u00e1v\u00e1 osobn\u00ed \u00fadaje subjektu \u00fadaj\u016f v rozsahu \u2013&nbsp;popisn\u00e9 \u00fadaje v r\u00e1mci video z\u00e1znamu, a to prost\u0159ednictv\u00edm kamerov\u00fdch syst\u00e9m\u016f se z\u00e1znamem.<\/p>\n\n\n\n<h4 class=\"wp-block-heading\">3. Ochrana pr\u00e1v pro p\u0159\u00edpad eventu\u00e1ln\u00edho sporu<\/h4>\n\n\n\n<p>Zpracov\u00e1n\u00ed osobn\u00edch \u00fadaj\u016f zam\u011bstnance v omezen\u00e9m rozsahu nezbytn\u00e9m pro \u00fa\u010dely&nbsp;opr\u00e1vn\u011bn\u00fdch z\u00e1jm\u016f&nbsp;Organizace, spo\u010d\u00edvaj\u00edc\u00edch v zaji\u0161t\u011bn\u00ed ochrany pr\u00e1v pro p\u0159\u00edpad eventu\u00e1ln\u00edho sporu se zam\u011bstnancem.<\/p>\n\n\n\n<h4 class=\"wp-block-heading\">4. Pou\u017eit\u00ed fotografi\u00ed zam\u011bstnanc\u016f za \u00fa\u010delem propagace Organizace (tvorba propaga\u010dn\u00edch materi\u00e1l\u016f)<\/h4>\n\n\n\n<p>Organizace zpracov\u00e1v\u00e1 za v\u00fd\u0161e uveden\u00fdm \u00fa\u010delem osobn\u00ed \u00fadaje subjekt\u016f \u00fadaj\u016f v rozsahu&nbsp;<em>\u2013 <\/em>fotografie, a to pouze na z\u00e1klad\u011b dobrovoln\u011b ud\u011blen\u00e9ho&nbsp;souhlasu se zpracov\u00e1n\u00edm osobn\u00edch \u00fadaj\u016f.<\/p>\n\n\n\n<p>Tento souhlas se zpracov\u00e1n\u00edm osobn\u00edch \u00fadaj\u016f m\u016f\u017ee subjekt \u00fadaj\u016f kdykoliv odvolat, a to osobn\u011b na n\u00ed\u017ee uveden\u00e9 adrese Organizace nebo v listinn\u00e9 form\u011b ozn\u00e1men\u00edm doru\u010den\u00fdm prost\u0159ednictv\u00edm n\u00ed\u017ee uveden\u00fdch kontaktn\u00edch \u00fadaj\u016f. Odvol\u00e1n\u00edm souhlasu nen\u00ed dot\u010dena z\u00e1konnost zpracov\u00e1n\u00ed vych\u00e1zej\u00edc\u00edho ze souhlasu p\u0159ed jeho odvol\u00e1n\u00edm. Odvol\u00e1n\u00ed souhlasu nem\u00e1 vliv na zpracov\u00e1n\u00ed osobn\u00edch \u00fadaj\u016f, kter\u00e9 Organizace zpracov\u00e1v\u00e1 na z\u00e1klad\u011b jin\u00e9ho pr\u00e1vn\u00edho titulu, ne\u017e je souhlas (nap\u0159. pln\u011bn\u00ed smlouvy \u010di pr\u00e1vn\u00ed povinnosti).<\/p>\n\n\n\n<h4 class=\"wp-block-heading\">5. Pou\u017eit\u00ed fotografi\u00ed zam\u011bstnanc\u016f k intern\u00edm \u00fa\u010del\u016fm (zejm. pou\u017eit\u00ed pasov\u00e9 fotografie na vstupn\u00ed pr\u016fkaz zam\u011bstnance)<\/h4>\n\n\n\n<p>Organizace shroma\u017e\u010fuje a zpracov\u00e1v\u00e1 za v\u00fd\u0161e uveden\u00fdm \u00fa\u010delem osobn\u00ed \u00fadaje subjekt\u016f \u00fadaj\u016f v rozsahu&nbsp;<em>\u2013 <\/em>fotografie<em>.<\/em><\/p>\n\n\n\n<p>Zpracov\u00e1n\u00ed osobn\u00edch \u00fadaj\u016f je nezbytn\u00e9 pro \u00fa\u010dely&nbsp;opr\u00e1vn\u011bn\u00fdch z\u00e1jm\u016f&nbsp;Organizace, spo\u010d\u00edvaj\u00edc\u00edch v identifikaci zam\u011bstnance ostatn\u00edmi zam\u011bstnanci Organizace.<\/p>\n\n\n\n<h2 class=\"wp-block-heading\"><strong>Kdo v\u0161echno bude m\u00edt k Va\u0161im osobn\u00edm \u00fadaj\u016fm p\u0159\u00edstup?<\/strong><\/h2>\n\n\n\n<p>osoby, kter\u00e9 pro Organizace zaji\u0161\u0165uj\u00ed technick\u00fd provoz ur\u010dit\u00e9 slu\u017eby \u010di provozovatel\u00e9 technologi\u00ed, kter\u00e9 Organizace pro tyto slu\u017eby vyu\u017e\u00edv\u00e1;<\/p>\n\n\n\n<p>osoby, kter\u00e9 pro Organizace zaji\u0161\u0165uj\u00ed \u0161kolen\u00ed zam\u011bstnanc\u016f;<\/p>\n\n\n\n<p>osoby, kter\u00e9 poskytuj\u00ed zam\u011bstnanc\u016fm Organizace zam\u011bstnaneck\u00e9 benefity;<\/p>\n\n\n\n<p>osoby, kter\u00e9 na z\u00e1klad\u011b pln\u011bn\u00ed smluvn\u00edch podm\u00ednek, po\u017eaduj\u00ed osobn\u00ed \u00fadaje zam\u011bstnanc\u016f zejm\u00e9na za \u00fa\u010delem zaji\u0161t\u011bn\u00ed vstupu zam\u011bstnanc\u016f k v\u00fdkonu pr\u00e1ce do prostor t\u011bchto osob;<\/p>\n\n\n\n<p>osoby, kter\u00e9 zaji\u0161\u0165uj\u00ed ochranu osob a majetku Organizace prost\u0159ednictv\u00edm kamerov\u00fdch syst\u00e9m\u016f se z\u00e1znamem, kter\u00e9 jsou um\u00edst\u011bny v jednotliv\u00fdch realiza\u010dn\u00edch st\u0159edisc\u00edch.<\/p>\n\n\n\n<h2 class=\"wp-block-heading\"><strong>Kdo m\u00e1 p\u0159\u00edstup k osobn\u00edm \u00fadaj\u016fm zam\u011bstnanc\u016f<\/strong><\/h2>\n\n\n\n<p>Va\u0161e osobn\u00ed \u00fadaje Organizace zpracov\u00e1v\u00e1 po dobu trv\u00e1n\u00ed pracovn\u011bpr\u00e1vn\u00edho vztahu a d\u00e1le po jeho ukon\u010den\u00ed v omezen\u00e9m rozsahu po dobu nezbytn\u011b nutnou pro zaji\u0161t\u011bn\u00ed vz\u00e1jemn\u00fdch pr\u00e1v a povinnost\u00ed vypl\u00fdvaj\u00edc\u00edch z pracovn\u00ed smlouvy a tak\u00e9 po dobu stanovenou p\u0159\u00edslu\u0161n\u00fdmi pr\u00e1vn\u00edmi p\u0159edpisy, v p\u0159\u00edpad\u011b \u017ee je nezbytn\u00e9 osobn\u00ed \u00fadaje pro dal\u0161\u00ed pln\u011bn\u00ed pr\u00e1vn\u00edch povinnost\u00ed spr\u00e1vce uchov\u00e1vat. Osobn\u00ed \u00fadaje, pro jejich\u017e zpracov\u00e1n\u00ed ji\u017e pominul \u00fa\u010del, jsou bezodkladn\u011b a nevratn\u011b zlikvidov\u00e1ny.<\/p>\n\n\n\n<p>P\u0159i zpracov\u00e1n\u00ed osobn\u00edch \u00fadaj\u016f prost\u0159ednictv\u00edm kamerov\u00fdch syst\u00e9m\u016f, jsou kamerov\u00e9 z\u00e1znamy uchov\u00e1v\u00e1ny maxim\u00e1ln\u011b po dobu 7 kalend\u00e1\u0159n\u00edch dn\u00ed. V p\u0159\u00edpad\u011b, \u017ee Va\u0161e osobn\u00ed \u00fadaje jsou zachyceny na kamerov\u00e9m z\u00e1znamu, kter\u00fd je nezbytn\u00e9 vyu\u017e\u00edt k \u0159e\u0161en\u00ed protipr\u00e1vn\u00edho jedn\u00e1n\u00ed \u010di jin\u00e9ho bezpe\u010dnostn\u00edho incidentu, budou osobn\u00ed \u00fadaje spolu se z\u00e1znamem zpracov\u00e1v\u00e1ny a\u017e do doby p\u0159ed\u00e1n\u00ed z\u00e1znamu org\u00e1n\u016fm \u010dinn\u00fdm v trestn\u00edm \u0159\u00edzen\u00ed.<\/p>\n\n\n\n<p>V p\u0159\u00edpad\u011b, \u017ee Organizace zpracov\u00e1v\u00e1 osobn\u00ed \u00fadaje na z\u00e1klad\u011b Va\u0161eho souhlasu, osobn\u00ed \u00fadaje budou zpracov\u00e1v\u00e1ny po dobu uvedenou v souhlasu, tj. po dobu trv\u00e1n\u00ed pracovn\u011bpr\u00e1vn\u00edho vztahu \u010di do jeho odvol\u00e1n\u00ed.<\/p>\n\n\n\n<h2 class=\"wp-block-heading\"><strong>Pr\u00e1va zam\u011bstnance ve vztahu ke zpracov\u00e1n\u00ed osobn\u00edch \u00fadaj\u016f ze strany Organizace<\/strong><\/h2>\n\n\n\n<h4 class=\"wp-block-heading\">1. Pr\u00e1vo kdykoli odvolat sv\u016fj souhlas se zpracov\u00e1n\u00edm osobn\u00edch \u00fadaj\u016f<\/h4>\n\n\n\n<p>(pokud je zpracov\u00e1n\u00ed na souhlasu zalo\u017eeno);<\/p>\n\n\n\n<h4 class=\"wp-block-heading\">2. Pr\u00e1vo na p\u0159\u00edstup k osobn\u00edm \u00fadaj\u016fm<\/h4>\n\n\n\n<p>(pr\u00e1vo po\u017eadovat informaci, zda osobn\u00ed \u00fadaje, kter\u00e9 se V\u00e1s t\u00fdkaj\u00ed, jsou \u010di nejsou Organizace zpracov\u00e1v\u00e1ny, a pokud je tomu tak, m\u00e1te pr\u00e1vo z\u00edskat p\u0159\u00edstup k t\u011bmto osobn\u00edm \u00fadaj\u016fm a k dal\u0161\u00edm informac\u00edm dle \u010dl. 15 Na\u0159\u00edzen\u00ed);<\/p>\n\n\n\n<h4 class=\"wp-block-heading\">3. Pr\u00e1vo na p\u0159enesen\u00ed \u00fadaj\u016f<\/h4>\n\n\n\n<p>(pr\u00e1vo z\u00edskat osobn\u00ed \u00fadaje, kter\u00e9 se V\u00e1s t\u00fdkaj\u00ed, ve strukturovan\u00e9m, b\u011b\u017en\u011b pou\u017e\u00edvan\u00e9m a strojov\u011b \u010diteln\u00e9m form\u00e1tu, a pr\u00e1vo p\u0159edat tyto \u00fadaje jin\u00e9mu spr\u00e1vci; a d\u00e1le pr\u00e1vo na to, aby osobn\u00ed \u00fadaje byly p\u0159ed\u00e1ny p\u0159\u00edmo jedn\u00edm spr\u00e1vcem spr\u00e1vci druh\u00e9mu, je-li to technicky provediteln\u00e9);<\/p>\n\n\n\n<h4 class=\"wp-block-heading\">4. Pr\u00e1vo na opravu<\/h4>\n\n\n\n<p>(pr\u00e1vo po\u017eadovat, aby Organizace bez zbyte\u010dn\u00e9ho odkladu opravil nep\u0159esn\u00e9 osobn\u00ed \u00fadaje, kter\u00e9 se V\u00e1s t\u00fdkaj\u00ed);<\/p>\n\n\n\n<h4 class=\"wp-block-heading\">5. Pr\u00e1vo na omezen\u00ed zpracov\u00e1n\u00ed<\/h4>\n\n\n\n<p>(pr\u00e1vo po\u017eadovat, aby Organizace omezil zpracov\u00e1n\u00ed, mj. v p\u0159\u00edpad\u011b, \u017ee z d\u016fvodu uplatn\u011bn\u00ed pr\u00e1va na opravu, Organizace ov\u011b\u0159uje spr\u00e1vnost \u00fadaj\u016f; nebo pokud by ze strany Organizace byly osobn\u00ed \u00fadaje zpracov\u00e1v\u00e1ny protipr\u00e1vn\u011b, ale nechcete prov\u00e9st jejich v\u00fdmaz);<\/p>\n\n\n\n<h4 class=\"wp-block-heading\">6. Pr\u00e1vo na v\u00fdmaz<\/h4>\n\n\n\n<p>(pr\u00e1vo po\u017eadovat, aby Organizace Va\u0161e osobn\u00ed \u00fadaje bez zbyte\u010dn\u00e9ho odkladu vymazal, mj. pokud osobn\u00ed \u00fadaje ji\u017e nejsou pot\u0159ebn\u00e9 pro \u00fa\u010dely, pro kter\u00e9 byly shrom\u00e1\u017ed\u011bny, nebo jste odvolali souhlas, na jeho\u017e z\u00e1klad\u011b byly osobn\u00ed \u00fadaje Organizace zpracov\u00e1v\u00e1ny a neexistuje \u017e\u00e1dn\u00fd dal\u0161\u00ed pr\u00e1vn\u00ed titul pro zpracov\u00e1n\u00ed, nebo pokud by ze strany Organizace byly osobn\u00ed \u00fadaje zpracov\u00e1v\u00e1ny protipr\u00e1vn\u011b);<\/p>\n\n\n\n<h4 class=\"wp-block-heading\">7. Pr\u00e1vo na n\u00e1mitku<\/h4>\n\n\n\n<p>(pr\u00e1vo po\u017eadovat, aby Organizace p\u0159estal zpracov\u00e1vat Va\u0161e osobn\u00ed \u00fadaje na z\u00e1klad\u011b pr\u00e1vn\u00edho titulu opr\u00e1vn\u011bn\u00e9ho z\u00e1jmu);<\/p>\n\n\n\n<h4 class=\"wp-block-heading\">8. Pr\u00e1vo obr\u00e1tit se sv\u00fdm podn\u011btem na \u00da\u0159ad pro ochranu osobn\u00edch \u00fadaj\u016f.<\/h4>\n\n\n\n<p><a href=\"https:\/\/www.uoou.cz\/\" rel=\"nofollow noopener\" target=\"_blank\">Kontakt na organizaci.<\/a><\/p>\n","protected":false},"excerpt":{"rendered":"<p>Spole\u010dnost Sm\u00edchovsk\u00e1 st\u0159edn\u00ed pr\u016fmyslov\u00e1 \u0161kola a gymn\u00e1zium, I\u010cO: 61386855, se s\u00eddlem Preslova 25, Praha 5,&#8230; <a href=\"https:\/\/ssps-backup.200.solutions\/?page_id=793\" class=\"readmore\">Zobrazit v\u00edce<\/a><\/p>\n","protected":false},"author":14,"featured_media":0,"parent":166,"menu_order":0,"comment_status":"closed","ping_status":"closed","template":"","meta":{"_acf_changed":false,"inline_featured_image":false,"footnotes":""},"class_list":["post-793","page","type-page","status-publish","hentry"],"acf":[],"_links":{"self":[{"href":"https:\/\/ssps-backup.200.solutions\/index.php?rest_route=\/wp\/v2\/pages\/793","targetHints":{"allow":["GET"]}}],"collection":[{"href":"https:\/\/ssps-backup.200.solutions\/index.php?rest_route=\/wp\/v2\/pages"}],"about":[{"href":"https:\/\/ssps-backup.200.solutions\/index.php?rest_route=\/wp\/v2\/types\/page"}],"author":[{"embeddable":true,"href":"https:\/\/ssps-backup.200.solutions\/index.php?rest_route=\/wp\/v2\/users\/14"}],"replies":[{"embeddable":true,"href":"https:\/\/ssps-backup.200.solutions\/index.php?rest_route=%2Fwp%2Fv2%2Fcomments&post=793"}],"version-history":[{"count":19,"href":"https:\/\/ssps-backup.200.solutions\/index.php?rest_route=\/wp\/v2\/pages\/793\/revisions"}],"predecessor-version":[{"id":1317,"href":"https:\/\/ssps-backup.200.solutions\/index.php?rest_route=\/wp\/v2\/pages\/793\/revisions\/1317"}],"up":[{"embeddable":true,"href":"https:\/\/ssps-backup.200.solutions\/index.php?rest_route=\/wp\/v2\/pages\/166"}],"wp:attachment":[{"href":"https:\/\/ssps-backup.200.solutions\/index.php?rest_route=%2Fwp%2Fv2%2Fmedia&parent=793"}],"curies":[{"name":"wp","href":"https:\/\/api.w.org\/{rel}","templated":true}]}}