{"id":774,"date":"2020-07-28T10:12:01","date_gmt":"2020-07-28T08:12:01","guid":{"rendered":"http:\/\/ssps\/web\/?page_id=3"},"modified":"2020-07-28T10:12:01","modified_gmt":"2020-07-28T08:12:01","slug":"ochrana-osobnich-udaju-2","status":"publish","type":"page","link":"https:\/\/ssps-backup.200.solutions\/?page_id=774","title":{"rendered":"Z\u00e1sady ochrany osobn\u00edch \u00fadaj\u016f"},"content":{"rendered":"\n<h2 class=\"title wp-block-heading\">Kdo jsme<\/h2>\n\n\n\n<p>Na\u0161e webov\u00e1 adresa je: https:\/\/ssps-backup.200.solutions<\/p>\n\n\n\n<h2 class=\"title wp-block-heading\">Jak\u00e9 shroma\u017e\u010fujeme osobn\u00ed \u00fadaje a pro\u010d je shroma\u017e\u010fujeme<\/h2>\n\n\n\n<h3 class=\"title wp-block-heading\">Kontaktn\u00ed formul\u00e1\u0159e<\/h3>\n\n\n\n<p>P\u0159i pou\u017eiti kontaktn\u00edho formul\u00e1\u0159e jsou data ulo\u017eena pouze pomoc\u00ed e-mailu na nutn\u011b dlouhou dobu p\u0159i \u0159e\u0161en\u00ed Va\u0161eho dotazu \u010di kontaktu. S odesl\u00e1n\u00edm kontaktn\u00edho formul\u00e1\u0159e s t\u00edmto souhlas\u00edte. <\/p>\n\n\n\n<h3 class=\"title wp-block-heading\">Cookies<\/h3>\n\n\n\n<p>Soubory cookies pou\u017e\u00edv\u00e1me pouze pro ulo\u017een\u00ed informace, zda souhlas\u00edte s pou\u017e\u00edv\u00e1n\u00edm cookies a to, jak\u00e9 krizov\u00e9 hl\u00e1\u0161en\u00ed jste zobrazil (krizov\u00e9 hl\u00e1\u0161en\u00ed se V\u00e1m pot\u00e9 ji\u017e nebudou zobrazovat p\u0159es celou str\u00e1nku).<\/p>\n\n\n\n<h3 class=\"title wp-block-heading\">Vlo\u017een\u00fd obsah z dal\u0161\u00edch web\u016f<\/h3>\n\n\n\n<p>P\u0159\u00edsp\u011bvky na t\u011bchto str\u00e1nk\u00e1ch mohou obsahovat vlo\u017een\u00fd obsah (nap\u0159\u00edklad videa, obr\u00e1zky, \u010dl\u00e1nky atd.). Vlo\u017een\u00fd obsah z jin\u00fdch webov\u00fdch str\u00e1nek se chov\u00e1 stejn\u00fdm zp\u016fsobem, jako kdyby n\u00e1v\u0161t\u011bvn\u00edk nav\u0161t\u00edvil jin\u00fd web.<\/p>\n\n\n\n<p>Tyto webov\u00e9 str\u00e1nky mohou shroma\u017e\u010fovat data o v\u00e1s, pou\u017e\u00edvat soubory cookies, vkl\u00e1dat dal\u0161\u00ed sledov\u00e1n\u00ed od t\u0159et\u00edch stran a sledovat va\u0161i interakci s t\u00edmto vlo\u017een\u00fdm obsahem, v\u010detn\u011b sledov\u00e1n\u00ed interakce s vlo\u017een\u00fdm obsahem, pokud m\u00e1te \u00fa\u010det a jste p\u0159ihl\u00e1\u0161eni na danou webovou str\u00e1nku.<\/p>\n\n\n\n<h2 class=\"title wp-block-heading\">S k\u00fdm sd\u00edl\u00edme va\u0161e \u00fadaje<\/h2>\n\n\n\n<p>Va\u0161e \u00fadaje s nik\u00fdm nesd\u00edl\u00edme.<\/p>\n\n\n\n<h2 class=\"title wp-block-heading\">Jak dlouho uchov\u00e1v\u00e1me va\u0161e \u00fadaje<\/h2>\n\n\n\n<p>Va\u0161e \u00fadaje z kontaktn\u00edho formul\u00e1\u0159e uchov\u00e1v\u00e1me jen pro nutn\u011b dlouhou dobu, nejd\u00e9le v\u0161ak jeden rok.<\/p>\n","protected":false},"excerpt":{"rendered":"<p>Kdo jsme Na\u0161e webov\u00e1 adresa je: https:\/\/ssps-backup.200.solutions Jak\u00e9 shroma\u017e\u010fujeme osobn\u00ed \u00fadaje a pro\u010d je shroma\u017e\u010fujeme&#8230; <a href=\"https:\/\/ssps-backup.200.solutions\/?page_id=774\" class=\"readmore\">Zobrazit v\u00edce<\/a><\/p>\n","protected":false},"author":14,"featured_media":0,"parent":0,"menu_order":0,"comment_status":"closed","ping_status":"open","template":"","meta":{"_acf_changed":false,"inline_featured_image":false,"footnotes":""},"class_list":["post-774","page","type-page","status-publish","hentry"],"acf":[],"_links":{"self":[{"href":"https:\/\/ssps-backup.200.solutions\/index.php?rest_route=\/wp\/v2\/pages\/774","targetHints":{"allow":["GET"]}}],"collection":[{"href":"https:\/\/ssps-backup.200.solutions\/index.php?rest_route=\/wp\/v2\/pages"}],"about":[{"href":"https:\/\/ssps-backup.200.solutions\/index.php?rest_route=\/wp\/v2\/types\/page"}],"author":[{"embeddable":true,"href":"https:\/\/ssps-backup.200.solutions\/index.php?rest_route=\/wp\/v2\/users\/14"}],"replies":[{"embeddable":true,"href":"https:\/\/ssps-backup.200.solutions\/index.php?rest_route=%2Fwp%2Fv2%2Fcomments&post=774"}],"version-history":[{"count":0,"href":"https:\/\/ssps-backup.200.solutions\/index.php?rest_route=\/wp\/v2\/pages\/774\/revisions"}],"wp:attachment":[{"href":"https:\/\/ssps-backup.200.solutions\/index.php?rest_route=%2Fwp%2Fv2%2Fmedia&parent=774"}],"curies":[{"name":"wp","href":"https:\/\/api.w.org\/{rel}","templated":true}]}}