{"id":6872,"date":"2025-02-24T15:15:37","date_gmt":"2025-02-24T14:15:37","guid":{"rendered":"https:\/\/ssps-backup.200.solutions\/?page_id=6872"},"modified":"2025-09-10T15:09:42","modified_gmt":"2025-09-10T13:09:42","slug":"volne-pozice","status":"publish","type":"page","link":"https:\/\/ssps-backup.200.solutions\/?page_id=6872","title":{"rendered":"Voln\u00e9 pozice"},"content":{"rendered":"\n<p>Hled\u00e1me nov\u00e9 kolegy na pozice u\u010ditel\u016f pro p\u0159edm\u011bty <strong>matematika<\/strong> a <strong>fyzika<\/strong>. Nab\u00edz\u00edme mo\u017enost p\u0159izp\u016fsoben\u00ed rozvrhu dle osobn\u00edch preferenc\u00ed. &#8211; aktualizov\u00e1no dne 10. 9. 2025<\/p>\n\n\n\n<p>V p\u0159\u00edpad\u011b z\u00e1jmu n\u00e1s kontaktujte na e-mailu: <strong><a>tomas.goj@ssps-backup.200.solutions<\/a><\/strong><\/p>\n\n\n\n<hr class=\"wp-block-separator has-alpha-channel-opacity\"\/>\n\n\n\n<p><strong>NAB\u00cdDKA PRACOVN\u00cd POZICE<\/strong><\/p>\n\n\n\n<p><strong>Ekonom, Finan\u010dn\u00ed referent (rozpo\u010dt\u00e1\u0159-hlavn\u00ed \u00fa\u010detn\u00ed) p\u0159\u00edsp\u011bvkov\u00e9 organizace<\/strong><\/p>\n\n\n\n<ul class=\"wp-block-list\">\n<li>&nbsp;Praha&nbsp;<\/li>\n\n\n\n<li>&nbsp;HPP&nbsp;<\/li>\n\n\n\n<li>&nbsp;n\u00e1stup 1. 8. 2025&nbsp;<\/li>\n\n\n\n<li>&nbsp;vhodn\u00e9 i pro absolventy<\/li>\n<\/ul>\n\n\n\n<p><strong>Popis<\/strong><\/p>\n\n\n\n<p>Na pozici p\u0159edpokl\u00e1d\u00e1me st\u0159edo\u0161kolsk\u00e9 nebo vysoko\u0161kolsk\u00e9 vzd\u011bl\u00e1n\u00ed ekonomick\u00e9ho sm\u011bru.<br>Znalost program\u016f <strong>Office 365<\/strong> nutn\u00e1 a programu <strong>Pohoda<\/strong> v\u00edt\u00e1na.<br>Po\u017eadov\u00e1na z\u00e1kladn\u00ed znalost \u00fa\u010detnictv\u00ed. Mo\u017enost za\u0161kolen\u00ed od st\u00e1vaj\u00edc\u00edho zam\u011bstnance.<br>Veden\u00ed evidence pro extern\u00ed \u00fa\u010detn\u00ed firmu zpracov\u00e1vaj\u00edc\u00ed rozpo\u010det \u0161koly, v\u010detn\u011b \u010derp\u00e1n\u00ed dotac\u00ed, zpracov\u00e1n\u00ed objedn\u00e1vek a po\u017eadavk\u016f, proplacen\u00ed faktur.<br>D\u00e1le budete p\u0159ipravovat podklady pro \u00fa\u010detn\u00ed firmu pro spr\u00e1vn\u00e9 za\u00fa\u010dtov\u00e1n\u00ed doklad\u016f a zpracov\u00e1n\u00ed \u00fa\u010detn\u00ed z\u00e1v\u011brky t\u00fdkaj\u00edc\u00ed se provozu p\u0159\u00edsp\u011bvkov\u00e9 organizace a jej\u00ed dopl\u0148kov\u00e9 \u010dinnosti.<br>Kontrola a evidence smluv, pr\u00e1ce s&nbsp;port\u00e1ly ve\u0159ejn\u00e9 spr\u00e1vy.<br>V\u00fdhodou je praxe v p\u0159\u00edsp\u011bvkov\u00e9 organizaci.<br>Objedn\u00e1v\u00e1n\u00ed skladov\u00fdch z\u00e1sob, u\u010debn\u00edch pom\u016fcek a drobn\u00e9ho majetku.<br>Zas\u00edl\u00e1n\u00ed a vypracov\u00e1v\u00e1n\u00ed \u017e\u00e1dost\u00ed o dotace a \u010derp\u00e1n\u00ed z&nbsp;investi\u010dn\u00edho fondu.<br>Spr\u00e1va ob\u011b\u017en\u00fdch aktiv (pokladna, banka).<\/p>\n\n\n\n<p><strong>&nbsp;Po\u017eadavky<\/strong><\/p>\n\n\n\n<ul class=\"wp-block-list\">\n<li>Minim\u00e1ln\u00ed vzd\u011bl\u00e1n\u00ed: S\u0160 s maturitou<\/li>\n<\/ul>\n\n\n\n<p><strong>&nbsp;Po\u017eadovan\u00e9 jazyky<\/strong><\/p>\n\n\n\n<ul class=\"wp-block-list\">\n<li>\u010ce\u0161tina (aktivn\u00ed)<\/li>\n<\/ul>\n\n\n\n<p><strong>&nbsp;Benefity<\/strong><\/p>\n\n\n\n<ul class=\"wp-block-list\">\n<li>Dovolen\u00e1 5 t\u00fddn\u016f<\/li>\n\n\n\n<li>Mo\u017enost finan\u010dn\u00edho p\u0159\u00edsp\u011bvku na Multisport kartu, p\u0159\u00edpadn\u011b DIP<\/li>\n\n\n\n<li>Vstupy do ZOO<\/li>\n\n\n\n<li>Vstupy na divadeln\u00ed p\u0159edstaven\u00ed<\/li>\n\n\n\n<li>Slu\u017eebn\u00ed telefonn\u00ed \u010d\u00edslo, mo\u017enost poskytnut\u00ed i telefonu<\/li>\n\n\n\n<li>Mo\u017enost poskytnut\u00ed slu\u017eebn\u00edho notebooku<\/li>\n\n\n\n<li>Mo\u017enost pr\u00e1ce na Home office po p\u0159edchoz\u00ed domluv\u011b<\/li>\n\n\n\n<li>Mo\u017enost parkov\u00e1n\u00ed na dvo\u0159e \u0161koly<\/li>\n<\/ul>\n\n\n\n<p>V&nbsp;p\u0159\u00edpad\u011b z\u00e1jmu n\u00e1s kontaktujte na e-mailov\u00e9 adrese <a href=\"mailto:aramis.tochjan@ssps-backup.200.solutions\">aramis.tochjan@ssps-backup.200.solutions<\/a>, p\u0159\u00edpadn\u011b zavolejte na telefon 777355170.<\/p>\n\n\n\n<p><\/p>\n","protected":false},"excerpt":{"rendered":"<p>Hled\u00e1me nov\u00e9 kolegy na pozice u\u010ditel\u016f pro p\u0159edm\u011bty matematika a fyzika. Nab\u00edz\u00edme mo\u017enost p\u0159izp\u016fsoben\u00ed rozvrhu&#8230; <a href=\"https:\/\/ssps-backup.200.solutions\/?page_id=6872\" class=\"readmore\">Zobrazit v\u00edce<\/a><\/p>\n","protected":false},"author":14,"featured_media":0,"parent":184,"menu_order":0,"comment_status":"closed","ping_status":"closed","template":"","meta":{"_acf_changed":false,"inline_featured_image":false,"footnotes":""},"class_list":["post-6872","page","type-page","status-publish","hentry"],"acf":[],"_links":{"self":[{"href":"https:\/\/ssps-backup.200.solutions\/index.php?rest_route=\/wp\/v2\/pages\/6872","targetHints":{"allow":["GET"]}}],"collection":[{"href":"https:\/\/ssps-backup.200.solutions\/index.php?rest_route=\/wp\/v2\/pages"}],"about":[{"href":"https:\/\/ssps-backup.200.solutions\/index.php?rest_route=\/wp\/v2\/types\/page"}],"author":[{"embeddable":true,"href":"https:\/\/ssps-backup.200.solutions\/index.php?rest_route=\/wp\/v2\/users\/14"}],"replies":[{"embeddable":true,"href":"https:\/\/ssps-backup.200.solutions\/index.php?rest_route=%2Fwp%2Fv2%2Fcomments&post=6872"}],"version-history":[{"count":9,"href":"https:\/\/ssps-backup.200.solutions\/index.php?rest_route=\/wp\/v2\/pages\/6872\/revisions"}],"predecessor-version":[{"id":7115,"href":"https:\/\/ssps-backup.200.solutions\/index.php?rest_route=\/wp\/v2\/pages\/6872\/revisions\/7115"}],"up":[{"embeddable":true,"href":"https:\/\/ssps-backup.200.solutions\/index.php?rest_route=\/wp\/v2\/pages\/184"}],"wp:attachment":[{"href":"https:\/\/ssps-backup.200.solutions\/index.php?rest_route=%2Fwp%2Fv2%2Fmedia&parent=6872"}],"curies":[{"name":"wp","href":"https:\/\/api.w.org\/{rel}","templated":true}]}}