{"id":681,"date":"2020-08-13T22:05:49","date_gmt":"2020-08-13T20:05:49","guid":{"rendered":"http:\/\/ssps.200solutions.com\/?page_id=681"},"modified":"2021-09-13T14:10:46","modified_gmt":"2021-09-13T12:10:46","slug":"medialni-dum-preslova","status":"publish","type":"page","link":"https:\/\/ssps-backup.200.solutions\/?page_id=681","title":{"rendered":"Medi\u00e1ln\u00ed d\u016fm Preslova"},"content":{"rendered":"\n<h2 class=\"has-text-align-center wp-block-heading\"><strong><a href=\"http:\/\/www.presloviny.cz\" data-type=\"URL\" data-id=\"www.presloviny.cz\" rel=\"nofollow noopener\" target=\"_blank\">www.presloviny.cz<\/a><\/strong><\/h2>\n\n\n\n<div style=\"height:20px\" aria-hidden=\"true\" class=\"wp-block-spacer\"><\/div>\n\n\n\n<p>Od jara 2019 Medi\u00e1ln\u00ed d\u016fm Preslova spolupracuje s Ministerstvem \u0161kolstv\u00ed, ml\u00e1de\u017ee a t\u011blov\u00fdchovy na propagaci vytv\u00e1\u0159en\u00ed vize \u010desk\u00e9ho \u0161kolstv\u00ed s n\u00e1zvem Strategie 2030+. V r\u00e1mci toho byly nato\u010deny report\u00e1\u017ee z n\u011bkter\u00fdch akc\u00ed, rozhovory s osobnostmi. V listopadu 2019 zajistil Medi\u00e1ln\u00ed d\u016fm Preslova \u201ena kl\u00ed\u010d\u201c konferenci ke Strategii 2030+, kter\u00e1 se konala v prostor\u00e1ch Nov\u00e9 radnice v Praze. Po\u0159\u00eddil z\u00e1znam z cel\u00e9ho pr\u016fb\u011bhu konference, report\u00e1\u017e z akce a rozhovory s hlavn\u00edmi akt\u00e9ry, na \u010dele s ministrem \u0161kolstv\u00ed. Do\u0161lo z\u00e1rove\u0148 k dohod\u011b, \u017ee Medi\u00e1ln\u00ed d\u016fm Preslova bude i do budoucna partnerem M\u0160MT p\u0159i propagaci Strategie 2030+.<\/p>\n\n\n\n<figure class=\"wp-block-embed-youtube wp-block-embed is-type-video is-provider-youtube wp-embed-aspect-16-9 wp-has-aspect-ratio\"><div class=\"wp-block-embed__wrapper\">\n<iframe title=\"O SSP\u0160 2020\" width=\"500\" height=\"281\" src=\"https:\/\/www.youtube.com\/embed\/9kTiRMezPk8?feature=oembed\" frameborder=\"0\" allow=\"accelerometer; autoplay; clipboard-write; encrypted-media; gyroscope; picture-in-picture; web-share\" referrerpolicy=\"strict-origin-when-cross-origin\" allowfullscreen><\/iframe>\n<\/div><\/figure>\n\n\n\n<p>Tento projekt je otev\u0159en\u00fd, mohou se do n\u011bho zapojit nejen v\u0161ichni zam\u011bstnanci, absolventi a studenti Sm\u00edchovsk\u00e9 SP\u0160, ale tak\u00e9 dal\u0161\u00ed pra\u017esk\u00e9 i mimopra\u017esk\u00e9 st\u0159edn\u00ed \u0161koly \u010di jednotlivci. Prob\u00edhaj\u00ed jedn\u00e1n\u00ed s r\u016fzn\u00fdmi organizacemi o spolupr\u00e1ci. Z\u00e1m\u011brem je vytvo\u0159it Medi\u00e1ln\u00ed d\u016fm, ve kter\u00e9m budou zpr\u00e1vy tvo\u0159it v\u00fdhradn\u011b st\u0159edo\u0161kol\u0161t\u00ed studenti, kter\u00fd se bude p\u0159ednostn\u011b zab\u00fdvat \u010desk\u00fdm \u0161kolstv\u00edm, ale tak\u00e9 vyu\u017eit\u00edm i mo\u017en\u00fdm zneu\u017eit\u00edm modern\u00edch technologi\u00ed, celospole\u010densk\u00fdmi t\u00e9maty.<\/p>\n\n\n\n<p>Z\u00e1m\u011brem je tak\u00e9 v nov\u00e9m Medi\u00e1ln\u00edm studiu organizovat pravideln\u00e9 debaty o \u010desk\u00e9m \u0161kolstv\u00ed, a zv\u00e1t k nim nejen osobnosti z t\u00e9to oblasti, akademiky, politiky, ale rovn\u011b\u017e u\u010ditele a studenty. Umo\u017enit jim sd\u011blit svoje n\u00e1zory ve\u0159ejnosti, v\u00e9st polemiku mezi sebou, ale i s dal\u0161\u00edmi akt\u00e9ry ve vzd\u011bl\u00e1v\u00e1n\u00ed.<\/p>\n","protected":false},"excerpt":{"rendered":"<p>www.presloviny.cz Od jara 2019 Medi\u00e1ln\u00ed d\u016fm Preslova spolupracuje s Ministerstvem \u0161kolstv\u00ed, ml\u00e1de\u017ee a t\u011blov\u00fdchovy na&#8230; <a href=\"https:\/\/ssps-backup.200.solutions\/?page_id=681\" class=\"readmore\">Zobrazit v\u00edce<\/a><\/p>\n","protected":false},"author":14,"featured_media":0,"parent":154,"menu_order":1,"comment_status":"closed","ping_status":"closed","template":"","meta":{"_acf_changed":false,"inline_featured_image":false,"footnotes":""},"class_list":["post-681","page","type-page","status-publish","hentry"],"acf":[],"_links":{"self":[{"href":"https:\/\/ssps-backup.200.solutions\/index.php?rest_route=\/wp\/v2\/pages\/681","targetHints":{"allow":["GET"]}}],"collection":[{"href":"https:\/\/ssps-backup.200.solutions\/index.php?rest_route=\/wp\/v2\/pages"}],"about":[{"href":"https:\/\/ssps-backup.200.solutions\/index.php?rest_route=\/wp\/v2\/types\/page"}],"author":[{"embeddable":true,"href":"https:\/\/ssps-backup.200.solutions\/index.php?rest_route=\/wp\/v2\/users\/14"}],"replies":[{"embeddable":true,"href":"https:\/\/ssps-backup.200.solutions\/index.php?rest_route=%2Fwp%2Fv2%2Fcomments&post=681"}],"version-history":[{"count":5,"href":"https:\/\/ssps-backup.200.solutions\/index.php?rest_route=\/wp\/v2\/pages\/681\/revisions"}],"predecessor-version":[{"id":1334,"href":"https:\/\/ssps-backup.200.solutions\/index.php?rest_route=\/wp\/v2\/pages\/681\/revisions\/1334"}],"up":[{"embeddable":true,"href":"https:\/\/ssps-backup.200.solutions\/index.php?rest_route=\/wp\/v2\/pages\/154"}],"wp:attachment":[{"href":"https:\/\/ssps-backup.200.solutions\/index.php?rest_route=%2Fwp%2Fv2%2Fmedia&parent=681"}],"curies":[{"name":"wp","href":"https:\/\/api.w.org\/{rel}","templated":true}]}}