{"id":6793,"date":"2025-02-03T15:16:35","date_gmt":"2025-02-03T14:16:35","guid":{"rendered":"https:\/\/ssps-backup.200.solutions\/?page_id=6793"},"modified":"2025-10-08T10:50:10","modified_gmt":"2025-10-08T08:50:10","slug":"souteze-pro-uchazece","status":"publish","type":"page","link":"https:\/\/ssps-backup.200.solutions\/?page_id=6793","title":{"rendered":"Sout\u011b\u017ee pro uchaze\u010de"},"content":{"rendered":"\t\t<div data-elementor-type=\"wp-page\" data-elementor-id=\"6793\" class=\"elementor elementor-6793\">\n\t\t\t\t\t\t<section class=\"elementor-section elementor-top-section elementor-element elementor-element-16b32652 elementor-section-boxed elementor-section-height-default elementor-section-height-default\" data-id=\"16b32652\" data-element_type=\"section\">\n\t\t\t\t\t\t<div class=\"elementor-container elementor-column-gap-default\">\n\t\t\t\t\t<div class=\"elementor-column elementor-col-100 elementor-top-column elementor-element elementor-element-7422bedd\" data-id=\"7422bedd\" data-element_type=\"column\">\n\t\t\t<div class=\"elementor-widget-wrap elementor-element-populated\">\n\t\t\t\t\t\t<div class=\"elementor-element elementor-element-7a93eaf2 elementor-widget elementor-widget-text-editor\" data-id=\"7a93eaf2\" data-element_type=\"widget\" data-widget_type=\"text-editor.default\">\n\t\t\t\t<div class=\"elementor-widget-container\">\n\t\t\t\t\t\t\t\t\t\n<p><strong>Matematick\u00e1 sout\u011b\u017e <\/strong><\/p>\n\n<p>Bav\u00ed V\u00e1s matematika? V\u011b\u0159\u00edte, \u017ee jste lep\u0161\u00ed, ne\u017e ostatn\u00ed uchaze\u010di o studium? Poj\u010fte si vyzkou\u0161et na\u0161i matematickou sout\u011b\u017e. Sout\u011b\u017e je ur\u010dena pro uchaze\u010de o studium, kde si nejenom vyzkou\u0161\u00edte t\u011b\u017e\u0161\u00ed matematick\u00e9 \u00falohy, ale z\u00e1rove\u0148 m\u016f\u017eete z\u00edskat bonusov\u00e9 body do p\u0159ij\u00edmac\u00edho \u0159\u00edzen\u00ed. Prvn\u00edho kola, kter\u00e9 se odehraje 2. 3. 2025, se m\u016f\u017ee z\u00fa\u010dastnit neomezen\u00fd po\u010det \u00fa\u010dastn\u00edk\u016f, kte\u0159\u00ed projev\u00ed z\u00e1jem o \u00fa\u010dast. Do druh\u00e9ho kola pak n\u00e1sledn\u011b postoup\u00ed 30 nejlep\u0161\u00edch sout\u011b\u017e\u00edc\u00edch. V\u00edce informac\u00ed naleznete v pravidlech sout\u011b\u017ee.<\/p>\n\n<p><strong>Term\u00edny:<\/strong><\/p>\n\n<ul class=\"wp-block-list\">\n<li>1. kolo: 1. 3. 2026<\/li>\n\n<li>2. kolo (fin\u00e1le): 15. 3. 2026 (pro 30 nejlep\u0161\u00edch sout\u011b\u017e\u00edc\u00edch z 1. kola)<\/li>\n<\/ul>\n\n<p><strong>Dal\u0161\u00ed informace:<\/strong><\/p>\n\n<ul class=\"wp-block-list\">\n<li>Ka\u017ed\u00e9 kolo trv\u00e1 90 minut (od 10:00 do 11:40) v budov\u011b \u0161koly (Preslova 72\/25, Praha 5 \u2013 Sm\u00edchov)<\/li>\n\n<li>\u00da\u010dast v sout\u011b\u017ei je <strong>zdarma.<\/strong><\/li>\n\n<li>P\u0159ineste si s sebou pros\u00edm vlastn\u00ed stravov\u00e1n\u00ed. Pitn\u00fd re\u017eim je zaji\u0161t\u011bn.<\/li>\n\n<li>N\u00ed\u017ee naleznete pravidla sout\u011b\u017ee a registra\u010dn\u00ed formul\u00e1\u0159:<\/li>\n\n<li><strong>kontaktn\u00ed osoba: <\/strong>Jan Kratochv\u00edle, <a href=\"mailto:jan.kratochvile@ssps-backup.200.solutions\">jan.kratochvile@ssps-backup.200.solutions<\/a><\/li>\n<\/ul>\n\n<p class=\"has-text-align-center has-white-color has-text-color has-background has-link-color wp-elements-4350111b1b330bbc160cf424014011b1\" style=\"background-color: #0c5a89;\">Registrace bude mo\u017en\u00e1 ZDE.<\/p>\n<hr class=\"wp-block-separator has-alpha-channel-opacity\" \/>\n<p><strong>CTF sout\u011b\u017e<\/strong><\/p>\n\n<p>M\u00e1te z\u00e1jem o kybernetickou bezpe\u010dnost, nebo se j\u00ed ji\u017e aktivn\u011b zab\u00fdv\u00e1te? P\u0159ij\u010fte pom\u011b\u0159it s\u00edly s ostatn\u00edmi uchaze\u010di a z\u00fa\u010dastn\u011bte se CTF sout\u011b\u017ee, kterou jsme pro V\u00e1s p\u0159ipravili. Setk\u00e1te se s rozmanit\u00fdmi \u00falohami z r\u016fzn\u00fdch oblast\u00ed kybernetick\u00e9 bezpe\u010dnosti. \u010cek\u00e1 na V\u00e1s forenzn\u00ed anal\u00fdza, kryptografie, OSINT a dal\u0161\u00ed zaj\u00edmav\u00e9 oblasti. Z prvn\u00edho kola postoup\u00ed do fin\u00e1le 16 nejlep\u0161\u00edch sout\u011b\u017e\u00edc\u00edch.<\/p>\n\n<p><strong>Term\u00edny:<\/strong><\/p>\n\n<ul class=\"wp-block-list\">\n<li>1. kolo: 21. 3. 2026<\/li>\n\n<li>2. kolo (fin\u00e1le): 28. 3. 2026 (pro 16 nejlep\u0161\u00edch sout\u011b\u017e\u00edc\u00edch z 1. kola)<\/li>\n<\/ul>\n\n<p><strong>Dal\u0161\u00ed informace:<\/strong><\/p>\n\n<ul class=\"wp-block-list\">\n<li>Ka\u017ed\u00e9 kolo trv\u00e1 6 hodin (od 10:00 do 16:00) v budov\u011b \u0161koly (Preslova 72\/25, Praha 5 \u2013 Sm\u00edchov)<\/li>\n\n<li>\u00da\u010dast v sout\u011b\u017ei je\u00a0<strong>zdarma.<\/strong><\/li>\n\n<li>P\u0159ineste si s sebou pros\u00edm vlastn\u00ed stravov\u00e1n\u00ed. Pitn\u00fd re\u017eim je zaji\u0161t\u011bn.<\/li>\n<li>Nej\u00fasp\u011b\u0161n\u011bjs\u00ed v\u00fdherci budou odm\u011bn\u011bni bonusov\u00fdmi body k p\u0159ij\u00edmac\u00edmu\u00a0\u0159\u00edzen\u00ed<\/li>\n\n<li>N\u00ed\u017ee naleznete pravidla sout\u011b\u017ee a registra\u010dn\u00ed formul\u00e1\u0159:<\/li>\n\n<li><strong>kontaktn\u00ed osoba: <\/strong>Ond\u0159ej Divi\u0161, <a href=\"mailto:divis.on.2023@ssps-backup.200.solutions\">divis.on.2023@ssps-backup.200.solutions<\/a><\/li>\n<\/ul>\n\n<p class=\"has-text-align-center has-white-color has-text-color has-background has-link-color wp-elements-4350111b1b330bbc160cf424014011b1\" style=\"background-color: #0c5a89;\">Registrace bude mo\u017en\u00e1 ZDE.<\/p>\n\n<p>\u00a0<\/p>\n\t\t\t\t\t\t\t\t<\/div>\n\t\t\t\t<\/div>\n\t\t\t\t\t<\/div>\n\t\t<\/div>\n\t\t\t\t\t<\/div>\n\t\t<\/section>\n\t\t\t\t<\/div>\n\t\t","protected":false},"excerpt":{"rendered":"<p>Matematick\u00e1 sout\u011b\u017e Bav\u00ed V\u00e1s matematika? V\u011b\u0159\u00edte, \u017ee jste lep\u0161\u00ed, ne\u017e ostatn\u00ed uchaze\u010di o studium? Poj\u010fte&#8230; <a href=\"https:\/\/ssps-backup.200.solutions\/?page_id=6793\" class=\"readmore\">Zobrazit v\u00edce<\/a><\/p>\n","protected":false},"author":14,"featured_media":0,"parent":1288,"menu_order":0,"comment_status":"closed","ping_status":"closed","template":"","meta":{"_acf_changed":false,"inline_featured_image":false,"footnotes":""},"class_list":["post-6793","page","type-page","status-publish","hentry"],"acf":[],"_links":{"self":[{"href":"https:\/\/ssps-backup.200.solutions\/index.php?rest_route=\/wp\/v2\/pages\/6793","targetHints":{"allow":["GET"]}}],"collection":[{"href":"https:\/\/ssps-backup.200.solutions\/index.php?rest_route=\/wp\/v2\/pages"}],"about":[{"href":"https:\/\/ssps-backup.200.solutions\/index.php?rest_route=\/wp\/v2\/types\/page"}],"author":[{"embeddable":true,"href":"https:\/\/ssps-backup.200.solutions\/index.php?rest_route=\/wp\/v2\/users\/14"}],"replies":[{"embeddable":true,"href":"https:\/\/ssps-backup.200.solutions\/index.php?rest_route=%2Fwp%2Fv2%2Fcomments&post=6793"}],"version-history":[{"count":14,"href":"https:\/\/ssps-backup.200.solutions\/index.php?rest_route=\/wp\/v2\/pages\/6793\/revisions"}],"predecessor-version":[{"id":7232,"href":"https:\/\/ssps-backup.200.solutions\/index.php?rest_route=\/wp\/v2\/pages\/6793\/revisions\/7232"}],"up":[{"embeddable":true,"href":"https:\/\/ssps-backup.200.solutions\/index.php?rest_route=\/wp\/v2\/pages\/1288"}],"wp:attachment":[{"href":"https:\/\/ssps-backup.200.solutions\/index.php?rest_route=%2Fwp%2Fv2%2Fmedia&parent=6793"}],"curies":[{"name":"wp","href":"https:\/\/api.w.org\/{rel}","templated":true}]}}