{"id":6750,"date":"2025-01-23T00:59:04","date_gmt":"2025-01-22T23:59:04","guid":{"rendered":"https:\/\/ssps-backup.200.solutions\/?page_id=6750"},"modified":"2025-02-24T15:13:01","modified_gmt":"2025-02-24T14:13:01","slug":"erasmus-using-microcontrollers-with-ccs-c-programming-language-in-vocational-training","status":"publish","type":"page","link":"https:\/\/ssps-backup.200.solutions\/?page_id=6750","title":{"rendered":"Erasmus+"},"content":{"rendered":"\n<p class=\"has-text-align-left\"><strong>Erasmus+ Using microcontrollers with CCS-C Programming Language in Vocational Training<\/strong><\/p>\n\n\n\n<p><strong>\u010c\u00edslo projektu:<\/strong>&nbsp;2022-1-TR01-KA210-VET-000083685<br><strong>Trv\u00e1n\u00ed projektu:<\/strong>&nbsp;31. 12. 2022 &#8211; 30. 12. 2024<\/p>\n\n\n\n<hr class=\"wp-block-separator has-alpha-channel-opacity\"\/>\n\n\n\n<p>Projekt s pracovn\u00edm n\u00e1zvem \u201cMicrocontrollers\u201d nab\u00edz\u00ed zapojen\u00fdm student\u016fm mo\u017enost mezin\u00e1rodn\u00ed spolupr\u00e1ce na r\u016fzn\u00fdch aktivit\u00e1ch z oblasti ti\u0161t\u011bn\u00fdch spoj\u016f a robotiky. Nejv\u00fdznamn\u011bj\u0161\u00ed takovouto aktivitou byla bezpochyby mobilita do n\u011bmeck\u00e9ho m\u011bsta<em> <\/em>Dorsten v \u0159\u00edjnu 2024.<\/p>\n\n\n\n<p><strong>U\u010ditelsk\u00e9 mobility<\/strong><\/p>\n\n\n\n<p>V r\u00e1mci projektu se konaly celkem 4 u\u010ditelsk\u00e9 mobility, z \u010deho\u017e se jedna konala v Praze. Ka\u017ed\u00e9 mobilit se \u00fa\u010dastnili dva u\u010ditel\u00e9 a v\u017edy se na n\u00ed \u0159e\u0161ili r\u016fzn\u00e9 organiza\u010dn\u00ed z\u00e1le\u017eitosti. Jmenovit\u011b \u0161lo o mobility v Turecku, Rumunsku a Portugalsku.&nbsp;<\/p>\n\n\n\n<p><strong>Studentsk\u00e9 mobility<\/strong><\/p>\n\n\n\n<p>Jedin\u00e1 studentsk\u00e1 mobilita v r\u00e1mci projektu prob\u011bhla od 6. \u0159\u00edjna do 11. \u0159\u00edjna 2024 v n\u011bmeck\u00e9m m\u011bsta Dorsten. \u00da\u010dastnili se j\u00ed \u010dty\u0159i studenti a dva u\u010ditel\u00e9. A\u010dkoliv hlavn\u00edm st\u0159edobodem v\u00fdjezdu byla robosout\u011b\u017e, \u00fa\u010dastn\u00edci m\u011bli mo\u017enost se pod\u00edvat po \u0159ad\u011b n\u011bmeck\u00fdch pam\u00e1tk\u00e1ch. Sou\u010d\u00e1st\u00ed mobility tak byl nap\u0159\u00edklad v\u00fdlet do Kol\u00edna nad R\u00fdnem, Dortmundu a dokonce do Amsterodamu. Krom\u011b na\u0161\u00ed \u0161koly se mobility \u00fa\u010dastnili i partne\u0159i z Portugalska, Turecka a Rumunska.<\/p>\n\n\n\n<div class=\"wp-block-columns is-layout-flex wp-container-core-columns-is-layout-9d6595d7 wp-block-columns-is-layout-flex\">\n<div class=\"wp-block-column is-layout-flow wp-block-column-is-layout-flow\">\n<figure class=\"wp-block-image size-large\"><img fetchpriority=\"high\" decoding=\"async\" width=\"1024\" height=\"293\" src=\"https:\/\/ssps-backup.200.solutions\/wp-content\/uploads\/2025\/01\/1106px-Erasmus_Logo.svg-2-1024x293.png\" alt=\"\" class=\"wp-image-6755\" srcset=\"https:\/\/ssps-backup.200.solutions\/wp-content\/uploads\/2025\/01\/1106px-Erasmus_Logo.svg-2-1024x293.png 1024w, https:\/\/ssps-backup.200.solutions\/wp-content\/uploads\/2025\/01\/1106px-Erasmus_Logo.svg-2-300x86.png 300w, https:\/\/ssps-backup.200.solutions\/wp-content\/uploads\/2025\/01\/1106px-Erasmus_Logo.svg-2-768x220.png 768w, https:\/\/ssps-backup.200.solutions\/wp-content\/uploads\/2025\/01\/1106px-Erasmus_Logo.svg-2.png 1106w\" sizes=\"(max-width: 1024px) 100vw, 1024px\" \/><\/figure>\n<\/div>\n<\/div>\n\n\n\n<figure class=\"wp-block-image size-large\"><img decoding=\"async\" width=\"1024\" height=\"768\" src=\"https:\/\/ssps-backup.200.solutions\/wp-content\/uploads\/2025\/01\/WhatsApp20Image202024-10-1020at2012.50.39-1024x768.jpeg\" alt=\"\" class=\"wp-image-6757\" srcset=\"https:\/\/ssps-backup.200.solutions\/wp-content\/uploads\/2025\/01\/WhatsApp20Image202024-10-1020at2012.50.39-1024x768.jpeg 1024w, https:\/\/ssps-backup.200.solutions\/wp-content\/uploads\/2025\/01\/WhatsApp20Image202024-10-1020at2012.50.39-300x225.jpeg 300w, https:\/\/ssps-backup.200.solutions\/wp-content\/uploads\/2025\/01\/WhatsApp20Image202024-10-1020at2012.50.39-768x576.jpeg 768w, https:\/\/ssps-backup.200.solutions\/wp-content\/uploads\/2025\/01\/WhatsApp20Image202024-10-1020at2012.50.39-1536x1152.jpeg 1536w, https:\/\/ssps-backup.200.solutions\/wp-content\/uploads\/2025\/01\/WhatsApp20Image202024-10-1020at2012.50.39.jpeg 2048w\" sizes=\"(max-width: 1024px) 100vw, 1024px\" \/><\/figure>\n\n\n\n<p><\/p>\n","protected":false},"excerpt":{"rendered":"<p>Erasmus+ Using microcontrollers with CCS-C Programming Language in Vocational Training \u010c\u00edslo projektu:&nbsp;2022-1-TR01-KA210-VET-000083685Trv\u00e1n\u00ed projektu:&nbsp;31. 12. 2022&#8230; <a href=\"https:\/\/ssps-backup.200.solutions\/?page_id=6750\" class=\"readmore\">Zobrazit v\u00edce<\/a><\/p>\n","protected":false},"author":14,"featured_media":0,"parent":1281,"menu_order":0,"comment_status":"closed","ping_status":"closed","template":"","meta":{"_acf_changed":false,"inline_featured_image":false,"footnotes":""},"class_list":["post-6750","page","type-page","status-publish","hentry"],"acf":[],"_links":{"self":[{"href":"https:\/\/ssps-backup.200.solutions\/index.php?rest_route=\/wp\/v2\/pages\/6750","targetHints":{"allow":["GET"]}}],"collection":[{"href":"https:\/\/ssps-backup.200.solutions\/index.php?rest_route=\/wp\/v2\/pages"}],"about":[{"href":"https:\/\/ssps-backup.200.solutions\/index.php?rest_route=\/wp\/v2\/types\/page"}],"author":[{"embeddable":true,"href":"https:\/\/ssps-backup.200.solutions\/index.php?rest_route=\/wp\/v2\/users\/14"}],"replies":[{"embeddable":true,"href":"https:\/\/ssps-backup.200.solutions\/index.php?rest_route=%2Fwp%2Fv2%2Fcomments&post=6750"}],"version-history":[{"count":8,"href":"https:\/\/ssps-backup.200.solutions\/index.php?rest_route=\/wp\/v2\/pages\/6750\/revisions"}],"predecessor-version":[{"id":6870,"href":"https:\/\/ssps-backup.200.solutions\/index.php?rest_route=\/wp\/v2\/pages\/6750\/revisions\/6870"}],"up":[{"embeddable":true,"href":"https:\/\/ssps-backup.200.solutions\/index.php?rest_route=\/wp\/v2\/pages\/1281"}],"wp:attachment":[{"href":"https:\/\/ssps-backup.200.solutions\/index.php?rest_route=%2Fwp%2Fv2%2Fmedia&parent=6750"}],"curies":[{"name":"wp","href":"https:\/\/api.w.org\/{rel}","templated":true}]}}