{"id":6674,"date":"2024-12-17T14:36:55","date_gmt":"2024-12-17T13:36:55","guid":{"rendered":"https:\/\/ssps-backup.200.solutions\/?page_id=6674"},"modified":"2025-11-14T16:37:17","modified_gmt":"2025-11-14T15:37:17","slug":"vzdelavaci-kempy","status":"publish","type":"page","link":"https:\/\/ssps-backup.200.solutions\/?page_id=6674","title":{"rendered":"Vzd\u011bl\u00e1vac\u00ed kempy"},"content":{"rendered":"<p>\n\n\n<p><\/p>\n\n\n\n<p class=\"has-white-color has-text-color has-background has-link-color wp-elements-daaa5cce582771f609d35de8a2240215\" style=\"background-color:#0c5a89\">Webdays<\/p>\n\n\n\n<ul class=\"wp-block-list\">\n<li><strong>datum: <\/strong>8. 11. a 7. 12. 2025<\/li>\n\n\n\n<li><strong>form\u00e1t:<\/strong> jednodenn\u00ed od 10:00 do 16:00<\/li>\n\n\n\n<li><strong>kontaktn\u00ed osoba: <\/strong>Daniel Pavl\u00e1sek, +420 723 348 705, <a href=\"mailto:pavlasek.da.2023@skola.ssps.cz\">pavlasek.da.2023@skola.ssps.cz<\/a><\/li>\n\n\n\n<li><strong>n\u00e1ro\u010dnost:<\/strong> za\u010d\u00e1te\u010dn\u00edk<\/li>\n\n\n\n<li><strong>dal\u0161\u00ed informace:<\/strong> Pitn\u00fd re\u017eim je zaji\u0161t\u011bn (stravov\u00e1n\u00ed nen\u00ed zaji\u0161t\u011bno \u2013 p\u0159ineste si pros\u00edm vlastn\u00ed \u2013 b\u011bhem kemp\u016f tak\u00e9 nen\u00ed mo\u017eno opustit budovu \u0161koly). V\u00edce informac\u00ed naleznete v p\u0159ihl\u00e1\u0161ce.<\/li>\n\n\n\n<li><strong>cena:<\/strong> 800 K\u010d<\/li>\n\n\n\n<li>Registrace je mo\u017en\u00e1 <a href=\"https:\/\/docs.google.com\/forms\/d\/e\/1FAIpQLScysiF61v4cbx-uUwFBr-dm2hSGK4_rUAiB5Qfg8a8RCsgybw\/viewform\" rel=\"nofollow noopener\" target=\"_blank\">ZDE<\/a>.<\/li>\n<\/ul>\n\n\n\n<p class=\"has-white-color has-text-color has-background has-link-color wp-elements-9ee395962025839c83104033d254c44d\" style=\"background-color:#0c5a89\">TechDays<\/p>\n\n\n\n<ul class=\"wp-block-list\">\n<li><strong>datum:<\/strong> 6. 12. 2025 a 17. 1., 7. 2., 21. 2. 2026<\/li>\n\n\n\n<li><strong>form\u00e1t:<\/strong> jednodenn\u00ed od 10:00 do 16:00<\/li>\n\n\n\n<li><strong>kontaktn\u00ed osoba: <\/strong>Pavel Vr\u00e1na, +420 721 443 303, <a href=\"mailto:kempy@ssps-backup.200.solutions\">kempy@ssps-backup.200.solutions<\/a><\/li>\n\n\n\n<li><strong>n\u00e1ro\u010dnost:<\/strong> za\u010d\u00e1te\u010dn\u00edk<\/li>\n\n\n\n<li><strong>dal\u0161\u00ed informace:<\/strong> Pitn\u00fd re\u017eim je zaji\u0161t\u011bn (stravov\u00e1n\u00ed nen\u00ed zaji\u0161t\u011bno \u2013 p\u0159ineste si pros\u00edm vlastn\u00ed \u2013 b\u011bhem kemp\u016f tak\u00e9 nen\u00ed mo\u017eno opustit budovu \u0161koly). V\u00edce informac\u00ed naleznete v p\u0159ihl\u00e1\u0161ce.<\/li>\n\n\n\n<li><strong>cena:<\/strong> 800 K\u010d<\/li>\n\n\n\n<li>Registrace je mo\u017en\u00e1 <a href=\"https:\/\/forms.gle\/grzYwm78kRW2YWe9A\" rel=\"nofollow noopener\" target=\"_blank\">ZDE<\/a>.<\/li>\n<\/ul>\n\n\n\n<p class=\"has-white-color has-text-color has-background has-link-color wp-elements-6b41b921b6139b568690e73e64fc92f4\" style=\"background-color:#0c5a89\">Hackdays Linux<\/p>\n\n\n\n<ul class=\"wp-block-list\">\n<li><strong>datum:<\/strong>&nbsp;13.12. 2025 a 10.1 2026<\/li>\n\n\n\n<li><strong>form\u00e1t:<\/strong> jednodenn\u00ed od 10:00 do 16:00<\/li>\n\n\n\n<li><strong>kontaktn\u00ed osoba: <\/strong>Pavel Vr\u00e1na, +420 721 443 303, <a href=\"mailto:kempy@ssps-backup.200.solutions\">kempy@ssps-backup.200.solutions<\/a><\/li>\n\n\n\n<li><strong>n\u00e1ro\u010dnost:<\/strong> za\u010d\u00e1te\u010dn\u00edk<\/li>\n\n\n\n<li><strong>dal\u0161\u00ed informace:<\/strong> Pitn\u00fd re\u017eim je zaji\u0161t\u011bn (stravov\u00e1n\u00ed nen\u00ed zaji\u0161t\u011bno \u2013 p\u0159ineste si pros\u00edm vlastn\u00ed \u2013 b\u011bhem kemp\u016f tak\u00e9 nen\u00ed mo\u017eno opustit budovu \u0161koly). V\u00edce informac\u00ed naleznete v p\u0159ihl\u00e1\u0161ce.<\/li>\n\n\n\n<li><strong>cena:<\/strong> 800 K\u010d<\/li>\n\n\n\n<li>Registrace je mo\u017en\u00e1 <a href=\"https:\/\/forms.gle\/TkSZXwrFjDW21hCM7\" rel=\"nofollow noopener\" target=\"_blank\">ZDE<\/a>.<\/li>\n<\/ul>\n\n\n\n<p class=\"has-white-color has-text-color has-background has-link-color wp-elements-21e1188a5c35cce09e25db070854a2ee\" style=\"background-color:#0c5a89\">Hackdays Crypto<\/p>\n\n\n\n<ul class=\"wp-block-list\">\n<li><strong>datum:<\/strong>&nbsp;24.1. a 14.2.&nbsp;2026<\/li>\n\n\n\n<li><strong>form\u00e1t:<\/strong> jednodenn\u00ed od 10:00 do 16:00<\/li>\n\n\n\n<li><strong>kontaktn\u00ed osoba: <\/strong>Pavel Vr\u00e1na, +420 721 443 303, <a href=\"mailto:kempy@ssps-backup.200.solutions\">kempy@ssps-backup.200.solutions<\/a><\/li>\n\n\n\n<li><strong>n\u00e1ro\u010dnost:<\/strong> za\u010d\u00e1te\u010dn\u00edk<\/li>\n\n\n\n<li><strong>dal\u0161\u00ed informace:<\/strong> Pitn\u00fd re\u017eim je zaji\u0161t\u011bn (stravov\u00e1n\u00ed nen\u00ed zaji\u0161t\u011bno \u2013 p\u0159ineste si pros\u00edm vlastn\u00ed \u2013 b\u011bhem kemp\u016f tak\u00e9 nen\u00ed mo\u017eno opustit budovu \u0161koly). V\u00edce informac\u00ed naleznete v p\u0159ihl\u00e1\u0161ce.<\/li>\n\n\n\n<li><strong>cena:<\/strong> 800 K\u010d<\/li>\n\n\n\n<li>Registrace je mo\u017en\u00e1 <a href=\"https:\/\/forms.gle\/ggrXs8L7doaJvyGT7\" rel=\"nofollow noopener\" target=\"_blank\">ZDE<\/a>.<\/li>\n<\/ul>\n\n\n\n<p class=\"has-white-color has-text-color has-background has-link-color wp-elements-82c0fb1873c856a6e118a4f5e7cca9bf\" style=\"background-color:#0c5a89\">Robodays<\/p>\n\n\n\n<ul class=\"wp-block-list\">\n<li><strong>datum:<\/strong> 14. 12. 2025 a 31. 1. 2026<\/li>\n\n\n\n<li><strong>form\u00e1t:<\/strong> jednodenn\u00ed od 10:00 do 16:00<\/li>\n\n\n\n<li><strong>kontaktn\u00ed osoba:<\/strong> Anna Bu\u010dinsk\u00e1, +420 736 790 540, <a href=\"mailto:bucinska.an.2022@ssps-backup.200.solutions\">bucinska.an.2022@ssps-backup.200.solutions<\/a><\/li>\n\n\n\n<li><strong>n\u00e1ro\u010dnost:<\/strong> za\u010d\u00e1te\u010dn\u00edk a\u017e pokro\u010dil\u00fd<\/li>\n\n\n\n<li><strong>dal\u0161\u00ed informace:<\/strong> Pitn\u00fd re\u017eim je zaji\u0161t\u011bn (stravov\u00e1n\u00ed nen\u00ed zaji\u0161t\u011bno \u2013 p\u0159ineste si pros\u00edm vlastn\u00ed \u2013 b\u011bhem kemp\u016f tak\u00e9 nen\u00ed mo\u017eno opustit budovu \u0161koly). V\u00edce informac\u00ed naleznete v p\u0159ihl\u00e1\u0161ce.<\/li>\n\n\n\n<li><strong>cena:<\/strong> 800 K\u010d<\/li>\n\n\n\n<li>Registrace je mo\u017en\u00e1 <a href=\"https:\/\/forms.gle\/jyqVbuxmSz4SzyKH6\" rel=\"nofollow noopener\" target=\"_blank\">ZDE<\/a>.<\/li>\n<\/ul>\n\n\n\n<p class=\"has-white-color has-text-color has-background has-link-color wp-elements-f2c3e0bd38d7aa539d8cc226b519ad92\" style=\"background-color:#0c5a89\">Blenderdays<\/p>\n\n\n\n<ul class=\"wp-block-list\">\n<li><strong>datum:<\/strong> 07.12.2025, 25.01.2026<\/li>\n\n\n\n<li><strong>form\u00e1t:<\/strong> jednodenn\u00ed od 10:00 do 16:00<\/li>\n\n\n\n<li><strong>kontaktn\u00ed osoba:<\/strong> Jan Kratochv\u00edle, +420 723 714 223, <a href=\"mailto:jan.kratochvile@ssps-backup.200.solutions\">jan.kratochvile@ssps-backup.200.solutions<\/a><\/li>\n\n\n\n<li><strong>lektor:<\/strong> Frederik K\u0159\u00ed\u017eek<\/li>\n\n\n\n<li><strong>n\u00e1ro\u010dnost:<\/strong> za\u010d\u00e1te\u010dn\u00edk a\u017e m\u00edrn\u011b pokro\u010dil\u00fd<\/li>\n\n\n\n<li><strong>dal\u0161\u00ed informace:<\/strong> Pitn\u00fd re\u017eim je zaji\u0161t\u011bn (stravov\u00e1n\u00ed nen\u00ed zaji\u0161t\u011bno \u2013 p\u0159ineste si pros\u00edm vlastn\u00ed \u2013 b\u011bhem kemp\u016f tak\u00e9 nen\u00ed mo\u017eno opustit budovu \u0161koly). V\u00edce informac\u00ed naleznete v p\u0159ihl\u00e1\u0161ce.<\/li>\n\n\n\n<li><strong>cena:<\/strong> 800 K\u010d<\/li>\n\n\n\n<li>Registrace je mo\u017en\u00e1 <a href=\"https:\/\/forms.gle\/RZn5cBonzU53FWX27\" rel=\"nofollow noopener\" target=\"_blank\">ZDE<\/a>.<\/li>\n<\/ul>\n\n\n<\/p>\n\n\n<p><\/p>\n","protected":false},"excerpt":{"rendered":"<p>Webdays TechDays Hackdays Linux Hackdays Crypto Robodays Blenderdays<\/p>\n","protected":false},"author":14,"featured_media":0,"parent":1288,"menu_order":0,"comment_status":"closed","ping_status":"closed","template":"","meta":{"_acf_changed":false,"inline_featured_image":false,"footnotes":""},"class_list":["post-6674","page","type-page","status-publish","hentry"],"acf":[],"_links":{"self":[{"href":"https:\/\/ssps-backup.200.solutions\/index.php?rest_route=\/wp\/v2\/pages\/6674","targetHints":{"allow":["GET"]}}],"collection":[{"href":"https:\/\/ssps-backup.200.solutions\/index.php?rest_route=\/wp\/v2\/pages"}],"about":[{"href":"https:\/\/ssps-backup.200.solutions\/index.php?rest_route=\/wp\/v2\/types\/page"}],"author":[{"embeddable":true,"href":"https:\/\/ssps-backup.200.solutions\/index.php?rest_route=\/wp\/v2\/users\/14"}],"replies":[{"embeddable":true,"href":"https:\/\/ssps-backup.200.solutions\/index.php?rest_route=%2Fwp%2Fv2%2Fcomments&post=6674"}],"version-history":[{"count":28,"href":"https:\/\/ssps-backup.200.solutions\/index.php?rest_route=\/wp\/v2\/pages\/6674\/revisions"}],"predecessor-version":[{"id":7293,"href":"https:\/\/ssps-backup.200.solutions\/index.php?rest_route=\/wp\/v2\/pages\/6674\/revisions\/7293"}],"up":[{"embeddable":true,"href":"https:\/\/ssps-backup.200.solutions\/index.php?rest_route=\/wp\/v2\/pages\/1288"}],"wp:attachment":[{"href":"https:\/\/ssps-backup.200.solutions\/index.php?rest_route=%2Fwp%2Fv2%2Fmedia&parent=6674"}],"curies":[{"name":"wp","href":"https:\/\/api.w.org\/{rel}","templated":true}]}}