{"id":667,"date":"2020-08-13T14:41:58","date_gmt":"2020-08-13T12:41:58","guid":{"rendered":"http:\/\/ssps.200solutions.com\/?page_id=667"},"modified":"2025-10-03T14:28:16","modified_gmt":"2025-10-03T12:28:16","slug":"ucebni-plan","status":"publish","type":"page","link":"https:\/\/ssps-backup.200.solutions\/?page_id=667","title":{"rendered":"U\u010debn\u00ed pl\u00e1n"},"content":{"rendered":"\n<p><strong>pro studijn\u00ed obor Kybernetick\u00e1 bezpe\u010dnost<\/strong>\u00a0<strong>(<strong>18-20-M\/01<\/strong>)<\/strong><br>(\u0161koln\u00ed vzd\u011bl\u00e1vac\u00ed program \u2013 od 1.9. 2025)<\/p>\n\n\n\n<figure class=\"wp-block-table is-style-stripes\"><table><tbody><tr><td><strong>P\u0158EDM\u011aT<\/strong><\/td><td><strong>ZKRATKA<\/strong><\/td><td><strong>I.<\/strong><\/td><td><strong>II.<\/strong><\/td><td><strong>III.<\/strong><\/td><td><strong>IV.<\/strong><\/td><td><strong>CELKEM<\/strong><\/td><\/tr><tr><td>\u010cesk\u00fd jazyk a literatura<\/td><td>CJL<\/td><td>3<\/td><td>3<\/td><td>3<\/td><td>3<\/td><td><strong>12<\/strong><\/td><\/tr><tr><td>Anglick\u00fd jazyk<\/td><td>ANG<\/td><td>3<\/td><td>3<\/td><td>3<\/td><td>3<\/td><td><strong>12<\/strong><\/td><\/tr><tr><td>Ob\u010dansk\u00e1 nauka<\/td><td>ONA<\/td><td>1<\/td><td>1<\/td><td>1<\/td><td>1<\/td><td><strong>4<\/strong><\/td><\/tr><tr><td>D\u011bjepis<\/td><td>DEJ<\/td><td>2<\/td><td>1<\/td><td>&#8211;<\/td><td>&#8211;<\/td><td><strong>3<\/strong><\/td><\/tr><tr><td>Matematika<\/td><td>MAT<\/td><td>4<\/td><td>4<\/td><td>4<\/td><td>5<\/td><td><strong>17<\/strong><\/td><\/tr><tr><td>Fyzika<\/td><td>FYZ<\/td><td>2<\/td><td>2<\/td><td>3<\/td><td>&#8211;<\/td><td><strong>7<\/strong><\/td><\/tr><tr><td>Chemie &#8211; ekologie<\/td><td>ECH<\/td><td>2<\/td><td>&#8211;<\/td><td>&#8211;<\/td><td>&#8211;<\/td><td><strong>2<\/strong><\/td><\/tr><tr><td>T\u011blesn\u00e1 v\u00fdchova<\/td><td>TEV<\/td><td>2<\/td><td>2<\/td><td>2<\/td><td>2<\/td><td><strong>8<\/strong><\/td><\/tr><tr><td>Prezenta\u010dn\u00ed dovednosti<\/td><td>PDV<\/td><td>2<\/td><td>&#8211;<\/td><td>&#8211;<\/td><td>&#8211;<\/td><td><strong>2<\/strong><\/td><\/tr><tr><td>Webov\u00e9 aplikace<\/td><td>WBA<\/td><td>&#8211;<\/td><td>2<\/td><td>&#8211;<\/td><td>&#8211;<\/td><td><strong>2<\/strong><\/td><\/tr><tr><td>Hardware<\/td><td>HAR<\/td><td>2<\/td><td>3<\/td><td>&#8211;<\/td><td>&#8211;<\/td><td><strong>5<\/strong><\/td><\/tr><tr><td>Opera\u010dn\u00ed syst\u00e9my<\/td><td>OSY<\/td><td>&#8211;<\/td><td>&#8211;<\/td><td>1<\/td><td>&#8211;<\/td><td><strong>1<\/strong><\/td><\/tr><tr><td>Ekonomika<\/td><td>EKO<\/td><td>&#8211;<\/td><td>&#8211;<\/td><td>1<\/td><td>1<\/td><td><strong>2<\/strong><\/td><\/tr><tr><td>V\u00fdchova k podnik\u00e1n\u00ed<\/td><td>VYP<\/td><td>&#8211;<\/td><td>&#8211;<\/td><td>2<\/td><td>&#8211;<\/td><td><strong>2<\/strong><\/td><\/tr><tr><td>Elektrotechnika<\/td><td>ELE<\/td><td>2<\/td><td>&#8211;<\/td><td>&#8211;<\/td><td>&#8211;<\/td><td><strong>2<\/strong><\/td><\/tr><tr><td>Praktick\u00e1 cvi\u010den\u00ed<\/td><td>PCV<\/td><td>2<\/td><td>2<\/td><td>&#8211;<\/td><td>&#8211;<\/td><td><strong>4<\/strong><\/td><\/tr><tr><td>Kybernetick\u00e1 bezpe\u010dnost<\/td><td>KBB<\/td><td>2<\/td><td>2<\/td><td>2<\/td><td>3<\/td><td><strong>9<\/strong><\/td><\/tr><tr><td>Technick\u00e9 kreslen\u00ed<\/td><td>TEK<\/td><td>1<\/td><td>&#8211;<\/td><td>&#8211;<\/td><td>&#8211;<\/td><td><strong>1<\/strong><\/td><\/tr><tr><td>Grafick\u00e9 syst\u00e9my<\/td><td>GRS<\/td><td>&#8211;<\/td><td>2<\/td><td>&#8211;<\/td><td>&#8211;<\/td><td><strong>2<\/strong><\/td><\/tr><tr><td>Programov\u00e1n\u00ed a v\u00fdvoj aplikac\u00ed<\/td><td>PVA<\/td><td>2<\/td><td>2<\/td><td>2<\/td><td>2<\/td><td><strong>8<\/strong><\/td><\/tr><tr><td>Po\u010d\u00edta\u010dov\u00e9 s\u00edt\u011b<\/td><td>PSI<\/td><td>2<\/td><td>2<\/td><td>&#8211;<\/td><td>&#8211;<\/td><td><strong>4<\/strong><\/td><\/tr><tr><td>Architektura po\u010d. syst\u00e9m\u016f<\/td><td>APS<\/td><td>&#8211;<\/td><td>&#8211;<\/td><td>2<\/td><td>&#8211;<\/td><td><strong>2<\/strong><\/td><\/tr><tr><td>Studentsk\u00fd projekt<\/td><td>STP<\/td><td>&#8211;<\/td><td>&#8211;<\/td><td>2<\/td><td>&#8211;<\/td><td><strong>2<\/strong><\/td><\/tr><tr><td>Maturitn\u00ed projekt<\/td><td>MAP<\/td><td>&#8211;<\/td><td>&#8211;<\/td><td>&#8211;<\/td><td>3<\/td><td><strong>3<\/strong><\/td><\/tr><tr><td>Pr\u00e1vo<\/td><td>PRA<\/td><td>&#8211;<\/td><td>&#8211;<\/td><td>2<\/td><td>1<\/td><td><strong>3<\/strong><\/td><\/tr><tr><td>Odborn\u00fd semin\u00e1\u0159<\/td><td>OSE1<\/td><td>&#8211;<\/td><td>2<\/td><td>&#8211;<\/td><td>2<\/td><td><strong>4<\/strong><\/td><\/tr><tr><td>Odborn\u00fd semin\u00e1\u0159 2<\/td><td>OSE2<\/td><td>&#8211;<\/td><td>&#8211;<\/td><td>&#8211;<\/td><td>2<\/td><td><strong>2<\/strong><\/td><\/tr><tr><td>Odborn\u00fd semin\u00e1\u0159 3<\/td><td>OSE3<\/td><td>&#8211;<\/td><td>&#8211;<\/td><td>2<\/td><td>2<\/td><td><strong>4<\/strong><\/td><\/tr><tr><td>Biologie<\/td><td>BIO<\/td><td>1<\/td><td>&#8211;<\/td><td>&#8211;<\/td><td>&#8211;<\/td><td><strong>1<\/strong><\/td><\/tr><tr><td><strong>Celkem vyu\u010dovac\u00edch hodin<\/strong><\/td><td><\/td><td><strong>35<\/strong><\/td><td><strong>33<\/strong><\/td><td><strong>32<\/strong><\/td><td><strong>30<\/strong><\/td><td><strong>130<\/strong><\/td><\/tr><\/tbody><\/table><\/figure>\n","protected":false},"excerpt":{"rendered":"<p>pro studijn\u00ed obor Kybernetick\u00e1 bezpe\u010dnost\u00a0(18-20-M\/01)(\u0161koln\u00ed vzd\u011bl\u00e1vac\u00ed program \u2013 od 1.9. 2025) P\u0158EDM\u011aT ZKRATKA I. II&#8230;. <a href=\"https:\/\/ssps-backup.200.solutions\/?page_id=667\" class=\"readmore\">Zobrazit v\u00edce<\/a><\/p>\n","protected":false},"author":14,"featured_media":0,"parent":383,"menu_order":0,"comment_status":"closed","ping_status":"closed","template":"","meta":{"_acf_changed":false,"inline_featured_image":false,"footnotes":""},"class_list":["post-667","page","type-page","status-publish","hentry"],"acf":[],"_links":{"self":[{"href":"https:\/\/ssps-backup.200.solutions\/index.php?rest_route=\/wp\/v2\/pages\/667","targetHints":{"allow":["GET"]}}],"collection":[{"href":"https:\/\/ssps-backup.200.solutions\/index.php?rest_route=\/wp\/v2\/pages"}],"about":[{"href":"https:\/\/ssps-backup.200.solutions\/index.php?rest_route=\/wp\/v2\/types\/page"}],"author":[{"embeddable":true,"href":"https:\/\/ssps-backup.200.solutions\/index.php?rest_route=\/wp\/v2\/users\/14"}],"replies":[{"embeddable":true,"href":"https:\/\/ssps-backup.200.solutions\/index.php?rest_route=%2Fwp%2Fv2%2Fcomments&post=667"}],"version-history":[{"count":20,"href":"https:\/\/ssps-backup.200.solutions\/index.php?rest_route=\/wp\/v2\/pages\/667\/revisions"}],"predecessor-version":[{"id":7164,"href":"https:\/\/ssps-backup.200.solutions\/index.php?rest_route=\/wp\/v2\/pages\/667\/revisions\/7164"}],"up":[{"embeddable":true,"href":"https:\/\/ssps-backup.200.solutions\/index.php?rest_route=\/wp\/v2\/pages\/383"}],"wp:attachment":[{"href":"https:\/\/ssps-backup.200.solutions\/index.php?rest_route=%2Fwp%2Fv2%2Fmedia&parent=667"}],"curies":[{"name":"wp","href":"https:\/\/api.w.org\/{rel}","templated":true}]}}