{"id":6453,"date":"2024-09-05T15:46:26","date_gmt":"2024-09-05T13:46:26","guid":{"rendered":"https:\/\/ssps-backup.200.solutions\/?page_id=6453"},"modified":"2024-09-09T15:45:00","modified_gmt":"2024-09-09T13:45:00","slug":"mtcna","status":"publish","type":"page","link":"https:\/\/ssps-backup.200.solutions\/?page_id=6453","title":{"rendered":"MTCNA"},"content":{"rendered":"\n<p>Sm\u00edchovsk\u00e1 st\u0159edn\u00ed pr\u016fmyslov\u00e1 \u0161kola a gymn\u00e1zium je sou\u010d\u00e1st\u00ed programu MikroTik Academy, kter\u00fd n\u00e1m umo\u017e\u0148uje vyd\u00e1vat certifikace MTCNA (MikroTik Certified Network Associate). Tuto certifikaci bychom cht\u011bli implementovat do p\u0159edm\u011btu po\u010d\u00edta\u010dov\u00fdch s\u00edt\u00ed. V&nbsp;p\u0159\u00edpad\u011b dostate\u010dn\u00e9ho po\u010dtu z\u00e1jemc\u016f je mo\u017enost otev\u0159en\u00ed na kurzu MTCNA i pro studenty, kte\u0159\u00ed aktu\u00e1ln\u011b tento p\u0159edm\u011bt nemaj\u00ed.<\/p>\n\n\n\n<p>Koordin\u00e1torem MikroTik Academy je Dominik Vok\u016frka.<\/p>\n\n\n\n<p>Pokud m\u00e1te dotazy ohledn\u011b MTCNA certifikac\u00ed, pi\u0161te na: dominik.vokurka@ssps-backup.200.solutions<\/p>\n\n\n\n<figure class=\"wp-block-image size-large is-resized\"><img fetchpriority=\"high\" decoding=\"async\" width=\"1024\" height=\"576\" src=\"https:\/\/ssps-backup.200.solutions\/wp-content\/uploads\/2024\/09\/MikroTik-Logo-1024x576.png\" alt=\"\" class=\"wp-image-6455\" style=\"width:830px;height:auto\" srcset=\"https:\/\/ssps-backup.200.solutions\/wp-content\/uploads\/2024\/09\/MikroTik-Logo-1024x576.png 1024w, https:\/\/ssps-backup.200.solutions\/wp-content\/uploads\/2024\/09\/MikroTik-Logo-300x169.png 300w, https:\/\/ssps-backup.200.solutions\/wp-content\/uploads\/2024\/09\/MikroTik-Logo-768x432.png 768w, https:\/\/ssps-backup.200.solutions\/wp-content\/uploads\/2024\/09\/MikroTik-Logo-1536x864.png 1536w, https:\/\/ssps-backup.200.solutions\/wp-content\/uploads\/2024\/09\/MikroTik-Logo-2048x1152.png 2048w\" sizes=\"(max-width: 1024px) 100vw, 1024px\" \/><\/figure>\n","protected":false},"excerpt":{"rendered":"<p>Sm\u00edchovsk\u00e1 st\u0159edn\u00ed pr\u016fmyslov\u00e1 \u0161kola a gymn\u00e1zium je sou\u010d\u00e1st\u00ed programu MikroTik Academy, kter\u00fd n\u00e1m umo\u017e\u0148uje vyd\u00e1vat&#8230; <a href=\"https:\/\/ssps-backup.200.solutions\/?page_id=6453\" class=\"readmore\">Zobrazit v\u00edce<\/a><\/p>\n","protected":false},"author":24,"featured_media":0,"parent":6450,"menu_order":0,"comment_status":"closed","ping_status":"closed","template":"","meta":{"_acf_changed":false,"inline_featured_image":false,"footnotes":""},"class_list":["post-6453","page","type-page","status-publish","hentry"],"acf":[],"_links":{"self":[{"href":"https:\/\/ssps-backup.200.solutions\/index.php?rest_route=\/wp\/v2\/pages\/6453","targetHints":{"allow":["GET"]}}],"collection":[{"href":"https:\/\/ssps-backup.200.solutions\/index.php?rest_route=\/wp\/v2\/pages"}],"about":[{"href":"https:\/\/ssps-backup.200.solutions\/index.php?rest_route=\/wp\/v2\/types\/page"}],"author":[{"embeddable":true,"href":"https:\/\/ssps-backup.200.solutions\/index.php?rest_route=\/wp\/v2\/users\/24"}],"replies":[{"embeddable":true,"href":"https:\/\/ssps-backup.200.solutions\/index.php?rest_route=%2Fwp%2Fv2%2Fcomments&post=6453"}],"version-history":[{"count":3,"href":"https:\/\/ssps-backup.200.solutions\/index.php?rest_route=\/wp\/v2\/pages\/6453\/revisions"}],"predecessor-version":[{"id":6465,"href":"https:\/\/ssps-backup.200.solutions\/index.php?rest_route=\/wp\/v2\/pages\/6453\/revisions\/6465"}],"up":[{"embeddable":true,"href":"https:\/\/ssps-backup.200.solutions\/index.php?rest_route=\/wp\/v2\/pages\/6450"}],"wp:attachment":[{"href":"https:\/\/ssps-backup.200.solutions\/index.php?rest_route=%2Fwp%2Fv2%2Fmedia&parent=6453"}],"curies":[{"name":"wp","href":"https:\/\/api.w.org\/{rel}","templated":true}]}}