{"id":617,"date":"2020-08-13T13:07:28","date_gmt":"2020-08-13T11:07:28","guid":{"rendered":"http:\/\/ssps.200solutions.com\/?page_id=617"},"modified":"2025-10-03T14:31:03","modified_gmt":"2025-10-03T12:31:03","slug":"ucebni-plan","status":"publish","type":"page","link":"https:\/\/ssps-backup.200.solutions\/?page_id=617","title":{"rendered":"Dal\u0161\u00ed informace a u\u010debn\u00ed pl\u00e1n"},"content":{"rendered":"\n<figure class=\"wp-block-image size-large\"><img fetchpriority=\"high\" decoding=\"async\" width=\"1024\" height=\"299\" src=\"https:\/\/ssps-backup.200.solutions\/wp-content\/uploads\/2021\/01\/3_2-1024x299.png\" alt=\"\" class=\"wp-image-1545\" srcset=\"https:\/\/ssps-backup.200.solutions\/wp-content\/uploads\/2021\/01\/3_2-1024x299.png 1024w, https:\/\/ssps-backup.200.solutions\/wp-content\/uploads\/2021\/01\/3_2-300x88.png 300w, https:\/\/ssps-backup.200.solutions\/wp-content\/uploads\/2021\/01\/3_2-768x224.png 768w, https:\/\/ssps-backup.200.solutions\/wp-content\/uploads\/2021\/01\/3_2-1536x449.png 1536w, https:\/\/ssps-backup.200.solutions\/wp-content\/uploads\/2021\/01\/3_2-2048x599.png 2048w\" sizes=\"(max-width: 1024px) 100vw, 1024px\" \/><\/figure>\n\n\n\n<p>Od 1. z\u00e1\u0159\u00ed 2021 na\u0161e \u0161kola ve spolupr\u00e1ci se z\u0159izovatelem nahrazuje obor vzd\u011bl\u00e1v\u00e1n\u00ed Technick\u00e9 lyceum za obor vzd\u011bl\u00e1v\u00e1n\u00ed Gymn\u00e1zium, s&nbsp;p\u0159\u00edrodov\u011bdn\u00fdm zam\u011b\u0159en\u00edm a s&nbsp;v\u00fdznamn\u00fdm zastoupen\u00edm v\u00fduky informa\u010dn\u00edch a komunika\u010dn\u00edch technologi\u00ed. Ve Sm\u00edchovsk\u00e9m gymn\u00e1ziu hodl\u00e1me propojit sv\u011bt humanitn\u00edch v\u011bd se sv\u011btem v\u011bd p\u0159\u00edrodn\u00edch, p\u0159i\u010dem\u017e velk\u00fd v\u00fdznam bude m\u00edt vhodn\u00e9 vyu\u017e\u00edv\u00e1n\u00edm nejmodern\u011bj\u0161\u00edch digit\u00e1ln\u00edch technologi\u00ed ve v\u00fduce.<\/p>\n\n\n\n<p>S&nbsp;touto v\u00fdukou rozhodn\u011b neza\u010d\u00edn\u00e1me od nuly, ba pr\u00e1v\u011b naopak. Vhodn\u00fdm vyu\u017eit\u00edm R\u00e1mcov\u00e9ho vzd\u011bl\u00e1vac\u00edho programu a \u0160koln\u00edho vzd\u011bl\u00e1vac\u00edho programu bylo ji\u017e Technick\u00e9 lyceum koncipov\u00e1no jako gymnazi\u00e1ln\u00ed typ studia s&nbsp;p\u0159\u00edrodov\u011bdn\u00fdm zam\u011b\u0159en\u00edm. Obor Gymn\u00e1zia n\u00e1m v\u0161ak umo\u017en\u00ed v&nbsp;je\u0161t\u011b vy\u0161\u0161\u00ed m\u00ed\u0159e realizovat individu\u00e1ln\u00ed vzd\u011bl\u00e1v\u00e1n\u00ed student\u016f pomoc\u00ed voliteln\u00fdch p\u0159edm\u011bt\u016f a semin\u00e1\u0159\u016f.<\/p>\n\n\n\n<p>Na\u0161e \u0161kola klade d\u016fraz na vzd\u011bl\u00e1v\u00e1n\u00ed pro re\u00e1ln\u00fd \u017eivot, osobn\u00ed, spole\u010densk\u00fd i profesn\u00ed, a tak nechyb\u00ed p\u0159edm\u011bty jako Prezenta\u010dn\u00ed dovednosti, IT v praxi, Pr\u00e1vo \u010di V\u00fdchova k podnikavosti. Samoz\u0159ejmost\u00ed je pak \u0161irok\u00e1 paleta odborn\u00fdch semin\u00e1\u0159\u016f a celoro\u010dn\u00edch prac\u00ed (<a href=\"https:\/\/ssps-backup.200.solutions\/projekty\/maturitni-a-studentske-projekty\/\">Studentsk\u00fd a Maturitn\u00ed projekt<\/a>), kter\u00e9 se v\u00fdborn\u011b osv\u011bd\u010dily v uplynul\u00fdch letech na v\u0161ech na\u0161ich oborech. Otev\u00edr\u00e1 se tak naprosto unik\u00e1tn\u00ed p\u0159\u00edle\u017eitost studovat gymn\u00e1zium podpo\u0159en\u00e9 dlouholetou a \u00fasp\u011b\u0161nou tradic\u00ed v\u00fduky IT.<\/p>\n\n\n\n<p>Studenti Gymn\u00e1zia se mohou zapojit do v\u0161ech velk\u00fdch a unik\u00e1tn\u00edch projekt\u016f \u0161koly, podle sv\u00e9ho z\u00e1jmu a talentu. K&nbsp;tomu jim poslou\u017e\u00ed vlastn\u00ed <a href=\"https:\/\/ssps-backup.200.solutions\/projekty\/medialni-dum-preslova\/\">Medi\u00e1ln\u00ed d\u016fm Preslova<\/a> (tvorba medi\u00e1ln\u00edho obsahu), <a href=\"https:\/\/ssps-backup.200.solutions\/projekty\/virtualni-realita\/studio-301\/\">Studio 301<\/a> (v\u00fdvoj aplikac\u00ed v\u010detn\u011b v\u00fdvoje po\u010d\u00edta\u010dov\u00fdch her), pilotn\u00ed v\u00fduka <a href=\"https:\/\/ssps-backup.200.solutions\/projekty\/umela-inteligence\/\">um\u011bl\u00e9 inteligence<\/a> (AI), <a href=\"https:\/\/ssps-backup.200.solutions\/projekty\/polytechnicke-hnizdo\/\">robotiky<\/a>, <a href=\"https:\/\/ssps-backup.200.solutions\/projekty\/iot\/\">internetu v\u011bc\u00ed<\/a>, <a href=\"https:\/\/ssps-backup.200.solutions\/projekty\/kyberneticka-bezpecnost\/\">kybernetick\u00e9 bezpe\u010dnosti<\/a>. V&nbsp;roce 2021 bude tak\u00e9 otev\u0159en\u00e9 <a href=\"https:\/\/ssps-backup.200.solutions\/projekty\/coworkingove-centrum-pri-smichovske-sps-a-gymnaziu\/\">Coworkingov\u00e9 centrum<\/a>, v&nbsp;n\u011bm\u017e se budou propojovat studenti st\u0159edn\u00edch a vysok\u00fdch \u0161kol, spolupr\u00e1ce nen\u00ed jen s&nbsp;\u010cVUT, ale tak\u00e9 s&nbsp;Universitou Karlovou. To v\u0161e, a mnoh\u00e9 dal\u0161\u00ed, tu pochopiteln\u011b je i pro na\u0161e gymnazisty!<\/p>\n\n\n\n<p>Nen\u00ed na co \u010dekat, p\u0159ij\u010f spolupracovat s n\u00e1mi a s des\u00edtkami na\u0161ich soci\u00e1ln\u00edch partner\u016f. T\u011b\u0161\u00edme se na Tebe!<\/p>\n\n\n\n<p class=\"has-text-align-center has-white-color has-text-color has-background\" style=\"background-color:#0c5a89\">P\u0159ij\u00edm\u00e1me 64 student\u016f!<\/p>\n\n\n\n<h2 class=\"wp-block-heading\" id=\"ucebni-plan\">U\u010debn\u00ed pl\u00e1n<\/h2>\n\n\n\n<p><strong>pro studijn\u00ed obor Gymn\u00e1zium<\/strong> <strong>(79-41-K\/41)<\/strong><br>(\u0161koln\u00ed vzd\u011bl\u00e1vac\u00ed program &#8211; od 1.9. 2025)<\/p>\n\n\n\n<figure class=\"wp-block-table is-style-stripes\"><table><tbody><tr><td><strong>P\u0158EDM\u011aT<\/strong><\/td><td><strong>I<\/strong>.<\/td><td><strong>II.<\/strong><\/td><td><strong>III.<\/strong><\/td><td><strong>IV.<\/strong><\/td><td class=\"has-text-align-center\" data-align=\"center\"><strong>CELKEM<\/strong><\/td><\/tr><tr><td>\u010cesk\u00fd jazyk <\/td><td>3<\/td><td>3<\/td><td>3<\/td><td>3<\/td><td class=\"has-text-align-center\" data-align=\"center\"><strong>12<\/strong><\/td><\/tr><tr><td>Anglick\u00fd jazyk<\/td><td>3<\/td><td>3<\/td><td>3<\/td><td>3<\/td><td class=\"has-text-align-center\" data-align=\"center\"><strong>12<\/strong><\/td><\/tr><tr><td>N\u011bmeck\u00fd jazyk<\/td><td>3<\/td><td>3<\/td><td>3<\/td><td>3<\/td><td class=\"has-text-align-center\" data-align=\"center\"><strong>12<\/strong><\/td><\/tr><tr><td>Matematika (STEM)<\/td><td>4<\/td><td>4<\/td><td>4<\/td><td>5<\/td><td class=\"has-text-align-center\" data-align=\"center\"><strong>17<\/strong><\/td><\/tr><tr><td>Fyzika (STEM)<\/td><td>3<\/td><td>3<\/td><td>3<\/td><td>2<\/td><td class=\"has-text-align-center\" data-align=\"center\"><strong>11<\/strong><\/td><\/tr><tr><td>Chemie (STEM)<\/td><td>2<\/td><td>2<\/td><td>&#8211;<\/td><td>&#8211;<\/td><td class=\"has-text-align-center\" data-align=\"center\"><strong>4<\/strong><\/td><\/tr><tr><td>Biologie (STEM)<\/td><td>3<\/td><td>2<\/td><td>&#8211;<\/td><td>&#8211;<\/td><td class=\"has-text-align-center\" data-align=\"center\"><strong>5<\/strong><\/td><\/tr><tr><td>Ob\u010dansk\u00e1 nauka (ONA)<\/td><td>1<\/td><td>1<\/td><td>1<\/td><td>1<\/td><td class=\"has-text-align-center\" data-align=\"center\"><strong>4<\/strong><\/td><\/tr><tr><td>Ekonomika<\/td><td>&#8211;<\/td><td>&#8211;<\/td><td>1<\/td><td>1<\/td><td class=\"has-text-align-center\" data-align=\"center\"><strong>2<\/strong><\/td><\/tr><tr><td>V\u00fdchova k podnik\u00e1n\u00ed<\/td><td>&#8211;<\/td><td>&#8211;<\/td><td>2<\/td><td>&#8211;<\/td><td class=\"has-text-align-center\" data-align=\"center\"><strong>2<\/strong><\/td><\/tr><tr><td>Prezenta\u010dn\u00ed dovednosti (PDV)<\/td><td>2<\/td><td>2<\/td><td>&#8211;<\/td><td>&#8211;<\/td><td class=\"has-text-align-center\" data-align=\"center\"><strong>4<\/strong><\/td><\/tr><tr><td>Pr\u00e1vo<\/td><td>&#8211;<\/td><td>&#8211;<\/td><td>2<\/td><td>&#8211;<\/td><td class=\"has-text-align-center\" data-align=\"center\"><strong>2<\/strong><\/td><\/tr><tr><td>D\u011bjepis<\/td><td>2<\/td><td>2<\/td><td>&#8211;<\/td><td>&#8211;<\/td><td class=\"has-text-align-center\" data-align=\"center\"><strong>4<\/strong><\/td><\/tr><tr><td>Um\u011bleck\u00e1 tvorba<\/td><td>2<\/td><td>2<\/td><td>&#8211;<\/td><td>&#8211;<\/td><td class=\"has-text-align-center\" data-align=\"center\"><strong>4<\/strong><\/td><\/tr><tr><td>T\u011blesn\u00e1 v\u00fdchova<\/td><td>2<\/td><td>2<\/td><td>2<\/td><td>2<\/td><td class=\"has-text-align-center\" data-align=\"center\"><strong>8<\/strong><\/td><\/tr><tr><td>IT v praxi <\/td><td>2<\/td><td>2<\/td><td>&#8211;<\/td><td>&#8211;<\/td><td class=\"has-text-align-center\" data-align=\"center\"><strong>4<\/strong><\/td><\/tr><tr><td>Zem\u011bpis<\/td><td>2<\/td><td>&#8211;<\/td><td>&#8211;<\/td><td>&#8211;<\/td><td class=\"has-text-align-center\" data-align=\"center\"><strong>2<\/strong><\/td><\/tr><tr><td>Maturitn\u00ed voliteln\u00fd p\u0159edm\u011bt (MVOP)<\/td><td>&#8211;<\/td><td>&#8211;<\/td><td>3<\/td><td>3<\/td><td class=\"has-text-align-center\" data-align=\"center\"><strong>6<\/strong><\/td><\/tr><tr><td>Odborn\u00fd semin\u00e1\u0159 (OSE1)<\/td><td>&#8211;<\/td><td>2<\/td><td>2<\/td><td>2<\/td><td class=\"has-text-align-center\" data-align=\"center\"><strong>6<\/strong><\/td><\/tr><tr><td>Odborn\u00fd semin\u00e1\u0159 2 (OSE2)<\/td><td>&#8211;<\/td><td>&#8211;<\/td><td>2<\/td><td>2<\/td><td class=\"has-text-align-center\" data-align=\"center\"><strong>4<\/strong><\/td><\/tr><tr><td>Odborn\u00fd semin\u00e1\u0159 3 (OSE3)<\/td><td>&#8211;<\/td><td>&#8211;<\/td><td>&#8211;<\/td><td>2<\/td><td class=\"has-text-align-center\" data-align=\"center\"><strong>2<\/strong><\/td><\/tr><tr><td>Studentsk\u00fd projekt (STP)<\/td><td>&#8211;<\/td><td>&#8211;<\/td><td>2<\/td><td>&#8211;<\/td><td class=\"has-text-align-center\" data-align=\"center\"><strong>2<\/strong><\/td><\/tr><tr><td>Maturitn\u00ed projekt (MAP)<\/td><td>&#8211;<\/td><td>&#8211;<\/td><td>&#8211;<\/td><td>3<\/td><td class=\"has-text-align-center\" data-align=\"center\"><strong>3<\/strong><\/td><\/tr><tr><td>CELKEM<\/td><td><strong>34<\/strong><\/td><td><strong>33<\/strong><\/td><td><strong>33<\/strong><\/td><td><strong>32<\/strong><\/td><td class=\"has-text-align-center\" data-align=\"center\"><strong>132<\/strong><\/td><\/tr><\/tbody><\/table><\/figure>\n","protected":false},"excerpt":{"rendered":"<p>Od 1. z\u00e1\u0159\u00ed 2021 na\u0161e \u0161kola ve spolupr\u00e1ci se z\u0159izovatelem nahrazuje obor vzd\u011bl\u00e1v\u00e1n\u00ed Technick\u00e9 lyceum&#8230; <a href=\"https:\/\/ssps-backup.200.solutions\/?page_id=617\" class=\"readmore\">Zobrazit v\u00edce<\/a><\/p>\n","protected":false},"author":14,"featured_media":0,"parent":2578,"menu_order":0,"comment_status":"closed","ping_status":"closed","template":"","meta":{"_acf_changed":false,"inline_featured_image":false,"footnotes":""},"class_list":["post-617","page","type-page","status-publish","hentry"],"acf":[],"_links":{"self":[{"href":"https:\/\/ssps-backup.200.solutions\/index.php?rest_route=\/wp\/v2\/pages\/617","targetHints":{"allow":["GET"]}}],"collection":[{"href":"https:\/\/ssps-backup.200.solutions\/index.php?rest_route=\/wp\/v2\/pages"}],"about":[{"href":"https:\/\/ssps-backup.200.solutions\/index.php?rest_route=\/wp\/v2\/types\/page"}],"author":[{"embeddable":true,"href":"https:\/\/ssps-backup.200.solutions\/index.php?rest_route=\/wp\/v2\/users\/14"}],"replies":[{"embeddable":true,"href":"https:\/\/ssps-backup.200.solutions\/index.php?rest_route=%2Fwp%2Fv2%2Fcomments&post=617"}],"version-history":[{"count":18,"href":"https:\/\/ssps-backup.200.solutions\/index.php?rest_route=\/wp\/v2\/pages\/617\/revisions"}],"predecessor-version":[{"id":7167,"href":"https:\/\/ssps-backup.200.solutions\/index.php?rest_route=\/wp\/v2\/pages\/617\/revisions\/7167"}],"up":[{"embeddable":true,"href":"https:\/\/ssps-backup.200.solutions\/index.php?rest_route=\/wp\/v2\/pages\/2578"}],"wp:attachment":[{"href":"https:\/\/ssps-backup.200.solutions\/index.php?rest_route=%2Fwp%2Fv2%2Fmedia&parent=617"}],"curies":[{"name":"wp","href":"https:\/\/api.w.org\/{rel}","templated":true}]}}