{"id":6143,"date":"2024-03-25T08:45:22","date_gmt":"2024-03-25T07:45:22","guid":{"rendered":"https:\/\/ssps-backup.200.solutions\/?page_id=6143"},"modified":"2025-10-03T14:38:28","modified_gmt":"2025-10-03T12:38:28","slug":"osobni-pohovory-2024","status":"publish","type":"page","link":"https:\/\/ssps-backup.200.solutions\/?page_id=6143","title":{"rendered":"Osobn\u00ed pohovory 2026"},"content":{"rendered":"\n<p>C\u00edlem bodovan\u00e9ho pohovoru je poskytnout uchaze\u010di mo\u017enost p\u0159edstavit svou osobnost, sv\u00e9 siln\u00e9 str\u00e1nky. Hodnot\u00edc\u00ed komise bude minim\u00e1ln\u011b \u010dty\u0159\u010dlenn\u00e1, krom u\u010ditel\u016f bude jej\u00ed sou\u010d\u00e1st\u00ed v\u017edy minim\u00e1ln\u011b jeden sou\u010dasn\u00fd student Sm\u00edchovsk\u00e9 SP\u0160 a gymn\u00e1zia a minim\u00e1ln\u011b jeden absolvent Sm\u00edchovsk\u00e9 SP\u0160 a gymn\u00e1zia. P\u0159\u00edtomnost uchaze\u010di v\u011bkov\u011b bl\u00edzk\u00fdch osob, tedy studenta i absolventa Sm\u00edchovsk\u00e9 SP\u0160 a gymn\u00e1zia, m\u00e1 napomoci usnadn\u011bn\u00ed komunikace uchaze\u010de.&nbsp;<\/p>\n\n\n\n<ul class=\"wp-block-list\">\n<li>Bodovan\u00fd pohovor bude trvat 10 minut.<\/li>\n\n\n\n<li>Celkem m\u016f\u017ee uchaze\u010d z\u00edskat 20 bod\u016f.<br><\/li>\n\n\n\n<li>Ka\u017ed\u00e1 p\u0159ihl\u00e1\u0161ka (tzn. pro ka\u017ed\u00fd jednotliv\u00fd obor) m\u00e1 vlastn\u00ed identifika\u010dn\u00ed \u010d\u00edslo.<\/li>\n\n\n\n<li>Ke ka\u017ed\u00e9 podan\u00e9 p\u0159ihl\u00e1\u0161ce n\u00e1le\u017e\u00ed pr\u00e1v\u011b jeden term\u00edn. Uchaze\u010di, kte\u0159\u00ed podali v\u00edce p\u0159ihl\u00e1\u0161ek, hledaj\u00ed v rozpisu v\u00edce term\u00edn\u016f pohovor\u016f.<\/li>\n\n\n\n<li>Uchaze\u010di, kte\u0159\u00ed podali v\u00edce p\u0159ihl\u00e1\u0161ek konaj\u00ed pohovory zpravidla v r\u00e1mci jednoho (2 p\u0159ihl\u00e1\u0161ky) maxim\u00e1ln\u011b dvou dn\u016f (3 p\u0159ihl\u00e1\u0161ky).<\/li>\n\n\n\n<li>V seznamu jsou uchaze\u010di uvedeni pod identifika\u010dn\u00edm \u010d\u00edslem p\u0159ihl\u00e1\u0161ky.<br><br><strong>Doporu\u010dujeme dokument st\u00e1hnout a vyhledat v n\u011bm po\u017eadovan\u00e9 (ctrl+f\/cmd+f)<\/strong>&#8230;<\/li>\n<\/ul>\n\n\n\n<p><br>(V p\u0159\u00edpad\u011b jak\u00fdchkoliv probl\u00e9m\u016f s rozpisem pros\u00edm kontaktujte pana Patrika M\u00fcllera vedouc\u00edho PR odd\u011blen\u00ed na <a href=\"mailto:patrik.muller@ssps-backup.200.solutions\">patrik.muller@ssps-backup.200.solutions<\/a>)<\/p>\n\n\n\n<hr class=\"wp-block-separator has-alpha-channel-opacity\"\/>\n\n\n\n<p class=\"has-text-align-center\">Rozpis pohovoru pro p\u0159ij\u00edmac\u00ed \u0159\u00edzen\u00ed 2026\/2027 naleznete zde b\u011bhem dubna 2026.<\/p>\n","protected":false},"excerpt":{"rendered":"<p>C\u00edlem bodovan\u00e9ho pohovoru je poskytnout uchaze\u010di mo\u017enost p\u0159edstavit svou osobnost, sv\u00e9 siln\u00e9 str\u00e1nky. Hodnot\u00edc\u00ed komise&#8230; <a href=\"https:\/\/ssps-backup.200.solutions\/?page_id=6143\" class=\"readmore\">Zobrazit v\u00edce<\/a><\/p>\n","protected":false},"author":14,"featured_media":0,"parent":1610,"menu_order":2,"comment_status":"closed","ping_status":"closed","template":"","meta":{"_acf_changed":false,"inline_featured_image":false,"footnotes":""},"class_list":["post-6143","page","type-page","status-publish","hentry"],"acf":[],"_links":{"self":[{"href":"https:\/\/ssps-backup.200.solutions\/index.php?rest_route=\/wp\/v2\/pages\/6143","targetHints":{"allow":["GET"]}}],"collection":[{"href":"https:\/\/ssps-backup.200.solutions\/index.php?rest_route=\/wp\/v2\/pages"}],"about":[{"href":"https:\/\/ssps-backup.200.solutions\/index.php?rest_route=\/wp\/v2\/types\/page"}],"author":[{"embeddable":true,"href":"https:\/\/ssps-backup.200.solutions\/index.php?rest_route=\/wp\/v2\/users\/14"}],"replies":[{"embeddable":true,"href":"https:\/\/ssps-backup.200.solutions\/index.php?rest_route=%2Fwp%2Fv2%2Fcomments&post=6143"}],"version-history":[{"count":32,"href":"https:\/\/ssps-backup.200.solutions\/index.php?rest_route=\/wp\/v2\/pages\/6143\/revisions"}],"predecessor-version":[{"id":7175,"href":"https:\/\/ssps-backup.200.solutions\/index.php?rest_route=\/wp\/v2\/pages\/6143\/revisions\/7175"}],"up":[{"embeddable":true,"href":"https:\/\/ssps-backup.200.solutions\/index.php?rest_route=\/wp\/v2\/pages\/1610"}],"wp:attachment":[{"href":"https:\/\/ssps-backup.200.solutions\/index.php?rest_route=%2Fwp%2Fv2%2Fmedia&parent=6143"}],"curies":[{"name":"wp","href":"https:\/\/api.w.org\/{rel}","templated":true}]}}