{"id":6129,"date":"2024-03-22T13:08:30","date_gmt":"2024-03-22T12:08:30","guid":{"rendered":"https:\/\/ssps-backup.200.solutions\/?page_id=6129"},"modified":"2025-10-03T14:37:48","modified_gmt":"2025-10-03T12:37:48","slug":"skolni-kolo-testu","status":"publish","type":"page","link":"https:\/\/ssps-backup.200.solutions\/?page_id=6129","title":{"rendered":"\u0160koln\u00ed kolo test\u016f"},"content":{"rendered":"\n<p>N\u00ed\u017ee naleznete ke sta\u017een\u00ed rozpis odborn\u00fdch test\u016f (IT\/KBB\/OSP) pro p\u0159ij\u00edmac\u00ed \u0159\u00edzen\u00ed 2026\/2027 b\u011bhem b\u0159ezna 2026.<\/p>\n\n\n\n<hr class=\"wp-block-separator has-alpha-channel-opacity\"\/>\n","protected":false},"excerpt":{"rendered":"<p>N\u00ed\u017ee naleznete ke sta\u017een\u00ed rozpis odborn\u00fdch test\u016f (IT\/KBB\/OSP) pro p\u0159ij\u00edmac\u00ed \u0159\u00edzen\u00ed 2026\/2027 b\u011bhem b\u0159ezna 2026.<\/p>\n","protected":false},"author":14,"featured_media":0,"parent":1610,"menu_order":0,"comment_status":"closed","ping_status":"closed","template":"","meta":{"_acf_changed":false,"inline_featured_image":false,"footnotes":""},"class_list":["post-6129","page","type-page","status-publish","hentry"],"acf":[],"_links":{"self":[{"href":"https:\/\/ssps-backup.200.solutions\/index.php?rest_route=\/wp\/v2\/pages\/6129","targetHints":{"allow":["GET"]}}],"collection":[{"href":"https:\/\/ssps-backup.200.solutions\/index.php?rest_route=\/wp\/v2\/pages"}],"about":[{"href":"https:\/\/ssps-backup.200.solutions\/index.php?rest_route=\/wp\/v2\/types\/page"}],"author":[{"embeddable":true,"href":"https:\/\/ssps-backup.200.solutions\/index.php?rest_route=\/wp\/v2\/users\/14"}],"replies":[{"embeddable":true,"href":"https:\/\/ssps-backup.200.solutions\/index.php?rest_route=%2Fwp%2Fv2%2Fcomments&post=6129"}],"version-history":[{"count":10,"href":"https:\/\/ssps-backup.200.solutions\/index.php?rest_route=\/wp\/v2\/pages\/6129\/revisions"}],"predecessor-version":[{"id":7174,"href":"https:\/\/ssps-backup.200.solutions\/index.php?rest_route=\/wp\/v2\/pages\/6129\/revisions\/7174"}],"up":[{"embeddable":true,"href":"https:\/\/ssps-backup.200.solutions\/index.php?rest_route=\/wp\/v2\/pages\/1610"}],"wp:attachment":[{"href":"https:\/\/ssps-backup.200.solutions\/index.php?rest_route=%2Fwp%2Fv2%2Fmedia&parent=6129"}],"curies":[{"name":"wp","href":"https:\/\/api.w.org\/{rel}","templated":true}]}}