{"id":6124,"date":"2024-03-22T12:51:35","date_gmt":"2024-03-22T11:51:35","guid":{"rendered":"https:\/\/ssps-backup.200.solutions\/?page_id=6124"},"modified":"2024-11-16T21:15:54","modified_gmt":"2024-11-16T20:15:54","slug":"vzorovy-test-kbb","status":"publish","type":"page","link":"https:\/\/ssps-backup.200.solutions\/?page_id=6124","title":{"rendered":"Vzorov\u00e9 zad\u00e1n\u00ed KBB test\u016f"},"content":{"rendered":"\n<p>Vzorov\u00fd test KBB pro uchaze\u010de o studium.<\/p>\n\n\n\n<div class=\"wp-block-file\"><a id=\"wp-block-file--media-3981ce91-1c2a-4981-9cd3-f0587b0cb18f\" href=\"https:\/\/ssps-backup.200.solutions\/wp-content\/uploads\/2024\/03\/KBB_TEST_VZOROVY.pdf\">KBB &#8211; VZOROV\u00dd TEST 2024<\/a><a href=\"https:\/\/ssps-backup.200.solutions\/wp-content\/uploads\/2024\/03\/KBB_TEST_VZOROVY.pdf\" class=\"wp-block-file__button wp-element-button\" download aria-describedby=\"wp-block-file--media-3981ce91-1c2a-4981-9cd3-f0587b0cb18f\">St\u00e1hnout<\/a><\/div>\n","protected":false},"excerpt":{"rendered":"<p>Vzorov\u00fd test KBB pro uchaze\u010de o studium.<\/p>\n","protected":false},"author":14,"featured_media":0,"parent":1288,"menu_order":4,"comment_status":"closed","ping_status":"closed","template":"","meta":{"_acf_changed":false,"inline_featured_image":false,"footnotes":""},"class_list":["post-6124","page","type-page","status-publish","hentry"],"acf":[],"_links":{"self":[{"href":"https:\/\/ssps-backup.200.solutions\/index.php?rest_route=\/wp\/v2\/pages\/6124","targetHints":{"allow":["GET"]}}],"collection":[{"href":"https:\/\/ssps-backup.200.solutions\/index.php?rest_route=\/wp\/v2\/pages"}],"about":[{"href":"https:\/\/ssps-backup.200.solutions\/index.php?rest_route=\/wp\/v2\/types\/page"}],"author":[{"embeddable":true,"href":"https:\/\/ssps-backup.200.solutions\/index.php?rest_route=\/wp\/v2\/users\/14"}],"replies":[{"embeddable":true,"href":"https:\/\/ssps-backup.200.solutions\/index.php?rest_route=%2Fwp%2Fv2%2Fcomments&post=6124"}],"version-history":[{"count":2,"href":"https:\/\/ssps-backup.200.solutions\/index.php?rest_route=\/wp\/v2\/pages\/6124\/revisions"}],"predecessor-version":[{"id":6629,"href":"https:\/\/ssps-backup.200.solutions\/index.php?rest_route=\/wp\/v2\/pages\/6124\/revisions\/6629"}],"up":[{"embeddable":true,"href":"https:\/\/ssps-backup.200.solutions\/index.php?rest_route=\/wp\/v2\/pages\/1288"}],"wp:attachment":[{"href":"https:\/\/ssps-backup.200.solutions\/index.php?rest_route=%2Fwp%2Fv2%2Fmedia&parent=6124"}],"curies":[{"name":"wp","href":"https:\/\/api.w.org\/{rel}","templated":true}]}}