{"id":6073,"date":"2024-02-19T16:58:06","date_gmt":"2024-02-19T15:58:06","guid":{"rendered":"https:\/\/ssps-backup.200.solutions\/?page_id=6073"},"modified":"2025-10-03T14:51:47","modified_gmt":"2025-10-03T12:51:47","slug":"vzorove-zadani-osp-gymnazium","status":"publish","type":"page","link":"https:\/\/ssps-backup.200.solutions\/?page_id=6073","title":{"rendered":"Vzorov\u00e9 zad\u00e1n\u00ed OSP test\u016f"},"content":{"rendered":"\n<div class=\"wp-block-file\"><a id=\"wp-block-file--media-736d1247-9be9-4692-afcf-5f78934614d6\" href=\"https:\/\/ssps-backup.200.solutions\/wp-content\/uploads\/2024\/02\/Test-OSPSSPS-vzorovy-1.pdf\">Test-OSPSSPS-vzorovy-1<\/a><a href=\"https:\/\/ssps-backup.200.solutions\/wp-content\/uploads\/2024\/02\/Test-OSPSSPS-vzorovy-1.pdf\" class=\"wp-block-file__button wp-element-button\" download aria-describedby=\"wp-block-file--media-736d1247-9be9-4692-afcf-5f78934614d6\">St\u00e1hnout<\/a><\/div>\n\n\n\n<p><\/p>\n","protected":false},"excerpt":{"rendered":"","protected":false},"author":14,"featured_media":0,"parent":1288,"menu_order":4,"comment_status":"closed","ping_status":"closed","template":"","meta":{"_acf_changed":false,"inline_featured_image":false,"footnotes":""},"class_list":["post-6073","page","type-page","status-publish","hentry"],"acf":[],"_links":{"self":[{"href":"https:\/\/ssps-backup.200.solutions\/index.php?rest_route=\/wp\/v2\/pages\/6073","targetHints":{"allow":["GET"]}}],"collection":[{"href":"https:\/\/ssps-backup.200.solutions\/index.php?rest_route=\/wp\/v2\/pages"}],"about":[{"href":"https:\/\/ssps-backup.200.solutions\/index.php?rest_route=\/wp\/v2\/types\/page"}],"author":[{"embeddable":true,"href":"https:\/\/ssps-backup.200.solutions\/index.php?rest_route=\/wp\/v2\/users\/14"}],"replies":[{"embeddable":true,"href":"https:\/\/ssps-backup.200.solutions\/index.php?rest_route=%2Fwp%2Fv2%2Fcomments&post=6073"}],"version-history":[{"count":3,"href":"https:\/\/ssps-backup.200.solutions\/index.php?rest_route=\/wp\/v2\/pages\/6073\/revisions"}],"predecessor-version":[{"id":7189,"href":"https:\/\/ssps-backup.200.solutions\/index.php?rest_route=\/wp\/v2\/pages\/6073\/revisions\/7189"}],"up":[{"embeddable":true,"href":"https:\/\/ssps-backup.200.solutions\/index.php?rest_route=\/wp\/v2\/pages\/1288"}],"wp:attachment":[{"href":"https:\/\/ssps-backup.200.solutions\/index.php?rest_route=%2Fwp%2Fv2%2Fmedia&parent=6073"}],"curies":[{"name":"wp","href":"https:\/\/api.w.org\/{rel}","templated":true}]}}