{"id":6055,"date":"2024-02-14T22:34:01","date_gmt":"2024-02-14T21:34:01","guid":{"rendered":"https:\/\/ssps-backup.200.solutions\/?page_id=6055"},"modified":"2025-12-28T21:41:32","modified_gmt":"2025-12-28T20:41:32","slug":"online-workshopy-kbb","status":"publish","type":"page","link":"https:\/\/ssps-backup.200.solutions\/?page_id=6055","title":{"rendered":"Online workshopy ke KBB test\u016fm"},"content":{"rendered":"\n<p>B\u011bhem \u00fanora a b\u0159ezna 2026 se konaj\u00ed&nbsp;<strong>online workshopy<\/strong>. \u00da\u010dast na t\u011bchto workshopech je zdarma.<\/p>\n\n\n\n<p>Workshopy se konaj\u00ed ka\u017edou sobotu a ned\u011bli od 29. 2. 2026 do 15. 3. 2026 od 18:00 na Discord serveru.<\/p>\n\n\n\n<p>Odkaz pro p\u0159ipojen\u00ed na Discord server:&nbsp;<a href=\"https:\/\/discord.gg\/MYKV2z7pgD\" rel=\"nofollow noopener\" target=\"_blank\">https:\/\/discord.gg\/MYKV2z7pgD<\/a><\/p>\n\n\n\n<p><strong>T\u00e9mata jednotliv\u00fdch workshop\u016f:<\/strong><\/p>\n\n\n\n<ul class=\"wp-block-list\">\n<li>\u00davod do kybernetick\u00e9 bezpe\u010dnosti (28. 2.)<\/li>\n\n\n\n<li>Linux a termin\u00e1l (1. 3.)<\/li>\n\n\n\n<li>S\u00edt\u011b a s\u00ed\u0165ov\u00e1 bezpe\u010dnost (7. 3.)<\/li>\n\n\n\n<li>Kryptografie (8. 3.)<\/li>\n\n\n\n<li>Programov\u00e1n\u00ed (14. 3.)<\/li>\n\n\n\n<li>Kybernetick\u00e9 \u00fatoky (15. 3.)<\/li>\n<\/ul>\n\n\n\n<p><strong>Kontaktn\u00ed osoba: <\/strong>Ond\u0159ej Divi\u0161, <a href=\"mailto:divis.on.2023@ssps-backup.200.solutions\">divis.on.2023@ssps-backup.200.solutions<\/a><\/p>\n\n\n\n<p><\/p>\n","protected":false},"excerpt":{"rendered":"<p>B\u011bhem \u00fanora a b\u0159ezna 2026 se konaj\u00ed&nbsp;online workshopy. \u00da\u010dast na t\u011bchto workshopech je zdarma. Workshopy&#8230; <a href=\"https:\/\/ssps-backup.200.solutions\/?page_id=6055\" class=\"readmore\">Zobrazit v\u00edce<\/a><\/p>\n","protected":false},"author":14,"featured_media":0,"parent":1288,"menu_order":5,"comment_status":"closed","ping_status":"closed","template":"","meta":{"_acf_changed":false,"inline_featured_image":false,"footnotes":""},"class_list":["post-6055","page","type-page","status-publish","hentry"],"acf":[],"_links":{"self":[{"href":"https:\/\/ssps-backup.200.solutions\/index.php?rest_route=\/wp\/v2\/pages\/6055","targetHints":{"allow":["GET"]}}],"collection":[{"href":"https:\/\/ssps-backup.200.solutions\/index.php?rest_route=\/wp\/v2\/pages"}],"about":[{"href":"https:\/\/ssps-backup.200.solutions\/index.php?rest_route=\/wp\/v2\/types\/page"}],"author":[{"embeddable":true,"href":"https:\/\/ssps-backup.200.solutions\/index.php?rest_route=\/wp\/v2\/users\/14"}],"replies":[{"embeddable":true,"href":"https:\/\/ssps-backup.200.solutions\/index.php?rest_route=%2Fwp%2Fv2%2Fcomments&post=6055"}],"version-history":[{"count":6,"href":"https:\/\/ssps-backup.200.solutions\/index.php?rest_route=\/wp\/v2\/pages\/6055\/revisions"}],"predecessor-version":[{"id":7294,"href":"https:\/\/ssps-backup.200.solutions\/index.php?rest_route=\/wp\/v2\/pages\/6055\/revisions\/7294"}],"up":[{"embeddable":true,"href":"https:\/\/ssps-backup.200.solutions\/index.php?rest_route=\/wp\/v2\/pages\/1288"}],"wp:attachment":[{"href":"https:\/\/ssps-backup.200.solutions\/index.php?rest_route=%2Fwp%2Fv2%2Fmedia&parent=6055"}],"curies":[{"name":"wp","href":"https:\/\/api.w.org\/{rel}","templated":true}]}}