{"id":557,"date":"2020-08-12T17:08:44","date_gmt":"2020-08-12T15:08:44","guid":{"rendered":"http:\/\/ssps.200solutions.com\/?page_id=557"},"modified":"2020-12-26T22:34:59","modified_gmt":"2020-12-26T21:34:59","slug":"peer-program","status":"publish","type":"page","link":"https:\/\/ssps-backup.200.solutions\/?page_id=557","title":{"rendered":"Peer program"},"content":{"rendered":"\n<p class=\"has-text-align-center\">Peer program nab\u00edz\u00ed programy prevence rizikov\u00e9ho chov\u00e1n\u00ed na internetu pro mate\u0159sk\u00e9 i z\u00e1kladn\u00ed \u0161koly. Krom\u011b p\u0159edn\u00e1\u0161ek nov\u011b realizuje i interaktivn\u00ed programy (p\u0159edn\u00e1\u0161ky dopln\u011bn\u00e9 o aktivity podporuj\u00edc\u00ed vztahy a spolupr\u00e1ci v&nbsp;t\u0159\u00eddn\u00edm kolektivu). Peer lekto\u0159i nav\u0161t\u011bvuj\u00ed \u0161koly nejen v&nbsp;Praze, ale tak\u00e9 ty ve St\u0159edo\u010desk\u00e9m, Kr\u00e1lovehradeck\u00e9m, Plze\u0148sk\u00e9m a Jihomoravsk\u00e9m kraji.<\/p>\n\n\n\n<p class=\"has-text-align-center\">Od po\u010d\u00e1tku \u010dinnosti spolku bylo realizov\u00e1no 299 p\u0159edn\u00e1\u0161ek na 51 z\u00e1kladn\u00edch \u0161kol\u00e1ch. B\u011bhem program\u016f bylo osloveno 5 685 \u017e\u00e1k\u016f. (statistika k 30. 6. 2020)<\/p>\n\n\n\n<div style=\"height:31px\" aria-hidden=\"true\" class=\"wp-block-spacer\"><\/div>\n\n\n\n<p><\/p>\n\n\n\n<p class=\"has-text-align-center has-very-light-gray-color has-text-color has-background\" style=\"background-color:#0c5a89\">Programy v\u0161eobecn\u00e9 prim\u00e1rn\u00ed prevence lektoruj\u00ed pro\u0161kolen\u00ed studenti st\u0159edn\u00edch \u0161kol, tedy kybervrstevn\u00edci \u017e\u00e1k\u016f z\u00e1kladn\u00edch \u0161kol. D\u00edky tomu, \u017ee v kybersv\u011bt\u011b za\u017e\u00edvaj\u00ed podobn\u00e9 situace, se \u017e\u00e1ci s lektory l\u00e9pe ztoto\u017en\u00ed a pom\u011brn\u011b snadno nabyt\u00e9 dovednosti a postoje uplatn\u00ed v praxi.<\/p>\n\n\n\n<div style=\"height:20px\" aria-hidden=\"true\" class=\"wp-block-spacer\"><\/div>\n\n\n\n<p class=\"has-text-align-center\">C\u00edlem organizace je pomoci d\u011btem a dosp\u00edvaj\u00edc\u00edm vyhnout se nebezpe\u010d\u00edm internetu, jako je kyber\u0161ikana, sexu\u00e1ln\u00ed obt\u011b\u017eov\u00e1n\u00ed, vyhro\u017eov\u00e1n\u00ed a podvody. D\u00edky pro\u0161kolen\u00fdm lektor\u016fm-vrstevn\u00edk\u016fm efektivn\u011b napom\u00e1h\u00e1me k osvojen\u00ed preventivn\u00edch n\u00e1vyk\u016f a sni\u017eov\u00e1n\u00ed rizikov\u00e9ho chov\u00e1n\u00ed. V horizontu 5 let chceme pomoci v\u00edce ne\u017e dvaceti tis\u00edc\u016fm \u017e\u00e1k\u016fm a m\u00edt v\u00fdznamn\u00fd a trval\u00fd dopad na odv\u011btv\u00ed \u0161koln\u00ed prevence.<\/p>\n\n\n\n<div style=\"height:37px\" aria-hidden=\"true\" class=\"wp-block-spacer\"><\/div>\n\n\n\n<p class=\"has-text-align-center\"><strong>V\u00edce na&nbsp;<a rel=\"noreferrer noopener nofollow\" href=\"https:\/\/www.peer-program.cz\" target=\"_blank\">https:\/\/www.peer-program.cz<\/a>.<\/strong><\/p>\n\n\n\n<div style=\"height:30px\" aria-hidden=\"true\" class=\"wp-block-spacer\"><\/div>\n\n\n\n<blockquote class=\"wp-block-quote is-style-default is-layout-flow wp-block-quote-is-layout-flow\"><p>&#8222;Peer lekto\u0159i se b\u011bhem program\u016f nenechaj\u00ed zasko\u010dit \u017e\u00e1dn\u00fdm dotazem. T\u00e9mat\u016fm, kter\u00e9 p\u0159edn\u00e1\u0161ej\u00ed, dob\u0159e rozum\u00ed a dok\u00e1\u017e\u00ed je velmi poutavou formou p\u0159edat. \u017d\u00e1ci jsou vta\u017eeni do programu \u0159adou r\u016fzn\u00fdch aktivit a bez probl\u00e9mu udr\u017e\u00ed pozornost i dv\u011b vyu\u010dovac\u00ed hodiny v kuse. Informace, kter\u00e9 se \u017e\u00e1ci nau\u010d\u00ed, by m\u011bl zn\u00e1t ka\u017ed\u00fd u\u017eivatel internetu. Spolupracujeme s Peer programem ji\u017e druh\u00fdm rokem a rozhodn\u011b budeme ve spolupr\u00e1ci pokra\u010dovat i nad\u00e1le. Rizika internetu se st\u00e1le stup\u0148uj\u00ed a je skv\u011bl\u00e9, \u017ee tyto programy reflektuj\u00ed aktu\u00e1ln\u00ed stav nebezpe\u010d\u00ed a informuj\u00ed o postupech, jak se jim \u00fasp\u011b\u0161n\u011b br\u00e1nit.&#8220;&nbsp;<\/p><\/blockquote>\n\n\n\n<h4 class=\"has-text-align-right wp-block-heading\">&nbsp;Ing. Jana Trojanov\u00e1 Ph.D., ICT metodi\u010dka<\/h4>\n\n\n\n<h4 class=\"has-text-align-right wp-block-heading\">St\u0159edn\u00ed a z\u00e1kladn\u00ed \u0161kola da Vinci, Doln\u00ed B\u0159e\u017eany<\/h4>\n\n\n\n<div style=\"height:20px\" aria-hidden=\"true\" class=\"wp-block-spacer\"><\/div>\n\n\n\n<figure class=\"wp-block-image size-large\"><img fetchpriority=\"high\" decoding=\"async\" width=\"1024\" height=\"570\" src=\"https:\/\/ssps-backup.200.solutions\/wp-content\/uploads\/2020\/08\/peer-program-1024x570.jpeg\" alt=\"\" class=\"wp-image-584\" srcset=\"https:\/\/ssps-backup.200.solutions\/wp-content\/uploads\/2020\/08\/peer-program-1024x570.jpeg 1024w, https:\/\/ssps-backup.200.solutions\/wp-content\/uploads\/2020\/08\/peer-program-300x167.jpeg 300w, https:\/\/ssps-backup.200.solutions\/wp-content\/uploads\/2020\/08\/peer-program-768x428.jpeg 768w, https:\/\/ssps-backup.200.solutions\/wp-content\/uploads\/2020\/08\/peer-program-1536x855.jpeg 1536w, https:\/\/ssps-backup.200.solutions\/wp-content\/uploads\/2020\/08\/peer-program-2048x1140.jpeg 2048w\" sizes=\"(max-width: 1024px) 100vw, 1024px\" \/><\/figure>\n","protected":false},"excerpt":{"rendered":"<p>Peer program nab\u00edz\u00ed programy prevence rizikov\u00e9ho chov\u00e1n\u00ed na internetu pro mate\u0159sk\u00e9 i z\u00e1kladn\u00ed \u0161koly. Krom\u011b&#8230; <a href=\"https:\/\/ssps-backup.200.solutions\/?page_id=557\" class=\"readmore\">Zobrazit v\u00edce<\/a><\/p>\n","protected":false},"author":14,"featured_media":584,"parent":1236,"menu_order":3,"comment_status":"closed","ping_status":"closed","template":"","meta":{"_acf_changed":false,"inline_featured_image":false,"footnotes":""},"class_list":["post-557","page","type-page","status-publish","has-post-thumbnail","hentry"],"acf":[],"_links":{"self":[{"href":"https:\/\/ssps-backup.200.solutions\/index.php?rest_route=\/wp\/v2\/pages\/557","targetHints":{"allow":["GET"]}}],"collection":[{"href":"https:\/\/ssps-backup.200.solutions\/index.php?rest_route=\/wp\/v2\/pages"}],"about":[{"href":"https:\/\/ssps-backup.200.solutions\/index.php?rest_route=\/wp\/v2\/types\/page"}],"author":[{"embeddable":true,"href":"https:\/\/ssps-backup.200.solutions\/index.php?rest_route=\/wp\/v2\/users\/14"}],"replies":[{"embeddable":true,"href":"https:\/\/ssps-backup.200.solutions\/index.php?rest_route=%2Fwp%2Fv2%2Fcomments&post=557"}],"version-history":[{"count":9,"href":"https:\/\/ssps-backup.200.solutions\/index.php?rest_route=\/wp\/v2\/pages\/557\/revisions"}],"predecessor-version":[{"id":958,"href":"https:\/\/ssps-backup.200.solutions\/index.php?rest_route=\/wp\/v2\/pages\/557\/revisions\/958"}],"up":[{"embeddable":true,"href":"https:\/\/ssps-backup.200.solutions\/index.php?rest_route=\/wp\/v2\/pages\/1236"}],"wp:featuredmedia":[{"embeddable":true,"href":"https:\/\/ssps-backup.200.solutions\/index.php?rest_route=\/wp\/v2\/media\/584"}],"wp:attachment":[{"href":"https:\/\/ssps-backup.200.solutions\/index.php?rest_route=%2Fwp%2Fv2%2Fmedia&parent=557"}],"curies":[{"name":"wp","href":"https:\/\/api.w.org\/{rel}","templated":true}]}}