{"id":553,"date":"2020-08-12T17:01:00","date_gmt":"2020-08-12T15:01:00","guid":{"rendered":"http:\/\/ssps.200solutions.com\/?page_id=553"},"modified":"2021-09-13T14:10:11","modified_gmt":"2021-09-13T12:10:11","slug":"kyberneticka-bezpecnost","status":"publish","type":"page","link":"https:\/\/ssps-backup.200.solutions\/?page_id=553","title":{"rendered":"Kybernetick\u00e1 bezpe\u010dnost"},"content":{"rendered":"\n<p>Sm\u00edchovsk\u00e1 SP\u0160 a gymn\u00e1zium byla pov\u011b\u0159ena, aby pilotovala pro \u010ceskou republiku vznik nov\u00e9ho vzd\u011bl\u00e1vac\u00edho oboru Kybernetick\u00e1 bezpe\u010dnost. Toho se ujali dva absolventi Sm\u00edchovsk\u00e9 SP\u0160 a gymn\u00e1zia, <a href=\"https:\/\/ssps-backup.200.solutions\/ucitel\/david-sykora\/\">David S\u00fdkora<\/a> a <a href=\"https:\/\/ssps-backup.200.solutions\/ucitel\/nathan-nemec\/\">Nathan N\u011bmec<\/a>, a to ve v\u011bku dvaceti let. Letos povedou prvn\u00ed t\u0159\u00eddu k&nbsp;maturit\u011b.<\/p>\n\n\n\n<div class=\"wp-block-image\"><figure class=\"alignright size-large is-resized\"><img decoding=\"async\" src=\"https:\/\/ssps-backup.200.solutions\/wp-content\/uploads\/2020\/09\/P1120300-1024x576.jpg\" alt=\"\" class=\"wp-image-859\" width=\"215\" height=\"121\" srcset=\"https:\/\/ssps-backup.200.solutions\/wp-content\/uploads\/2020\/09\/P1120300-1024x576.jpg 1024w, https:\/\/ssps-backup.200.solutions\/wp-content\/uploads\/2020\/09\/P1120300-300x169.jpg 300w, https:\/\/ssps-backup.200.solutions\/wp-content\/uploads\/2020\/09\/P1120300-768x432.jpg 768w, https:\/\/ssps-backup.200.solutions\/wp-content\/uploads\/2020\/09\/P1120300-1536x864.jpg 1536w, https:\/\/ssps-backup.200.solutions\/wp-content\/uploads\/2020\/09\/P1120300.jpg 2000w\" sizes=\"(max-width: 215px) 100vw, 215px\" \/><\/figure><\/div>\n\n\n\n<p>V&nbsp;r\u00e1mci kybernetick\u00e9 bezpe\u010dnosti spolupracuje \u0161kola s&nbsp;N\u00e1rodn\u00edm \u00fa\u0159adem pro kybernetickou bezpe\u010dnost (N\u00daKIB), \u010cVUT, AFCEA, CISCO, ale i s dal\u0161\u00edmi soukrom\u00fdmi subjekty.<\/p>\n\n\n\n<p><a href=\"https:\/\/ssps-backup.200.solutions\/ucitel\/nathan-nemec\/\">Nathan N\u011bmec<\/a> a <a href=\"https:\/\/ssps-backup.200.solutions\/ucitel\/david-sykora\/\">David S\u00fdkora<\/a> p\u0159ed zah\u00e1jen\u00edm pilotn\u00ed v\u00fduky postavili za finan\u010dn\u00ed podpory z\u0159izovatele Kybernetick\u00fd polygon, kde prob\u00edh\u00e1 praktick\u00e1 v\u00fduka budouc\u00edch hacker\u016f. Oba zm\u00edn\u011bn\u00ed mlad\u00ed p\u00e1nov\u00e9 tak\u00e9 vyvinuli ve spolupr\u00e1ci s\u00a0\u010cVUT syst\u00e9m, kter\u00fd umo\u017e\u0148uje spou\u0161t\u011bt virtu\u00e1ln\u011b r\u016fzn\u00e9 sc\u00e9n\u00e1\u0159e kybernetick\u00fdch \u00fatok\u016f a t\u00edm ho vyu\u017e\u00edvat k\u00a0interaktivn\u00ed v\u00fduce.<\/p>\n\n\n\n<p><strong>Mo\u017en\u00e9 zapojen\u00ed student\u016f:<\/strong> studenti se mohou zapojit do tvorby sc\u00e9n\u00e1\u0159\u016f, do tvorby skript a \u00faloh \u010di do osv\u011bty na poli kybernetick\u00e9 bezpe\u010dnosti. <\/p>\n\n\n\n<figure class=\"wp-block-embed-youtube wp-block-embed is-type-video is-provider-youtube wp-embed-aspect-16-9 wp-has-aspect-ratio\"><div class=\"wp-block-embed__wrapper\">\n<iframe title=\"Studuj kybernetickou bezpe\u010dnost\" width=\"500\" height=\"281\" src=\"https:\/\/www.youtube.com\/embed\/3nOZRWDxUDc?feature=oembed\" frameborder=\"0\" allow=\"accelerometer; autoplay; clipboard-write; encrypted-media; gyroscope; picture-in-picture; web-share\" referrerpolicy=\"strict-origin-when-cross-origin\" allowfullscreen><\/iframe>\n<\/div><\/figure>\n","protected":false},"excerpt":{"rendered":"<p>Sm\u00edchovsk\u00e1 SP\u0160 a gymn\u00e1zium byla pov\u011b\u0159ena, aby pilotovala pro \u010ceskou republiku vznik nov\u00e9ho vzd\u011bl\u00e1vac\u00edho oboru&#8230; <a href=\"https:\/\/ssps-backup.200.solutions\/?page_id=553\" class=\"readmore\">Zobrazit v\u00edce<\/a><\/p>\n","protected":false},"author":14,"featured_media":0,"parent":154,"menu_order":1,"comment_status":"closed","ping_status":"closed","template":"","meta":{"_acf_changed":false,"inline_featured_image":false,"footnotes":""},"class_list":["post-553","page","type-page","status-publish","hentry"],"acf":[],"_links":{"self":[{"href":"https:\/\/ssps-backup.200.solutions\/index.php?rest_route=\/wp\/v2\/pages\/553","targetHints":{"allow":["GET"]}}],"collection":[{"href":"https:\/\/ssps-backup.200.solutions\/index.php?rest_route=\/wp\/v2\/pages"}],"about":[{"href":"https:\/\/ssps-backup.200.solutions\/index.php?rest_route=\/wp\/v2\/types\/page"}],"author":[{"embeddable":true,"href":"https:\/\/ssps-backup.200.solutions\/index.php?rest_route=\/wp\/v2\/users\/14"}],"replies":[{"embeddable":true,"href":"https:\/\/ssps-backup.200.solutions\/index.php?rest_route=%2Fwp%2Fv2%2Fcomments&post=553"}],"version-history":[{"count":5,"href":"https:\/\/ssps-backup.200.solutions\/index.php?rest_route=\/wp\/v2\/pages\/553\/revisions"}],"predecessor-version":[{"id":1261,"href":"https:\/\/ssps-backup.200.solutions\/index.php?rest_route=\/wp\/v2\/pages\/553\/revisions\/1261"}],"up":[{"embeddable":true,"href":"https:\/\/ssps-backup.200.solutions\/index.php?rest_route=\/wp\/v2\/pages\/154"}],"wp:attachment":[{"href":"https:\/\/ssps-backup.200.solutions\/index.php?rest_route=%2Fwp%2Fv2%2Fmedia&parent=553"}],"curies":[{"name":"wp","href":"https:\/\/api.w.org\/{rel}","templated":true}]}}