{"id":5336,"date":"2023-06-22T01:10:56","date_gmt":"2023-06-21T23:10:56","guid":{"rendered":"https:\/\/ssps-backup.200.solutions\/?page_id=5336"},"modified":"2023-06-22T01:12:35","modified_gmt":"2023-06-21T23:12:35","slug":"ochrana-oznamovatelu","status":"publish","type":"page","link":"https:\/\/ssps-backup.200.solutions\/?page_id=5336","title":{"rendered":"Ochrana oznamovatel\u016f"},"content":{"rendered":"\n<p>\u0160kola je povinn\u00fdm subjektem, kter\u00fd mus\u00ed plnit povinnosti dan\u00e9 z\u00e1konem z\u00e1konem \u010d. 171\/2023 Sb. o ochran\u011b oznamovatel\u016f.<\/p>\n\n\n\n<p><strong>Ozn\u00e1men\u00ed se m\u016f\u017ee t\u00fdkat \u010dinnosti, kter\u00e1:<\/strong><\/p>\n\n\n\n<ol class=\"wp-block-list\" type=\"1\">\n<li>m\u00e1 znaky trestn\u00e9ho \u010dinu,<\/li>\n\n\n\n<li>m\u00e1 znaky p\u0159estupku, za kter\u00fd z\u00e1kon stanov\u00ed sazbu pokuty, jej\u00ed\u017e horn\u00ed hranice je alespo\u0148 100 tis\u00edc K\u010d,<\/li>\n\n\n\n<li>poru\u0161uje z\u00e1kon o ochran\u011b oznamovatel\u016f, nebo<\/li>\n\n\n\n<li>poru\u0161uje jin\u00fd pr\u00e1vn\u00ed p\u0159edpis nebo p\u0159edpis Evropsk\u00e9 unie v&nbsp;oblasti:<\/li>\n\n\n\n<li>finan\u010dn\u00edch slu\u017eeb, povinn\u00e9ho auditu a jin\u00fdch ov\u011b\u0159ovac\u00edch slu\u017eeb, finan\u010dn\u00edch produkt\u016f a finan\u010dn\u00edch trh\u016f,<\/li>\n\n\n\n<li>dan\u011b z p\u0159\u00edjm\u016f pr\u00e1vnick\u00fdch osob,<\/li>\n\n\n\n<li>p\u0159edch\u00e1zen\u00ed legalizaci v\u00fdnos\u016f z trestn\u00e9 \u010dinnosti a financov\u00e1n\u00ed terorismu,<\/li>\n\n\n\n<li>ochrany spot\u0159ebitele,<\/li>\n\n\n\n<li>souladu s po\u017eadavky na v\u00fdrobky v\u010detn\u011b jejich bezpe\u010dnosti,<\/li>\n\n\n\n<li>bezpe\u010dnosti dopravy, p\u0159epravy a provozu na pozemn\u00edch komunikac\u00edch,<\/li>\n\n\n\n<li>ochrany \u017eivotn\u00edho prost\u0159ed\u00ed,<\/li>\n\n\n\n<li>bezpe\u010dnosti potravin a krmiv a ochrany zv\u00ed\u0159at a jejich zdrav\u00ed.<\/li>\n\n\n\n<li>radia\u010dn\u00ed ochrany a jadern\u00e9 bezpe\u010dnosti,<\/li>\n\n\n\n<li>hospod\u00e1\u0159sk\u00e9 sout\u011b\u017ee, ve\u0159ejn\u00fdch dra\u017eeb a zad\u00e1v\u00e1n\u00ed ve\u0159ejn\u00fdch zak\u00e1zek,<\/li>\n\n\n\n<li>ochrany vnit\u0159n\u00edho po\u0159\u00e1dku a bezpe\u010dnosti, \u017eivota a zdrav\u00ed,<\/li>\n\n\n\n<li>ochrany osobn\u00edch \u00fadaj\u016f, soukrom\u00ed a bezpe\u010dnosti s\u00edt\u00ed elektronick\u00fdch komunikac\u00ed a informa\u010dn\u00edch syst\u00e9m\u016f,<\/li>\n\n\n\n<li>ochrany finan\u010dn\u00edch z\u00e1jm\u016f Evropsk\u00e9 unie2), nebo<\/li>\n\n\n\n<li>fungov\u00e1n\u00ed vnit\u0159n\u00edho trhu v\u010detn\u011b ochrany hospod\u00e1\u0159sk\u00e9 sout\u011b\u017ee a st\u00e1tn\u00ed podpory podle pr\u00e1va Evropsk\u00e9 unie.<\/li>\n<\/ol>\n\n\n\n<p>Ozn\u00e1men\u00ed mus\u00ed spl\u0148ovat n\u00e1le\u017eitosti stanoven\u00e9 z\u00e1konem, oznamovatel a dal\u0161\u00ed v&nbsp;z\u00e1kon\u011b vyjmenovan\u00e9 osoby maj\u00ed pr\u00e1vo na \u00fa\u010dinnou ochranu p\u0159ed odvetn\u00fdmi opat\u0159en\u00edmi ze strany \u0161koly.<\/p>\n\n\n\n<h2 class=\"wp-block-heading\">Vnit\u0159n\u00ed oznamovac\u00ed syst\u00e9m<\/h2>\n\n\n\n<p>Pod\u00e1n\u00ed lze u\u010dinit:<\/p>\n\n\n\n<ol class=\"wp-block-list\">\n<li><strong>osobn\u011b <\/strong>do zabezpe\u010den\u00e9 schr\u00e1nky ur\u010den\u00e9 pro pod\u00e1n\u00ed podle tohoto z\u00e1kona ve druh\u00e9m pat\u0159e \u0161koly p\u0159ed m\u00edstnost\u00ed \u010d\u00edslo 209 vpravo. Na schr\u00e1nce je vyzna\u010deno, \u017ee se jedn\u00e1 o schr\u00e1nku sm\u011b\u0159uj\u00edc\u00ed k pod\u00e1n\u00edm podle tohoto z\u00e1kona takto: PODATELNA OZN\u00c1MEN\u00cd PODLE Z\u00c1KONA O OCHRAN\u011a OZNAMOVATEL\u016e<\/li>\n\n\n\n<li><strong>e-mailem<\/strong> na petr.ruzicka@ssps-backup.200.solutions <\/li>\n\n\n\n<li><strong>telefonicky <\/strong>na +420 222 266 056 (linka 56)<\/li>\n<\/ol>\n\n\n\n<h2 class=\"wp-block-heading\">P\u0159\u00edslu\u0161n\u00e1 osoba<\/h2>\n\n\n\n<p>P\u0159\u00edslu\u0161nou osobou je Mgr. Petr R\u016f\u017ei\u010dka, Ph.D., MBA.<\/p>\n","protected":false},"excerpt":{"rendered":"<p>\u0160kola je povinn\u00fdm subjektem, kter\u00fd mus\u00ed plnit povinnosti dan\u00e9 z\u00e1konem z\u00e1konem \u010d. 171\/2023 Sb. o&#8230; <a href=\"https:\/\/ssps-backup.200.solutions\/?page_id=5336\" class=\"readmore\">Zobrazit v\u00edce<\/a><\/p>\n","protected":false},"author":12,"featured_media":0,"parent":184,"menu_order":3,"comment_status":"closed","ping_status":"closed","template":"","meta":{"_acf_changed":false,"inline_featured_image":false,"footnotes":""},"class_list":["post-5336","page","type-page","status-publish","hentry"],"acf":[],"_links":{"self":[{"href":"https:\/\/ssps-backup.200.solutions\/index.php?rest_route=\/wp\/v2\/pages\/5336","targetHints":{"allow":["GET"]}}],"collection":[{"href":"https:\/\/ssps-backup.200.solutions\/index.php?rest_route=\/wp\/v2\/pages"}],"about":[{"href":"https:\/\/ssps-backup.200.solutions\/index.php?rest_route=\/wp\/v2\/types\/page"}],"author":[{"embeddable":true,"href":"https:\/\/ssps-backup.200.solutions\/index.php?rest_route=\/wp\/v2\/users\/12"}],"replies":[{"embeddable":true,"href":"https:\/\/ssps-backup.200.solutions\/index.php?rest_route=%2Fwp%2Fv2%2Fcomments&post=5336"}],"version-history":[{"count":2,"href":"https:\/\/ssps-backup.200.solutions\/index.php?rest_route=\/wp\/v2\/pages\/5336\/revisions"}],"predecessor-version":[{"id":5339,"href":"https:\/\/ssps-backup.200.solutions\/index.php?rest_route=\/wp\/v2\/pages\/5336\/revisions\/5339"}],"up":[{"embeddable":true,"href":"https:\/\/ssps-backup.200.solutions\/index.php?rest_route=\/wp\/v2\/pages\/184"}],"wp:attachment":[{"href":"https:\/\/ssps-backup.200.solutions\/index.php?rest_route=%2Fwp%2Fv2%2Fmedia&parent=5336"}],"curies":[{"name":"wp","href":"https:\/\/api.w.org\/{rel}","templated":true}]}}