{"id":528,"date":"2020-08-12T11:56:18","date_gmt":"2020-08-12T09:56:18","guid":{"rendered":"http:\/\/ssps.200solutions.com\/?page_id=528"},"modified":"2020-12-17T21:12:46","modified_gmt":"2020-12-17T20:12:46","slug":"studio-301","status":"publish","type":"page","link":"https:\/\/ssps-backup.200.solutions\/?page_id=528","title":{"rendered":"Studio 301"},"content":{"rendered":"\n<p>N\u00e1zev Studio 301 je odvozeno od \u010d\u00edsla u\u010debny, ve kter\u00e9 se nach\u00e1z\u00ed Laborato\u0159 virtu\u00e1ln\u00ed a roz\u0161\u00ed\u0159en\u00e9 reality. Krom\u011b \u0161koln\u00edho Studia 301 existuje je\u0161t\u011b <a href=\"https:\/\/www.studio301.cz\/\" rel=\"nofollow noopener\" target=\"_blank\">Studio 301 s.r.o.<\/a>, kter\u00e9 zalo\u017eili a vlastn\u00ed absolventi Sm\u00edchovsk\u00e9 SP\u0160 Igor \u017dmajlo a Michal Jare\u0161 a student \u010dtvrt\u00e9ho ro\u010dn\u00edku Kry\u0161tof Toman. Studio 301 s.r.o. se zab\u00fdv\u00e1 komer\u010dn\u00edmi projekty a z prvn\u00ed velk\u00e9 zak\u00e1zky si vybudovalo svou kancel\u00e1\u0159 ve \u0160t\u011bf\u00e1nikov\u011b ulici naproti Komer\u010dn\u00ed bance, cca 200 metr\u016f od \u0161koly.<\/p>\n\n\n\n<p>Laborato\u0159 virtu\u00e1ln\u00ed a roz\u0161\u00ed\u0159en\u00e9 reality vybudovali v roce 2018 absolventi a u\u010ditel\u00e9 Igor \u017dmajlo a Jan Tesa\u0159, vznikla je\u0161t\u011b d\u0159\u00edve, ne\u017e si ji z\u0159\u00eddili na \u010cesk\u00e9m institutu informatiky, robotiky a kybernetiky p\u0159i \u010cVUT. Se sv\u00fdmi 18 stacion\u00e1rn\u00edmi a 5 p\u0159enosn\u00fdmi pracovi\u0161ti byla v dob\u011b vzniku nejv\u011bt\u0161\u00ed ve st\u0159edn\u00ed Evrop\u011b.<\/p>\n\n\n\n<p>V r\u00e1mci Studia 301 pracuj\u00ed studenti na mnoha projektech, a\u0165 ji\u017e \u0161koln\u00edch \u010di osobn\u00edch, vytv\u00e1\u0159ej\u00ed virtu\u00e1ln\u00ed prohl\u00eddky r\u016fzn\u00fdch m\u00edst, tvo\u0159\u00ed po\u010d\u00edta\u010dov\u00e9 hry. Tak\u00e9 v\u0161ak v laborato\u0159i prob\u00edhaj\u00ed v\u00fdukov\u00e9 semin\u00e1\u0159e, kter\u00e9 vedou absolvent Michal Jare\u0161, Robin Bez\u00e1k \u010di student Ji\u0159\u00ed Vojt\u011bch. V nich se z\u00e1jemci, p\u0159edev\u0161\u00edm z ni\u017e\u0161\u00edch ro\u010dn\u00edk\u016f, seznamuj\u00ed s modelov\u00e1n\u00edm a programov\u00e1n\u00edm pro tvorbu konkr\u00e9tn\u00edch aplikac\u00ed.<\/p>\n\n\n\n<p>\u010clenov\u00e9 Studia 301 se zapojuj\u00ed i do vzd\u011bl\u00e1v\u00e1n\u00ed u\u010ditel\u016f, \u010desk\u00fdch i zahrani\u010dn\u00edch.<\/p>\n\n\n\n<figure class=\"wp-block-gallery columns-2 is-cropped wp-block-gallery-1 is-layout-flex wp-block-gallery-is-layout-flex\"><ul class=\"blocks-gallery-grid\"><li class=\"blocks-gallery-item\"><figure><img fetchpriority=\"high\" decoding=\"async\" width=\"1024\" height=\"682\" src=\"https:\/\/ssps-backup.200.solutions\/wp-content\/uploads\/2020\/09\/IMG_6084-1-1024x682.jpg\" alt=\"\" data-id=\"846\" data-full-url=\"https:\/\/ssps-backup.200.solutions\/wp-content\/uploads\/2020\/09\/IMG_6084-1.jpg\" data-link=\"https:\/\/ssps-backup.200.solutions\/projekty\/virtualni-realita\/studio-301\/img_6084-1\/\" class=\"wp-image-846\" srcset=\"https:\/\/ssps-backup.200.solutions\/wp-content\/uploads\/2020\/09\/IMG_6084-1-1024x682.jpg 1024w, https:\/\/ssps-backup.200.solutions\/wp-content\/uploads\/2020\/09\/IMG_6084-1-300x200.jpg 300w, https:\/\/ssps-backup.200.solutions\/wp-content\/uploads\/2020\/09\/IMG_6084-1-768x512.jpg 768w, https:\/\/ssps-backup.200.solutions\/wp-content\/uploads\/2020\/09\/IMG_6084-1-1536x1024.jpg 1536w, https:\/\/ssps-backup.200.solutions\/wp-content\/uploads\/2020\/09\/IMG_6084-1.jpg 2000w\" sizes=\"(max-width: 1024px) 100vw, 1024px\" \/><\/figure><\/li><li class=\"blocks-gallery-item\"><figure><img decoding=\"async\" width=\"1024\" height=\"682\" src=\"https:\/\/ssps-backup.200.solutions\/wp-content\/uploads\/2020\/09\/IMG_1165-1024x682.jpg\" alt=\"\" data-id=\"847\" data-full-url=\"https:\/\/ssps-backup.200.solutions\/wp-content\/uploads\/2020\/09\/IMG_1165.jpg\" data-link=\"https:\/\/ssps-backup.200.solutions\/projekty\/virtualni-realita\/studio-301\/img_1165\/\" class=\"wp-image-847\" srcset=\"https:\/\/ssps-backup.200.solutions\/wp-content\/uploads\/2020\/09\/IMG_1165-1024x682.jpg 1024w, https:\/\/ssps-backup.200.solutions\/wp-content\/uploads\/2020\/09\/IMG_1165-300x200.jpg 300w, https:\/\/ssps-backup.200.solutions\/wp-content\/uploads\/2020\/09\/IMG_1165-768x512.jpg 768w, https:\/\/ssps-backup.200.solutions\/wp-content\/uploads\/2020\/09\/IMG_1165-1536x1024.jpg 1536w, https:\/\/ssps-backup.200.solutions\/wp-content\/uploads\/2020\/09\/IMG_1165.jpg 2000w\" sizes=\"(max-width: 1024px) 100vw, 1024px\" \/><\/figure><\/li><\/ul><\/figure>\n","protected":false},"excerpt":{"rendered":"<p>N\u00e1zev Studio 301 je odvozeno od \u010d\u00edsla u\u010debny, ve kter\u00e9 se nach\u00e1z\u00ed Laborato\u0159 virtu\u00e1ln\u00ed a&#8230; <a href=\"https:\/\/ssps-backup.200.solutions\/?page_id=528\" class=\"readmore\">Zobrazit v\u00edce<\/a><\/p>\n","protected":false},"author":14,"featured_media":0,"parent":485,"menu_order":0,"comment_status":"closed","ping_status":"closed","template":"","meta":{"_acf_changed":false,"inline_featured_image":false,"footnotes":""},"class_list":["post-528","page","type-page","status-publish","hentry"],"acf":[],"_links":{"self":[{"href":"https:\/\/ssps-backup.200.solutions\/index.php?rest_route=\/wp\/v2\/pages\/528","targetHints":{"allow":["GET"]}}],"collection":[{"href":"https:\/\/ssps-backup.200.solutions\/index.php?rest_route=\/wp\/v2\/pages"}],"about":[{"href":"https:\/\/ssps-backup.200.solutions\/index.php?rest_route=\/wp\/v2\/types\/page"}],"author":[{"embeddable":true,"href":"https:\/\/ssps-backup.200.solutions\/index.php?rest_route=\/wp\/v2\/users\/14"}],"replies":[{"embeddable":true,"href":"https:\/\/ssps-backup.200.solutions\/index.php?rest_route=%2Fwp%2Fv2%2Fcomments&post=528"}],"version-history":[{"count":10,"href":"https:\/\/ssps-backup.200.solutions\/index.php?rest_route=\/wp\/v2\/pages\/528\/revisions"}],"predecessor-version":[{"id":1182,"href":"https:\/\/ssps-backup.200.solutions\/index.php?rest_route=\/wp\/v2\/pages\/528\/revisions\/1182"}],"up":[{"embeddable":true,"href":"https:\/\/ssps-backup.200.solutions\/index.php?rest_route=\/wp\/v2\/pages\/485"}],"wp:attachment":[{"href":"https:\/\/ssps-backup.200.solutions\/index.php?rest_route=%2Fwp%2Fv2%2Fmedia&parent=528"}],"curies":[{"name":"wp","href":"https:\/\/api.w.org\/{rel}","templated":true}]}}