{"id":521,"date":"2020-08-12T11:51:11","date_gmt":"2020-08-12T09:51:11","guid":{"rendered":"http:\/\/ssps.200solutions.com\/?page_id=521"},"modified":"2020-09-28T19:08:55","modified_gmt":"2020-09-28T17:08:55","slug":"projekt-lety","status":"publish","type":"page","link":"https:\/\/ssps-backup.200.solutions\/?page_id=521","title":{"rendered":"Projekt &#8222;Lety&#8220;"},"content":{"rendered":"\n<p>Ve \u0161koln\u00edm roce 2019\/2020 bylo zah\u00e1jeno vytv\u00e1\u0159en\u00ed virtu\u00e1ln\u00ed prohl\u00eddky interna\u010dn\u00edho t\u00e1bora pro Romy za druh\u00e9 sv\u011btov\u00e9 v\u00e1lky v Letech. Tento model se stane sou\u010d\u00e1st\u00ed Muzea genocid, kter\u00e9 m\u00e1 vzniknout v Terez\u00edn\u011b v rekonstruovan\u00e9m Wieserov\u011b dom\u011b pod kuratelou Centra pro v\u00fdzkum genocid Terez\u00edn. Sm\u00edchovsk\u00e1 SP\u0160 v n\u011bm m\u00e1 m\u00edt sv\u00e9 deta\u0161ovan\u00e9 pracovi\u0161t\u011b. Na projektu pracuje aktu\u00e1ln\u011b deset student\u016f v r\u00e1mci sv\u00fdch Studentsk\u00fdch projekt\u016f, konzultantem je absolvent Sm\u00edchovsk\u00e9 SP\u0160 Jakub Jarol\u00edmek.\u00a0<\/p>\n","protected":false},"excerpt":{"rendered":"<p>Ve \u0161koln\u00edm roce 2019\/2020 bylo zah\u00e1jeno vytv\u00e1\u0159en\u00ed virtu\u00e1ln\u00ed prohl\u00eddky interna\u010dn\u00edho t\u00e1bora pro Romy za druh\u00e9&#8230; <a href=\"https:\/\/ssps-backup.200.solutions\/?page_id=521\" class=\"readmore\">Zobrazit v\u00edce<\/a><\/p>\n","protected":false},"author":14,"featured_media":0,"parent":485,"menu_order":0,"comment_status":"closed","ping_status":"closed","template":"","meta":{"_acf_changed":false,"inline_featured_image":false,"footnotes":""},"class_list":["post-521","page","type-page","status-publish","hentry"],"acf":[],"_links":{"self":[{"href":"https:\/\/ssps-backup.200.solutions\/index.php?rest_route=\/wp\/v2\/pages\/521","targetHints":{"allow":["GET"]}}],"collection":[{"href":"https:\/\/ssps-backup.200.solutions\/index.php?rest_route=\/wp\/v2\/pages"}],"about":[{"href":"https:\/\/ssps-backup.200.solutions\/index.php?rest_route=\/wp\/v2\/types\/page"}],"author":[{"embeddable":true,"href":"https:\/\/ssps-backup.200.solutions\/index.php?rest_route=\/wp\/v2\/users\/14"}],"replies":[{"embeddable":true,"href":"https:\/\/ssps-backup.200.solutions\/index.php?rest_route=%2Fwp%2Fv2%2Fcomments&post=521"}],"version-history":[{"count":1,"href":"https:\/\/ssps-backup.200.solutions\/index.php?rest_route=\/wp\/v2\/pages\/521\/revisions"}],"predecessor-version":[{"id":897,"href":"https:\/\/ssps-backup.200.solutions\/index.php?rest_route=\/wp\/v2\/pages\/521\/revisions\/897"}],"up":[{"embeddable":true,"href":"https:\/\/ssps-backup.200.solutions\/index.php?rest_route=\/wp\/v2\/pages\/485"}],"wp:attachment":[{"href":"https:\/\/ssps-backup.200.solutions\/index.php?rest_route=%2Fwp%2Fv2%2Fmedia&parent=521"}],"curies":[{"name":"wp","href":"https:\/\/api.w.org\/{rel}","templated":true}]}}