{"id":513,"date":"2020-08-12T11:49:39","date_gmt":"2020-08-12T09:49:39","guid":{"rendered":"http:\/\/ssps.200solutions.com\/?page_id=513"},"modified":"2020-09-27T22:37:19","modified_gmt":"2020-09-27T20:37:19","slug":"projekt-auschwitz","status":"publish","type":"page","link":"https:\/\/ssps-backup.200.solutions\/?page_id=513","title":{"rendered":"Projekt &#8222;Auschwitz&#8220;"},"content":{"rendered":"\n<p>V r\u00e1mci Studia 301 ji\u017e byla vyhotovena virtu\u00e1ln\u00ed prohl\u00eddka koncentra\u010dn\u00edch t\u00e1bor\u016f Auschwitz I. a Auschwitz II. \u2013 Birkenau. Tento unik\u00e1tn\u00ed projekt neunikl pozornosti \u010cesk\u00e9 televize a televize NOVA, byl zm\u00edn\u011bn v hlavn\u00edch celost\u00e1tn\u00edch ve\u010dern\u00edch zpr\u00e1v\u00e1ch i v dal\u0161\u00edch po\u0159adech. Sm\u00edchovsk\u00e1 SP\u0160 je \u010dasto zv\u00e1na na r\u016fzn\u00e9 festivaly, kde maj\u00ed z\u00e1jem o prezentaci tohoto projektu.<\/p>\n\n\n\n<figure class=\"wp-block-gallery columns-2 is-cropped wp-block-gallery-1 is-layout-flex wp-block-gallery-is-layout-flex\"><ul class=\"blocks-gallery-grid\"><li class=\"blocks-gallery-item\"><figure><img fetchpriority=\"high\" decoding=\"async\" width=\"1024\" height=\"576\" src=\"https:\/\/ssps-backup.200.solutions\/wp-content\/uploads\/2020\/09\/render02161-1024x576.jpg\" alt=\"\" data-id=\"853\" data-full-url=\"https:\/\/ssps-backup.200.solutions\/wp-content\/uploads\/2020\/09\/render02161.jpg\" data-link=\"https:\/\/ssps-backup.200.solutions\/projekty\/virtualni-realita\/projekt-auschwitz\/render02161\/\" class=\"wp-image-853\" srcset=\"https:\/\/ssps-backup.200.solutions\/wp-content\/uploads\/2020\/09\/render02161-1024x576.jpg 1024w, https:\/\/ssps-backup.200.solutions\/wp-content\/uploads\/2020\/09\/render02161-300x169.jpg 300w, https:\/\/ssps-backup.200.solutions\/wp-content\/uploads\/2020\/09\/render02161-768x432.jpg 768w, https:\/\/ssps-backup.200.solutions\/wp-content\/uploads\/2020\/09\/render02161.jpg 1300w\" sizes=\"(max-width: 1024px) 100vw, 1024px\" \/><\/figure><\/li><li class=\"blocks-gallery-item\"><figure><img decoding=\"async\" width=\"1024\" height=\"640\" src=\"https:\/\/ssps-backup.200.solutions\/wp-content\/uploads\/2020\/09\/3D-Auschwitz-1-1024x640.jpg\" alt=\"\" data-id=\"854\" data-full-url=\"https:\/\/ssps-backup.200.solutions\/wp-content\/uploads\/2020\/09\/3D-Auschwitz-1.jpg\" data-link=\"https:\/\/ssps-backup.200.solutions\/projekty\/virtualni-realita\/projekt-auschwitz\/3d-auschwitz-1\/\" class=\"wp-image-854\" srcset=\"https:\/\/ssps-backup.200.solutions\/wp-content\/uploads\/2020\/09\/3D-Auschwitz-1-1024x640.jpg 1024w, https:\/\/ssps-backup.200.solutions\/wp-content\/uploads\/2020\/09\/3D-Auschwitz-1-300x188.jpg 300w, https:\/\/ssps-backup.200.solutions\/wp-content\/uploads\/2020\/09\/3D-Auschwitz-1-768x480.jpg 768w, https:\/\/ssps-backup.200.solutions\/wp-content\/uploads\/2020\/09\/3D-Auschwitz-1.jpg 1200w\" sizes=\"(max-width: 1024px) 100vw, 1024px\" \/><\/figure><\/li><\/ul><\/figure>\n\n\n\n<p><strong>Stru\u010dn\u00e1 historie projektu<\/strong><\/p>\n\n\n\n<p>Ve \u0161koln\u00edm roce 2014\/2015 navrhl \u0159editel \u0161koly Radko S\u00e1bl\u00edk student\u016fm jako t\u00e9ma jejich Maturitn\u00edho projektu vytvo\u0159en\u00ed technick\u00e9 dokumentace a sch\u00e9mat t\u00e1bor\u016f Auschwitz I. a Auschwitz II. \u2013 Birkenau. Ty cht\u011bl vyu\u017e\u00edt pro svoji pr\u00e1ci o t\u011bchto t\u00e1borech. T\u0159i studenti v\u0161ak p\u0159i\u0161li s n\u00e1padem t\u00e1bory vymodelovat ve 3D programu. Pokus dopadl dob\u0159e a dal\u0161\u00ed rok se na nab\u00eddnut\u00e9 t\u00e9ma Studentsk\u00fdch a Maturitn\u00edch projekt\u016f p\u0159ihl\u00e1silo p\u0159es t\u0159icet student\u016f \u0161koly.<\/p>\n\n\n\n<p>Na podzim roku 2015 se uskute\u010dnila dvoudenn\u00ed pracovn\u00ed cesta do Muzea Auschwitz, konzultace s pracovn\u00edky muzea, n\u00e1v\u0161t\u011bva b\u011b\u017en\u011b nedostupn\u00fdch a zakonzervovan\u00fdch blok\u016f 2 a 10 v t\u00e1bo\u0159e Auschwitz I. B\u011bhem pr\u00e1ce na projektu sami studenti p\u0159i\u0161li za \u0159editelem s t\u00edm, \u017ee pouh\u00e9 zobrazen\u00ed t\u00e1bor\u016f nevypov\u00edd\u00e1 pln\u011b o hr\u016fz\u00e1ch, kter\u00e9 se v nich odehr\u00e1valy a bylo by dobr\u00e9 zobrazit i typick\u00e9 v\u00fdjevy. N\u00e1sledn\u00fd pokus o jejich vytvo\u0159en\u00ed prok\u00e1zal, \u017ee je mo\u017en\u00e9 tento n\u00e1vrh realizovat a bylo rozhodnuto o pokra\u010dov\u00e1n\u00ed projektu i t\u00edmto sm\u011brem.<\/p>\n\n\n\n<p>Na podzim roku 2016 se uskute\u010dnila dal\u0161\u00ed dvoudenn\u00ed pracovn\u00ed cesta do Muzea Auschwitz, dal\u0161\u00ed fotografov\u00e1n\u00ed, m\u011b\u0159en\u00ed, studov\u00e1n\u00ed historie i detail\u016f staveb. Na projektu posl\u00e9ze pracovalo p\u0159es \u010dty\u0159icet student\u016f. Na konci \u0161koln\u00edho roku 2016\/2017 op\u011bt sami studenti navrhli vyu\u017e\u00edt pro zobrazen\u00ed t\u00e1bor\u016f virtu\u00e1ln\u00ed realitu a po zkou\u0161ce tohoto n\u00e1padu byl ten shled\u00e1n realizovateln\u00fdm.<\/p>\n\n\n\n<p>Ve \u0161koln\u00edm roce 2017\/2018 se na projektu pod\u00edlelo patn\u00e1ct student\u016f a sedm absolvent\u016f. Zaj\u00edmavost\u00ed je, \u017ee p\u011bt z nich p\u0159edt\u00edm na projektu pracovalo v r\u00e1mci sv\u00fdch Studentsk\u00fdch a Maturitn\u00edch projekt\u016f a po maturit\u011b se z nich stali konzultanti sv\u00fdch mlad\u0161\u00edch koleg\u016f.<\/p>\n\n\n\n<p>Z\u00e1rove\u0148 byl v r\u00e1mci projektu, za pou\u017eit\u00ed prost\u0159edk\u016f z Opera\u010dn\u00edho programu Praha \u2013 p\u00f3l r\u016fstu, vytvo\u0159en fyzick\u00fd model t\u00e1bora Auschwitz II. \u2013 Birkenau i za pomoci 3D tisku.<\/p>\n\n\n\n<p>Sm\u00edchovsk\u00e1 SP\u0160 spolupracuje s Centrem pro v\u00fdzkum genocid v Terez\u00edn\u011b, kde v D\u011blost\u0159eleck\u00fdch kas\u00e1rn\u00e1ch m\u00e1 sv\u00e9 deta\u0161ovan\u00e9 pracovi\u0161t\u011b. V jedn\u00e9 m\u00edstnosti mohou n\u00e1v\u0161t\u011bvn\u00edci vyzkou\u0161et virtu\u00e1ln\u00ed prohl\u00eddku obou t\u00e1bor\u016f, ve druh\u00e9 spat\u0159it fyzick\u00e9 modely, vytvo\u0159en\u00e9 i za pomoci 3D tisku studenty Sm\u00edchovsk\u00e9 SP\u0160. Otev\u00edr\u00e1n\u00ed tohoto deta\u0161ovan\u00e9ho pracovi\u0161t\u011b v b\u0159eznu 2018 bylo p\u0159en\u00e1\u0161eno v p\u0159\u00edm\u00e9m p\u0159enosu na \u010cT 24.<\/p>\n\n\n\n<p><strong>Stru\u010dn\u00e1 budoucnost projektu<\/strong><\/p>\n\n\n\n<p>St\u00e1le se uskute\u010d\u0148uj\u00ed drobn\u011bj\u0161\u00ed \u00fapravy virtu\u00e1ln\u00edho modelu, dopl\u0148ov\u00e1n\u00ed n\u011bkter\u00fdch sc\u00e9n a prost\u0159ed\u00ed. V sou\u010dasn\u00e9 dob\u011b tak\u00e9 prob\u00edhaj\u00ed jedn\u00e1n\u00ed o vyu\u017eit\u00ed tohoto projektu s Muzeem Auschwitz, posledn\u00ed sch\u016fzka se uskute\u010dnila v listopadu 2019, dal\u0161\u00ed byla p\u0159i t\u00e9 p\u0159\u00edle\u017eitosti napl\u00e1nov\u00e1na na b\u0159ezen 2020. P\u0159ipravuj\u00ed se tak\u00e9 dal\u0161\u00ed vzd\u011bl\u00e1vac\u00ed v\u00fdstupy ve spolupr\u00e1ci s Centrem pro v\u00fdzkum genocid v Terez\u00edn\u011b.<\/p>\n","protected":false},"excerpt":{"rendered":"<p>V r\u00e1mci Studia 301 ji\u017e byla vyhotovena virtu\u00e1ln\u00ed prohl\u00eddka koncentra\u010dn\u00edch t\u00e1bor\u016f Auschwitz I. a Auschwitz&#8230; <a href=\"https:\/\/ssps-backup.200.solutions\/?page_id=513\" class=\"readmore\">Zobrazit v\u00edce<\/a><\/p>\n","protected":false},"author":14,"featured_media":604,"parent":485,"menu_order":0,"comment_status":"closed","ping_status":"closed","template":"","meta":{"_acf_changed":false,"inline_featured_image":false,"footnotes":""},"class_list":["post-513","page","type-page","status-publish","has-post-thumbnail","hentry"],"acf":[],"_links":{"self":[{"href":"https:\/\/ssps-backup.200.solutions\/index.php?rest_route=\/wp\/v2\/pages\/513","targetHints":{"allow":["GET"]}}],"collection":[{"href":"https:\/\/ssps-backup.200.solutions\/index.php?rest_route=\/wp\/v2\/pages"}],"about":[{"href":"https:\/\/ssps-backup.200.solutions\/index.php?rest_route=\/wp\/v2\/types\/page"}],"author":[{"embeddable":true,"href":"https:\/\/ssps-backup.200.solutions\/index.php?rest_route=\/wp\/v2\/users\/14"}],"replies":[{"embeddable":true,"href":"https:\/\/ssps-backup.200.solutions\/index.php?rest_route=%2Fwp%2Fv2%2Fcomments&post=513"}],"version-history":[{"count":1,"href":"https:\/\/ssps-backup.200.solutions\/index.php?rest_route=\/wp\/v2\/pages\/513\/revisions"}],"predecessor-version":[{"id":855,"href":"https:\/\/ssps-backup.200.solutions\/index.php?rest_route=\/wp\/v2\/pages\/513\/revisions\/855"}],"up":[{"embeddable":true,"href":"https:\/\/ssps-backup.200.solutions\/index.php?rest_route=\/wp\/v2\/pages\/485"}],"wp:featuredmedia":[{"embeddable":true,"href":"https:\/\/ssps-backup.200.solutions\/index.php?rest_route=\/wp\/v2\/media\/604"}],"wp:attachment":[{"href":"https:\/\/ssps-backup.200.solutions\/index.php?rest_route=%2Fwp%2Fv2%2Fmedia&parent=513"}],"curies":[{"name":"wp","href":"https:\/\/api.w.org\/{rel}","templated":true}]}}