{"id":509,"date":"2020-08-12T11:48:59","date_gmt":"2020-08-12T09:48:59","guid":{"rendered":"http:\/\/ssps.200solutions.com\/?page_id=509"},"modified":"2022-12-18T20:53:55","modified_gmt":"2022-12-18T19:53:55","slug":"vertikalni-farma","status":"publish","type":"page","link":"https:\/\/ssps-backup.200.solutions\/?page_id=509","title":{"rendered":"Vertik\u00e1ln\u00ed farma"},"content":{"rendered":"\n<p>Od ledna 2021 bude \u0161kola disponovat laborato\u0159\u00ed automatizace vertik\u00e1ln\u00edho hydroponick\u00e9ho testov\u00e1n\u00ed. <br><strong>Odpov\u011bdn\u00e1 osoba:<\/strong> Jan Tesa\u0159 (jan.tesar@ssps-backup.200.solutions)<\/p>\n\n\n\n<figure class=\"wp-block-image size-large\"><img fetchpriority=\"high\" decoding=\"async\" width=\"640\" height=\"360\" src=\"https:\/\/ssps-backup.200.solutions\/wp-content\/uploads\/2020\/09\/Vertikalni-farma.jpg\" alt=\"\" class=\"wp-image-891\" srcset=\"https:\/\/ssps-backup.200.solutions\/wp-content\/uploads\/2020\/09\/Vertikalni-farma.jpg 640w, https:\/\/ssps-backup.200.solutions\/wp-content\/uploads\/2020\/09\/Vertikalni-farma-300x169.jpg 300w\" sizes=\"(max-width: 640px) 100vw, 640px\" \/><\/figure>\n","protected":false},"excerpt":{"rendered":"<p>Od ledna 2021 bude \u0161kola disponovat laborato\u0159\u00ed automatizace vertik\u00e1ln\u00edho hydroponick\u00e9ho testov\u00e1n\u00ed. Odpov\u011bdn\u00e1 osoba: Jan Tesa\u0159&#8230; <a href=\"https:\/\/ssps-backup.200.solutions\/?page_id=509\" class=\"readmore\">Zobrazit v\u00edce<\/a><\/p>\n","protected":false},"author":14,"featured_media":602,"parent":156,"menu_order":2,"comment_status":"closed","ping_status":"closed","template":"","meta":{"_acf_changed":false,"inline_featured_image":false,"footnotes":""},"class_list":["post-509","page","type-page","status-publish","has-post-thumbnail","hentry"],"acf":[],"_links":{"self":[{"href":"https:\/\/ssps-backup.200.solutions\/index.php?rest_route=\/wp\/v2\/pages\/509","targetHints":{"allow":["GET"]}}],"collection":[{"href":"https:\/\/ssps-backup.200.solutions\/index.php?rest_route=\/wp\/v2\/pages"}],"about":[{"href":"https:\/\/ssps-backup.200.solutions\/index.php?rest_route=\/wp\/v2\/types\/page"}],"author":[{"embeddable":true,"href":"https:\/\/ssps-backup.200.solutions\/index.php?rest_route=\/wp\/v2\/users\/14"}],"replies":[{"embeddable":true,"href":"https:\/\/ssps-backup.200.solutions\/index.php?rest_route=%2Fwp%2Fv2%2Fcomments&post=509"}],"version-history":[{"count":4,"href":"https:\/\/ssps-backup.200.solutions\/index.php?rest_route=\/wp\/v2\/pages\/509\/revisions"}],"predecessor-version":[{"id":4597,"href":"https:\/\/ssps-backup.200.solutions\/index.php?rest_route=\/wp\/v2\/pages\/509\/revisions\/4597"}],"up":[{"embeddable":true,"href":"https:\/\/ssps-backup.200.solutions\/index.php?rest_route=\/wp\/v2\/pages\/156"}],"wp:featuredmedia":[{"embeddable":true,"href":"https:\/\/ssps-backup.200.solutions\/index.php?rest_route=\/wp\/v2\/media\/602"}],"wp:attachment":[{"href":"https:\/\/ssps-backup.200.solutions\/index.php?rest_route=%2Fwp%2Fv2%2Fmedia&parent=509"}],"curies":[{"name":"wp","href":"https:\/\/api.w.org\/{rel}","templated":true}]}}