{"id":505,"date":"2020-08-12T11:48:25","date_gmt":"2020-08-12T09:48:25","guid":{"rendered":"http:\/\/ssps.200solutions.com\/?page_id=505"},"modified":"2022-12-18T20:53:06","modified_gmt":"2022-12-18T19:53:06","slug":"chytry-dum","status":"publish","type":"page","link":"https:\/\/ssps-backup.200.solutions\/?page_id=505","title":{"rendered":"Chytr\u00fd d\u016fm"},"content":{"rendered":"\n<p>Unik\u00e1tn\u00ed laborato\u0159 IoT, kter\u00e1 umo\u017e\u0148uje student\u016fm testovat nejr\u016fzn\u011bj\u0161\u00ed technologie v podstat\u011b re\u00e1ln\u00e9m byt\u011b.<\/p>\n\n\n\n<p><strong>Odpov\u011bdn\u00e1 osoba:<\/strong> Jan Tesa\u0159 (jan.tesar@ssps-backup.200.solutions)<\/p>\n\n\n\n<figure class=\"wp-block-image size-large\"><img fetchpriority=\"high\" decoding=\"async\" width=\"1024\" height=\"583\" src=\"https:\/\/ssps-backup.200.solutions\/wp-content\/uploads\/2020\/09\/image-1-1024x583.png\" alt=\"\" class=\"wp-image-887\" srcset=\"https:\/\/ssps-backup.200.solutions\/wp-content\/uploads\/2020\/09\/image-1-1024x583.png 1024w, https:\/\/ssps-backup.200.solutions\/wp-content\/uploads\/2020\/09\/image-1-300x171.png 300w, https:\/\/ssps-backup.200.solutions\/wp-content\/uploads\/2020\/09\/image-1-768x437.png 768w, https:\/\/ssps-backup.200.solutions\/wp-content\/uploads\/2020\/09\/image-1.png 1445w\" sizes=\"(max-width: 1024px) 100vw, 1024px\" \/><figcaption class=\"wp-element-caption\">Laborato\u0159 IoT &#8222;Chytr\u00fd d\u016fm&#8220;<\/figcaption><\/figure>\n\n\n\n<p><\/p>\n","protected":false},"excerpt":{"rendered":"<p>Unik\u00e1tn\u00ed laborato\u0159 IoT, kter\u00e1 umo\u017e\u0148uje student\u016fm testovat nejr\u016fzn\u011bj\u0161\u00ed technologie v podstat\u011b re\u00e1ln\u00e9m byt\u011b. Odpov\u011bdn\u00e1 osoba:&#8230; <a href=\"https:\/\/ssps-backup.200.solutions\/?page_id=505\" class=\"readmore\">Zobrazit v\u00edce<\/a><\/p>\n","protected":false},"author":14,"featured_media":0,"parent":156,"menu_order":-1,"comment_status":"closed","ping_status":"closed","template":"","meta":{"_acf_changed":false,"inline_featured_image":false,"footnotes":""},"class_list":["post-505","page","type-page","status-publish","hentry"],"acf":[],"_links":{"self":[{"href":"https:\/\/ssps-backup.200.solutions\/index.php?rest_route=\/wp\/v2\/pages\/505","targetHints":{"allow":["GET"]}}],"collection":[{"href":"https:\/\/ssps-backup.200.solutions\/index.php?rest_route=\/wp\/v2\/pages"}],"about":[{"href":"https:\/\/ssps-backup.200.solutions\/index.php?rest_route=\/wp\/v2\/types\/page"}],"author":[{"embeddable":true,"href":"https:\/\/ssps-backup.200.solutions\/index.php?rest_route=\/wp\/v2\/users\/14"}],"replies":[{"embeddable":true,"href":"https:\/\/ssps-backup.200.solutions\/index.php?rest_route=%2Fwp%2Fv2%2Fcomments&post=505"}],"version-history":[{"count":6,"href":"https:\/\/ssps-backup.200.solutions\/index.php?rest_route=\/wp\/v2\/pages\/505\/revisions"}],"predecessor-version":[{"id":4516,"href":"https:\/\/ssps-backup.200.solutions\/index.php?rest_route=\/wp\/v2\/pages\/505\/revisions\/4516"}],"up":[{"embeddable":true,"href":"https:\/\/ssps-backup.200.solutions\/index.php?rest_route=\/wp\/v2\/pages\/156"}],"wp:attachment":[{"href":"https:\/\/ssps-backup.200.solutions\/index.php?rest_route=%2Fwp%2Fv2%2Fmedia&parent=505"}],"curies":[{"name":"wp","href":"https:\/\/api.w.org\/{rel}","templated":true}]}}