{"id":485,"date":"2020-08-11T18:04:47","date_gmt":"2020-08-11T16:04:47","guid":{"rendered":"http:\/\/ssps.200solutions.com\/?page_id=485"},"modified":"2021-06-21T05:11:32","modified_gmt":"2021-06-21T03:11:32","slug":"virtualni-realita","status":"publish","type":"page","link":"https:\/\/ssps-backup.200.solutions\/?page_id=485","title":{"rendered":"Virtu\u00e1ln\u00ed realita"},"content":{"rendered":"\n<p>V\u00fdvoj a testov\u00e1n\u00ed aplikac\u00ed virtu\u00e1ln\u00ed a roz\u0161\u00ed\u0159en\u00e9 reality je jedna z hlavn\u00edch specializac\u00ed na\u0161\u00ed \u0161koly. N\u011bkte\u0159\u00ed studenti z tohoto oboru dokonce maturuj\u00ed. Dal\u0161\u00ed des\u00edtky student\u016f nap\u0159\u00ed\u010d t\u0159\u00eddami, absolvent\u016f a u\u010ditel\u016f v\u0161ak na VR&amp;AR projektech spolupracuj\u00ed.<\/p>\n\n\n\n<p>V podsekc\u00edch vlevo si vyberte konkr\u00e9tn\u00ed projekt, kter\u00fd se t\u00fdk\u00e1 virtu\u00e1ln\u00ed reality.<\/p>\n\n\n\n<p>Odpov\u011bdn\u00e1 osoba: Igor \u017dmajlo<\/p>\n\n\n\n<figure class=\"wp-block-gallery columns-2 is-cropped wp-block-gallery-1 is-layout-flex wp-block-gallery-is-layout-flex\"><ul class=\"blocks-gallery-grid\"><li class=\"blocks-gallery-item\"><figure><img fetchpriority=\"high\" decoding=\"async\" width=\"1024\" height=\"682\" src=\"https:\/\/ssps-backup.200.solutions\/wp-content\/uploads\/2020\/09\/IMG_6084-3-1024x682.jpg\" alt=\"\" data-id=\"893\" data-full-url=\"https:\/\/ssps-backup.200.solutions\/wp-content\/uploads\/2020\/09\/IMG_6084-3.jpg\" data-link=\"https:\/\/ssps-backup.200.solutions\/projekty\/virtualni-realita\/img_6084-3\/\" class=\"wp-image-893\" srcset=\"https:\/\/ssps-backup.200.solutions\/wp-content\/uploads\/2020\/09\/IMG_6084-3-1024x682.jpg 1024w, https:\/\/ssps-backup.200.solutions\/wp-content\/uploads\/2020\/09\/IMG_6084-3-300x200.jpg 300w, https:\/\/ssps-backup.200.solutions\/wp-content\/uploads\/2020\/09\/IMG_6084-3-768x512.jpg 768w, https:\/\/ssps-backup.200.solutions\/wp-content\/uploads\/2020\/09\/IMG_6084-3-1536x1024.jpg 1536w, https:\/\/ssps-backup.200.solutions\/wp-content\/uploads\/2020\/09\/IMG_6084-3.jpg 2000w\" sizes=\"(max-width: 1024px) 100vw, 1024px\" \/><\/figure><\/li><li class=\"blocks-gallery-item\"><figure><img decoding=\"async\" width=\"1024\" height=\"682\" src=\"https:\/\/ssps-backup.200.solutions\/wp-content\/uploads\/2020\/09\/IMG_1165-2-1024x682.jpg\" alt=\"\" data-id=\"894\" data-full-url=\"https:\/\/ssps-backup.200.solutions\/wp-content\/uploads\/2020\/09\/IMG_1165-2.jpg\" data-link=\"https:\/\/ssps-backup.200.solutions\/projekty\/virtualni-realita\/img_1165-2-2\/\" class=\"wp-image-894\" srcset=\"https:\/\/ssps-backup.200.solutions\/wp-content\/uploads\/2020\/09\/IMG_1165-2-1024x682.jpg 1024w, https:\/\/ssps-backup.200.solutions\/wp-content\/uploads\/2020\/09\/IMG_1165-2-300x200.jpg 300w, https:\/\/ssps-backup.200.solutions\/wp-content\/uploads\/2020\/09\/IMG_1165-2-768x512.jpg 768w, https:\/\/ssps-backup.200.solutions\/wp-content\/uploads\/2020\/09\/IMG_1165-2-1536x1024.jpg 1536w, https:\/\/ssps-backup.200.solutions\/wp-content\/uploads\/2020\/09\/IMG_1165-2.jpg 2000w\" sizes=\"(max-width: 1024px) 100vw, 1024px\" \/><\/figure><\/li><\/ul><\/figure>\n","protected":false},"excerpt":{"rendered":"<p>V\u00fdvoj a testov\u00e1n\u00ed aplikac\u00ed virtu\u00e1ln\u00ed a roz\u0161\u00ed\u0159en\u00e9 reality je jedna z hlavn\u00edch specializac\u00ed na\u0161\u00ed \u0161koly&#8230;. <a href=\"https:\/\/ssps-backup.200.solutions\/?page_id=485\" class=\"readmore\">Zobrazit v\u00edce<\/a><\/p>\n","protected":false},"author":14,"featured_media":0,"parent":154,"menu_order":0,"comment_status":"closed","ping_status":"closed","template":"","meta":{"_acf_changed":false,"inline_featured_image":false,"footnotes":""},"class_list":["post-485","page","type-page","status-publish","hentry"],"acf":[],"_links":{"self":[{"href":"https:\/\/ssps-backup.200.solutions\/index.php?rest_route=\/wp\/v2\/pages\/485","targetHints":{"allow":["GET"]}}],"collection":[{"href":"https:\/\/ssps-backup.200.solutions\/index.php?rest_route=\/wp\/v2\/pages"}],"about":[{"href":"https:\/\/ssps-backup.200.solutions\/index.php?rest_route=\/wp\/v2\/types\/page"}],"author":[{"embeddable":true,"href":"https:\/\/ssps-backup.200.solutions\/index.php?rest_route=\/wp\/v2\/users\/14"}],"replies":[{"embeddable":true,"href":"https:\/\/ssps-backup.200.solutions\/index.php?rest_route=%2Fwp%2Fv2%2Fcomments&post=485"}],"version-history":[{"count":4,"href":"https:\/\/ssps-backup.200.solutions\/index.php?rest_route=\/wp\/v2\/pages\/485\/revisions"}],"predecessor-version":[{"id":2177,"href":"https:\/\/ssps-backup.200.solutions\/index.php?rest_route=\/wp\/v2\/pages\/485\/revisions\/2177"}],"up":[{"embeddable":true,"href":"https:\/\/ssps-backup.200.solutions\/index.php?rest_route=\/wp\/v2\/pages\/154"}],"wp:attachment":[{"href":"https:\/\/ssps-backup.200.solutions\/index.php?rest_route=%2Fwp%2Fv2%2Fmedia&parent=485"}],"curies":[{"name":"wp","href":"https:\/\/api.w.org\/{rel}","templated":true}]}}