{"id":4849,"date":"2023-02-02T23:00:04","date_gmt":"2023-02-02T22:00:04","guid":{"rendered":"https:\/\/ssps-backup.200.solutions\/?page_id=4849"},"modified":"2023-02-02T23:57:10","modified_gmt":"2023-02-02T22:57:10","slug":"sablony","status":"publish","type":"page","link":"https:\/\/ssps-backup.200.solutions\/?page_id=4849","title":{"rendered":"\u0160ablony"},"content":{"rendered":"\n<p>Sm\u00edchovsk\u00e1 st\u0159edn\u00ed pr\u016fmyslov\u00e1 \u0161kola a gymn\u00e1zium v roce 2022 po\u017e\u00e1dala o podporu z finan\u010dn\u00edch prost\u0159edk\u016f Evropsk\u00e9 unie na projekt &#8222;\u0160ablony&#8220;.<\/p>\n\n\n\n<p class=\"has-text-align-center has-white-color has-text-color has-background\" style=\"background-color:#0c5a89\"><strong>V\u00fd\u0161e podpory:<\/strong><br>2 928 336,- K\u010d<\/p>\n\n\n\n<p>Projekt je zam\u011b\u0159en na kombinaci n\u00e1sleduj\u00edc\u00edch t\u00e9mat: person\u00e1ln\u00ed podpora, osobnostn\u011b soci\u00e1ln\u00ed a profesn\u00ed rozvoj pracovn\u00edk\u016f ve vzd\u011bl\u00e1v\u00e1n\u00ed, inovativn\u00ed vzd\u011bl\u00e1v\u00e1n\u00ed d\u011bt\u00ed\/\u017e\u00e1k\u016f\/\u00fa\u010dastn\u00edk\u016f z\u00e1jmov\u00e9ho vzd\u011bl\u00e1v\u00e1n\u00ed, spolupr\u00e1ce s rodi\u010di d\u011bt\u00ed, \u017e\u00e1k\u016f, \u00fa\u010dastn\u00edk\u016f z\u00e1jmov\u00e9ho vzd\u011bl\u00e1v\u00e1n\u00ed a ve\u0159ejnost\u00ed.<\/p>\n\n\n\n<p>Podpora sm\u011b\u0159uje na \u0161kole dv\u011bma sm\u011bry.<\/p>\n\n\n\n<ol class=\"wp-block-list\">\n<li><strong>Inovativn\u00ed vzd\u011bl\u00e1v\u00e1n\u00ed<\/strong>: Aktivita podporuje pedagogy p\u0159i inovativn\u00ed v\u00fduce za pou\u017eit\u00edm modern\u00edch didaktick\u00fdch postup\u016f.<\/li>\n\n\n\n<li><strong>Kari\u00e9rov\u00fd poradce<\/strong>: Aktivita z\u0159izuje pozici kari\u00e9rov\u00e9ho poradce, kter\u00fd pom\u00e1h\u00e1 student\u016fm spr\u00e1vn\u011b sm\u011b\u0159ovat jejich budouc\u00ed kari\u00e9ru<\/li>\n<\/ol>\n\n\n\n<div data-wp-interactive=\"core\/file\" class=\"wp-block-file\"><object data-wp-bind--hidden=\"!state.hasPdfPreview\" hidden class=\"wp-block-file__embed\" data=\"https:\/\/ssps-backup.200.solutions\/wp-content\/uploads\/2023\/02\/plakat.pdf\" type=\"application\/pdf\" style=\"width:100%;height:600px\" aria-label=\"Vlo\u017eit z plakat.\"><\/object><a id=\"wp-block-file--media-3a58474a-e0d6-459b-80bb-2a380d1d767b\" href=\"https:\/\/ssps-backup.200.solutions\/wp-content\/uploads\/2023\/02\/plakat.pdf\">plakat<\/a><a href=\"https:\/\/ssps-backup.200.solutions\/wp-content\/uploads\/2023\/02\/plakat.pdf\" class=\"wp-block-file__button wp-element-button\" download aria-describedby=\"wp-block-file--media-3a58474a-e0d6-459b-80bb-2a380d1d767b\">St\u00e1hnout<\/a><\/div>\n","protected":false},"excerpt":{"rendered":"<p>Sm\u00edchovsk\u00e1 st\u0159edn\u00ed pr\u016fmyslov\u00e1 \u0161kola a gymn\u00e1zium v roce 2022 po\u017e\u00e1dala o podporu z finan\u010dn\u00edch prost\u0159edk\u016f&#8230; <a href=\"https:\/\/ssps-backup.200.solutions\/?page_id=4849\" class=\"readmore\">Zobrazit v\u00edce<\/a><\/p>\n","protected":false},"author":12,"featured_media":0,"parent":1052,"menu_order":2,"comment_status":"closed","ping_status":"closed","template":"","meta":{"_acf_changed":false,"inline_featured_image":false,"footnotes":""},"class_list":["post-4849","page","type-page","status-publish","hentry"],"acf":[],"_links":{"self":[{"href":"https:\/\/ssps-backup.200.solutions\/index.php?rest_route=\/wp\/v2\/pages\/4849","targetHints":{"allow":["GET"]}}],"collection":[{"href":"https:\/\/ssps-backup.200.solutions\/index.php?rest_route=\/wp\/v2\/pages"}],"about":[{"href":"https:\/\/ssps-backup.200.solutions\/index.php?rest_route=\/wp\/v2\/types\/page"}],"author":[{"embeddable":true,"href":"https:\/\/ssps-backup.200.solutions\/index.php?rest_route=\/wp\/v2\/users\/12"}],"replies":[{"embeddable":true,"href":"https:\/\/ssps-backup.200.solutions\/index.php?rest_route=%2Fwp%2Fv2%2Fcomments&post=4849"}],"version-history":[{"count":3,"href":"https:\/\/ssps-backup.200.solutions\/index.php?rest_route=\/wp\/v2\/pages\/4849\/revisions"}],"predecessor-version":[{"id":4885,"href":"https:\/\/ssps-backup.200.solutions\/index.php?rest_route=\/wp\/v2\/pages\/4849\/revisions\/4885"}],"up":[{"embeddable":true,"href":"https:\/\/ssps-backup.200.solutions\/index.php?rest_route=\/wp\/v2\/pages\/1052"}],"wp:attachment":[{"href":"https:\/\/ssps-backup.200.solutions\/index.php?rest_route=%2Fwp%2Fv2%2Fmedia&parent=4849"}],"curies":[{"name":"wp","href":"https:\/\/api.w.org\/{rel}","templated":true}]}}