{"id":474,"date":"2020-08-11T16:02:48","date_gmt":"2020-08-11T14:02:48","guid":{"rendered":"http:\/\/ssps.200solutions.com\/?page_id=474"},"modified":"2020-08-11T16:02:48","modified_gmt":"2020-08-11T14:02:48","slug":"prohlaseni-o-pristupnosti","status":"publish","type":"page","link":"https:\/\/ssps-backup.200.solutions\/?page_id=474","title":{"rendered":"Prohl\u00e1\u0161en\u00ed o p\u0159\u00edstupnosti"},"content":{"rendered":"\n<p>Webov\u00e9 str\u00e1nky Sm\u00edchovsk\u00e9 st\u0159edn\u00ed pr\u016fmyslov\u00e9 \u0161koly a gymn\u00e1zia jsou vytvo\u0159eny s ohledem na maxim\u00e1ln\u00ed p\u0159\u00edstupnost obsahu. Spl\u0148uj\u00ed po\u017eadavky dle \u00a7 4 a 5 z\u00e1kona \u010d. 99\/2019 Sb., o p\u0159\u00edstupnosti internetov\u00fdch str\u00e1nek a mobiln\u00edch aplikac\u00ed a o zm\u011bn\u011b z\u00e1kona \u010d. 365\/2000 Sb., o informa\u010dn\u00edch syst\u00e9mech ve\u0159ejn\u00e9 spr\u00e1vy a o zm\u011bn\u011b n\u011bkter\u00fdch dal\u0161\u00edch z\u00e1kon\u016f, ve zn\u011bn\u00ed pozd\u011bj\u0161\u00edch p\u0159edpis\u016f. <\/p>\n\n\n\n<p>Toto prohl\u00e1\u0161en\u00ed o p\u0159\u00edstupnosti se vztahuje na webov\u00e9 str\u00e1nky ssps.cz.<\/p>\n\n\n\n<p>Uspo\u0159\u00e1d\u00e1n\u00ed a ovl\u00e1d\u00e1n\u00ed webov\u00fdch str\u00e1nek je navr\u017eeno tak, aby str\u00e1nky byly dostupn\u00e9 jak pro alternativn\u00ed prohl\u00ed\u017ee\u010de, tak i pro osoby se specifick\u00fdmi pot\u0159ebami. N\u011bkter\u00e9 texty nejsou definov\u00e1ny v&nbsp;relativn\u00edch jednotk\u00e1ch. Pro zv\u011bt\u0161en\u00ed je pot\u0159eba pou\u017e\u00edt syst\u00e9mov\u00fdch n\u00e1stroj\u016f (nastaven\u00ed prohl\u00ed\u017ee\u010de).<br>K\u00f3d str\u00e1nek je vytvo\u0159en v souladu s normou HTML 5, pomoc\u00ed kask\u00e1dov\u00fdch styl\u016f CSS a JavaScriptu.<\/p>\n\n\n\n<h3 class=\"title wp-block-heading\"><strong>Informace prezentovan\u00e9 v&nbsp;jin\u00fdch form\u00e1tech<\/strong><\/h3>\n\n\n\n<p>Na na\u0161ich webov\u00fdch str\u00e1nk\u00e1ch jsou informace nab\u00edzeny i v podob\u011b dokument\u016f form\u00e1tu PDF, DOCX, XLS, DOC, a to zejm\u00e9na z d\u016fvod\u016f, \u017ee obsahuj\u00ed typografick\u00e9 prvky a form\u00e1tov\u00e1n\u00ed, kter\u00e9 webov\u00fd form\u00e1t HTML nepodporuje, nebo jsou p\u0159\u00edli\u0161 velk\u00e9, proto pak doporu\u010dujeme jejich sta\u017een\u00ed. Form\u00e1t PDF je tak\u00e9 vhodn\u011bj\u0161\u00ed pro tisk. K prohl\u00ed\u017een\u00ed t\u011bchto dokument\u016f je mo\u017en\u00e9 zdarma st\u00e1hnout Acrobat Reader. V&nbsp;n\u011bkter\u00fdch webov\u00fdch prohl\u00ed\u017ee\u010d\u00edch je integrov\u00e1na aplikace, je\u017e slou\u017e\u00ed k prohl\u00ed\u017een\u00ed v\u00fd\u0161e uveden\u00fdch form\u00e1t\u016f dokument\u016f.<\/p>\n\n\n\n<h3 class=\"title wp-block-heading\"><strong>Vypracov\u00e1n\u00ed tohoto prohl\u00e1\u0161en\u00ed o p\u0159\u00edstupnosti<\/strong><\/h3>\n\n\n\n<p>Toto prohl\u00e1\u0161en\u00ed o p\u0159\u00edstupnosti bylo vypracov\u00e1no dne 12. 8. 2020<\/p>\n\n\n\n<h3 class=\"title wp-block-heading\"><strong>Zp\u011btn\u00e1 vazba a kontaktn\u00ed \u00fadaje na spr\u00e1vce webu<\/strong><\/h3>\n\n\n\n<p>P\u0159\u00edpadn\u00e9 n\u00e1m\u011bty, post\u0159ehy \u010di informace o probl\u00e9mech p\u0159i zobrazovan\u00ed t\u011bchto webov\u00fdch str\u00e1nek m\u016f\u017eete zaslat na adresu <a href=\"mailto:michael.kalista@ssps-backup.200.solutions\">michael.kalista@ssps-backup.200.solutions<\/a>.<\/p>\n\n\n\n<h3 class=\"title wp-block-heading\"><strong>Ostatn\u00ed sd\u011blen\u00ed<\/strong><\/h3>\n\n\n\n<p>V p\u0159\u00edpad\u011b, \u017ee je pro V\u00e1s obsah a text webov\u00fdch str\u00e1nek obt\u00ed\u017en\u011b \u010diteln\u00fd m\u016f\u017eete si jej zv\u011bt\u0161it pomoc\u00ed n\u00e1stroje Va\u0161eho prohl\u00ed\u017ee\u010de. Obsah a text webov\u00e9 prezentace je responzivn\u00ed, tj. p\u0159izp\u016fsob\u00ed se rozli\u0161en\u00ed Va\u0161eho monitoru. V nejb\u011b\u017en\u011bji u\u017e\u00edvan\u00fdch prohl\u00ed\u017ee\u010d\u00edch lze obsah a text zv\u011bt\u0161ovat a zmen\u0161ovat takt\u00e9\u017e za u\u017eit\u00ed kl\u00e1vesov\u00fdch zkratek CTRL++ a CTRL+-;.<\/p>\n","protected":false},"excerpt":{"rendered":"<p>Webov\u00e9 str\u00e1nky Sm\u00edchovsk\u00e9 st\u0159edn\u00ed pr\u016fmyslov\u00e9 \u0161koly a gymn\u00e1zia jsou vytvo\u0159eny s ohledem na maxim\u00e1ln\u00ed p\u0159\u00edstupnost&#8230; <a href=\"https:\/\/ssps-backup.200.solutions\/?page_id=474\" class=\"readmore\">Zobrazit v\u00edce<\/a><\/p>\n","protected":false},"author":14,"featured_media":0,"parent":0,"menu_order":0,"comment_status":"closed","ping_status":"closed","template":"","meta":{"_acf_changed":false,"inline_featured_image":false,"footnotes":""},"class_list":["post-474","page","type-page","status-publish","hentry"],"acf":[],"_links":{"self":[{"href":"https:\/\/ssps-backup.200.solutions\/index.php?rest_route=\/wp\/v2\/pages\/474","targetHints":{"allow":["GET"]}}],"collection":[{"href":"https:\/\/ssps-backup.200.solutions\/index.php?rest_route=\/wp\/v2\/pages"}],"about":[{"href":"https:\/\/ssps-backup.200.solutions\/index.php?rest_route=\/wp\/v2\/types\/page"}],"author":[{"embeddable":true,"href":"https:\/\/ssps-backup.200.solutions\/index.php?rest_route=\/wp\/v2\/users\/14"}],"replies":[{"embeddable":true,"href":"https:\/\/ssps-backup.200.solutions\/index.php?rest_route=%2Fwp%2Fv2%2Fcomments&post=474"}],"version-history":[{"count":0,"href":"https:\/\/ssps-backup.200.solutions\/index.php?rest_route=\/wp\/v2\/pages\/474\/revisions"}],"wp:attachment":[{"href":"https:\/\/ssps-backup.200.solutions\/index.php?rest_route=%2Fwp%2Fv2%2Fmedia&parent=474"}],"curies":[{"name":"wp","href":"https:\/\/api.w.org\/{rel}","templated":true}]}}