{"id":4496,"date":"2022-12-05T21:29:02","date_gmt":"2022-12-05T20:29:02","guid":{"rendered":"https:\/\/ssps-backup.200.solutions\/?page_id=4496"},"modified":"2023-08-09T02:44:27","modified_gmt":"2023-08-09T00:44:27","slug":"presloviny","status":"publish","type":"page","link":"https:\/\/ssps-backup.200.solutions\/?page_id=4496","title":{"rendered":"Presloviny"},"content":{"rendered":"\n<p>Sm\u00edchovsk\u00e1 st\u0159edn\u00ed pr\u016fmyslov\u00e1 \u0161kola a gymn\u00e1zium mimo jin\u00e9 disponuje i vlastn\u00ed tvorbou \u0161koln\u00edch novin, kter\u00e9 jsou vyd\u00e1v\u00e1ny pravideln\u011b ka\u017ed\u00fd m\u011bs\u00edc a nejdete v nich rozhovory s na\u0161imi studenty, absolventy, ale i u\u010diteli. \u010casopis je dostupn\u00fd v\u0161em online. N\u00ed\u017ee m\u016f\u017eete vid\u011bt UK\u00c1ZKU z nejnov\u011bj\u0161\u00edho vyd\u00e1n\u00ed Preslovin:<\/p>\n\n\n\n<p><strong>Dal\u0161\u00ed a cel\u00e1 vyd\u00e1n\u00ed Preslovin naleznete zde <\/strong>=&gt; <a href=\"https:\/\/www.presloviny.cz\" rel=\"nofollow noopener\" target=\"_blank\">https:\/\/www.presloviny.cz<\/a><\/p>\n\n\n<div class=\"wp-block-image\">\n<figure class=\"aligncenter size-large\"><img fetchpriority=\"high\" decoding=\"async\" width=\"708\" height=\"1024\" src=\"https:\/\/ssps-backup.200.solutions\/wp-content\/uploads\/2023\/02\/pres12-708x1024.png\" alt=\"\" class=\"wp-image-4976\" srcset=\"https:\/\/ssps-backup.200.solutions\/wp-content\/uploads\/2023\/02\/pres12-708x1024.png 708w, https:\/\/ssps-backup.200.solutions\/wp-content\/uploads\/2023\/02\/pres12-207x300.png 207w, https:\/\/ssps-backup.200.solutions\/wp-content\/uploads\/2023\/02\/pres12-768x1111.png 768w, https:\/\/ssps-backup.200.solutions\/wp-content\/uploads\/2023\/02\/pres12.png 948w\" sizes=\"(max-width: 708px) 100vw, 708px\" \/><\/figure>\n<\/div>","protected":false},"excerpt":{"rendered":"<p>Sm\u00edchovsk\u00e1 st\u0159edn\u00ed pr\u016fmyslov\u00e1 \u0161kola a gymn\u00e1zium mimo jin\u00e9 disponuje i vlastn\u00ed tvorbou \u0161koln\u00edch novin, kter\u00e9&#8230; <a href=\"https:\/\/ssps-backup.200.solutions\/?page_id=4496\" class=\"readmore\">Zobrazit v\u00edce<\/a><\/p>\n","protected":false},"author":14,"featured_media":0,"parent":154,"menu_order":1,"comment_status":"closed","ping_status":"closed","template":"","meta":{"_acf_changed":false,"inline_featured_image":false,"footnotes":""},"class_list":["post-4496","page","type-page","status-publish","hentry"],"acf":[],"_links":{"self":[{"href":"https:\/\/ssps-backup.200.solutions\/index.php?rest_route=\/wp\/v2\/pages\/4496","targetHints":{"allow":["GET"]}}],"collection":[{"href":"https:\/\/ssps-backup.200.solutions\/index.php?rest_route=\/wp\/v2\/pages"}],"about":[{"href":"https:\/\/ssps-backup.200.solutions\/index.php?rest_route=\/wp\/v2\/types\/page"}],"author":[{"embeddable":true,"href":"https:\/\/ssps-backup.200.solutions\/index.php?rest_route=\/wp\/v2\/users\/14"}],"replies":[{"embeddable":true,"href":"https:\/\/ssps-backup.200.solutions\/index.php?rest_route=%2Fwp%2Fv2%2Fcomments&post=4496"}],"version-history":[{"count":7,"href":"https:\/\/ssps-backup.200.solutions\/index.php?rest_route=\/wp\/v2\/pages\/4496\/revisions"}],"predecessor-version":[{"id":5375,"href":"https:\/\/ssps-backup.200.solutions\/index.php?rest_route=\/wp\/v2\/pages\/4496\/revisions\/5375"}],"up":[{"embeddable":true,"href":"https:\/\/ssps-backup.200.solutions\/index.php?rest_route=\/wp\/v2\/pages\/154"}],"wp:attachment":[{"href":"https:\/\/ssps-backup.200.solutions\/index.php?rest_route=%2Fwp%2Fv2%2Fmedia&parent=4496"}],"curies":[{"name":"wp","href":"https:\/\/api.w.org\/{rel}","templated":true}]}}