{"id":4319,"date":"2022-11-30T20:12:05","date_gmt":"2022-11-30T19:12:05","guid":{"rendered":"https:\/\/ssps-backup.200.solutions\/?page_id=4319"},"modified":"2025-12-12T10:42:38","modified_gmt":"2025-12-12T09:42:38","slug":"matematika-k-jpz","status":"publish","type":"page","link":"https:\/\/ssps-backup.200.solutions\/?page_id=4319","title":{"rendered":"Matematika k JPZ"},"content":{"rendered":"\n<p class=\"has-text-align-left\">Kurzy matematiky jsou ur\u010deny uchaze\u010d\u016fm o studium na st\u0159edn\u00ed \u0161kole, aby \u017e\u00e1ci a studenti \u00fasp\u011b\u0161n\u011b zvl\u00e1dli slo\u017een\u00ed jednotn\u00fdch p\u0159ij\u00edmac\u00edch zkou\u0161ek z&nbsp;matematiky. V&nbsp;kurzu za\u010dneme od \u00fapln\u00fdch za\u010d\u00e1tk\u016f jako jsou zlomky \u010di rovnice a\u017e po r\u00fdsov\u00e1n\u00ed a \u0159e\u0161en\u00ed slovn\u00edch \u00faloh. \u017d\u00e1ci se nau\u010d\u00ed, jak efektivn\u011b \u0159e\u0161it cel\u00fd didaktick\u00fd test a rozlo\u017eit si pr\u00e1ci pro cel\u00fd \u010dasov\u00fd limit. V\u00edce informac\u00ed naleznete na pozv\u00e1nce n\u00ed\u017ee:<\/p>\n\n\n\n<p class=\"has-text-align-center has-white-color has-text-color has-background\" style=\"background-color:#0c5a89\">P\u0159ihl\u00e1\u0161ky pro \u0161koln\u00ed rok 2025\/2026 jsou dostupn\u00e9 <a style=\"color:white\" href=\"https:\/\/forms.gle\/2fZ9RAuSdVftR8FT6\" rel=\"nofollow noopener\" target=\"_blank\">ZDE<\/a>.<\/p>\n\n\n\n<p class=\"has-text-align-center\">Je st\u00e1le mo\u017en\u00e9 se p\u0159ihl\u00e1sit i po za\u010d\u00e1tku kurzu. Ve\u0161ker\u00e9 dal\u0161\u00ed pokyny a informace obdr\u017e\u00edte emailem po odesl\u00e1n\u00ed p\u0159ihl\u00e1\u0161ky.<\/p>\n\n\n\n<hr class=\"wp-block-separator has-alpha-channel-opacity\"\/>\n\n\n\n<p><strong>Odpov\u011bdn\u00e1 osoba<\/strong>: Jan Kratochv\u00edle <br><strong>Lekto\u0159i: <\/strong>Jan Kratochv\u00edle, Mia Neumannov\u00e1, Jan \u0160tus\u00e1k<br><strong>Email<\/strong>: kratochvilejan@gmail.com<br><strong>Telefon<\/strong>: +420 723 714 223<br><strong>I\u010cO: <\/strong>19241801<\/p>\n\n\n\n<p class=\"has-text-align-center\">Kurzy prob\u00edhaj\u00ed v prostorech Sm\u00edchovsk\u00e9 st\u0159edn\u00ed pr\u016fmyslov\u00e9 \u0161koly a gymn\u00e1zia a jsou organizov\u00e1ny soukromou osobou.<\/p>\n\n\n<div class=\"wp-block-image\">\n<figure class=\"aligncenter size-full is-resized\"><img fetchpriority=\"high\" decoding=\"async\" width=\"500\" height=\"500\" src=\"https:\/\/ssps-backup.200.solutions\/wp-content\/uploads\/2022\/12\/matika_logo.png\" alt=\"\" class=\"wp-image-4443\" style=\"width:500px;height:500px\" srcset=\"https:\/\/ssps-backup.200.solutions\/wp-content\/uploads\/2022\/12\/matika_logo.png 500w, https:\/\/ssps-backup.200.solutions\/wp-content\/uploads\/2022\/12\/matika_logo-300x300.png 300w, https:\/\/ssps-backup.200.solutions\/wp-content\/uploads\/2022\/12\/matika_logo-150x150.png 150w\" sizes=\"(max-width: 500px) 100vw, 500px\" \/><\/figure>\n<\/div>\n\n\n<p><\/p>\n","protected":false},"excerpt":{"rendered":"<p>Kurzy matematiky jsou ur\u010deny uchaze\u010d\u016fm o studium na st\u0159edn\u00ed \u0161kole, aby \u017e\u00e1ci a studenti \u00fasp\u011b\u0161n\u011b&#8230; <a href=\"https:\/\/ssps-backup.200.solutions\/?page_id=4319\" class=\"readmore\">Zobrazit v\u00edce<\/a><\/p>\n","protected":false},"author":14,"featured_media":0,"parent":1288,"menu_order":0,"comment_status":"closed","ping_status":"closed","template":"","meta":{"_acf_changed":false,"inline_featured_image":false,"footnotes":""},"class_list":["post-4319","page","type-page","status-publish","hentry"],"acf":[],"_links":{"self":[{"href":"https:\/\/ssps-backup.200.solutions\/index.php?rest_route=\/wp\/v2\/pages\/4319","targetHints":{"allow":["GET"]}}],"collection":[{"href":"https:\/\/ssps-backup.200.solutions\/index.php?rest_route=\/wp\/v2\/pages"}],"about":[{"href":"https:\/\/ssps-backup.200.solutions\/index.php?rest_route=\/wp\/v2\/types\/page"}],"author":[{"embeddable":true,"href":"https:\/\/ssps-backup.200.solutions\/index.php?rest_route=\/wp\/v2\/users\/14"}],"replies":[{"embeddable":true,"href":"https:\/\/ssps-backup.200.solutions\/index.php?rest_route=%2Fwp%2Fv2%2Fcomments&post=4319"}],"version-history":[{"count":36,"href":"https:\/\/ssps-backup.200.solutions\/index.php?rest_route=\/wp\/v2\/pages\/4319\/revisions"}],"predecessor-version":[{"id":7289,"href":"https:\/\/ssps-backup.200.solutions\/index.php?rest_route=\/wp\/v2\/pages\/4319\/revisions\/7289"}],"up":[{"embeddable":true,"href":"https:\/\/ssps-backup.200.solutions\/index.php?rest_route=\/wp\/v2\/pages\/1288"}],"wp:attachment":[{"href":"https:\/\/ssps-backup.200.solutions\/index.php?rest_route=%2Fwp%2Fv2%2Fmedia&parent=4319"}],"curies":[{"name":"wp","href":"https:\/\/api.w.org\/{rel}","templated":true}]}}