{"id":4297,"date":"2022-11-29T21:30:02","date_gmt":"2022-11-29T20:30:02","guid":{"rendered":"https:\/\/ssps-backup.200.solutions\/?page_id=4297"},"modified":"2025-10-03T14:59:03","modified_gmt":"2025-10-03T12:59:03","slug":"mvop","status":"publish","type":"page","link":"https:\/\/ssps-backup.200.solutions\/?page_id=4297","title":{"rendered":"Voliteln\u00e9 p\u0159edm\u011bty a semin\u00e1\u0159e"},"content":{"rendered":"\n<p class=\"has-text-align-center has-white-color has-text-color has-background\" style=\"background-color:#0c5a89\">Maturitn\u00ed voliteln\u00fd p\u0159edm\u011bt<\/p>\n\n\n\n<p>Studenti <strong>2. ro\u010dn\u00edku<\/strong> oboru IT si na konci \u0161koln\u00edho roku v\u017edy vyb\u00edraj\u00ed MVOP (maturitn\u00ed p\u0159edm\u011bt), ze kter\u00e9ho n\u00e1sledn\u011b maturuj\u00ed. Nyn\u011bj\u0161\u00ed p\u0159ehled sou\u010dasn\u00fdch maturitn\u00edch p\u0159edm\u011bt\u016f pro <strong>\u0161koln\u00ed rok 2025\/26 <\/strong>naleznete n\u00ed\u017ee:<\/p>\n\n\n\n<p>P\u0159ehled bude zve\u0159ejn\u011bn v pr\u016fb\u011bhu \u0161koln\u00edho roku.<\/p>\n\n\n\n<p class=\"has-text-align-center has-white-color has-text-color has-background\" style=\"background-color:#0c5a89\">Odborn\u00e9 semin\u00e1\u0159e pro \u0161koln\u00ed rok 2025\/26<\/p>\n\n\n\n<p>N\u00ed\u017ee naleznete Odborn\u00e9 semin\u00e1\u0159e se\u0159azeny po ro\u010dn\u00edc\u00edch:<\/p>\n\n\n\n<hr class=\"wp-block-separator has-alpha-channel-opacity\"\/>\n\n\n\n<p><strong>Otev\u00edran\u00e9 OSE \u2013 2. ro\u010dn\u00edk<\/strong><\/p>\n\n\n\n<ol start=\"1\" class=\"wp-block-list\">\n<li><strong>SOBECO (S\u00ed\u0165ov\u00e9, opera\u010dn\u00ed a bezpe\u010dnostn\u00ed syst\u00e9my<\/strong>&nbsp;\u2013 lektor pan profesor Ji\u0159\u00ed Janou\u0161ek,&nbsp;<a href=\"mailto:jiri.janousek@ssps-backup.200.solutions\">jiri.janousek@ssps-backup.200.solutions<\/a><\/li>\n\n\n\n<li><strong>Z\u00e1klady psychologie<\/strong>&nbsp;\u2013 lektorka pan\u00ed profesorka \u0160\u00e1rka Pra\u017e\u00e1kov\u00e1,&nbsp;<a href=\"mailto:sarka.prazakova@ssps-backup.200.solutions\">sarka.prazakova@ssps-backup.200.solutions<\/a><\/li>\n\n\n\n<li><strong>Robotika a automatizace<\/strong>&nbsp;\u2013 lektor pan profesor Martin Slov\u00e1k,&nbsp;<a href=\"mailto:martin.slovak@ssps-backup.200.solutions\">martin.slovak@ssps-backup.200.solutions<\/a><\/li>\n\n\n\n<li><strong>Soci\u00e1ln\u00ed s\u00edt\u011b a digit\u00e1ln\u00ed marketing<\/strong>&nbsp;\u2013 lektor pan profesor Jurij Cubera,&nbsp;<a href=\"mailto:jiri.cubera@ssps-backup.200.solutions\">jiri.cubera@ssps-backup.200.solutions<\/a><\/li>\n\n\n\n<li><strong>Investov\u00e1n\u00ed jinak nebo jak si ud\u011blat radost<\/strong>&nbsp;\u2013 lektor pan profesor Maty\u00e1\u0161 Dole\u017eal,&nbsp;<a href=\"mailto:matyas.dolezal@ssps-backup.200.solutions\">matyas.dolezal@ssps-backup.200.solutions<\/a><\/li>\n\n\n\n<li><strong>Finan\u010dn\u00ed, pr\u00e1vn\u00ed a podnikatelsk\u00e1 gramotnost<\/strong>; lektor pan  profesor Jakub Lhota,&nbsp;<a href=\"mailto:jakub.lhota@ssps-backup.200.solutions\">jakub.lhota@ssps-backup.200.solutions<\/a><\/li>\n\n\n\n<li><strong>V\u00fdroba a technologie<\/strong>; lektor pan profesor Luk\u00e1\u0161 Vrba,&nbsp;<a href=\"mailto:lukas.vrba@ssps-backup.200.solutions\">lukas.vrba@ssps-backup.200.solutions<\/a><\/li>\n\n\n\n<li><strong>Jak za\u010d\u00edt podnikat, kdy\u017e ti nen\u00ed 18?<\/strong>; lektor pan profesor Jan Kratochv\u00edle,&nbsp;<a href=\"mailto:jak.kratochvile@ssps-backup.200.solutions\">jak.kratochvile@ssps-backup.200.solutions<\/a><\/li>\n\n\n\n<li><strong>Komunika\u010dn\u00ed dovednosti<\/strong>; lektorka pan\u00ed profesorka Martina \u0158ejhov\u00e1,&nbsp;<a href=\"mailto:martina.rejhova@ssps-backup.200.solutions\">martina.rejhova@ssps-backup.200.solutions<\/a><\/li>\n\n\n\n<li><strong>Roz\u0161i\u0159uj\u00edc\u00ed matematika<\/strong>, lektor pan profesor Pavel Mi\u0161kovsk\u00fd,&nbsp;<a href=\"mailto:pavel.miskovsky@ssps-backup.200.solutions\">pavel.miskovsky@ssps-backup.200.solutions<\/a><\/li>\n<\/ol>\n\n\n\n<hr class=\"wp-block-separator has-alpha-channel-opacity\"\/>\n\n\n\n<p><strong>Otev\u00edran\u00e9 OSE \u2013 3. ro\u010dn\u00edk<\/strong><\/p>\n\n\n\n<ol start=\"1\" class=\"wp-block-list\">\n<li><strong>Investov\u00e1n\u00ed jinak aneb jak si ud\u011blat radost<\/strong>; lektor pan profesor Maty\u00e1\u0161 Dole\u017eal,&nbsp;<a href=\"mailto:matyas.dolezal@ssps-backup.200.solutions\">matyas.dolezal@ssps-backup.200.solutions<\/a><\/li>\n\n\n\n<li><strong>Finan\u010dn\u00ed, pr\u00e1vn\u00ed a podnikatelsk\u00e1 gramotnost<\/strong>; lektor pan profesor Jakub Lhota,&nbsp;<a href=\"mailto:jakub.lhota@ssps-backup.200.solutions\">jakub.lhota@ssps-backup.200.solutions<\/a><\/li>\n\n\n\n<li><strong>Z\u00e1klady psychologie<\/strong>; lektorka pan\u00ed profesorka \u0160\u00e1rka Pra\u017e\u00e1kov\u00e1,&nbsp;<a href=\"mailto:sarka.prazakova@ssps-backup.200.solutions\">sarka.prazakova@ssps-backup.200.solutions<\/a><\/li>\n\n\n\n<li><strong>Politologie a mezin\u00e1rodn\u00ed vztahy<\/strong>; lektorka pan\u00ed profesorka Daniela Tr\u010dkov\u00e1,&nbsp;<a href=\"mailto:daniela.trckova@ssps-backup.200.solutions\">daniela.trckova@ssps-backup.200.solutions<\/a><\/li>\n\n\n\n<li><strong>Geopolitika a mezin\u00e1rodn\u00ed vztahy<\/strong>; lektor pan profesor Martin Kolesnikov,&nbsp;<a href=\"mailto:martin.kolesnikov@ssps-backup.200.solutions\">martin.kolesnikov@ssps-backup.200.solutions<\/a><\/li>\n\n\n\n<li><strong>Horizonty v\u011bdy a techniky<\/strong>; lektor pan profesor Michael Kalista,&nbsp;<a href=\"mailto:michael.kalista@ssps-backup.200.solutions\">michael.kalista@ssps-backup.200.solutions<\/a><\/li>\n\n\n\n<li><strong>Soci\u00e1ln\u00ed s\u00edt\u011b a digit\u00e1ln\u00ed marketing<\/strong>, lektor pan profesor Jurij Cubera \u2013&nbsp;<a href=\"mailto:jurij.cubera@ssps-backup.200.solutions\">jurij.cubera@ssps-backup.200.solutions<\/a><\/li>\n\n\n\n<li><strong>Hudebn\u00ed v\u00fdchova<\/strong>, lektorka pan\u00ed profesorka Tereza Krausov\u00e1,&nbsp;<a href=\"mailto:tereza.krausova@ssps-backup.200.solutions\">tereza.krausova@ssps-backup.200.solutions<\/a><\/li>\n<\/ol>\n\n\n\n<hr class=\"wp-block-separator has-alpha-channel-opacity\"\/>\n\n\n\n<p><strong>Otev\u00edran\u00e9 OSE \u2013 4. ro\u010dn\u00edk<\/strong><\/p>\n\n\n\n<ol class=\"wp-block-list\">\n<li><strong>Roz\u0161i\u0159uj\u00edc\u00ed matematika<\/strong>, lektor pan profesor Pavel Mi\u0161kovsk\u00fd,&nbsp;<a href=\"mailto:pavel.miskovsky@ssps-backup.200.solutions\">pavel.miskovsky@ssps-backup.200.solutions<\/a><\/li>\n\n\n\n<li><strong>Finan\u010dn\u00ed, pr\u00e1vn\u00ed a podnikatelsk\u00e1 gramotnost<\/strong>; lektor pan profesor Aramis Tochjan,&nbsp;<a href=\"mailto:aramis.tochjan@ssps-backup.200.solutions\">aramis.tochjan@ssps-backup.200.solutions<\/a><\/li>\n\n\n\n<li><strong>Roz\u0161i\u0159uj\u00edc\u00ed matematika<\/strong>, lektorka pan\u00ed profesorka Marie Souchov\u00e1,&nbsp;<a href=\"mailto:marie.souchova@ssps-backup.200.solutions\">marie.souchova@ssps-backup.200.solutions<\/a><\/li>\n\n\n\n<li><strong>Prezidentsk\u00e9 volby v USA 2024 a politick\u00e9 syst\u00e9my zem\u00ed EU<\/strong>; lektor pan profesor Zby\u0161ek Nechanick\u00fd,&nbsp;<a href=\"mailto:zbysek.nechanicky@ssps-backup.200.solutions\">zbysek.nechanicky@ssps-backup.200.solutions<\/a><\/li>\n\n\n\n<li><strong>Z\u00e1klady psychologie<\/strong>; lektorka pan\u00ed profesorka \u0160\u00e1rka Pra\u017e\u00e1kov\u00e1,&nbsp;<a href=\"mailto:sarka.prazakova@ssps-backup.200.solutions\">sarka.prazakova@ssps-backup.200.solutions<\/a><\/li>\n\n\n\n<li><strong>Matematika; pouze pro budouc\u00ed t\u0159\u00eddu 4.A<\/strong>; lektor pan profesor Martin Agh,&nbsp;<a href=\"mailto:martin.agh@ssps-backup.200.solutions\">martin.agh@ssps-backup.200.solutions<\/a><\/li>\n\n\n\n<li><strong>Geopolitika a mezin\u00e1rodn\u00ed vztahy<\/strong>; lektor pan profesor Martin Kolesnikov,&nbsp;<a href=\"mailto:martin.kolesnikov@ssps-backup.200.solutions\">martin.kolesnikov@ssps-backup.200.solutions<\/a><\/li>\n\n\n\n<li><strong>P\u0159\u00edprava na vysoko\u0161kolsk\u00e9 studium<\/strong>; lektor pan profesor Mat\u011bj Cajthaml,&nbsp;<a href=\"mailto:matej.cajthaml@ssps-backup.200.solutions\">matej.cajthaml@ssps-backup.200.solutions<\/a><\/li>\n\n\n\n<li><strong>SOBECO (S\u00ed\u0165ov\u00e9, opera\u010dn\u00ed a bezpe\u010dnostn\u00ed syst\u00e9my)<\/strong>&nbsp;\u2013 lektor pan profesor Ji\u0159\u00ed Janou\u0161ek,&nbsp;<a href=\"mailto:jiri.janousek@ssps-backup.200.solutions\">jiri.janousek@ssps-backup.200.solutions<\/a><\/li>\n\n\n\n<li><strong>Roz\u0161i\u0159uj\u00edc\u00ed matematika<\/strong>, lektorka pan\u00ed profesorka Tamara Mainzerov\u00e1,&nbsp;<a href=\"mailto:tamara.mainzerova@ssps-backup.200.solutions\">tamara.mainzerova@ssps-backup.200.solutions<\/a><\/li>\n<\/ol>\n","protected":false},"excerpt":{"rendered":"<p>Maturitn\u00ed voliteln\u00fd p\u0159edm\u011bt Studenti 2. ro\u010dn\u00edku oboru IT si na konci \u0161koln\u00edho roku v\u017edy vyb\u00edraj\u00ed&#8230; <a href=\"https:\/\/ssps-backup.200.solutions\/?page_id=4297\" class=\"readmore\">Zobrazit v\u00edce<\/a><\/p>\n","protected":false},"author":14,"featured_media":0,"parent":189,"menu_order":1,"comment_status":"closed","ping_status":"closed","template":"","meta":{"_acf_changed":false,"inline_featured_image":false,"footnotes":""},"class_list":["post-4297","page","type-page","status-publish","hentry"],"acf":[],"_links":{"self":[{"href":"https:\/\/ssps-backup.200.solutions\/index.php?rest_route=\/wp\/v2\/pages\/4297","targetHints":{"allow":["GET"]}}],"collection":[{"href":"https:\/\/ssps-backup.200.solutions\/index.php?rest_route=\/wp\/v2\/pages"}],"about":[{"href":"https:\/\/ssps-backup.200.solutions\/index.php?rest_route=\/wp\/v2\/types\/page"}],"author":[{"embeddable":true,"href":"https:\/\/ssps-backup.200.solutions\/index.php?rest_route=\/wp\/v2\/users\/14"}],"replies":[{"embeddable":true,"href":"https:\/\/ssps-backup.200.solutions\/index.php?rest_route=%2Fwp%2Fv2%2Fcomments&post=4297"}],"version-history":[{"count":16,"href":"https:\/\/ssps-backup.200.solutions\/index.php?rest_route=\/wp\/v2\/pages\/4297\/revisions"}],"predecessor-version":[{"id":7199,"href":"https:\/\/ssps-backup.200.solutions\/index.php?rest_route=\/wp\/v2\/pages\/4297\/revisions\/7199"}],"up":[{"embeddable":true,"href":"https:\/\/ssps-backup.200.solutions\/index.php?rest_route=\/wp\/v2\/pages\/189"}],"wp:attachment":[{"href":"https:\/\/ssps-backup.200.solutions\/index.php?rest_route=%2Fwp%2Fv2%2Fmedia&parent=4297"}],"curies":[{"name":"wp","href":"https:\/\/api.w.org\/{rel}","templated":true}]}}