{"id":4193,"date":"2022-11-20T09:30:36","date_gmt":"2022-11-20T08:30:36","guid":{"rendered":"https:\/\/ssps-backup.200.solutions\/?page_id=4193"},"modified":"2025-07-24T20:54:26","modified_gmt":"2025-07-24T18:54:26","slug":"na-ceste-udrzitelneho-rozvoje-na-strednich-skolach","status":"publish","type":"page","link":"https:\/\/ssps-backup.200.solutions\/?page_id=4193","title":{"rendered":"Povinn\u00e1 publicita projekt\u016f"},"content":{"rendered":"\n<div class=\"wp-block-file\"><a id=\"wp-block-file--media-57690bf9-6f1a-49af-b71f-118dddf86945\" href=\"https:\/\/ssps-backup.200.solutions\/wp-content\/uploads\/2023\/03\/vzor-MSMT-Letak-pro-publicitu-NPO-DIGITALIZUJEME-SKOLU.pdf\">Plak\u00e1t &#8211; Digitalizujeme<\/a><a href=\"https:\/\/ssps-backup.200.solutions\/wp-content\/uploads\/2023\/03\/vzor-MSMT-Letak-pro-publicitu-NPO-DIGITALIZUJEME-SKOLU.pdf\" class=\"wp-block-file__button wp-element-button\" download aria-describedby=\"wp-block-file--media-57690bf9-6f1a-49af-b71f-118dddf86945\">St\u00e1hnout<\/a><\/div>\n\n\n\n<div class=\"wp-block-file\"><a id=\"wp-block-file--media-b21ea832-1ca0-4708-862f-0f34c67691c0\" href=\"https:\/\/ssps-backup.200.solutions\/wp-content\/uploads\/2022\/11\/Poster_-projekt_-Na-cestA\u009b-UR-na-SA-.pdf\">Plak\u00e1t &#8211; Rozvoj<\/a><a href=\"https:\/\/ssps-backup.200.solutions\/wp-content\/uploads\/2022\/11\/Poster_-projekt_-Na-cestA\u009b-UR-na-SA-.pdf\" class=\"wp-block-file__button wp-element-button\" download aria-describedby=\"wp-block-file--media-b21ea832-1ca0-4708-862f-0f34c67691c0\">St\u00e1hnout<\/a><\/div>\n\n\n\n<div class=\"wp-block-file\"><a id=\"wp-block-file--media-a8c0adba-18a7-439e-87e6-606bb213f960\" href=\"https:\/\/ssps-backup.200.solutions\/wp-content\/uploads\/2025\/06\/plakat.pdf\">Plak\u00e1t &#8211; \u0160ablony<\/a><a href=\"https:\/\/ssps-backup.200.solutions\/wp-content\/uploads\/2025\/06\/plakat.pdf\" class=\"wp-block-file__button wp-element-button\" download aria-describedby=\"wp-block-file--media-a8c0adba-18a7-439e-87e6-606bb213f960\">St\u00e1hnout<\/a><\/div>\n\n\n\n<div class=\"wp-block-file\"><a id=\"wp-block-file--media-ca181c2e-8cf8-4954-8f1f-1953adce4960\" href=\"https:\/\/ssps-backup.200.solutions\/wp-content\/uploads\/2025\/07\/plakat-a3horizontal.pdf\">Plak\u00e1t &#8211; Ing. modernizace na SSP\u0160<\/a><a href=\"https:\/\/ssps-backup.200.solutions\/wp-content\/uploads\/2025\/07\/plakat-a3horizontal.pdf\" class=\"wp-block-file__button wp-element-button\" download aria-describedby=\"wp-block-file--media-ca181c2e-8cf8-4954-8f1f-1953adce4960\">St\u00e1hnout<\/a><\/div>\n\n\n\n<p>PROJEKT \u0160ablony 02_24_035 &#8211; OP JAK &#8211; SSPS je spolufinancov\u00e1n Evropskou uni\u00ed.<br>Projekt je zam\u011b\u0159en na podporu inovativn\u00ed v\u00fduky a kari\u00e9rov\u00e9ho poradenstv\u00ed pro \u017e\u00e1ky.<\/p>\n\n\n\n<p><\/p>\n","protected":false},"excerpt":{"rendered":"<p>PROJEKT \u0160ablony 02_24_035 &#8211; OP JAK &#8211; SSPS je spolufinancov\u00e1n Evropskou uni\u00ed.Projekt je zam\u011b\u0159en na&#8230; <a href=\"https:\/\/ssps-backup.200.solutions\/?page_id=4193\" class=\"readmore\">Zobrazit v\u00edce<\/a><\/p>\n","protected":false},"author":14,"featured_media":0,"parent":1052,"menu_order":99,"comment_status":"closed","ping_status":"closed","template":"","meta":{"_acf_changed":false,"inline_featured_image":false,"footnotes":""},"class_list":["post-4193","page","type-page","status-publish","hentry"],"acf":[],"_links":{"self":[{"href":"https:\/\/ssps-backup.200.solutions\/index.php?rest_route=\/wp\/v2\/pages\/4193","targetHints":{"allow":["GET"]}}],"collection":[{"href":"https:\/\/ssps-backup.200.solutions\/index.php?rest_route=\/wp\/v2\/pages"}],"about":[{"href":"https:\/\/ssps-backup.200.solutions\/index.php?rest_route=\/wp\/v2\/types\/page"}],"author":[{"embeddable":true,"href":"https:\/\/ssps-backup.200.solutions\/index.php?rest_route=\/wp\/v2\/users\/14"}],"replies":[{"embeddable":true,"href":"https:\/\/ssps-backup.200.solutions\/index.php?rest_route=%2Fwp%2Fv2%2Fcomments&post=4193"}],"version-history":[{"count":12,"href":"https:\/\/ssps-backup.200.solutions\/index.php?rest_route=\/wp\/v2\/pages\/4193\/revisions"}],"predecessor-version":[{"id":7047,"href":"https:\/\/ssps-backup.200.solutions\/index.php?rest_route=\/wp\/v2\/pages\/4193\/revisions\/7047"}],"up":[{"embeddable":true,"href":"https:\/\/ssps-backup.200.solutions\/index.php?rest_route=\/wp\/v2\/pages\/1052"}],"wp:attachment":[{"href":"https:\/\/ssps-backup.200.solutions\/index.php?rest_route=%2Fwp%2Fv2%2Fmedia&parent=4193"}],"curies":[{"name":"wp","href":"https:\/\/api.w.org\/{rel}","templated":true}]}}