{"id":4108,"date":"2022-10-31T21:28:49","date_gmt":"2022-10-31T20:28:49","guid":{"rendered":"https:\/\/ssps-backup.200.solutions\/?page_id=4108"},"modified":"2025-05-19T12:56:42","modified_gmt":"2025-05-19T10:56:42","slug":"maturitni-temata","status":"publish","type":"page","link":"https:\/\/ssps-backup.200.solutions\/?page_id=4108","title":{"rendered":"Maturitn\u00ed t\u00e9mata"},"content":{"rendered":"\n<p class=\"has-text-align-center has-very-light-gray-color has-text-color has-background\" style=\"background-color:#0c5a89\">Maturitn\u00ed zkou\u0161ka z \u010cesk\u00e9ho jazyka a literatury m\u00e1 svoji vlastn\u00ed podstr\u00e1nku viz <a href=\"https:\/\/ssps-backup.200.solutions\/studenti\/maturitni-zkousky\/maturitni-cetba\/\" data-type=\"page\" data-id=\"4083\">Maturitn\u00ed \u010detba<\/a>.<\/p>\n\n\n\n<h4 class=\"wp-block-heading\">Maturitn\u00ed voliteln\u00e9 p\u0159edm\u011bty<\/h4>\n\n\n\n<div class=\"wp-block-file\"><a id=\"wp-block-file--media-25eed7d8-b666-466e-90ee-050cfeceef73\" href=\"https:\/\/ssps-backup.200.solutions\/wp-content\/uploads\/2023\/10\/Maturitni-otazky-Aplikovana-grafika-2022-2023-1.docx\">MT_MVOP-Aplikovana\u0301 grafika<\/a><a href=\"https:\/\/ssps-backup.200.solutions\/wp-content\/uploads\/2023\/10\/Maturitni-otazky-Aplikovana-grafika-2022-2023-1.docx\" class=\"wp-block-file__button wp-element-button\" download aria-describedby=\"wp-block-file--media-25eed7d8-b666-466e-90ee-050cfeceef73\">St\u00e1hnout<\/a><\/div>\n\n\n\n<div class=\"wp-block-file\"><a id=\"wp-block-file--media-c3a51cd8-7bbf-4216-b0a7-12d5748c80d8\" href=\"https:\/\/ssps-backup.200.solutions\/wp-content\/uploads\/2023\/10\/MVOP-Audiovizualni-tvorba-1.docx\">MT_MVOP-Audiovizua\u0301lni\u0301 tvorba<\/a><a href=\"https:\/\/ssps-backup.200.solutions\/wp-content\/uploads\/2023\/10\/MVOP-Audiovizualni-tvorba-1.docx\" class=\"wp-block-file__button wp-element-button\" download aria-describedby=\"wp-block-file--media-c3a51cd8-7bbf-4216-b0a7-12d5748c80d8\">St\u00e1hnout<\/a><\/div>\n\n\n\n<div class=\"wp-block-file\"><a id=\"wp-block-file--media-87dd481b-747d-4995-9549-af38b63122e7\" href=\"https:\/\/ssps-backup.200.solutions\/wp-content\/uploads\/2023\/10\/Maturitni-otazky_TCHDM-2022-1.docx\">MT_MVOP-IOT<\/a><a href=\"https:\/\/ssps-backup.200.solutions\/wp-content\/uploads\/2023\/10\/Maturitni-otazky_TCHDM-2022-1.docx\" class=\"wp-block-file__button wp-element-button\" download aria-describedby=\"wp-block-file--media-87dd481b-747d-4995-9549-af38b63122e7\">St\u00e1hnout<\/a><\/div>\n\n\n\n<div class=\"wp-block-file\"><a id=\"wp-block-file--media-a389ef66-a6c0-4e21-840a-9c4f579145a0\" href=\"https:\/\/ssps-backup.200.solutions\/wp-content\/uploads\/2023\/10\/IT-TL_MVOP-M3D_Vrba_otazky.docx\">MT_MVOP-M3D<\/a><a href=\"https:\/\/ssps-backup.200.solutions\/wp-content\/uploads\/2023\/10\/IT-TL_MVOP-M3D_Vrba_otazky.docx\" class=\"wp-block-file__button wp-element-button\" download aria-describedby=\"wp-block-file--media-a389ef66-a6c0-4e21-840a-9c4f579145a0\">St\u00e1hnout<\/a><\/div>\n\n\n\n<div class=\"wp-block-file\"><a id=\"wp-block-file--media-29fdcf68-8cab-4088-9c19-054caf9c1e00\" href=\"https:\/\/ssps-backup.200.solutions\/wp-content\/uploads\/2023\/10\/maturitni-temata-MVOPPVAII-2023-2.pdf\">MT_MVOP-PVA2<\/a><a href=\"https:\/\/ssps-backup.200.solutions\/wp-content\/uploads\/2023\/10\/maturitni-temata-MVOPPVAII-2023-2.pdf\" class=\"wp-block-file__button wp-element-button\" download aria-describedby=\"wp-block-file--media-29fdcf68-8cab-4088-9c19-054caf9c1e00\">St\u00e1hnout<\/a><\/div>\n\n\n\n<div class=\"wp-block-file\"><a id=\"wp-block-file--media-dd86268f-273a-49c9-a070-94a62bb6182b\" href=\"https:\/\/ssps-backup.200.solutions\/wp-content\/uploads\/2023\/10\/Maturitni-otazky.docx\">MT_MVOP-Robotika<\/a><a href=\"https:\/\/ssps-backup.200.solutions\/wp-content\/uploads\/2023\/10\/Maturitni-otazky.docx\" class=\"wp-block-file__button wp-element-button\" download aria-describedby=\"wp-block-file--media-dd86268f-273a-49c9-a070-94a62bb6182b\">St\u00e1hnout<\/a><\/div>\n\n\n\n<div class=\"wp-block-file\"><a id=\"wp-block-file--media-cbe10012-c840-42c6-b0ff-2549d482ea55\" href=\"https:\/\/ssps-backup.200.solutions\/wp-content\/uploads\/2025\/01\/MT_MVOP-VHVR.docx\">MT_MVOP-VHVR<\/a><a href=\"https:\/\/ssps-backup.200.solutions\/wp-content\/uploads\/2025\/01\/MT_MVOP-VHVR.docx\" class=\"wp-block-file__button wp-element-button\" download aria-describedby=\"wp-block-file--media-cbe10012-c840-42c6-b0ff-2549d482ea55\">St\u00e1hnout<\/a><\/div>\n\n\n\n<div class=\"wp-block-file\"><a id=\"wp-block-file--media-81a7efad-270c-4946-8aab-aae2e342841e\" href=\"https:\/\/ssps-backup.200.solutions\/wp-content\/uploads\/2025\/05\/IT-TL_MVOP-WBF_Cajthaml_25-1.docx\">MT MVOP-WBF<\/a><a href=\"https:\/\/ssps-backup.200.solutions\/wp-content\/uploads\/2025\/05\/IT-TL_MVOP-WBF_Cajthaml_25-1.docx\" class=\"wp-block-file__button wp-element-button\" download aria-describedby=\"wp-block-file--media-81a7efad-270c-4946-8aab-aae2e342841e\">St\u00e1hnout<\/a><\/div>\n\n\n\n<div class=\"wp-block-file\"><a id=\"wp-block-file--media-d996b3d9-0652-434e-8a9c-69494ade54ea\" href=\"https:\/\/ssps-backup.200.solutions\/wp-content\/uploads\/2023\/10\/IT-MVOP4-MWA_Vrkota_otazky.docx\">MT_MVOP-MWA<\/a><a href=\"https:\/\/ssps-backup.200.solutions\/wp-content\/uploads\/2023\/10\/IT-MVOP4-MWA_Vrkota_otazky.docx\" class=\"wp-block-file__button wp-element-button\" download aria-describedby=\"wp-block-file--media-d996b3d9-0652-434e-8a9c-69494ade54ea\">St\u00e1hnout<\/a><\/div>\n\n\n\n<h4 class=\"wp-block-heading\">Maturitn\u00ed t\u00e9mata pro obor Informa\u010dn\u00ed technologie<\/h4>\n\n\n\n<p>Povinn\u00e9 zkou\u0161ky<\/p>\n\n\n\n<div class=\"wp-block-file\"><a id=\"wp-block-file--media-c07e5642-a7c3-4a22-916d-001ae5581cde\" href=\"https:\/\/ssps-backup.200.solutions\/wp-content\/uploads\/2023\/10\/maturitni-temata-23-24-1.docx\">MT_AJ_IT<\/a><a href=\"https:\/\/ssps-backup.200.solutions\/wp-content\/uploads\/2023\/10\/maturitni-temata-23-24-1.docx\" class=\"wp-block-file__button wp-element-button\" download aria-describedby=\"wp-block-file--media-c07e5642-a7c3-4a22-916d-001ae5581cde\">St\u00e1hnout<\/a><\/div>\n\n\n\n<div class=\"wp-block-file\"><a id=\"wp-block-file--media-6b8b8433-ebe4-4638-adb6-03c8e524b6b5\" href=\"https:\/\/ssps-backup.200.solutions\/wp-content\/uploads\/2025\/01\/MT_ITP_IT-1.docx\">MT_ITP_IT<\/a><a href=\"https:\/\/ssps-backup.200.solutions\/wp-content\/uploads\/2025\/01\/MT_ITP_IT-1.docx\" class=\"wp-block-file__button wp-element-button\" download aria-describedby=\"wp-block-file--media-6b8b8433-ebe4-4638-adb6-03c8e524b6b5\">St\u00e1hnout<\/a><\/div>\n\n\n\n<p><\/p>\n\n\n\n<p><em>Nepovinn\u00e9 zkou\u0161ky<\/em><\/p>\n\n\n\n<div class=\"wp-block-file\"><a id=\"wp-block-file--media-8e4a1663-c654-486c-a385-c9049c17be3a\" href=\"https:\/\/ssps-backup.200.solutions\/wp-content\/uploads\/2022\/10\/MT_FYZ_IT.docx\">MT_FYZ_IT<\/a><a href=\"https:\/\/ssps-backup.200.solutions\/wp-content\/uploads\/2022\/10\/MT_FYZ_IT.docx\" class=\"wp-block-file__button wp-element-button\" download aria-describedby=\"wp-block-file--media-8e4a1663-c654-486c-a385-c9049c17be3a\">St\u00e1hnout<\/a><\/div>\n\n\n\n<div class=\"wp-block-file\"><a id=\"wp-block-file--media-8b842acf-4450-476a-86ef-718a5905e163\" href=\"https:\/\/ssps-backup.200.solutions\/wp-content\/uploads\/2022\/10\/EKO.pdf\">MT_EKO_IT<\/a><a href=\"https:\/\/ssps-backup.200.solutions\/wp-content\/uploads\/2022\/10\/EKO.pdf\" class=\"wp-block-file__button wp-element-button\" download aria-describedby=\"wp-block-file--media-8b842acf-4450-476a-86ef-718a5905e163\">St\u00e1hnout<\/a><\/div>\n\n\n\n<div class=\"wp-block-file\"><a id=\"wp-block-file--media-a164901e-c11d-407b-84c2-eab5fc858f16\" href=\"https:\/\/ssps-backup.200.solutions\/wp-content\/uploads\/2023\/12\/Maturitni-otazky-MAT-IT-23_24-1.pdf\">MT_MAT_IT<\/a><a href=\"https:\/\/ssps-backup.200.solutions\/wp-content\/uploads\/2023\/12\/Maturitni-otazky-MAT-IT-23_24-1.pdf\" class=\"wp-block-file__button wp-element-button\" download aria-describedby=\"wp-block-file--media-a164901e-c11d-407b-84c2-eab5fc858f16\">St\u00e1hnout<\/a><\/div>\n\n\n\n<h4 class=\"wp-block-heading\">Maturitn\u00ed t\u00e9mata pro obor Informa\u010dn\u00ed technologie (&#8222;Kybernetick\u00e1 bezpe\u010dnost&#8220;)<\/h4>\n\n\n\n<p>Povinn\u00e9 zkou\u0161ky<\/p>\n\n\n\n<div class=\"wp-block-file\"><a id=\"wp-block-file--media-c07e5642-a7c3-4a22-916d-001ae5581cde\" href=\"https:\/\/ssps-backup.200.solutions\/wp-content\/uploads\/2023\/10\/maturitni-temata-23-24-2.docx\">MT_AJ_KB<\/a><a href=\"https:\/\/ssps-backup.200.solutions\/wp-content\/uploads\/2023\/10\/maturitni-temata-23-24-2.docx\" class=\"wp-block-file__button wp-element-button\" download aria-describedby=\"wp-block-file--media-c07e5642-a7c3-4a22-916d-001ae5581cde\">St\u00e1hnout<\/a><\/div>\n\n\n\n<div class=\"wp-block-file\"><a id=\"wp-block-file--media-81dcaf99-5d22-42cd-9740-faa187354828\" href=\"https:\/\/ssps-backup.200.solutions\/wp-content\/uploads\/2024\/03\/MT_PVA_KB-spravne.docx\">MT_PVA_KB<\/a><a href=\"https:\/\/ssps-backup.200.solutions\/wp-content\/uploads\/2024\/03\/MT_PVA_KB-spravne.docx\" class=\"wp-block-file__button wp-element-button\" download aria-describedby=\"wp-block-file--media-81dcaf99-5d22-42cd-9740-faa187354828\">St\u00e1hnout<\/a><\/div>\n\n\n\n<div class=\"wp-block-file\"><a id=\"wp-block-file--media-c07e5642-a7c3-4a22-916d-001ae5581cde\" href=\"https:\/\/ssps-backup.200.solutions\/wp-content\/uploads\/2023\/05\/maturitni-temata-KB-3.pdf\">MT_KB_KB<\/a><a href=\"https:\/\/ssps-backup.200.solutions\/wp-content\/uploads\/2023\/05\/maturitni-temata-KB-3.pdf\" class=\"wp-block-file__button wp-element-button\" download aria-describedby=\"wp-block-file--media-c07e5642-a7c3-4a22-916d-001ae5581cde\">St\u00e1hnout<\/a><\/div>\n\n\n\n<p><\/p>\n\n\n\n<p><em>Nepovinn\u00e9 zkou\u0161ky<\/em><\/p>\n\n\n\n<div class=\"wp-block-file\"><a id=\"wp-block-file--media-8e4a1663-c654-486c-a385-c9049c17be3a\" href=\"https:\/\/ssps-backup.200.solutions\/wp-content\/uploads\/2022\/10\/MT_FYZ_IT.docx\">MT_FYZ_KB<\/a><a href=\"https:\/\/ssps-backup.200.solutions\/wp-content\/uploads\/2022\/10\/MT_FYZ_IT.docx\" class=\"wp-block-file__button wp-element-button\" download aria-describedby=\"wp-block-file--media-8e4a1663-c654-486c-a385-c9049c17be3a\">St\u00e1hnout<\/a><\/div>\n\n\n\n<div class=\"wp-block-file\"><a id=\"wp-block-file--media-8b842acf-4450-476a-86ef-718a5905e163\" href=\"https:\/\/ssps-backup.200.solutions\/wp-content\/uploads\/2022\/10\/EKO.pdf\">MT_EKO_KB<\/a><a href=\"https:\/\/ssps-backup.200.solutions\/wp-content\/uploads\/2022\/10\/EKO.pdf\" class=\"wp-block-file__button wp-element-button\" download aria-describedby=\"wp-block-file--media-8b842acf-4450-476a-86ef-718a5905e163\">St\u00e1hnout<\/a><\/div>\n\n\n\n<h4 class=\"wp-block-heading\">Maturitn\u00ed t\u00e9mata pro obor Technick\u00e9 lyceum<\/h4>\n\n\n\n<p>Povinn\u00e9 zkou\u0161ky<\/p>\n\n\n\n<div class=\"wp-block-file\"><a id=\"wp-block-file--media-c07e5642-a7c3-4a22-916d-001ae5581cde\" href=\"https:\/\/ssps-backup.200.solutions\/wp-content\/uploads\/2023\/10\/maturitni-temata-23-24-3.docx\">MT_AJ_TL<\/a><a href=\"https:\/\/ssps-backup.200.solutions\/wp-content\/uploads\/2023\/10\/maturitni-temata-23-24-3.docx\" class=\"wp-block-file__button wp-element-button\" download aria-describedby=\"wp-block-file--media-c07e5642-a7c3-4a22-916d-001ae5581cde\">St\u00e1hnout<\/a><\/div>\n\n\n\n<div class=\"wp-block-file\"><a id=\"wp-block-file--media-09cdb339-072c-4aa9-a025-3651b57786db\" href=\"https:\/\/ssps-backup.200.solutions\/wp-content\/uploads\/2023\/10\/MATURITNI-TEMATA-MAT-23-24-1.docx\">MT_MAT_TL<\/a><a href=\"https:\/\/ssps-backup.200.solutions\/wp-content\/uploads\/2023\/10\/MATURITNI-TEMATA-MAT-23-24-1.docx\" class=\"wp-block-file__button wp-element-button\" download aria-describedby=\"wp-block-file--media-09cdb339-072c-4aa9-a025-3651b57786db\">St\u00e1hnout<\/a><\/div>\n\n\n\n<p><\/p>\n\n\n\n<p><em>Nepovinn\u00e9 zkou\u0161ky<\/em><\/p>\n\n\n\n<div class=\"wp-block-file\"><a id=\"wp-block-file--media-5b26287b-7a4b-436e-a3c7-54c1645b7743\" href=\"https:\/\/ssps-backup.200.solutions\/wp-content\/uploads\/2022\/10\/MT_FYZ_TL.docx\">MT_FYZ_TL<\/a><a href=\"https:\/\/ssps-backup.200.solutions\/wp-content\/uploads\/2022\/10\/MT_FYZ_TL.docx\" class=\"wp-block-file__button wp-element-button\" download aria-describedby=\"wp-block-file--media-5b26287b-7a4b-436e-a3c7-54c1645b7743\">St\u00e1hnout<\/a><\/div>\n\n\n\n<div class=\"wp-block-file\"><a id=\"wp-block-file--media-c890dd31-e9be-4d72-8280-cca57cfbf50a\" href=\"https:\/\/ssps-backup.200.solutions\/wp-content\/uploads\/2022\/10\/MT_DEG_TL.docx\">MT_DEG_TL<\/a><a href=\"https:\/\/ssps-backup.200.solutions\/wp-content\/uploads\/2022\/10\/MT_DEG_TL.docx\" class=\"wp-block-file__button wp-element-button\" download aria-describedby=\"wp-block-file--media-c890dd31-e9be-4d72-8280-cca57cfbf50a\">St\u00e1hnout<\/a><\/div>\n\n\n\n<div class=\"wp-block-file\"><a id=\"wp-block-file--media-b6216a00-ad76-420c-968d-1558901e0757\" href=\"https:\/\/ssps-backup.200.solutions\/wp-content\/uploads\/2023\/10\/MATURITNI-OTAZKY-NEM-2023.docx\">MT_NEM_TL<\/a><a href=\"https:\/\/ssps-backup.200.solutions\/wp-content\/uploads\/2023\/10\/MATURITNI-OTAZKY-NEM-2023.docx\" class=\"wp-block-file__button wp-element-button\" download aria-describedby=\"wp-block-file--media-b6216a00-ad76-420c-968d-1558901e0757\">St\u00e1hnout<\/a><\/div>\n","protected":false},"excerpt":{"rendered":"<p>Maturitn\u00ed zkou\u0161ka z \u010cesk\u00e9ho jazyka a literatury m\u00e1 svoji vlastn\u00ed podstr\u00e1nku viz Maturitn\u00ed \u010detba. Maturitn\u00ed&#8230; <a href=\"https:\/\/ssps-backup.200.solutions\/?page_id=4108\" class=\"readmore\">Zobrazit v\u00edce<\/a><\/p>\n","protected":false},"author":14,"featured_media":0,"parent":186,"menu_order":6,"comment_status":"closed","ping_status":"closed","template":"","meta":{"_acf_changed":false,"inline_featured_image":false,"footnotes":""},"class_list":["post-4108","page","type-page","status-publish","hentry"],"acf":[],"_links":{"self":[{"href":"https:\/\/ssps-backup.200.solutions\/index.php?rest_route=\/wp\/v2\/pages\/4108","targetHints":{"allow":["GET"]}}],"collection":[{"href":"https:\/\/ssps-backup.200.solutions\/index.php?rest_route=\/wp\/v2\/pages"}],"about":[{"href":"https:\/\/ssps-backup.200.solutions\/index.php?rest_route=\/wp\/v2\/types\/page"}],"author":[{"embeddable":true,"href":"https:\/\/ssps-backup.200.solutions\/index.php?rest_route=\/wp\/v2\/users\/14"}],"replies":[{"embeddable":true,"href":"https:\/\/ssps-backup.200.solutions\/index.php?rest_route=%2Fwp%2Fv2%2Fcomments&post=4108"}],"version-history":[{"count":27,"href":"https:\/\/ssps-backup.200.solutions\/index.php?rest_route=\/wp\/v2\/pages\/4108\/revisions"}],"predecessor-version":[{"id":6991,"href":"https:\/\/ssps-backup.200.solutions\/index.php?rest_route=\/wp\/v2\/pages\/4108\/revisions\/6991"}],"up":[{"embeddable":true,"href":"https:\/\/ssps-backup.200.solutions\/index.php?rest_route=\/wp\/v2\/pages\/186"}],"wp:attachment":[{"href":"https:\/\/ssps-backup.200.solutions\/index.php?rest_route=%2Fwp%2Fv2%2Fmedia&parent=4108"}],"curies":[{"name":"wp","href":"https:\/\/api.w.org\/{rel}","templated":true}]}}