{"id":4083,"date":"2022-10-31T19:37:36","date_gmt":"2022-10-31T18:37:36","guid":{"rendered":"https:\/\/ssps-backup.200.solutions\/?page_id=4083"},"modified":"2025-09-30T15:34:41","modified_gmt":"2025-09-30T13:34:41","slug":"maturitni-cetba","status":"publish","type":"page","link":"https:\/\/ssps-backup.200.solutions\/?page_id=4083","title":{"rendered":"Maturitn\u00ed \u010detba"},"content":{"rendered":"\n<h2 class=\"wp-block-heading has-text-align-center\"><strong>KRIT\u00c9RIA PRO V\u00ddB\u011aR MATURITN\u00cdCH ZAD\u00c1N\u00cd K \u00daSTN\u00cd ZKOU\u0160CE 2025\/2026<\/strong><\/h2>\n\n\n\n<p>a) \u017d\u00e1k vyb\u00edr\u00e1 20 liter\u00e1rn\u00edch d\u011bl.<\/p>\n\n\n\n<p>b) <strong>Minim\u00e1ln\u011b dv\u011bma liter\u00e1rn\u00edmi d\u00edly mus\u00ed b\u00fdt<\/strong> v seznamu \u017e\u00e1ka <strong>zastoupeno drama, jedn\u00edm d\u00edlem poezie<\/strong>.<\/p>\n\n\n\n<p>c) Seznam \u017e\u00e1ka mus\u00ed obsahovat <strong>jedno d\u00edlo od jednoho autora<\/strong> (ve dvou p\u0159\u00edpadech lze akceptovat d\u00edla dv\u011b).<\/p>\n\n\n\n<p>d) \u017d\u00e1k se d\u00e1le \u0159\u00edd\u00ed minim\u00e1ln\u00edm po\u010dtem liter\u00e1rn\u00edch d\u011bl podle t\u00e9to tabulky:<\/p>\n\n\n\n<figure class=\"wp-block-table\"><table><tbody><tr><td>Sv\u011btov\u00e1 a \u010desk\u00e1 literatura do konce 18. stolet\u00ed<\/td><td>min. 2 liter\u00e1rn\u00ed d\u00edla<\/td><\/tr><tr><td>Sv\u011btov\u00e1 a \u010desk\u00e1 literatura 19. stolet\u00ed<\/td><td>min. 3 liter\u00e1rn\u00ed d\u00edla<\/td><\/tr><tr><td>Sv\u011btov\u00e1 literatura 20. a 21. stolet\u00ed<\/td><td>min. 5 liter\u00e1rn\u00edch d\u011bl<\/td><\/tr><tr><td>\u010cesk\u00e1 literatura 20. a 21. stolet\u00ed<\/td><td>min. 5 liter\u00e1rn\u00edch d\u011bl<\/td><\/tr><\/tbody><\/table><\/figure>\n\n\n\n<p>e) \u017d\u00e1k se \u0159\u00edd\u00ed seznamem liter\u00e1rn\u00edch d\u011bl, kter\u00fd sestavila \u0161kola, viz n\u00ed\u017ee, p\u0159i\u010dem\u017e minim\u00e1ln\u00ed celkov\u00fd po\u010det nab\u00edzen\u00fdch liter\u00e1rn\u00edch d\u011bl je 60, horn\u00ed hranice nen\u00ed stanovena. Seznam liter\u00e1rn\u00edch d\u011bl k \u00fastn\u00ed maturitn\u00ed zkou\u0161ce je \u0159azen podle d\u011bl uveden\u00fdch v seznamu.<\/p>\n\n\n\n<p><strong>\u00dastn\u00ed maturitn\u00ed zkou\u0161ka je zkou\u0161kou komplexn\u00ed, tzn. znalost:<\/strong><\/p>\n\n\n\n<ul class=\"wp-block-list\">\n<li>liter\u00e1rn\u011b historick\u00e9ho kontextu<\/li>\n\n\n\n<li>v\u0161eobecn\u00e9ho z\u00e1kladu (mezip\u0159edm\u011btov\u00e9 vztahy)<\/li>\n\n\n\n<li>\u010dten\u00e1\u0159sk\u00e9 gramotnosti a kritick\u00e9ho my\u0161len\u00ed<\/li>\n\n\n\n<li>jazykov\u00e9 gramotnosti (spr\u00e1vn\u00e9 u\u017e\u00edv\u00e1n\u00ed r\u016fzn\u00fdch vrstev jazyka) <br>(viz p\u0159\u00edloha ilustra\u010dn\u00ed ot\u00e1zky k charakteristice um\u011bleck\u00e9ho textu)<\/li>\n<\/ul>\n\n\n\n<p>Detailn\u00ed informace o maturitn\u00ed zkou\u0161ce z \u010cesk\u00e9ho jazyka a literatury jsou k dispozici v tomto souboru:<\/p>\n\n\n\n<div class=\"wp-block-file\"><a id=\"wp-block-file--media-598ed385-9593-46eb-89f4-1d63f3222778\" href=\"https:\/\/ssps-backup.200.solutions\/wp-content\/uploads\/2022\/10\/Maturitni-cetba.pdf\">Seznam 20 liter\u00e1rn\u00edch d\u011bl k vypln\u011bn\u00ed \u017e\u00e1kem (form\u00e1t pdf)<\/a><a href=\"https:\/\/ssps-backup.200.solutions\/wp-content\/uploads\/2022\/10\/Maturitni-cetba.pdf\" class=\"wp-block-file__button wp-element-button\" download aria-describedby=\"wp-block-file--media-598ed385-9593-46eb-89f4-1d63f3222778\">St\u00e1hnout<\/a><\/div>\n\n\n\n<div class=\"wp-block-file\"><a id=\"wp-block-file--media-b2a6c80c-5d7f-40b2-977e-c68f7eba1065\" href=\"https:\/\/ssps-backup.200.solutions\/wp-content\/uploads\/2022\/10\/maturitni-cetba.docx\">Seznam 20 liter\u00e1rn\u00edch d\u011bl k vypln\u011bn\u00ed \u017e\u00e1kem (form\u00e1t docx)<\/a><a href=\"https:\/\/ssps-backup.200.solutions\/wp-content\/uploads\/2022\/10\/maturitni-cetba.docx\" class=\"wp-block-file__button wp-element-button\" download aria-describedby=\"wp-block-file--media-b2a6c80c-5d7f-40b2-977e-c68f7eba1065\">St\u00e1hnout<\/a><\/div>\n\n\n\n<div class=\"wp-block-file\"><a id=\"wp-block-file--media-981f1493-a640-42ae-b19a-d34b5278e225\" href=\"https:\/\/ssps-backup.200.solutions\/wp-content\/uploads\/2023\/09\/literatura-1.pdf\">Ilustra\u010dn\u00ed ot\u00e1zky k charakteristice um\u011bleck\u00e9ho textu<\/a><a href=\"https:\/\/ssps-backup.200.solutions\/wp-content\/uploads\/2023\/09\/literatura-1.pdf\" class=\"wp-block-file__button wp-element-button\" download aria-describedby=\"wp-block-file--media-981f1493-a640-42ae-b19a-d34b5278e225\">St\u00e1hnout<\/a><\/div>\n\n\n\n<div class=\"wp-block-file\"><a id=\"wp-block-file--media-02658980-4b63-4a3e-a316-719acde39d1a\" href=\"https:\/\/ssps-backup.200.solutions\/wp-content\/uploads\/2025\/09\/Seznam-cetby-ke-statnim-maturitam-pro-skolni-rok-2025-2026-1.docx\">Seznam-cetby-ke-statnim-maturitam-pro-skolni-rok-2025-2026<\/a><a href=\"https:\/\/ssps-backup.200.solutions\/wp-content\/uploads\/2025\/09\/Seznam-cetby-ke-statnim-maturitam-pro-skolni-rok-2025-2026-1.docx\" class=\"wp-block-file__button wp-element-button\" download aria-describedby=\"wp-block-file--media-02658980-4b63-4a3e-a316-719acde39d1a\">St\u00e1hnout<\/a><\/div>\n\n\n\n<h2 class=\"wp-block-heading\"><strong>Seznam \u010detby ke st\u00e1tn\u00edm maturit\u00e1m pro \u0161koln\u00ed rok 2025\/2026<\/strong><\/h2>\n\n\n\n<p><strong>Uve\u0159ejn\u011bno dne: 5. 9. 2025<br><\/strong><br><strong>Sv\u011btov\u00e1 a \u010desk\u00e1 literatura do konce 18. stolet\u00ed<\/strong><\/p>\n\n\n\n<p><br>Sofokles \u2013 Kr\u00e1l Oidipus<br>Ovidius \u2013 Prom\u011bny<br>Nezn\u00e1m\u00fd autor \u2013 Podkon\u00ed a \u017e\u00e1k<br>W. Shakespeare \u2013 Hamlet, kralevic d\u00e1nsk\u00fd W. Shakespeare &#8211; Othello<br>W. Shakespeare \u2013 Romeo a Julie<br>Boccaccio \u2013 Dekameron<br>Cervantes \u2013 D\u016fmysln\u00fd ryt\u00ed\u0159 don Quijote de la Mancha<br>Moli\u00e8re \u2013 Lakomec<br>Moli\u00e8re \u2013 Tartuffe<br>D. Diderot \u2013 Jepti\u0161ka<br>J. Swift \u2013 Gulliverovy cesty<br>J. W. Goethe \u2013 Utrpen\u00ed mlad\u00e9ho Werthera<br>J. La Fontaine \u2013 Bajky<br>V. \u0160a\u0161ek z B\u00ed\u0159kova \u2013 Den\u00edk o j\u00edzd\u011b a putov\u00e1n\u00ed pana Lva z Ro\u017emit\u00e1lu a z Blatn\u00e9 z \u010cech a\u017e na konec sv\u011bta<br>Nezn\u00e1m\u00fd autor \u2013 P\u00edse\u0148 o Rolandovi<br>V. Vratislav z Mitrovic \u2013 P\u0159\u00edhody<br>Karel IV. \u2013 Vita Caroli<br>Nezn\u00e1m\u00fd autor \u2013 Legenda o sv. Kate\u0159in\u011b<br>G. Chaucer \u2013 Canterbursk\u00e9 pov\u00eddky <br>D. Defoe \u2013 Robinson Crusoe<\/p>\n\n\n\n<p><br><strong>Sv\u011btov\u00e1 literatura 19. stolet\u00ed<\/strong><br><br>E. A. Poe \u2013 Havran<br>E. A. Poe \u2013 J\u00e1ma a kyvadlo<br>M. Shelleyov\u00e1 \u2013 Frankenstein neboli modern\u00ed Prom\u00e9theus<br>A. S. Pu\u0161kin \u2013 Ev\u017een On\u011bgin<br>Ch. Dickens \u2013 Oliver Twist<br>F. M. Dostojevskij \u2013 Zlo\u010din a trest<br>F. M. Dostojevski \u2013 Hr\u00e1\u010d<br>L. N. Tolstoj \u2013 Anna Karenina<br>E. Zola \u2013 Zabij\u00e1k<br>H. Sienkiewicz \u2013 Quo vadis?<br>Stendhal \u2013 \u010cerven\u00fd a \u010dern\u00fd<br>O. Wilde \u2013 Obraz Doriana Graye<br>G. de Maupassant \u2013 Mil\u00e1\u010dek<br>Ch. Baudelaire \u2013 Kv\u011bty zla<br>H. Ch. Andersen \u2013 Poh\u00e1dky a pov\u00eddky<br>J. F .Cooper \u2013 Posledn\u00ed Mohyk\u00e1n<br>H. Melville \u2013 B\u00edl\u00e1 velryba<br>A. C. Doyle \u2013 Dobrodru\u017estv\u00ed Sherlocka Holmese (Skand\u00e1l v \u010cech\u00e1ch, P\u011bt pomeran\u010dov\u00fdch jad\u00e9rek, Spolek ry\u0161avc\u016f, Strakat\u00fd p\u00e1s)<br>A. C. Doyle \u2013 Pes baskervilsk\u00fd<br>M. Twain \u2013 Dobrodru\u017estv\u00ed Toma Sawyera<br>J. Verne \u2013 Dvacet tis\u00edc mil pod mo\u0159em<\/p>\n\n\n\n<p><strong>\u010cesk\u00e1 literatura 19. stolet\u00ed<\/strong><br><br>K. H. M\u00e1cha \u2013 M\u00e1j<br>K. J. Erben \u2013 Kytice<br>K. H. Borovsk\u00fd \u2013 Kr\u00e1l L\u00e1vra<br>K. H. Borovsk\u00fd \u2013 Tyrolsk\u00e9 elegie<br>B. N\u011bmcov\u00e1 \u2013 Babi\u010dka<br>B. N\u011bmcov\u00e1 \u2013 Div\u00e1 B\u00e1ra<br>J. Neruda \u2013 Balady a romance<br>J. Neruda \u2013 Pov\u00eddky malostransk\u00e9<br>J. Arbes \u2013 Newton\u016fv mozek<br>J. Arbes \u2013 Svat\u00fd Xaverius<br>A. Jir\u00e1sek \u2013 Psohlavci<br><br><strong>Sv\u011btov\u00e1 a \u010desk\u00e1 dramatick\u00e1 tvorba 19. \u2013 21. stolet\u00ed<\/strong><br><br>J. Vrchlick\u00fd \u2013 Noc na Karl\u0161tejn\u011b<br>A. a V. Mr\u0161t\u00edkov\u00e9 \u2013 Mary\u0161a<br>L. Stroupe\u017enick\u00fd \u2013 Na\u0161i furianti<br>V. Nezval \u2013 Manon Lescaut<br>K. \u010capek \u2013 B\u00edl\u00e1 nemoc<br>K. \u010capek \u2013 Matka<br>K. \u010capek \u2013 R.U.R<br>V. Havel \u2013 Audience<br>V. Havel \u2013 Zahradn\u00ed slavnost<br>Cimrmani \u2013 \u010cesk\u00e9 nebe<br>Cimrmani \u2013 Vy\u0161et\u0159ov\u00e1n\u00ed ztr\u00e1ty t\u0159\u00eddn\u00ed knihy<br>J. Topol \u2013 Sbohem, Sokrate<br>N. V. Gogol \u2013 Revizor<br>O. Wilde \u2013 Jak je d\u016fle\u017eit\u00e9 m\u00edti Filipa<br>G. B. Shaw \u2013 Pygmalion<br>A. P. \u010cechov \u2013 Vi\u0161\u0148ov\u00fd sad<br>A. P. \u010cechov \u2013 T\u0159i sestry<br>H. Ibsen \u2013 Nora<\/p>\n\n\n\n<p><strong>Sv\u011btov\u00e1 a \u010desk\u00e1 poezie 20. a 21. stolet\u00ed<\/strong><br><br>G. Apollinaire \u2013 Kaligramy<br>J. Wolker \u2013 T\u011b\u017ek\u00e1 hodina<br>P. Bezru\u010d \u2013 Slezsk\u00e9 p\u00edsn\u011b<br>F. Gellner \u2013 Radosti \u017eivota<br>V. Nezval \u2013 Edison<br>J. Seifert \u2013 Maminka<br>J. Sk\u00e1cel \u2013 Metli\u010dky<br>K. Kryl \u2013 Kn\u00ed\u0161ka Karla Kryla<br>V. Hrab\u011b \u2013 Blues pro bl\u00e1znivou holku<br><br><strong>Sv\u011btov\u00e1 pr\u00f3za 20. a 21. stolet\u00ed<\/strong><br><br>F. Kafka \u2013 Prom\u011bna<br>E. Hemingway \u2013 Sta\u0159ec a mo\u0159e<br>A. de S. Exup\u00e9ry \u2013 Mal\u00fd princ<br>J. Steinbeck \u2013 O my\u0161\u00edch a lidech<br>F. S. Fitzgerald \u2013 Velk\u00fd Gatsby<br>E. M. Remarque \u2013 Na z\u00e1padn\u00ed front\u011b klid<br>E. M. Remarque \u2013 T\u0159i kamar\u00e1di<br>G. Orwell \u2013 1984<br>G. Orwell \u2013 Farma zv\u00ed\u0159at<br>R. Rolland \u2013 Petr a Lucie<br>W. Styron \u2013 Sophiina volba<br>J. Heller \u2013 Hlava XXII<br>P. Ryan \u2013 Jak jsem vyhr\u00e1l v\u00e1lku<br>P. Boulle \u2013 Most p\u0159es \u0159eku Kwai<br>W. Warthon \u2013 Hl\u00eddka v Arden\u00e1ch<br>J. Kerouac \u2013 Na cest\u011b<br>U. Eco \u2013 Jm\u00e9no r\u016f\u017ee<br>V. Nabokov \u2013 Lolita<br>Ch. Bukowski \u2013 V\u0161echny \u0159it\u011b sv\u011bta i ta m\u00e1<br>G. G. M\u00e1rquez \u2013 Kronika ohl\u00e1\u0161en\u00e9 smrti<br>J. R. R. Tolkien \u2013 Hobit<br>I. Asimov \u2013 J\u00e1, robot<br>J. Salinger \u2013 Kdo chyt\u00e1 v \u017eit\u011b<br>F. Christiane \u2013 My d\u011bti ze stanice ZOO<br>J. Irving \u2013 Sv\u011bt podle Garpa<br>J. Irving \u2013 Modlitba za Owena Meanyho<br>H. Murakami \u2013 Kafka na pob\u0159e\u017e\u00ed<br>H. Murakami \u2013 Norsk\u00e9 d\u0159evo<br>M. Haddon \u2013 Podivn\u00fd p\u0159\u00edpad se psem<br>P. Coelho \u2013 Alchymista<br>S. Larsson \u2013 Mu\u017ei, kte\u0159\u00ed nen\u00e1vid\u00ed \u017eeny<br>Jo Nesb\u00f8 \u2013 Spasitel<br>C. McCarthy \u2013 Tahle zem\u011b nen\u00ed pro star\u00fd<br>C. R. Zaf\u00f3n \u2013 And\u011blsk\u00e1 hra<br>C. R. Zaf\u00f3n \u2013 St\u00edn v\u011btru<br>D. Nicholls \u2013 Ot\u00e1zka za deset<br>F. McCourt \u2013 And\u011blin popel<br>J. Green &#8211; Hv\u011bzdy n\u00e1m nep\u0159\u00e1ly<br>R. Bradbury \u2013 451 stup\u0148\u016f Fahrenheita<br>A. Christie \u2013 Vra\u017eda v Orient expresu<br>W. Golding \u2013 P\u00e1n much<br>G. Meyrink \u2013 Golem<br>A. G. Iturbe \u2013 Osv\u011btimsk\u00e1 knihovnice<br>A. Camus \u2013 Cizinec<br>A. Sapkowski \u2013 Zakl\u00edna\u010d <br>B. Cornwell \u2013 Posledn\u00ed kr\u00e1lovstv\u00ed <br>H. P. Lovecraft \u2013 Barva z kosmu<br>Douglas Adams &#8211; Stopa\u0159\u016fv pr\u016fvodce po Galaxii<\/p>\n\n\n\n<p><strong>\u010cesk\u00e1 pr\u00f3za 20. a 21. stolet\u00ed<\/strong><br><br>J. Ha\u0161ek \u2013 Osudy dobr\u00e9ho voj\u00e1ka \u0160vejka za sv\u011btov\u00e9 v\u00e1lky<br>V. Dyk \u2013 Krysa\u0159<br>V. Van\u010dura \u2013 Rozmarn\u00e9 l\u00e9to<br>K. Pol\u00e1\u010dek \u2013 Bylo n\u00e1s p\u011bt<br>K. \u010capek \u2013 V\u00e1lka s mloky K. \u010capek \u2013 Anglick\u00e9 listy<br>I. Olbracht \u2013 Nikola \u0160uhaj loupe\u017en\u00edk<br>Z. Jirotka \u2013 Saturnin<br>B. Hrabal \u2013 Obsluhoval jsem anglick\u00e9ho kr\u00e1le<br>B. Hrabal \u2013 Ost\u0159e sledovan\u00e9 vlaky<br>B. Hrabal \u2013 Post\u0159i\u017einy<br>L. Fuks \u2013 Spalova\u010d mrtvol<br>A. Lustig \u2013 Modlitba pro Kate\u0159inu Horovitzovou<br>O. Pavel \u2013 Smrt kr\u00e1sn\u00fdch srnc\u016f<br>V. P\u00e1ral \u2013 Mlad\u00fd mu\u017e a b\u00edl\u00e1 velryba<br>M. Kundera \u2013 Sm\u011b\u0161n\u00e9 l\u00e1sky<br>M. Kundera \u2013 \u017dert<br>P. Kohout \u2013 Hodina tance a l\u00e1sky<br>M. Viewegh \u2013 B\u00e1je\u010dn\u00e1 l\u00e9ta pod psa<br>P. \u0160abach \u2013 Opil\u00e9 ban\u00e1ny<br>I. Douskov\u00e1 \u2013 Hrd\u00fd Bud\u017ees<br>H. Andronikov\u00e1 \u2013 Zvuk slune\u010dn\u00edch hodin<br>K. Tu\u010dkov\u00e1 \u2013 Vyhn\u00e1n\u00ed Gerty Schnirch<br>J. \u0160kvoreck\u00fd \u2013 Prima sez\u00f3na<br>M. Urban \u2013 Hastrman<br>M. Urban \u2013 Lord Mord<br>K. Leg\u00e1tov\u00e1 \u2013 \u017delary, Jozova Hanule<br>M. Kundera \u2013 Nesnesiteln\u00e1 lehkost byt\u00ed <br>J. Rudi\u0161 \u2013 N\u00e1rodn\u00ed t\u0159\u00edda <br>J. Katalpa \u2013 Zuzanin dech <br>A. Morn\u0161tajnov\u00e1 \u2013 Listop\u00e1d<br>J. Werich \u2013 Fimf\u00e1rum<br>J. Weil \u2013 \u017divot s hv\u011bzdou<\/p>\n\n\n\n<p><\/p>\n","protected":false},"excerpt":{"rendered":"<p>KRIT\u00c9RIA PRO V\u00ddB\u011aR MATURITN\u00cdCH ZAD\u00c1N\u00cd K \u00daSTN\u00cd ZKOU\u0160CE 2025\/2026 a) \u017d\u00e1k vyb\u00edr\u00e1 20 liter\u00e1rn\u00edch d\u011bl&#8230;. <a href=\"https:\/\/ssps-backup.200.solutions\/?page_id=4083\" class=\"readmore\">Zobrazit v\u00edce<\/a><\/p>\n","protected":false},"author":14,"featured_media":0,"parent":186,"menu_order":0,"comment_status":"closed","ping_status":"closed","template":"","meta":{"_acf_changed":false,"inline_featured_image":false,"footnotes":""},"class_list":["post-4083","page","type-page","status-publish","hentry"],"acf":[],"_links":{"self":[{"href":"https:\/\/ssps-backup.200.solutions\/index.php?rest_route=\/wp\/v2\/pages\/4083","targetHints":{"allow":["GET"]}}],"collection":[{"href":"https:\/\/ssps-backup.200.solutions\/index.php?rest_route=\/wp\/v2\/pages"}],"about":[{"href":"https:\/\/ssps-backup.200.solutions\/index.php?rest_route=\/wp\/v2\/types\/page"}],"author":[{"embeddable":true,"href":"https:\/\/ssps-backup.200.solutions\/index.php?rest_route=\/wp\/v2\/users\/14"}],"replies":[{"embeddable":true,"href":"https:\/\/ssps-backup.200.solutions\/index.php?rest_route=%2Fwp%2Fv2%2Fcomments&post=4083"}],"version-history":[{"count":32,"href":"https:\/\/ssps-backup.200.solutions\/index.php?rest_route=\/wp\/v2\/pages\/4083\/revisions"}],"predecessor-version":[{"id":7142,"href":"https:\/\/ssps-backup.200.solutions\/index.php?rest_route=\/wp\/v2\/pages\/4083\/revisions\/7142"}],"up":[{"embeddable":true,"href":"https:\/\/ssps-backup.200.solutions\/index.php?rest_route=\/wp\/v2\/pages\/186"}],"wp:attachment":[{"href":"https:\/\/ssps-backup.200.solutions\/index.php?rest_route=%2Fwp%2Fv2%2Fmedia&parent=4083"}],"curies":[{"name":"wp","href":"https:\/\/api.w.org\/{rel}","templated":true}]}}