{"id":4042,"date":"2022-10-24T14:28:45","date_gmt":"2022-10-24T12:28:45","guid":{"rendered":"https:\/\/ssps-backup.200.solutions\/?page_id=4042"},"modified":"2022-11-29T08:39:20","modified_gmt":"2022-11-29T07:39:20","slug":"autonomni-dron","status":"publish","type":"page","link":"https:\/\/ssps-backup.200.solutions\/?page_id=4042","title":{"rendered":"Autonomn\u00ed dron"},"content":{"rendered":"\n<p>\u010clenov\u00e9 t\u00fdmu pro v\u00fdvoj a stavbu autonomn\u00edho dronu se pro dal\u0161\u00ed pr\u00e1ci na projektu mohou p\u0159ihl\u00e1sit do skupiny na Discord skrze tento odkaz:<br><\/p>\n\n\n\n<p><a rel=\"noreferrer noopener nofollow\" href=\"https:\/\/discord.gg\/eZPNgPzQdm\" target=\"_blank\">https:\/\/discord.gg\/eZPNgPzQdm<\/a><br><br>\u010clenov\u00e9 se p\u0159ihla\u0161uj\u00ed do pracovn\u00edch t\u00fdm\u016f dle registrace.<\/p>\n","protected":false},"excerpt":{"rendered":"<p>\u010clenov\u00e9 t\u00fdmu pro v\u00fdvoj a stavbu autonomn\u00edho dronu se pro dal\u0161\u00ed pr\u00e1ci na projektu mohou&#8230; <a href=\"https:\/\/ssps-backup.200.solutions\/?page_id=4042\" class=\"readmore\">Zobrazit v\u00edce<\/a><\/p>\n","protected":false},"author":14,"featured_media":0,"parent":154,"menu_order":0,"comment_status":"closed","ping_status":"closed","template":"","meta":{"_acf_changed":false,"inline_featured_image":false,"footnotes":""},"class_list":["post-4042","page","type-page","status-publish","hentry"],"acf":[],"_links":{"self":[{"href":"https:\/\/ssps-backup.200.solutions\/index.php?rest_route=\/wp\/v2\/pages\/4042","targetHints":{"allow":["GET"]}}],"collection":[{"href":"https:\/\/ssps-backup.200.solutions\/index.php?rest_route=\/wp\/v2\/pages"}],"about":[{"href":"https:\/\/ssps-backup.200.solutions\/index.php?rest_route=\/wp\/v2\/types\/page"}],"author":[{"embeddable":true,"href":"https:\/\/ssps-backup.200.solutions\/index.php?rest_route=\/wp\/v2\/users\/14"}],"replies":[{"embeddable":true,"href":"https:\/\/ssps-backup.200.solutions\/index.php?rest_route=%2Fwp%2Fv2%2Fcomments&post=4042"}],"version-history":[{"count":3,"href":"https:\/\/ssps-backup.200.solutions\/index.php?rest_route=\/wp\/v2\/pages\/4042\/revisions"}],"predecessor-version":[{"id":4264,"href":"https:\/\/ssps-backup.200.solutions\/index.php?rest_route=\/wp\/v2\/pages\/4042\/revisions\/4264"}],"up":[{"embeddable":true,"href":"https:\/\/ssps-backup.200.solutions\/index.php?rest_route=\/wp\/v2\/pages\/154"}],"wp:attachment":[{"href":"https:\/\/ssps-backup.200.solutions\/index.php?rest_route=%2Fwp%2Fv2%2Fmedia&parent=4042"}],"curies":[{"name":"wp","href":"https:\/\/api.w.org\/{rel}","templated":true}]}}