{"id":3999,"date":"2022-10-12T01:10:58","date_gmt":"2022-10-11T23:10:58","guid":{"rendered":"https:\/\/ssps-backup.200.solutions\/?page_id=3999"},"modified":"2025-10-03T14:59:51","modified_gmt":"2025-10-03T12:59:51","slug":"potrebuji-vyridit","status":"publish","type":"page","link":"https:\/\/ssps-backup.200.solutions\/?page_id=3999","title":{"rendered":"Pot\u0159ebuji vy\u0159\u00eddit"},"content":{"rendered":"\n<p>Pokud je to jen mo\u017en\u00e9, \u017e\u00e1dosti vypl\u0148te elektronicky a po vyti\u0161t\u011bn\u00ed je podepi\u0161te. \u00dadaje i podpis z\u00e1konn\u00e9ho z\u00e1stupce je nezbytn\u00fd jen v okam\u017eiku, kdy \u017eadatel nen\u00ed plnolet\u00fd.<\/p>\n\n\n\n<h3 class=\"wp-block-heading\">Nej\u010dast\u011bj\u0161\u00ed<\/h3>\n\n\n\n<div class=\"wp-block-file\"><a id=\"wp-block-file--media-80e51ebc-7ab8-4b5c-a95b-7fee1f04887c\" href=\"https:\/\/ssps-backup.200.solutions\/wp-content\/uploads\/2022\/10\/POTVRZENI-O-STUDIU-1.docx\">Potvrzen\u00ed o studiu<\/a><a href=\"https:\/\/ssps-backup.200.solutions\/wp-content\/uploads\/2022\/10\/POTVRZENI-O-STUDIU-1.docx\" class=\"wp-block-file__button wp-element-button\" download aria-describedby=\"wp-block-file--media-80e51ebc-7ab8-4b5c-a95b-7fee1f04887c\">St\u00e1hnout<\/a><\/div>\n\n\n\n<div class=\"wp-block-file\"><a id=\"wp-block-file--media-5bfe98b9-2dc5-4336-835d-f39145786be4\" href=\"https:\/\/ssps-backup.200.solutions\/wp-content\/uploads\/2022\/10\/ZADOST-O-TOLERANCI-POZDNICH-PRICHODU.docx\">\u017d\u00e1dost o toleranci pozdn\u00edch p\u0159\u00edchod\u016f<\/a><a href=\"https:\/\/ssps-backup.200.solutions\/wp-content\/uploads\/2022\/10\/ZADOST-O-TOLERANCI-POZDNICH-PRICHODU.docx\" class=\"wp-block-file__button wp-element-button\" download aria-describedby=\"wp-block-file--media-5bfe98b9-2dc5-4336-835d-f39145786be4\">St\u00e1hnout<\/a><\/div>\n\n\n\n<div class=\"wp-block-file\"><a id=\"wp-block-file--media-eaf5e942-ef56-4cb8-adc2-ea9c76f91084\" href=\"https:\/\/ssps-backup.200.solutions\/wp-content\/uploads\/2022\/10\/ZADOST-O-UVOLNENI-Z-PREDMETU.docx\">\u017d\u00e1dost o uvoln\u011bn\u00ed z p\u0159edm\u011bt\u016f<\/a><a href=\"https:\/\/ssps-backup.200.solutions\/wp-content\/uploads\/2022\/10\/ZADOST-O-UVOLNENI-Z-PREDMETU.docx\" class=\"wp-block-file__button wp-element-button\" download aria-describedby=\"wp-block-file--media-eaf5e942-ef56-4cb8-adc2-ea9c76f91084\">St\u00e1hnout<\/a><\/div>\n\n\n\n<div class=\"wp-block-file\"><a id=\"wp-block-file--media-0052a4bd-099a-486c-9a1e-aef5ca9b67fd\" href=\"https:\/\/ssps-backup.200.solutions\/wp-content\/uploads\/2024\/09\/zadost_nahrazeni_zkousky_ANJ_certifikatem.pdf\">\u017d\u00e1dost o nahrazen\u00ed maturitn\u00ed zkou\u0161ky z Anglick\u00e9ho jazyka certifik\u00e1tem<\/a><a href=\"https:\/\/ssps-backup.200.solutions\/wp-content\/uploads\/2024\/09\/zadost_nahrazeni_zkousky_ANJ_certifikatem.pdf\" class=\"wp-block-file__button wp-element-button\" download aria-describedby=\"wp-block-file--media-0052a4bd-099a-486c-9a1e-aef5ca9b67fd\">St\u00e1hnout<\/a><\/div>\n\n\n\n<div class=\"wp-block-file\"><a id=\"wp-block-file--media-d437fe72-9f41-475c-ac96-08b80e553c99\" href=\"https:\/\/ssps-backup.200.solutions\/wp-content\/uploads\/2022\/10\/ZADOST-O-ZARAZENI-DO-PROGRAMU-NA-PODPORU-TALENTOVANYCH-A-AKTIVNICH-STUDENT.docx\">\u017d\u00e1dost o za\u0159azen\u00ed do programu na podporu talentovan\u00fdch a aktivn\u00edch student\u016f<\/a><a href=\"https:\/\/ssps-backup.200.solutions\/wp-content\/uploads\/2022\/10\/ZADOST-O-ZARAZENI-DO-PROGRAMU-NA-PODPORU-TALENTOVANYCH-A-AKTIVNICH-STUDENT.docx\" class=\"wp-block-file__button wp-element-button\" download aria-describedby=\"wp-block-file--media-d437fe72-9f41-475c-ac96-08b80e553c99\">St\u00e1hnout<\/a><\/div>\n\n\n\n<h3 class=\"wp-block-heading\">Dal\u0161\u00ed<\/h3>\n\n\n\n<div class=\"wp-block-file\"><a id=\"wp-block-file--media-738e3cfe-337f-4798-a1a4-3f0da9241814\" href=\"https:\/\/ssps-backup.200.solutions\/wp-content\/uploads\/2022\/10\/ZADOST-O-UVOLNENI-Z-VYUCOVANI-NA-DOBU-DELSI-NEZ-1-DEN-Z-DUVODU-PREDEM-ZNAMYCH.docx\">\u017d\u00e1dost o uvoln\u011bn\u00ed z vyu\u010dov\u00e1n\u00ed na dobu del\u0161\u00ed ne\u017e 1 den z d\u016fvod\u016f p\u0159edem zn\u00e1m\u00fdch<\/a><a href=\"https:\/\/ssps-backup.200.solutions\/wp-content\/uploads\/2022\/10\/ZADOST-O-UVOLNENI-Z-VYUCOVANI-NA-DOBU-DELSI-NEZ-1-DEN-Z-DUVODU-PREDEM-ZNAMYCH.docx\" class=\"wp-block-file__button wp-element-button\" download aria-describedby=\"wp-block-file--media-738e3cfe-337f-4798-a1a4-3f0da9241814\">St\u00e1hnout<\/a><\/div>\n\n\n\n<div class=\"wp-block-file\"><a id=\"wp-block-file--media-2e01cd90-1746-40e8-ae5f-b2ffbbb3b8ed\" href=\"https:\/\/ssps-backup.200.solutions\/wp-content\/uploads\/2022\/10\/ZADOST-O-POVOLENI-OPAKOVANI-ROCNIKU.docx\">\u017d\u00e1dost o povolen\u00ed opakov\u00e1n\u00ed ro\u010dn\u00edku<\/a><a href=\"https:\/\/ssps-backup.200.solutions\/wp-content\/uploads\/2022\/10\/ZADOST-O-POVOLENI-OPAKOVANI-ROCNIKU.docx\" class=\"wp-block-file__button wp-element-button\" download aria-describedby=\"wp-block-file--media-2e01cd90-1746-40e8-ae5f-b2ffbbb3b8ed\">St\u00e1hnout<\/a><\/div>\n\n\n\n<div class=\"wp-block-file\"><a id=\"wp-block-file--media-abff9841-43c1-486c-be19-73efa476823c\" href=\"https:\/\/ssps-backup.200.solutions\/wp-content\/uploads\/2022\/10\/ZADOST-O-VYSTAVENI-OPISU-VYSVEDCENI.docx\">\u017d\u00e1dost o vystaven\u00ed opisu vysv\u011bd\u010den\u00ed<\/a><a href=\"https:\/\/ssps-backup.200.solutions\/wp-content\/uploads\/2022\/10\/ZADOST-O-VYSTAVENI-OPISU-VYSVEDCENI.docx\" class=\"wp-block-file__button wp-element-button\" download aria-describedby=\"wp-block-file--media-abff9841-43c1-486c-be19-73efa476823c\">St\u00e1hnout<\/a><\/div>\n\n\n\n<div class=\"wp-block-file\"><a id=\"wp-block-file--media-f5fc6c75-4f0d-407e-a722-acc152066770\" href=\"https:\/\/ssps-backup.200.solutions\/wp-content\/uploads\/2022\/10\/ZADOST-O-POVOLENI-INDIVIDUALNIHO-VZDELAVACIHO-PLANU.docx\">\u017d\u00e1dost o povolen\u00ed individu\u00e1ln\u00edho vzd\u011bl\u00e1vac\u00edho pl\u00e1nu<\/a><a href=\"https:\/\/ssps-backup.200.solutions\/wp-content\/uploads\/2022\/10\/ZADOST-O-POVOLENI-INDIVIDUALNIHO-VZDELAVACIHO-PLANU.docx\" class=\"wp-block-file__button wp-element-button\" download aria-describedby=\"wp-block-file--media-f5fc6c75-4f0d-407e-a722-acc152066770\">St\u00e1hnout<\/a><\/div>\n\n\n\n<div class=\"wp-block-file\"><a id=\"wp-block-file--media-eb24a370-50ad-4151-91cd-75f73314495d\" href=\"https:\/\/ssps-backup.200.solutions\/wp-content\/uploads\/2022\/10\/ZADOST-O-PRERUSENI-VZDELAVANI.docx\">\u017d\u00e1dost o p\u0159eru\u0161en\u00ed vzd\u011bl\u00e1v\u00e1n\u00ed<\/a><a href=\"https:\/\/ssps-backup.200.solutions\/wp-content\/uploads\/2022\/10\/ZADOST-O-PRERUSENI-VZDELAVANI.docx\" class=\"wp-block-file__button wp-element-button\" download aria-describedby=\"wp-block-file--media-eb24a370-50ad-4151-91cd-75f73314495d\">St\u00e1hnout<\/a><\/div>\n\n\n\n<div class=\"wp-block-file\"><a id=\"wp-block-file--media-3ccfb2a1-1ac6-4f09-8d98-4d5195634592\" href=\"https:\/\/ssps-backup.200.solutions\/wp-content\/uploads\/2022\/10\/ZADOST-O-UKONCENI-PRERUSENI-VZDELAVANI.docx\">\u017d\u00e1dost o ukon\u010den\u00ed p\u0159eru\u0161en\u00ed vzd\u011bl\u00e1v\u00e1n\u00ed<\/a><a href=\"https:\/\/ssps-backup.200.solutions\/wp-content\/uploads\/2022\/10\/ZADOST-O-UKONCENI-PRERUSENI-VZDELAVANI.docx\" class=\"wp-block-file__button wp-element-button\" download aria-describedby=\"wp-block-file--media-3ccfb2a1-1ac6-4f09-8d98-4d5195634592\">St\u00e1hnout<\/a><\/div>\n\n\n\n<div class=\"wp-block-file\"><a id=\"wp-block-file--media-cc0781a6-285a-4e7f-af1d-777c5420e0f6\" href=\"https:\/\/ssps-backup.200.solutions\/wp-content\/uploads\/2022\/10\/OZNAMENI-O-ZANECHANI-STUDIA.docx\">Ozn\u00e1men\u00ed o zanech\u00e1n\u00ed studia<\/a><a href=\"https:\/\/ssps-backup.200.solutions\/wp-content\/uploads\/2022\/10\/OZNAMENI-O-ZANECHANI-STUDIA.docx\" class=\"wp-block-file__button wp-element-button\" download aria-describedby=\"wp-block-file--media-cc0781a6-285a-4e7f-af1d-777c5420e0f6\">St\u00e1hnout<\/a><\/div>\n\n\n\n<div class=\"wp-block-file\"><a id=\"wp-block-file--media-d462b750-7d39-4a19-9373-57a5419a7c9a\" href=\"https:\/\/ssps-backup.200.solutions\/wp-content\/uploads\/2023\/09\/Prihlaska-do-Divciho-spolku-1.docx\">P\u0159ihl\u00e1\u0161ka do d\u00edv\u010d\u00edho spolku<\/a><a href=\"https:\/\/ssps-backup.200.solutions\/wp-content\/uploads\/2023\/09\/Prihlaska-do-Divciho-spolku-1.docx\" class=\"wp-block-file__button wp-element-button\" download aria-describedby=\"wp-block-file--media-d462b750-7d39-4a19-9373-57a5419a7c9a\">St\u00e1hnout<\/a><\/div>\n\n\n\n<h3 class=\"wp-block-heading\">Chci p\u0159estoupit na \u0161kolu<\/h3>\n\n\n\n<div class=\"wp-block-file\"><a id=\"wp-block-file--media-99b696ef-66ef-4463-89da-3f936e9b1e51\" href=\"https:\/\/ssps-backup.200.solutions\/wp-content\/uploads\/2022\/10\/ZADOST-O-POVOLENI-PRESTUPU-NA-SMICHOVSKOU-STREDNI-PRUMYSLOVOU-SKOLU-A-GYMNAZIUM.docx\">\u017d\u00e1dost o povolen\u00ed p\u0159estupu na Sm\u00edchovskou st\u0159edn\u00ed pr\u016fmyslovou \u0161kolu a gymn\u00e1zium<\/a><a href=\"https:\/\/ssps-backup.200.solutions\/wp-content\/uploads\/2022\/10\/ZADOST-O-POVOLENI-PRESTUPU-NA-SMICHOVSKOU-STREDNI-PRUMYSLOVOU-SKOLU-A-GYMNAZIUM.docx\" class=\"wp-block-file__button wp-element-button\" download aria-describedby=\"wp-block-file--media-99b696ef-66ef-4463-89da-3f936e9b1e51\">St\u00e1hnout<\/a><\/div>\n\n\n\n<div class=\"wp-block-file\"><a id=\"wp-block-file--media-07f63d6a-435b-432e-bc87-7de91271edd6\" href=\"https:\/\/ssps-backup.200.solutions\/wp-content\/uploads\/2022\/10\/ZADOST-O-PRIJETI-DO-VYSSIHO-ROCNIKU.docx\">\u017d\u00e1dost o p\u0159ijet\u00ed do vy\u0161\u0161\u00edho ro\u010dn\u00edku<\/a><a href=\"https:\/\/ssps-backup.200.solutions\/wp-content\/uploads\/2022\/10\/ZADOST-O-PRIJETI-DO-VYSSIHO-ROCNIKU.docx\" class=\"wp-block-file__button wp-element-button\" download aria-describedby=\"wp-block-file--media-07f63d6a-435b-432e-bc87-7de91271edd6\">St\u00e1hnout<\/a><\/div>\n\n\n\n<h3 class=\"wp-block-heading\">&#8230;nena\u0161li jste? Vyu\u017eijte obecnou \u017e\u00e1dost!<\/h3>\n\n\n\n<div class=\"wp-block-file\"><a id=\"wp-block-file--media-a9089e35-cde6-48b6-8fb2-40c698cacdde\" href=\"https:\/\/ssps-backup.200.solutions\/wp-content\/uploads\/2022\/10\/OBECNA-ZADOST.docx\">Obecn\u00e1 \u017e\u00e1dost<\/a><a href=\"https:\/\/ssps-backup.200.solutions\/wp-content\/uploads\/2022\/10\/OBECNA-ZADOST.docx\" class=\"wp-block-file__button wp-element-button\" download aria-describedby=\"wp-block-file--media-a9089e35-cde6-48b6-8fb2-40c698cacdde\">St\u00e1hnout<\/a><\/div>\n","protected":false},"excerpt":{"rendered":"<p>Pokud je to jen mo\u017en\u00e9, \u017e\u00e1dosti vypl\u0148te elektronicky a po vyti\u0161t\u011bn\u00ed je podepi\u0161te. \u00dadaje i&#8230; <a href=\"https:\/\/ssps-backup.200.solutions\/?page_id=3999\" class=\"readmore\">Zobrazit v\u00edce<\/a><\/p>\n","protected":false},"author":14,"featured_media":0,"parent":189,"menu_order":10,"comment_status":"closed","ping_status":"closed","template":"","meta":{"_acf_changed":false,"inline_featured_image":false,"footnotes":""},"class_list":["post-3999","page","type-page","status-publish","hentry"],"acf":[],"_links":{"self":[{"href":"https:\/\/ssps-backup.200.solutions\/index.php?rest_route=\/wp\/v2\/pages\/3999","targetHints":{"allow":["GET"]}}],"collection":[{"href":"https:\/\/ssps-backup.200.solutions\/index.php?rest_route=\/wp\/v2\/pages"}],"about":[{"href":"https:\/\/ssps-backup.200.solutions\/index.php?rest_route=\/wp\/v2\/types\/page"}],"author":[{"embeddable":true,"href":"https:\/\/ssps-backup.200.solutions\/index.php?rest_route=\/wp\/v2\/users\/14"}],"replies":[{"embeddable":true,"href":"https:\/\/ssps-backup.200.solutions\/index.php?rest_route=%2Fwp%2Fv2%2Fcomments&post=3999"}],"version-history":[{"count":6,"href":"https:\/\/ssps-backup.200.solutions\/index.php?rest_route=\/wp\/v2\/pages\/3999\/revisions"}],"predecessor-version":[{"id":7200,"href":"https:\/\/ssps-backup.200.solutions\/index.php?rest_route=\/wp\/v2\/pages\/3999\/revisions\/7200"}],"up":[{"embeddable":true,"href":"https:\/\/ssps-backup.200.solutions\/index.php?rest_route=\/wp\/v2\/pages\/189"}],"wp:attachment":[{"href":"https:\/\/ssps-backup.200.solutions\/index.php?rest_route=%2Fwp%2Fv2%2Fmedia&parent=3999"}],"curies":[{"name":"wp","href":"https:\/\/api.w.org\/{rel}","templated":true}]}}