{"id":383,"date":"2020-08-10T20:15:14","date_gmt":"2020-08-10T18:15:14","guid":{"rendered":"http:\/\/ssps.200solutions.com\/?page_id=383"},"modified":"2023-08-09T04:47:52","modified_gmt":"2023-08-09T02:47:52","slug":"kyberneticka-bezpecnost","status":"publish","type":"page","link":"https:\/\/ssps-backup.200.solutions\/?page_id=383","title":{"rendered":"Kybernetick\u00e1 bezpe\u010dnost"},"content":{"rendered":"\n<figure class=\"wp-block-image size-large\"><img fetchpriority=\"high\" decoding=\"async\" width=\"1024\" height=\"299\" src=\"https:\/\/ssps-backup.200.solutions\/wp-content\/uploads\/2021\/01\/6_2-1024x299.png\" alt=\"\" class=\"wp-image-1543\" srcset=\"https:\/\/ssps-backup.200.solutions\/wp-content\/uploads\/2021\/01\/6_2-1024x299.png 1024w, https:\/\/ssps-backup.200.solutions\/wp-content\/uploads\/2021\/01\/6_2-300x88.png 300w, https:\/\/ssps-backup.200.solutions\/wp-content\/uploads\/2021\/01\/6_2-768x224.png 768w, https:\/\/ssps-backup.200.solutions\/wp-content\/uploads\/2021\/01\/6_2-1536x449.png 1536w, https:\/\/ssps-backup.200.solutions\/wp-content\/uploads\/2021\/01\/6_2-2048x599.png 2048w\" sizes=\"(max-width: 1024px) 100vw, 1024px\" \/><\/figure>\n\n\n\n<p>Zcela nov\u00fd obor vzd\u011bl\u00e1v\u00e1n\u00ed Kybernetick\u00e1 bezpe\u010dnost je vyu\u010dov\u00e1n v pilotn\u00edm re\u017eimu vyhl\u00e1\u0161en\u00fdm M\u0160MT. Studenti se ve vybran\u00fdch p\u0159edm\u011btech vzd\u011bl\u00e1vaj\u00ed v re\u017eimu tzv. p\u0159evr\u00e1cen\u00e9 v\u00fduky, kdy maj\u00ed v\u017edy 1 den v t\u00fddnu vyhrazen\u00fd na samostudium obs\u00e1hlej\u0161\u00ed problematiky. D\u00edky tomu lze v prezen\u010dn\u00edch hodin\u00e1ch p\u0159istupovat ke student\u016fm individu\u00e1ln\u011bji a \u0159e\u0161it a\u017e komplikovan\u011bj\u0161\u00ed \u010d\u00e1sti dan\u00e9ho t\u00e9matu.<\/p>\n\n\n\n<p>Absolvent oboru kybernetick\u00e1 bezpe\u010dnost bude m\u00edt pochopiteln\u011b pot\u0159ebn\u00e9 znalosti z hardware, software, webov\u00fdch a mobiln\u00edch aplikac\u00ed, po\u010d\u00edta\u010dov\u00fdch s\u00edt\u00ed a programov\u00e1n\u00ed, ale tak\u00e9 pov\u011bdom\u00ed o pr\u00e1vn\u00edch aspektech <a href=\"https:\/\/ssps-backup.200.solutions\/projekty\/kyberneticka-bezpecnost\/\">kybernetick\u00e9 bezpe\u010dnosti<\/a> a etick\u00fdch z\u00e1sad\u00e1ch pro pr\u00e1ci s informa\u010dn\u00edmi technologiemi ve firm\u00e1ch, organizac\u00edch i ve st\u00e1tn\u00ed sf\u00e9\u0159e. Bude um\u011bt uva\u017eovat v souvislostech, co\u017e je kompetence, kter\u00e1 bude v bl\u00edzk\u00e9 dob\u011b velmi pot\u0159ebn\u00e1. Krom\u011b teoretick\u00fdch znalost\u00ed se absolvent\u016fm dostane i praktick\u00fdch zku\u0161enost\u00ed, a to i na Polygonu kybernetick\u00e9 bezpe\u010dnosti, kter\u00fd byl vybudov\u00e1n p\u0159\u00edmo na na\u0161\u00ed \u0161kole.<\/p>\n\n\n\n<p class=\"has-text-align-center has-white-color has-text-color has-background\" style=\"background-color:#0c5a89\">P\u0159ij\u00edm\u00e1me 30 student\u016f!<\/p>\n","protected":false},"excerpt":{"rendered":"<p>Zcela nov\u00fd obor vzd\u011bl\u00e1v\u00e1n\u00ed Kybernetick\u00e1 bezpe\u010dnost je vyu\u010dov\u00e1n v pilotn\u00edm re\u017eimu vyhl\u00e1\u0161en\u00fdm M\u0160MT. Studenti se&#8230; <a href=\"https:\/\/ssps-backup.200.solutions\/?page_id=383\" class=\"readmore\">Zobrazit v\u00edce<\/a><\/p>\n","protected":false},"author":14,"featured_media":0,"parent":164,"menu_order":0,"comment_status":"closed","ping_status":"closed","template":"","meta":{"_acf_changed":false,"inline_featured_image":false,"footnotes":""},"class_list":["post-383","page","type-page","status-publish","hentry"],"acf":[],"_links":{"self":[{"href":"https:\/\/ssps-backup.200.solutions\/index.php?rest_route=\/wp\/v2\/pages\/383","targetHints":{"allow":["GET"]}}],"collection":[{"href":"https:\/\/ssps-backup.200.solutions\/index.php?rest_route=\/wp\/v2\/pages"}],"about":[{"href":"https:\/\/ssps-backup.200.solutions\/index.php?rest_route=\/wp\/v2\/types\/page"}],"author":[{"embeddable":true,"href":"https:\/\/ssps-backup.200.solutions\/index.php?rest_route=\/wp\/v2\/users\/14"}],"replies":[{"embeddable":true,"href":"https:\/\/ssps-backup.200.solutions\/index.php?rest_route=%2Fwp%2Fv2%2Fcomments&post=383"}],"version-history":[{"count":10,"href":"https:\/\/ssps-backup.200.solutions\/index.php?rest_route=\/wp\/v2\/pages\/383\/revisions"}],"predecessor-version":[{"id":6632,"href":"https:\/\/ssps-backup.200.solutions\/index.php?rest_route=\/wp\/v2\/pages\/383\/revisions\/6632"}],"up":[{"embeddable":true,"href":"https:\/\/ssps-backup.200.solutions\/index.php?rest_route=\/wp\/v2\/pages\/164"}],"wp:attachment":[{"href":"https:\/\/ssps-backup.200.solutions\/index.php?rest_route=%2Fwp%2Fv2%2Fmedia&parent=383"}],"curies":[{"name":"wp","href":"https:\/\/api.w.org\/{rel}","templated":true}]}}