{"id":38,"date":"2020-07-28T17:34:20","date_gmt":"2020-07-28T15:34:20","guid":{"rendered":"http:\/\/ssps\/web\/?page_id=38"},"modified":"2024-02-21T18:11:51","modified_gmt":"2024-02-21T17:11:51","slug":"systemy","status":"publish","type":"page","link":"https:\/\/ssps-backup.200.solutions\/?page_id=38","title":{"rendered":"Syst\u00e9my"},"content":{"rendered":"\n<a href=\"https:\/\/bakalari.ssps.cz\/\" class=\"system\" rel=\"nofollow noopener\" target=\"_blank\">\n    <div class=\"image\">\n        <img decoding=\"async\" src=\"https:\/\/ssps-backup.200.solutions\/wp-content\/uploads\/2020\/08\/bakalari.png\" alt=\"\">\n    <\/div>\n    <div class=\"content\">\n        <h3>Bakal\u00e1\u0159i<\/h3>\n\n        <p>Klasifikace, t\u0159\u00eddn\u00ed kniha a p\u0159\u00edm\u00e1 komunikace s t\u0159\u00eddn\u00edmi u\u010diteli.<\/p>\n    <\/div>\n<\/a>\n<a href=\"https:\/\/portal.office.com\/\" class=\"system\" rel=\"nofollow noopener\" target=\"_blank\">\n    <div class=\"image\">\n        <img decoding=\"async\" src=\"https:\/\/ssps-backup.200.solutions\/wp-content\/uploads\/2020\/10\/teams.png\" alt=\"\">\n    <\/div>\n    <div class=\"content\">\n        <h3>MS Teams<\/h3>\n\n        <p>Videokonference, zad\u00e1n\u00ed a distan\u010dn\u00ed v\u00fduka.<\/p>\n    <\/div>\n<\/a>\n<a href=\"https:\/\/moodle.ssps.cz\/\" class=\"system\" rel=\"nofollow noopener\" target=\"_blank\">\n    <div class=\"image\">\n        <img decoding=\"async\" src=\"https:\/\/ssps-backup.200.solutions\/wp-content\/uploads\/2020\/10\/moodle.png\" alt=\"\">\n    <\/div>\n    <div class=\"content\">\n        <h3>Moodle<\/h3>\n\n        <p>V\u00fdukov\u00e9 materi\u00e1ly, informace o p\u0159edm\u011btech.<\/p>\n    <\/div>\n<\/a>\n<a href=\"https:\/\/skripta.ssps.cz\/\" class=\"system\" rel=\"nofollow noopener\" target=\"_blank\">\n    <div class=\"image\">\n        <img decoding=\"async\" src=\"https:\/\/ssps-backup.200.solutions\/wp-content\/uploads\/2020\/08\/skripta.png\" alt=\"\">\n    <\/div>\n    <div class=\"content\">\n        <h3>Skripta<\/h3>\n\n        <p>Skripta o tom co u\u010d\u00edme, od t\u011bch co to u\u010d\u00ed, pro ty co se to u\u010d\u00ed.<\/p>\n    <\/div>\n<\/a>\n<a href=\"https:\/\/uuidentity.plus4u.net\/uu-identitymanagement-maing01\/a9b105aff2744771be4daa8361954677\/login?acrValues=low&amp;clientId=7bd3be78eb5e462ea6d9fe9cf07826bb&amp;state=h4XVM2jblaRUBLia.qJStxXlsNzdjYRStwub-UA57eoMt7nGxWfmBpbu8ifZXpTk1c0RhomQzjOqoOzapcrA_EvTCcUdzYcpHHMUj1KdcMnCIxLKHpPwAW6elml6KkWAO7NMBNrVDS8O5y-9-ssaYmTzBsvu8gvpOTISd6-PelR_iWnnoAPW7ftWdZ0PlaOAcPhic6LVPZZAzqbAzVLIZPYs8mOmcZeZpG2ChA4FinAZ9tHRSDFEfC8hmySLTgsQUXXFHSmvxFUqxLJsIi8SnmnVssypOssBzOsc2Maco2oawU1EzurtGj8BZF9n4ibf01KWfNr_AExb6hD3qyfoM\" class=\"system\" rel=\"nofollow noopener\" target=\"_blank\">\n    <div class=\"image\">\n        <img decoding=\"async\" src=\"https:\/\/ssps-backup.200.solutions\/wp-content\/uploads\/2020\/08\/virtualni-skola.png\" alt=\"\">\n    <\/div>\n    <div class=\"content\">\n        <h3>Virtu\u00e1ln\u00ed \u0161kola<\/h3>\n\n        <p>Syst\u00e9m p\u0159edev\u0161\u00edm pro p\u0159\u00edstup k hodnot\u00edc\u00edm list\u016fm maturitn\u00edch projekt\u016f.<\/p>\n    <\/div>\n<\/a>\n<a href=\"https:\/\/login.microsoftonline.com\/\" class=\"system\" rel=\"nofollow noopener\" target=\"_blank\">\n    <div class=\"image\">\n        <img decoding=\"async\" src=\"https:\/\/ssps-backup.200.solutions\/wp-content\/uploads\/2020\/08\/office.png\" alt=\"\">\n    <\/div>\n    <div class=\"content\">\n        <h3>Office 365<\/h3>\n\n        <p>Spravuj sv\u016fj \u0161koln\u00ed \u00fa\u010det Microsoft Office 365.<\/p>\n    <\/div>\n<\/a>\n","protected":false},"excerpt":{"rendered":"<p>Bakal\u00e1\u0159i Klasifikace, t\u0159\u00eddn\u00ed kniha a p\u0159\u00edm\u00e1 komunikace s t\u0159\u00eddn\u00edmi u\u010diteli. MS Teams Videokonference, zad\u00e1n\u00ed a&#8230; <a href=\"https:\/\/ssps-backup.200.solutions\/?page_id=38\" class=\"readmore\">Zobrazit v\u00edce<\/a><\/p>\n","protected":false},"author":14,"featured_media":0,"parent":189,"menu_order":-10,"comment_status":"closed","ping_status":"closed","template":"","meta":{"_acf_changed":false,"inline_featured_image":false,"footnotes":""},"class_list":["post-38","page","type-page","status-publish","hentry"],"acf":[],"_links":{"self":[{"href":"https:\/\/ssps-backup.200.solutions\/index.php?rest_route=\/wp\/v2\/pages\/38","targetHints":{"allow":["GET"]}}],"collection":[{"href":"https:\/\/ssps-backup.200.solutions\/index.php?rest_route=\/wp\/v2\/pages"}],"about":[{"href":"https:\/\/ssps-backup.200.solutions\/index.php?rest_route=\/wp\/v2\/types\/page"}],"author":[{"embeddable":true,"href":"https:\/\/ssps-backup.200.solutions\/index.php?rest_route=\/wp\/v2\/users\/14"}],"replies":[{"embeddable":true,"href":"https:\/\/ssps-backup.200.solutions\/index.php?rest_route=%2Fwp%2Fv2%2Fcomments&post=38"}],"version-history":[{"count":5,"href":"https:\/\/ssps-backup.200.solutions\/index.php?rest_route=\/wp\/v2\/pages\/38\/revisions"}],"predecessor-version":[{"id":6086,"href":"https:\/\/ssps-backup.200.solutions\/index.php?rest_route=\/wp\/v2\/pages\/38\/revisions\/6086"}],"up":[{"embeddable":true,"href":"https:\/\/ssps-backup.200.solutions\/index.php?rest_route=\/wp\/v2\/pages\/189"}],"wp:attachment":[{"href":"https:\/\/ssps-backup.200.solutions\/index.php?rest_route=%2Fwp%2Fv2%2Fmedia&parent=38"}],"curies":[{"name":"wp","href":"https:\/\/api.w.org\/{rel}","templated":true}]}}