{"id":379,"date":"2020-08-10T20:12:45","date_gmt":"2020-08-10T18:12:45","guid":{"rendered":"http:\/\/ssps.200solutions.com\/?page_id=379"},"modified":"2024-11-16T21:35:05","modified_gmt":"2024-11-16T20:35:05","slug":"informacni-technologie","status":"publish","type":"page","link":"https:\/\/ssps-backup.200.solutions\/?page_id=379","title":{"rendered":"Informa\u010dn\u00ed technologie"},"content":{"rendered":"\n<figure class=\"wp-block-image size-large\"><img fetchpriority=\"high\" decoding=\"async\" width=\"1024\" height=\"299\" src=\"https:\/\/ssps-backup.200.solutions\/wp-content\/uploads\/2021\/01\/4_2-1024x299.png\" alt=\"\" class=\"wp-image-1540\" srcset=\"https:\/\/ssps-backup.200.solutions\/wp-content\/uploads\/2021\/01\/4_2-1024x299.png 1024w, https:\/\/ssps-backup.200.solutions\/wp-content\/uploads\/2021\/01\/4_2-300x88.png 300w, https:\/\/ssps-backup.200.solutions\/wp-content\/uploads\/2021\/01\/4_2-768x224.png 768w, https:\/\/ssps-backup.200.solutions\/wp-content\/uploads\/2021\/01\/4_2-1536x449.png 1536w, https:\/\/ssps-backup.200.solutions\/wp-content\/uploads\/2021\/01\/4_2-2048x599.png 2048w\" sizes=\"(max-width: 1024px) 100vw, 1024px\" \/><\/figure>\n\n\n\n<p>V\u00fduka v tomto oboru je v prvn\u00edm a druh\u00e9m ro\u010dn\u00edku koncipov\u00e1na tak, aby studenti z\u00edskali hutn\u00fd z\u00e1klad, na kter\u00fd navazuj\u00ed ve specializovan\u00e9 v\u00fduce v ro\u010dn\u00edku t\u0159et\u00edm a \u010dtvrt\u00e9m. Studenti se ve vybran\u00fdch p\u0159edm\u011btech vzd\u011bl\u00e1vaj\u00ed v re\u017eimu tzv. p\u0159evr\u00e1cen\u00e9 v\u00fduky, kdy maj\u00ed v\u017edy 1 den v t\u00fddnu vyhrazen\u00fd na samostudium obs\u00e1hlej\u0161\u00ed problematiky. D\u00edky tomu lze v prezen\u010dn\u00edch hodin\u00e1ch p\u0159istupovat ke student\u016fm individu\u00e1ln\u011bji a \u0159e\u0161it a\u017e komplikovan\u011bj\u0161\u00ed \u010d\u00e1sti dan\u00e9ho t\u00e9matu.<\/p>\n\n\n\n<p>Snahou je co nejl\u00e9pe rozv\u00edjet talent student\u016f a z\u00e1rove\u0148 jim poskytnout obecn\u00e9 vzd\u011bl\u00e1n\u00ed, kter\u00e9 budou muset d\u00e1le dopl\u0148ovat po cel\u00fd sv\u016fj dal\u0161\u00ed profesn\u00ed \u017eivot, nebo\u0165 celo\u017eivotn\u00ed vzd\u011bl\u00e1v\u00e1n\u00ed v&nbsp;oboru vzd\u011bl\u00e1v\u00e1n\u00ed Informa\u010dn\u00edch technologi\u00ed je ji\u017e nyn\u00ed nutnost\u00ed a v \u010dase tato skute\u010dnost bude jenom posilovat.<\/p>\n\n\n\n<p>Student si pot\u0159ebuje ze st\u0159edn\u00ed \u0161koly krom\u011b odborn\u00fdch znalost\u00ed odn\u00e9st i dal\u0161\u00ed dovednosti, p\u0159edev\u0161\u00edm schopnost se u\u010dit, co\u017e je rozd\u00edln\u00fd pojem od na\u0161prtat se na p\u00edsemku, schopnost pracovat s odborn\u00fdmi texty, tutori\u00e1ly, odborn\u00fdmi f\u00f3ry, a neust\u00e1le objevovat a dou\u010dovat se nov\u00e9 v\u011bci. Pot\u0159ebuje tak\u00e9 um\u011bt pracovat v t\u00fdmu, v lep\u0161\u00edm p\u0159\u00edpad\u011b schopnost pracovn\u00ed t\u00fdm v\u00e9st. O&nbsp;schopnosti analyzovat probl\u00e9my, navrhovat varianty \u0159e\u0161en\u00ed, vyb\u00edrat ty nejvhodn\u011bj\u0161\u00ed a ty pot\u00e9 realizovat, ani nemluv\u011b. Tak\u00e9 pot\u0159ebuje um\u011bn\u00ed dobr\u00e9 argumentace, prezentace a podobn\u011b. K tomu v\u0161emu sm\u011b\u0159uj\u00ed tyto zm\u011bny.<\/p>\n\n\n\n<p>Z\u00e1rove\u0148 chceme vychov\u00e1vat studenty tak, aby se neu\u010dili b\u00fdt pouze \u201ezam\u011bstnanci\u201c, ale aby m\u011bli touhu zakl\u00e1dat sv\u00e9 firmy, \u017eivnosti, d\u00e1vat pr\u00e1ci jin\u00fdm, realizovat sv\u00e9 vlastn\u00ed n\u00e1pady. Stvo\u0159it si pro jejich realizaci vhodn\u00fd t\u00fdm. Proto t\u0159eba p\u0159ib\u00fdv\u00e1 p\u0159edm\u011bt \u201eV\u00fdchova k podnik\u00e1n\u00ed\u201c, proto jsou pos\u00edleny hodiny na <a href=\"https:\/\/ssps-backup.200.solutions\/projekty\/maturitni-a-studentske-projekty\/\">Studentsk\u00fd \u010di Maturitn\u00ed projekt<\/a>.<\/p>\n\n\n\n<p>Volba dal\u0161\u00edho sm\u011b\u0159ov\u00e1n\u00ed z\u00e1rove\u0148 posiluje zodpov\u011bdnost student\u016f za sv\u00e9 vzd\u011bl\u00e1v\u00e1n\u00ed. Studenti mus\u00ed pochopit, pro\u010d se vlastn\u011b u\u010d\u00ed, pro\u010d maj\u00ed hledat vnit\u0159n\u00ed motivaci ke sv\u00e9mu odborn\u00e9mu i osobnostn\u00edmu r\u016fstu. Rovn\u011b\u017e je nutn\u00e9 podporovat z\u00e1jem student\u016f rozv\u00edjet sv\u016fj talent, a ka\u017ed\u00fd n\u011bjak\u00fd talent m\u00e1, jen ho n\u011bkte\u0159\u00ed doposud nesta\u010dili objevit.<\/p>\n\n\n\n<p class=\"has-text-align-center has-white-color has-text-color has-background\" style=\"background-color:#0c5a89\">P\u0159ij\u00edm\u00e1me 96 student\u016f!<\/p>\n","protected":false},"excerpt":{"rendered":"<p>V\u00fduka v tomto oboru je v prvn\u00edm a druh\u00e9m ro\u010dn\u00edku koncipov\u00e1na tak, aby studenti z\u00edskali&#8230; <a href=\"https:\/\/ssps-backup.200.solutions\/?page_id=379\" class=\"readmore\">Zobrazit v\u00edce<\/a><\/p>\n","protected":false},"author":14,"featured_media":0,"parent":164,"menu_order":0,"comment_status":"closed","ping_status":"closed","template":"","meta":{"_acf_changed":false,"inline_featured_image":false,"footnotes":""},"class_list":["post-379","page","type-page","status-publish","hentry"],"acf":[],"_links":{"self":[{"href":"https:\/\/ssps-backup.200.solutions\/index.php?rest_route=\/wp\/v2\/pages\/379","targetHints":{"allow":["GET"]}}],"collection":[{"href":"https:\/\/ssps-backup.200.solutions\/index.php?rest_route=\/wp\/v2\/pages"}],"about":[{"href":"https:\/\/ssps-backup.200.solutions\/index.php?rest_route=\/wp\/v2\/types\/page"}],"author":[{"embeddable":true,"href":"https:\/\/ssps-backup.200.solutions\/index.php?rest_route=\/wp\/v2\/users\/14"}],"replies":[{"embeddable":true,"href":"https:\/\/ssps-backup.200.solutions\/index.php?rest_route=%2Fwp%2Fv2%2Fcomments&post=379"}],"version-history":[{"count":10,"href":"https:\/\/ssps-backup.200.solutions\/index.php?rest_route=\/wp\/v2\/pages\/379\/revisions"}],"predecessor-version":[{"id":6631,"href":"https:\/\/ssps-backup.200.solutions\/index.php?rest_route=\/wp\/v2\/pages\/379\/revisions\/6631"}],"up":[{"embeddable":true,"href":"https:\/\/ssps-backup.200.solutions\/index.php?rest_route=\/wp\/v2\/pages\/164"}],"wp:attachment":[{"href":"https:\/\/ssps-backup.200.solutions\/index.php?rest_route=%2Fwp%2Fv2%2Fmedia&parent=379"}],"curies":[{"name":"wp","href":"https:\/\/api.w.org\/{rel}","templated":true}]}}