{"id":3533,"date":"2022-05-02T09:10:35","date_gmt":"2022-05-02T07:10:35","guid":{"rendered":"https:\/\/ssps-backup.200.solutions\/?page_id=3533"},"modified":"2022-12-18T20:53:17","modified_gmt":"2022-12-18T19:53:17","slug":"senzory-do-skol","status":"publish","type":"page","link":"https:\/\/ssps-backup.200.solutions\/?page_id=3533","title":{"rendered":"Senzory do \u0161kol"},"content":{"rendered":"\n<p><strong><u>Senzory do \u0161kol<\/u><\/strong><\/p>\n\n\n\n<p>Na\u0161e \u0161kola je od b\u0159ezna roku 2022 prvn\u00edm \u00fa\u010dastn\u00edkem pilotn\u00edho projektu \u201e<a href=\"applewebdata:\/\/B71F6EDF-B92D-459E-B39C-7D4C05C2B91F\/senzorydoskol.cz\" rel=\"nofollow\">senzory do \u0161kol<\/a>\u201c. Jedn\u00e1 se o iniciativu ve\u0159ejn\u00e9ho sb\u011bru dat, konkr\u00e9tn\u011b kvality ovzdu\u0161\u00ed. Na\u0161e \u0161kola ji\u017e disponuje&nbsp;<a href=\"applewebdata:\/\/B71F6EDF-B92D-459E-B39C-7D4C05C2B91F\/senzorvzduchu.cz\" rel=\"nofollow\">meteostanic\u00ed<\/a>, kterou si studenti sami postavili a sb\u00edr\u00e1 veli\u010diny v&nbsp;podob\u011b intenzity prachu, teploty, vlhkosti a tlaku.<\/p>\n\n\n\n<p><strong>Odpov\u011bdn\u00e1 osoba<\/strong>: Alexandr Waage <\/p>\n\n\n\n<script>\n    (function() {\n    var eventMethod = window.addEventListener ? \"addEventListener\" : \"attachEvent\";\n    var eventer = window[eventMethod];\n    var messageEvent = eventMethod === \"attachEvent\" ? \"onmessage\" : \"message\";\n    eventer(messageEvent, function(e) {\n    if (e.data.hasOwnProperty(\"aqi-widget\") && e.data['aqi-widget'] == 487) {\n    var iframe = document.getElementById(\"aqi-widget-487\");\n    if (iframe) {\n    iframe.style.height = e.data.frameHeight + \"px\";\n    }\n    }\n    });\n    })();\n    <\/script>\n    <iframe id=\"aqi-widget-487\" style=\"width: 890px; height: 210px; border: 0;\" src=\"https:\/\/senzorydoskol.aqi.eco\/widget\/487\"><\/iframe>\n","protected":false},"excerpt":{"rendered":"<p>Senzory do \u0161kol Na\u0161e \u0161kola je od b\u0159ezna roku 2022 prvn\u00edm \u00fa\u010dastn\u00edkem pilotn\u00edho projektu \u201esenzory&#8230; <a href=\"https:\/\/ssps-backup.200.solutions\/?page_id=3533\" class=\"readmore\">Zobrazit v\u00edce<\/a><\/p>\n","protected":false},"author":14,"featured_media":0,"parent":156,"menu_order":1,"comment_status":"closed","ping_status":"closed","template":"","meta":{"_acf_changed":false,"inline_featured_image":false,"footnotes":""},"class_list":["post-3533","page","type-page","status-publish","hentry"],"acf":[],"_links":{"self":[{"href":"https:\/\/ssps-backup.200.solutions\/index.php?rest_route=\/wp\/v2\/pages\/3533","targetHints":{"allow":["GET"]}}],"collection":[{"href":"https:\/\/ssps-backup.200.solutions\/index.php?rest_route=\/wp\/v2\/pages"}],"about":[{"href":"https:\/\/ssps-backup.200.solutions\/index.php?rest_route=\/wp\/v2\/types\/page"}],"author":[{"embeddable":true,"href":"https:\/\/ssps-backup.200.solutions\/index.php?rest_route=\/wp\/v2\/users\/14"}],"replies":[{"embeddable":true,"href":"https:\/\/ssps-backup.200.solutions\/index.php?rest_route=%2Fwp%2Fv2%2Fcomments&post=3533"}],"version-history":[{"count":9,"href":"https:\/\/ssps-backup.200.solutions\/index.php?rest_route=\/wp\/v2\/pages\/3533\/revisions"}],"predecessor-version":[{"id":4599,"href":"https:\/\/ssps-backup.200.solutions\/index.php?rest_route=\/wp\/v2\/pages\/3533\/revisions\/4599"}],"up":[{"embeddable":true,"href":"https:\/\/ssps-backup.200.solutions\/index.php?rest_route=\/wp\/v2\/pages\/156"}],"wp:attachment":[{"href":"https:\/\/ssps-backup.200.solutions\/index.php?rest_route=%2Fwp%2Fv2%2Fmedia&parent=3533"}],"curies":[{"name":"wp","href":"https:\/\/api.w.org\/{rel}","templated":true}]}}