{"id":3316,"date":"2022-03-14T14:20:20","date_gmt":"2022-03-14T13:20:20","guid":{"rendered":"https:\/\/ssps-backup.200.solutions\/?page_id=3316"},"modified":"2025-10-03T14:53:55","modified_gmt":"2025-10-03T12:53:55","slug":"cvicne-zadani-it-testu-2022","status":"publish","type":"page","link":"https:\/\/ssps-backup.200.solutions\/?page_id=3316","title":{"rendered":"Vzorov\u00e9 zad\u00e1n\u00ed IT test\u016f"},"content":{"rendered":"\n<h2 class=\"wp-block-heading has-text-align-center\"><strong>CVI\u010cN\u00c9 ZAD\u00c1N\u00cd IT TEST\u016e Z ROKU 202<\/strong>3<\/h2>\n\n\n\n<p>P\u0159\u00edklady jsou aktu\u00e1ln\u00ed pro p\u0159ij\u00edmac\u00ed \u0159\u00edzen\u00ed pro \u0161koln\u00ed rok 2026\/2027.<\/p>\n\n\n\n<figure class=\"wp-block-embed is-type-video is-provider-youtube wp-block-embed-youtube wp-embed-aspect-16-9 wp-has-aspect-ratio\"><div class=\"wp-block-embed__wrapper\">\n<iframe title=\"Workshop k IT test\u016fm - z\u00e1znam 2022\" width=\"500\" height=\"281\" src=\"https:\/\/www.youtube.com\/embed\/KyLH9mB_BXs?feature=oembed\" frameborder=\"0\" allow=\"accelerometer; autoplay; clipboard-write; encrypted-media; gyroscope; picture-in-picture; web-share\" referrerpolicy=\"strict-origin-when-cross-origin\" allowfullscreen><\/iframe>\n<\/div><\/figure>\n\n\n\n<div class=\"wp-block-file\"><a id=\"wp-block-file--media-37fd041d-3944-488e-9870-437ebcf70aaf\" href=\"https:\/\/ssps-backup.200.solutions\/wp-content\/uploads\/2023\/02\/Cvicne-zadani-2022-A-1-2.pdf\">Cvicne-zadani-2023-A-1-2<\/a><a href=\"https:\/\/ssps-backup.200.solutions\/wp-content\/uploads\/2023\/02\/Cvicne-zadani-2022-A-1-2.pdf\" class=\"wp-block-file__button wp-element-button\" download aria-describedby=\"wp-block-file--media-37fd041d-3944-488e-9870-437ebcf70aaf\">St\u00e1hnout<\/a><\/div>\n\n\n\n<div class=\"wp-block-file\"><a id=\"wp-block-file--media-a4332e4d-01f8-4535-8304-563f87185ebe\" href=\"https:\/\/ssps-backup.200.solutions\/wp-content\/uploads\/2022\/03\/Cvicne-zadani-2022-B-1.pdf\">Cvicne-zadani-2023-B-1<\/a><a href=\"https:\/\/ssps-backup.200.solutions\/wp-content\/uploads\/2022\/03\/Cvicne-zadani-2022-B-1.pdf\" class=\"wp-block-file__button wp-element-button\" download aria-describedby=\"wp-block-file--media-a4332e4d-01f8-4535-8304-563f87185ebe\">St\u00e1hnout<\/a><\/div>\n\n\n\n<div class=\"wp-block-file\"><a id=\"wp-block-file--media-30523957-6f72-42cb-8bd0-21d1386a8c7b\" href=\"https:\/\/ssps-backup.200.solutions\/wp-content\/uploads\/2022\/04\/Prijimaci-test-IT-ver.1-2021-EN.pdf\">Prijimaci-test-IT-ver.1-2023-EN<\/a><a href=\"https:\/\/ssps-backup.200.solutions\/wp-content\/uploads\/2022\/04\/Prijimaci-test-IT-ver.1-2021-EN.pdf\" class=\"wp-block-file__button wp-element-button\" download aria-describedby=\"wp-block-file--media-30523957-6f72-42cb-8bd0-21d1386a8c7b\">St\u00e1hnout<\/a><\/div>\n","protected":false},"excerpt":{"rendered":"<p>CVI\u010cN\u00c9 ZAD\u00c1N\u00cd IT TEST\u016e Z ROKU 2023 P\u0159\u00edklady jsou aktu\u00e1ln\u00ed pro p\u0159ij\u00edmac\u00ed \u0159\u00edzen\u00ed pro \u0161koln\u00ed&#8230; <a href=\"https:\/\/ssps-backup.200.solutions\/?page_id=3316\" class=\"readmore\">Zobrazit v\u00edce<\/a><\/p>\n","protected":false},"author":14,"featured_media":0,"parent":1288,"menu_order":3,"comment_status":"closed","ping_status":"closed","template":"","meta":{"_acf_changed":false,"inline_featured_image":false,"footnotes":""},"class_list":["post-3316","page","type-page","status-publish","hentry"],"acf":[],"_links":{"self":[{"href":"https:\/\/ssps-backup.200.solutions\/index.php?rest_route=\/wp\/v2\/pages\/3316","targetHints":{"allow":["GET"]}}],"collection":[{"href":"https:\/\/ssps-backup.200.solutions\/index.php?rest_route=\/wp\/v2\/pages"}],"about":[{"href":"https:\/\/ssps-backup.200.solutions\/index.php?rest_route=\/wp\/v2\/types\/page"}],"author":[{"embeddable":true,"href":"https:\/\/ssps-backup.200.solutions\/index.php?rest_route=\/wp\/v2\/users\/14"}],"replies":[{"embeddable":true,"href":"https:\/\/ssps-backup.200.solutions\/index.php?rest_route=%2Fwp%2Fv2%2Fcomments&post=3316"}],"version-history":[{"count":17,"href":"https:\/\/ssps-backup.200.solutions\/index.php?rest_route=\/wp\/v2\/pages\/3316\/revisions"}],"predecessor-version":[{"id":7192,"href":"https:\/\/ssps-backup.200.solutions\/index.php?rest_route=\/wp\/v2\/pages\/3316\/revisions\/7192"}],"up":[{"embeddable":true,"href":"https:\/\/ssps-backup.200.solutions\/index.php?rest_route=\/wp\/v2\/pages\/1288"}],"wp:attachment":[{"href":"https:\/\/ssps-backup.200.solutions\/index.php?rest_route=%2Fwp%2Fv2%2Fmedia&parent=3316"}],"curies":[{"name":"wp","href":"https:\/\/api.w.org\/{rel}","templated":true}]}}