{"id":2973,"date":"2021-12-02T20:07:17","date_gmt":"2021-12-02T19:07:17","guid":{"rendered":"https:\/\/ssps-backup.200.solutions\/?page_id=2973"},"modified":"2023-02-02T23:58:26","modified_gmt":"2023-02-02T22:58:26","slug":"spoluprace-s-ceps","status":"publish","type":"page","link":"https:\/\/ssps-backup.200.solutions\/?page_id=2973","title":{"rendered":"Spolupr\u00e1ce s \u010cEPS"},"content":{"rendered":"\n<p>Sm\u00edchovsk\u00e1 st\u0159edn\u00ed pr\u016fmyslov\u00e1 \u0161kola a gymn\u00e1zium z\u00edskala pro rok 2023 od spole\u010dnosti \u010cEPS a.s. prost\u0159edky na uskute\u010dn\u011bn\u00ed tohoto projektu:<\/p>\n\n\n\n<h2 class=\"wp-block-heading\">Modernizace PC vybaven\u00ed kybernetick\u00e9ho polygonu pro v\u00fduku Kybernetick\u00e9 bezpe\u010dnosti<\/h2>\n\n\n\n<p class=\"has-text-align-center has-white-color has-text-color has-background\" style=\"background-color:#0c5a89\"><strong>V\u00fd\u0161e podpory:<\/strong><br>732 024,- K\u010d<\/p>\n\n\n\n<p>Z prost\u0159edk\u016f bude po\u0159\u00edzeno nov\u00e9 IT vybaven\u00ed kybernetick\u00e9ho polygonu (18 po\u010d\u00edta\u010d\u016f s 12j\u00e1drov\u00fdm procesorem a SSD diskem, LED monitory a bezdr\u00e1tov\u00e9 kl\u00e1vesnice a my\u0161i).<\/p>\n\n\n\n<hr class=\"wp-block-separator has-alpha-channel-opacity\"\/>\n\n\n\n<p>Sm\u00edchovsk\u00e1 st\u0159edn\u00ed pr\u016fmyslov\u00e1 \u0161kola a gymn\u00e1zium z\u00edskala pro rok 2022 od spole\u010dnosti \u010cEPS a.s. prost\u0159edky na uskute\u010dn\u011bn\u00ed dvou projekt\u016f:<\/p>\n\n\n\n<h2 class=\"wp-block-heading\">Prosp\u011bchov\u00e1 stipendia student\u016f obor\u016f Informa\u010dn\u00ed technologie a Kybernetick\u00e9 bezpe\u010dnosti<\/h2>\n\n\n\n<p class=\"has-text-align-center has-white-color has-text-color has-background\" style=\"background-color:#0c5a89\"><strong>V\u00fd\u0161e podpory:<\/strong><br>225 000,- K\u010d<\/p>\n\n\n\n<p>Zvl\u00e1\u0161tn\u00edm stipendiem podpo\u0159\u00edme 5 student\u016f z ka\u017ed\u00e9ho ro\u010dn\u00edku, mimo 1. ro\u010dn\u00edk. Podpo\u0159eni budou studenti denn\u00edho studia obor\u016f Informa\u010dn\u00ed technologie a Kybernetick\u00e9 bezpe\u010dnosti.<\/p>\n\n\n\n<p>Studenti z\u00edskaj\u00ed unik\u00e1tn\u00ed mo\u017enost pracovat sami na sob\u011b nad r\u00e1mec b\u011b\u017en\u00fdch studijn\u00edch povinnost\u00ed. V\u00fdborn\u00ed studenti tak mohou d\u00edky stipendiu budovat sv\u00e9 znalosti v oblasti techniky.<\/p>\n\n\n\n<p>Projekt c\u00edl\u00ed na studenty \u0161koly. V\u00fdstupem z projektu bude zlep\u0161en\u00ed jejich znalost\u00ed a kompetenc\u00ed, v\u011bt\u0161\u00ed rozhled v oblasti<br>studia techniky.<\/p>\n\n\n\n<p>V\u00fdb\u011br student\u016f prob\u011bhne \u0159editelem \u0161koly po konzultaci s vybran\u00fdmi pedagogy. Zohledn\u011bno bude:<\/p>\n\n\n\n<ol class=\"wp-block-list\">\n<li>Prosp\u011bch studenta<\/li>\n\n\n\n<li>Aktivita studenta nad r\u00e1mec sv\u00fdch b\u011b\u017en\u00fdch povinnost\u00ed (projekty, organizace akc\u00ed, spolupo\u0159\u00e1d\u00e1n\u00ed DOD, kemp\u016f a letn\u00edch \u0161kol)<\/li>\n\n\n\n<li>Um\u00edst\u011bn\u00ed v anket\u011b student roku 2020\/2021<\/li>\n<\/ol>\n\n\n\n<p>Prost\u0159edky pro rok 2022 budou rozd\u011bleny takto:<\/p>\n\n\n\n<figure class=\"wp-block-table is-style-stripes\"><table><thead><tr><th class=\"has-text-align-center\" data-align=\"center\">T\u0159\u00edda<\/th><th class=\"has-text-align-center\" data-align=\"center\">Podpo\u0159en\u00fdch student\u016f v jedn\u00e9 t\u0159\u00edd\u011b<\/th><th class=\"has-text-align-center\" data-align=\"center\">V\u00fd\u0161e stipendia pro jednoho studenta<\/th><\/tr><\/thead><tbody><tr><td class=\"has-text-align-center\" data-align=\"center\">2.A, B, C<\/td><td class=\"has-text-align-center\" data-align=\"center\">1<\/td><td class=\"has-text-align-center\" data-align=\"center\">1.500,- K\u010d m\u011bs\u00ed\u010dn\u011b od ledna do prosince 2022 mimo pr\u00e1zdniny<\/td><\/tr><tr><td class=\"has-text-align-center\" data-align=\"center\">2.K<\/td><td class=\"has-text-align-center\" data-align=\"center\">2<\/td><td class=\"has-text-align-center\" data-align=\"center\"> 1.500,- K\u010d m\u011bs\u00ed\u010dn\u011b od ledna do prosince 2022 mimo pr\u00e1zdniny <\/td><\/tr><tr><td class=\"has-text-align-center\" data-align=\"center\">3.A, B, C<\/td><td class=\"has-text-align-center\" data-align=\"center\">1<\/td><td class=\"has-text-align-center\" data-align=\"center\"> 1.500,- K\u010d m\u011bs\u00ed\u010dn\u011b od ledna do prosince 2022 mimo pr\u00e1zdniny <\/td><\/tr><tr><td class=\"has-text-align-center\" data-align=\"center\">3.K<\/td><td class=\"has-text-align-center\" data-align=\"center\">2<\/td><td class=\"has-text-align-center\" data-align=\"center\"> 1.500,- K\u010d m\u011bs\u00ed\u010dn\u011b od ledna do prosince 2022 mimo pr\u00e1zdniny <\/td><\/tr><tr><td class=\"has-text-align-center\" data-align=\"center\">4.A, B, C<\/td><td class=\"has-text-align-center\" data-align=\"center\">1<\/td><td class=\"has-text-align-center\" data-align=\"center\"> 1.500,- K\u010d m\u011bs\u00ed\u010dn\u011b od ledna do prosince 2022 mimo pr\u00e1zdniny <\/td><\/tr><tr><td class=\"has-text-align-center\" data-align=\"center\">4.K<\/td><td class=\"has-text-align-center\" data-align=\"center\">2<\/td><td class=\"has-text-align-center\" data-align=\"center\"> 1.500,- K\u010d m\u011bs\u00ed\u010dn\u011b od ledna do prosince 2022 mimo pr\u00e1zdniny <\/td><\/tr><\/tbody><\/table><\/figure>\n\n\n\n<h2 class=\"wp-block-heading\">Po\u0159\u00edzen\u00ed serveru pro obor Kybernetick\u00e1 bezpe\u010dnost k simulaci obrany p\u0159i \u00fatoku na kritickou infrastrukturu<\/h2>\n\n\n\n<p class=\"has-text-align-center has-white-color has-text-color has-background\" style=\"background-color:#0c5a89\"><strong>V\u00fd\u0161e podpory:<\/strong><br>780 986,- K\u010d<\/p>\n\n\n\n<p>Z projektu po\u0159\u00edd\u00edme nejnov\u011bj\u0161\u00ed server, kter\u00fd studenti oboru Kybernetick\u00e1 bezpe\u010dnost a dal\u0161\u00edch vyu\u017eij\u00ed k simulaci<br>obrany p\u0159i \u00fatoku do kritick\u00e9 infrastruktury.<\/p>\n\n\n\n<p>Studenti budou schopni l\u00e9pe a rychleji br\u00e1nit kritickou infrastrukturu. Stejn\u011b tak server vyu\u017eij\u00ed v po\u0159\u00e1d\u00e1n\u00ed sout\u011b\u017e\u00ed a<br>pom\u011b\u0159ov\u00e1n\u00ed sil se studenty z jin\u00fdch \u0161kol, a\u0165 u\u017e z tuzemska \u010di zahrani\u010d\u00ed.<\/p>\n\n\n\n<p>Projekt prohloub\u00ed znalosti student\u016fm 1.-4. ro\u010dn\u00edku oboru Kybernetick\u00e1 bezpe\u010dnost. Projekt m\u016f\u017ee prohloubit znalost<br>i student\u016fm jin\u00fdch obor\u016f v p\u0159\u00edpad\u011b otev\u0159en\u00ed voliteln\u00e9ho p\u0159edm\u011btu pro obor Informa\u010dn\u00ed technologie \u010di Gymn\u00e1zium.<\/p>\n\n\n\n<p>Nejmodern\u011bj\u0161\u00ed server poskytne student\u016fm mo\u017enost simulovat obranu \u00fatok\u016f na kritickou infrastrukturu v re\u00e1ln\u00e9m \u010dase.<br>N\u00e1kladnost projektu je poplatn\u00e1 po\u017eadavk\u016fm na modern\u00ed vybaven\u00ed pro studenty, kter\u00e9 je jako jedin\u00e9 schopn\u00e9 opravdu simulovat \u00fatoky na kritickou infrastrukturu v sou\u010dasn\u00e9 dob\u011b. Studenti server budou vyu\u017e\u00edvat formou \u00faloh v hodin\u00e1ch anebo v r\u00e1mci sout\u011b\u017e\u00ed.<\/p>\n\n\n\n<hr class=\"wp-block-separator has-css-opacity\"\/>\n\n\n\n<p><strong>O spole\u010dnosti \u010cESP a.s.:<\/strong><\/p>\n\n\n\n<p>Akciov\u00e1 spole\u010dnost \u010cEPS p\u016fsob\u00ed na \u00fazem\u00ed \u010cesk\u00e9 republiky jako v\u00fdhradn\u00ed provozovatel p\u0159enosov\u00e9 soustavy (elektrick\u00e1 veden\u00ed 400 kV a 220 kV) na z\u00e1klad\u011b licence na p\u0159enos elekt\u0159iny ud\u011blen\u00e9 Energetick\u00fdm regula\u010dn\u00edm \u00fa\u0159adem podle energetick\u00e9ho z\u00e1kona.&nbsp;<\/p>\n\n\n\n<p>Udr\u017euje, obnovuje a rozv\u00edj\u00ed&nbsp;44 rozvoden se&nbsp;79 transform\u00e1tory, z nich\u017e n\u011bkter\u00e9 jsou ur\u010deny pro p\u0159ev\u00e1d\u011bn\u00ed&nbsp;elektrick\u00e9 energie z p\u0159enosov\u00e9 do distribu\u010dn\u00ed soustavy, a trasy veden\u00ed&nbsp;s&nbsp;nap\u011b\u0165ovou hladinou 400 kV o d\u00e9lce 3 867 km&nbsp;a&nbsp;220 kV o d\u00e9lce 1 824 km.<\/p>\n\n\n\n<p>V&nbsp;r\u00e1mci elektriza\u010dn\u00ed soustavy \u010cesk\u00e9 republiky poskytuje \u010cEPS, a.s., p\u0159enosov\u00e9 slu\u017eby a slu\u017eby spojen\u00e9 se zaji\u0161t\u011bn\u00edm rovnov\u00e1hy mezi v\u00fdrobou a spot\u0159ebou elektrick\u00e9 energie v re\u00e1ln\u00e9m \u010dase (syst\u00e9mov\u00e9 slu\u017eby).<br><br>\u010cEPS d\u00e1le zaji\u0161\u0165uje p\u0159eshrani\u010dn\u00ed p\u0159enosy pro export, import a tranzit elektrick\u00e9 energie. Spole\u010dnost se tak\u00e9 dlouhodob\u011b aktivn\u011b pod\u00edl\u00ed na formov\u00e1n\u00ed liberalizovan\u00e9ho trhu s elekt\u0159inou v \u010cR i v Evrop\u011b. (zdroj: cesp.cz)<\/p>\n\n\n<div class=\"wp-block-image\">\n<figure class=\"aligncenter size-large\"><a href=\"https:\/\/www.ceps.cz\/cs\/uvod\" rel=\"nofollow noopener\" target=\"_blank\"><img fetchpriority=\"high\" decoding=\"async\" width=\"1024\" height=\"488\" src=\"https:\/\/ssps-backup.200.solutions\/wp-content\/uploads\/2021\/12\/CEPS_logo_propagacni-1024x488.jpg\" alt=\"\" class=\"wp-image-2975\" srcset=\"https:\/\/ssps-backup.200.solutions\/wp-content\/uploads\/2021\/12\/CEPS_logo_propagacni-1024x488.jpg 1024w, https:\/\/ssps-backup.200.solutions\/wp-content\/uploads\/2021\/12\/CEPS_logo_propagacni-300x143.jpg 300w, https:\/\/ssps-backup.200.solutions\/wp-content\/uploads\/2021\/12\/CEPS_logo_propagacni-768x366.jpg 768w, https:\/\/ssps-backup.200.solutions\/wp-content\/uploads\/2021\/12\/CEPS_logo_propagacni.jpg 1027w\" sizes=\"(max-width: 1024px) 100vw, 1024px\" \/><\/a><\/figure>\n<\/div>","protected":false},"excerpt":{"rendered":"<p>Sm\u00edchovsk\u00e1 st\u0159edn\u00ed pr\u016fmyslov\u00e1 \u0161kola a gymn\u00e1zium z\u00edskala pro rok 2023 od spole\u010dnosti \u010cEPS a.s. prost\u0159edky&#8230; <a href=\"https:\/\/ssps-backup.200.solutions\/?page_id=2973\" class=\"readmore\">Zobrazit v\u00edce<\/a><\/p>\n","protected":false},"author":14,"featured_media":0,"parent":1052,"menu_order":3,"comment_status":"closed","ping_status":"closed","template":"","meta":{"_acf_changed":false,"inline_featured_image":false,"footnotes":""},"class_list":["post-2973","page","type-page","status-publish","hentry"],"acf":[],"_links":{"self":[{"href":"https:\/\/ssps-backup.200.solutions\/index.php?rest_route=\/wp\/v2\/pages\/2973","targetHints":{"allow":["GET"]}}],"collection":[{"href":"https:\/\/ssps-backup.200.solutions\/index.php?rest_route=\/wp\/v2\/pages"}],"about":[{"href":"https:\/\/ssps-backup.200.solutions\/index.php?rest_route=\/wp\/v2\/types\/page"}],"author":[{"embeddable":true,"href":"https:\/\/ssps-backup.200.solutions\/index.php?rest_route=\/wp\/v2\/users\/14"}],"replies":[{"embeddable":true,"href":"https:\/\/ssps-backup.200.solutions\/index.php?rest_route=%2Fwp%2Fv2%2Fcomments&post=2973"}],"version-history":[{"count":12,"href":"https:\/\/ssps-backup.200.solutions\/index.php?rest_route=\/wp\/v2\/pages\/2973\/revisions"}],"predecessor-version":[{"id":4887,"href":"https:\/\/ssps-backup.200.solutions\/index.php?rest_route=\/wp\/v2\/pages\/2973\/revisions\/4887"}],"up":[{"embeddable":true,"href":"https:\/\/ssps-backup.200.solutions\/index.php?rest_route=\/wp\/v2\/pages\/1052"}],"wp:attachment":[{"href":"https:\/\/ssps-backup.200.solutions\/index.php?rest_route=%2Fwp%2Fv2%2Fmedia&parent=2973"}],"curies":[{"name":"wp","href":"https:\/\/api.w.org\/{rel}","templated":true}]}}