{"id":277,"date":"2020-08-01T19:12:51","date_gmt":"2020-08-01T17:12:51","guid":{"rendered":"http:\/\/ssps\/web\/?page_id=277"},"modified":"2025-10-02T11:13:35","modified_gmt":"2025-10-02T09:13:35","slug":"organizace-skolniho-roku","status":"publish","type":"page","link":"https:\/\/ssps-backup.200.solutions\/?page_id=277","title":{"rendered":"Organizace \u0161koln\u00edho roku"},"content":{"rendered":"\n<h2 class=\"wp-block-heading has-text-align-center\"><strong>ORGANIZACE \u0160KOLN\u00cdHO ROKU 2025\/2026<\/strong><\/h2>\n\n\n\n<ul class=\"wp-block-list\">\n<li>Obdob\u00ed \u0161koln\u00edho vyu\u010dov\u00e1n\u00ed ve \u0161koln\u00edm roce 2025\/2026 za\u010dne v\u00a0<strong>pond\u011bl\u00ed 1. z\u00e1\u0159\u00ed 2025<\/strong><\/li>\n\n\n\n<li>Podzimn\u00ed pr\u00e1zdniny p\u0159ipadnou na <strong>pond\u011bl\u00ed 27. \u0159\u00edjna <\/strong>a <strong>st\u0159edu 29. \u0159\u00edjna 2025<\/strong>.<\/li>\n\n\n\n<li>Klasifikace za prvn\u00ed \u010dtvrtletn\u00ed bude ukon\u010dena <strong>7. listopadu 2025<\/strong>.<\/li>\n\n\n\n<li>T\u0159\u00eddn\u00ed sch\u016fzky za prvn\u00ed \u010dtvrtlet\u00ed prob\u011bhnou <strong>12. listopadu 2025.<\/strong><\/li>\n\n\n\n<li>Prvn\u00ed DEN OTEV\u0158EN\u00ddCH DVE\u0158\u00cd se uskute\u010dn\u00ed v pond\u011bl\u00ed <strong>17. listopadu 2025<\/strong>.<\/li>\n\n\n\n<li>Druh\u00fd DEN OTEV\u0158EN\u00ddCH DVE\u0158\u00cd se uskute\u010dn\u00ed v \u00fater\u00fd <strong>2. prosince 2025<\/strong>.<\/li>\n\n\n\n<li>T\u0159et\u00ed DEN OTEV\u0158EN\u00ddCH DVE\u0158\u00cd se uskute\u010dn\u00ed v sobotu <strong>13. prosince 2025<\/strong>.<\/li>\n\n\n\n<li>V\u00e1no\u010dn\u00ed pr\u00e1zdniny za\u010d\u00ednaj\u00ed v\u00a0<strong>pond\u011bl\u00ed 22. prosince 2025<\/strong> a kon\u010d\u00ed v\u00a0<strong>p\u00e1tek 2. ledna 2026<\/strong><\/li>\n\n\n\n<li>Vyu\u010dov\u00e1n\u00ed v\u00a0roce 2026 za\u010dne v\u00a0<strong>pond\u011bl\u00ed 5. ledna 2026<\/strong><\/li>\n\n\n\n<li>\u010ctvrt\u00fd DEN OTEV\u0158EN\u00ddCH DVE\u0158\u00cd se uskute\u010dn\u00ed v p\u00e1tek <strong>9. ledna 2026<\/strong>.<\/li>\n\n\n\n<li>P\u00e1t\u00fd DEN OTEV\u0158EN\u00ddCH DVE\u0158\u00cd se uskute\u010dn\u00ed ve \u010dtvrtek <strong>22. ledna 2026<\/strong>.<\/li>\n\n\n\n<li>Vyu\u010dov\u00e1n\u00ed bude v&nbsp;prvn\u00edm pololet\u00ed ukon\u010deno ve <strong>\u010dtvrtek 29. ledna 2026<\/strong><\/li>\n\n\n\n<li>Jednodenn\u00ed pololetn\u00ed pr\u00e1zdniny p\u0159ipadnou na <strong>p\u00e1tek 30. ledna 2026<\/strong><\/li>\n\n\n\n<li>\u0160est\u00fd DEN OTEV\u0158EN\u00ddCH DVE\u0158\u00cd se uskute\u010dn\u00ed ve st\u0159edu <strong>4. \u00fanora 2026<\/strong>.<\/li>\n\n\n\n<li>Jarn\u00ed pr\u00e1zdniny budou od <strong>pond\u011bl\u00ed 16. \u00fanora<\/strong> do <strong>ned\u011ble 22. \u00fanora 2026<\/strong><\/li>\n\n\n\n<li>Velikono\u010dn\u00ed pr\u00e1zdniny p\u0159ipadnou na <strong>\u010dtvrtek 2. dubna 2026<\/strong><\/li>\n\n\n\n<li>Klasifikace za t\u0159et\u00ed \u010dtvrtletn\u00ed bude ukon\u010dena <strong>10. dubna 2026.<\/strong><\/li>\n\n\n\n<li>T\u0159\u00eddn\u00ed sch\u016fzky za t\u0159et\u00ed \u010dtvrtletn\u00ed prob\u011bhnou <strong>15. dubna 2026.<\/strong><\/li>\n\n\n\n<li>Vyu\u010dov\u00e1n\u00ed ve druh\u00e9m pololet\u00ed bude ukon\u010deno v\u00a0\u00fater\u00fd<strong> 30. \u010dervna 2026<\/strong><\/li>\n\n\n\n<li>Hlavn\u00ed pr\u00e1zdniny trvaj\u00ed od <strong>1. \u010dervence 2026<\/strong> do <strong>31. srpna 2026<\/strong><\/li>\n\n\n\n<li><strong>Vyu\u010dov\u00e1n\u00ed ve \u0161koln\u00edm roce 2026\/2027 za\u010dne v\u00a0\u00fater\u00fd 1. z\u00e1\u0159\u00ed 2026<\/strong><\/li>\n<\/ul>\n\n\n\n<p><\/p>\n","protected":false},"excerpt":{"rendered":"<p>ORGANIZACE \u0160KOLN\u00cdHO ROKU 2025\/2026<\/p>\n","protected":false},"author":14,"featured_media":0,"parent":189,"menu_order":0,"comment_status":"closed","ping_status":"closed","template":"","meta":{"_acf_changed":false,"inline_featured_image":false,"footnotes":""},"class_list":["post-277","page","type-page","status-publish","hentry"],"acf":[],"_links":{"self":[{"href":"https:\/\/ssps-backup.200.solutions\/index.php?rest_route=\/wp\/v2\/pages\/277","targetHints":{"allow":["GET"]}}],"collection":[{"href":"https:\/\/ssps-backup.200.solutions\/index.php?rest_route=\/wp\/v2\/pages"}],"about":[{"href":"https:\/\/ssps-backup.200.solutions\/index.php?rest_route=\/wp\/v2\/types\/page"}],"author":[{"embeddable":true,"href":"https:\/\/ssps-backup.200.solutions\/index.php?rest_route=\/wp\/v2\/users\/14"}],"replies":[{"embeddable":true,"href":"https:\/\/ssps-backup.200.solutions\/index.php?rest_route=%2Fwp%2Fv2%2Fcomments&post=277"}],"version-history":[{"count":11,"href":"https:\/\/ssps-backup.200.solutions\/index.php?rest_route=\/wp\/v2\/pages\/277\/revisions"}],"predecessor-version":[{"id":7144,"href":"https:\/\/ssps-backup.200.solutions\/index.php?rest_route=\/wp\/v2\/pages\/277\/revisions\/7144"}],"up":[{"embeddable":true,"href":"https:\/\/ssps-backup.200.solutions\/index.php?rest_route=\/wp\/v2\/pages\/189"}],"wp:attachment":[{"href":"https:\/\/ssps-backup.200.solutions\/index.php?rest_route=%2Fwp%2Fv2%2Fmedia&parent=277"}],"curies":[{"name":"wp","href":"https:\/\/api.w.org\/{rel}","templated":true}]}}