{"id":22,"date":"2020-07-28T17:12:24","date_gmt":"2020-07-28T15:12:24","guid":{"rendered":"http:\/\/ssps\/web\/?page_id=22"},"modified":"2024-09-16T11:35:32","modified_gmt":"2024-09-16T09:35:32","slug":"hlavni-stranka","status":"publish","type":"page","link":"https:\/\/ssps-backup.200.solutions\/","title":{"rendered":"Hlavn\u00ed str\u00e1nka"},"content":{"rendered":"\n<div class=\"quick-contact\">\n<div class=\"container\">\n<div class=\"content\" style=\"justify-content: space-between; align-items: center;\">\n    <div class=\"intro\">\n        <div class=\"icon\"><span class=\"fa fa-chalkboard-teacher\">\n        <\/span><\/div>\n        <div class=\"content\">M\u00e1te dotaz?<\/div>\n    <\/div>\n    <div class=\"form\">\n<form><div class=\"recaptcha\"><p>Kontaktujte n\u00e1s na e-mailov\u00e9 adrese: <a href=\"mailto:pr@ssps-backup.200.solutions\" style=\"font-weight: bold; padding-left: 5px;\"> pr@ssps-backup.200.solutions <\/a>.<\/p><\/div><\/form>\n        \n    <\/div><\/div>\n<\/div>\n<\/div>\n\n\n\n<div class=\"quick-about\">\n    <div class=\"container\">\n        <div class=\"content\">\n            <div class=\"main\">\n                <h2>Sm\u00edchovsk\u00e1 st\u0159edn\u00ed pr\u016fmyslov\u00e1 \u0161kola a gymn\u00e1zium<\/h2>\n\n                <div class=\"content\">\n                    <div class=\"image\"><img decoding=\"async\" src=\"https:\/\/ssps-backup.200.solutions\/wp-content\/uploads\/2020\/08\/bg1-scaled-1.jpg\" alt=\"\"><\/div>\n\n                    <div class=\"text\">\n                        <p>T\u011b\u0161\u00ed n\u00e1s, \u017ee jste otev\u0159eli webov\u00e9 str\u00e1nky Sm\u00edchovsk\u00e9 st\u0159edn\u00ed pr\u016fmyslov\u00e9 \u0161koly a gymn\u00e1zia, a d\u011bkujeme za \u010das, kter\u00fd v\u011bnujete na\u0161\u00ed \u0161kole.\n<\/p>\n                        \n                        <p>P\u0159es bohatou historii jsme \u0161kolou modern\u00ed. D\u016fkazy o tom mohou podat vyj\u00e1d\u0159en\u00ed na\u0161ich soci\u00e1ln\u00edch partner\u016f, vyj\u00e1d\u0159en\u00ed na\u0161ich absolvent\u016f i student\u016f, ale p\u0159edev\u0161\u00edm ka\u017edodenn\u00ed \u010dinnost \u0161koly, kter\u00e1 pr\u00e1v\u011b absolventy a studenty unik\u00e1tn\u00edm zp\u016fsobem zapojuje do sv\u00e9ho chodu.<\/p>\n                        <p>Tyto zm\u00edn\u011bn\u00e9 d\u016fkazy lze naj\u00edt v r\u00e1mci \u0161koln\u00edho \u010dasopisu Presloviny, kter\u00fd vych\u00e1z\u00ed ka\u017ed\u00fd m\u011bs\u00edc a kter\u00fd informuje o nejv\u00fdznamn\u011bj\u0161\u00edch ud\u00e1lostech ve \u0161kole. Doporu\u010dujeme proto nav\u0161t\u00edvit port\u00e1l www.presloviny.cz, kde naleznete zaj\u00edmav\u00e9 informace o \u0161kole, i pohledem student\u016f, u\u010ditel\u016f \u010di soci\u00e1ln\u00edch partner\u016f.<\/p>\n                    <\/div>\n                <\/div>\n\n                <div class=\"specializations\">\n                    <a href=\"\/zajemci\/obory\/informacni-technologie\/\" class=\"specialization\">\n                        Informa\u010dn\u00ed technologie\n                    <\/a>\n                    <a href=\"\/zajemci\/obory\/kyberneticka-bezpecnost\" class=\"specialization\">\n                        Kybernetick\u00e1 bezpe\u010dnost\n                    <\/a>\n                    <a href=\"\/gymnazium\/\" class=\"specialization\">\n                        Gymn\u00e1zium\n                    <\/a>\n                <\/div>\n            <\/div>\n            <div class=\"apply\">\n                <h2>Z\u00e1jemci<\/h2>\n\n                <div class=\"links\">\n                    <a class=\"link\" href=\"\/zajemci\/prijimaci-rizeni\/\">\n                        <div class=\"icon\">\n                            <span class=\"fal fa-money-check\"><\/span>\n                        <\/div>\n                        <div class=\"content\">\n                            <p>P\u0159ij\u00edmac\u00ed \u0159\u00edzen\u00ed<\/p>\n                        <\/div>\n                    <\/a>\n                    <a class=\"link\" href=\"https:\/\/ssps-backup.200.solutions\/zajemci\/dny-otevrenych-dveri\/\">\n                        <div class=\"icon\">\n                            <span class=\"fal fa-door-open\"><\/span>\n                        <\/div>\n                        <div class=\"content\">\n                            <p>Dny otev\u0159en\u00fdch dve\u0159\u00ed<\/p>\n                        <\/div>\n                    <\/a>\n                    <a class=\"link\" href=\"\/o-skole\/\">\n                        <div class=\"icon\">\n                            <span class=\"fal fa-school\"><\/span>\n                        <\/div>\n                        <div class=\"content\">\n                            <p>O \u0161kole<\/p>\n                        <\/div>\n                    <\/a>\n                    <a href=\"https:\/\/www.presloviny.cz\" class=\"link\" rel=\"nofollow noopener\" target=\"_blank\">\n                        <div class=\"icon\">\n                            <span class=\"fal fa-newspaper\"><\/span>\n                        <\/div>\n                        <div class=\"content\">\n                            <p>Presloviny<\/p>\n                        <\/div>\n                    <\/a>\n                <\/div>\n            <\/div>\n        <\/div>\n    <\/div>\n<\/div>\n\n\n","protected":false},"excerpt":{"rendered":"<p>M\u00e1te dotaz? Kontaktujte n\u00e1s na e-mailov\u00e9 adrese: pr@ssps-backup.200.solutions . Sm\u00edchovsk\u00e1 st\u0159edn\u00ed pr\u016fmyslov\u00e1 \u0161kola a gymn\u00e1zium&#8230; <a href=\"https:\/\/ssps-backup.200.solutions\/\" class=\"readmore\">Zobrazit v\u00edce<\/a><\/p>\n","protected":false},"author":14,"featured_media":0,"parent":0,"menu_order":0,"comment_status":"closed","ping_status":"closed","template":"","meta":{"_acf_changed":false,"inline_featured_image":false,"footnotes":""},"class_list":["post-22","page","type-page","status-publish","hentry"],"acf":[],"_links":{"self":[{"href":"https:\/\/ssps-backup.200.solutions\/index.php?rest_route=\/wp\/v2\/pages\/22","targetHints":{"allow":["GET"]}}],"collection":[{"href":"https:\/\/ssps-backup.200.solutions\/index.php?rest_route=\/wp\/v2\/pages"}],"about":[{"href":"https:\/\/ssps-backup.200.solutions\/index.php?rest_route=\/wp\/v2\/types\/page"}],"author":[{"embeddable":true,"href":"https:\/\/ssps-backup.200.solutions\/index.php?rest_route=\/wp\/v2\/users\/14"}],"replies":[{"embeddable":true,"href":"https:\/\/ssps-backup.200.solutions\/index.php?rest_route=%2Fwp%2Fv2%2Fcomments&post=22"}],"version-history":[{"count":53,"href":"https:\/\/ssps-backup.200.solutions\/index.php?rest_route=\/wp\/v2\/pages\/22\/revisions"}],"predecessor-version":[{"id":6777,"href":"https:\/\/ssps-backup.200.solutions\/index.php?rest_route=\/wp\/v2\/pages\/22\/revisions\/6777"}],"wp:attachment":[{"href":"https:\/\/ssps-backup.200.solutions\/index.php?rest_route=%2Fwp%2Fv2%2Fmedia&parent=22"}],"curies":[{"name":"wp","href":"https:\/\/api.w.org\/{rel}","templated":true}]}}