{"id":2182,"date":"2021-06-21T05:40:56","date_gmt":"2021-06-21T03:40:56","guid":{"rendered":"https:\/\/ssps-backup.200.solutions\/?page_id=2182"},"modified":"2023-02-02T23:56:22","modified_gmt":"2023-02-02T22:56:22","slug":"ikap","status":"publish","type":"page","link":"https:\/\/ssps-backup.200.solutions\/?page_id=2182","title":{"rendered":"iKAP II"},"content":{"rendered":"\n<p>Sm\u00edchovsk\u00e1 st\u0159edn\u00ed pr\u016fmyslov\u00e1 \u0161kola a gymn\u00e1zium je od roku 2021 partnerem projektu v\u00a0r\u00e1mci OP VVV &#8222;Implementace Krajsk\u00e9ho ak\u010dn\u00edho pl\u00e1nu 2 &#8211; Inovace ve vzd\u011bl\u00e1v\u00e1n\u00ed&#8220;, jeho\u017e \u017eadatelem je <em>Hlavn\u00ed m\u011bsto Praha<\/em>.<\/p>\n\n\n\n<p class=\"has-text-align-center has-white-color has-text-color has-background\" style=\"background-color:#0c5a89\"><strong>V\u00fd\u0161e podpory:<\/strong><br>19 119 279,62 K\u010d<\/p>\n\n\n\n<p>\u0160kola od 1. \u010dervna 2021 do 30. listopadu 2023 zrealizuje tyto aktivity:<\/p>\n\n\n\n<h2 class=\"wp-block-heading\"><a href=\"https:\/\/ssps-backup.200.solutions\/podpora-pedagogu-ve-vyuce-prostrednictvim-chytrych-zarizeni\/\">Podpora pedagog\u016f ve v\u00fduce prost\u0159ednictv\u00edm chytr\u00fdch za\u0159\u00edzen\u00ed<\/a><\/h2>\n\n\n\n<p>Tato aktivita m\u00e1 za c\u00edl vytvo\u0159en\u00ed komplexn\u00edho syst\u00e9mu pro vyu\u017eit\u00ed chytr\u00fdch za\u0159\u00edzen\u00ed ve v\u00fduce, kter\u00fd umo\u017en\u00ed pedagog\u016fm zpest\u0159it v\u00fduku a student\u016fm umo\u017en\u00ed samostudium, p\u0159i kter\u00e9m budou vyu\u017e\u00edvat \u00fa\u010deln\u011b za\u0159\u00edzen\u00ed, \u010d\u00edm\u017e se sezn\u00e1m\u00ed s jejich dal\u0161\u00edmi funkcemi. Role samostudia nab\u00fdv\u00e1 na aktu\u00e1lnosti zejm\u00e9na v kontextu zav\u0159en\u00fdch \u0161kol, kdy zajistit pestrost studia je mimo\u0159\u00e1dn\u011b n\u00e1ro\u010dn\u00e9. Aplikace m\u016f\u017ee b\u00fdt ide\u00e1ln\u00edm prost\u0159edkem dopln\u011bn\u00ed distan\u010dn\u00edho vzd\u011bl\u00e1v\u00e1n\u00ed. Tento syst\u00e9m umo\u017en\u00ed vytv\u00e1\u0159en\u00ed a vkl\u00e1d\u00e1n\u00ed dal\u0161\u00edch v\u00fdukov\u00fdch modul\u016f, v prv\u00e9 f\u00e1zi v tomto projektu budou vytvo\u0159eny ty z\u00e1kladn\u00ed. S t\u011bmi budou sezn\u00e1meni u\u010ditel\u00e9 i studenti a na workshopech se s nimi nau\u010d\u00ed pracovat. Je mo\u017en\u00e9, \u017ee \u010dasem si budou schopni u\u010ditel\u00e9 dal\u0161\u00ed moduly vytv\u00e1\u0159et i sami. T\u00edm vzroste v\u00fdznam vyu\u017e\u00edv\u00e1n\u00ed modern\u00edch technologi\u00ed ve v\u00fduce i ochota vyu\u010duj\u00edc\u00edch je pou\u017e\u00edvat.<\/p>\n\n\n\n<figure class=\"wp-block-table is-style-stripes\"><table><thead><tr><th> <strong>V\u00fdstupy aktivity:<\/strong><\/th><\/tr><\/thead><tbody><tr><td>14 Workshop\u016f pro u\u010ditele Z\u0160 a S\u0160<\/td><\/tr><tr><td>Mobiln\u00ed aplikace pro v\u00fduku jednotliv\u00fdch obor\u016f vzd\u011bl\u00e1v\u00e1n\u00ed<\/td><\/tr><\/tbody><\/table><\/figure>\n\n\n\n<h2 class=\"wp-block-heading\"><a href=\"https:\/\/ssps-backup.200.solutions\/moderni-metody-vyuky-stem-s-durazem-na-aplikaci-ar-robotiky-a-novych-vyukovych-programu\/\">Modern\u00ed metody v\u00fduky STEM s d\u016frazem na aplikaci AR, robotiky a nov\u00fdch v\u00fdukov\u00fdch program\u016f<\/a><\/h2>\n\n\n\n<p>V\u00fduka formou STEM nen\u00ed jednoduchou z\u00e1le\u017eitost\u00ed. Klade vysok\u00e9 n\u00e1roky na u\u010ditele, a to jak na jejich odbornost, tak i na jeho chu\u0165 zm\u011bnit sv\u00e9 ji\u017e zaveden\u00e9 metody v\u00fduky.<\/p>\n\n\n\n<p>V projektu p\u0159iprav\u00edme u\u010ditel\u016fm workshopy, kde jim uk\u00e1\u017eeme, jak u\u010dit STEM, a to s vyu\u017eit\u00edm nov\u011b vytvo\u0159en\u00fdch v\u00fdukov\u00fdch program\u016f, roz\u0161\u00ed\u0159en\u00e9 reality i s jednoduch\u00fdmi roboty. Tito roboti budou u\u010ditel\u016fm\/\u00fa\u010dastn\u00edk\u016fm workshop\u016f zap\u016fj\u010dov\u00e1ny do jejich v\u00fduky. Obdobn\u00e9 workshopy budou organizov\u00e1ny tak\u00e9 pro \u017e\u00e1ky z\u00e1kladn\u00edch \u0161kol. Krom\u011b podpory v\u00fduky STEM budou u\u010ditel\u00e9 zapojen\u00fdch \u0161kol podpo\u0159eni i workshopy, kter\u00e9 jim pomohou s p\u0159\u00edpravou jejich v\u00fduky po revizi RVP.<\/p>\n\n\n\n<figure class=\"wp-block-table is-style-stripes\"><table><thead><tr><th> <strong>V\u00fdstupy aktivity:<\/strong><\/th><\/tr><\/thead><tbody><tr><td>15 workshop\u016f pro u\u010ditele 1. a 2. stupe\u0148 Z\u0160 \u2013 vyu\u017eit\u00ed modern\u00edch techniky ve v\u00fduce (10 u\u010ditel\u016f \u00e1 1 workshop) &#8211; d\u00e9lka 2 hodiny<\/td><\/tr><tr><td> 40 workshop\u016f \u017e\u00e1ky Z\u0160 \u2013 modern\u00ed technologie (15 \u017e\u00e1k\u016f \u00e1 1 workshop) &#8211; d\u00e9lka 1,5 hodiny<\/td><\/tr><tr><td> 10 workshop\u016f pro u\u010ditel\u00e9 1. stupn\u011b Z\u0160 \u2013 implementace pro nov\u00e9 RVP (10 u\u010ditel\u016f \u00e1 1 workshop) &#8211; d\u00e9lka 2 hodiny <\/td><\/tr><\/tbody><\/table><\/figure>\n\n\n\n<h2 class=\"wp-block-heading\"><a href=\"https:\/\/ssps-backup.200.solutions\/soutez-podporujici-vyuku-kyberneticke-bezpecnosti-typu-ctf\/\">Sout\u011b\u017e podporuj\u00edc\u00ed v\u00fduku Kybernetick\u00e9 bezpe\u010dnosti typu CTF<\/a><\/h2>\n\n\n\n<p>Na na\u0161\u00ed \u0161kole zorganizujeme sout\u011b\u017e typu CTF ve stylu Jeopardy. Zajist\u00edme jej\u00ed kon\u00e1n\u00ed a p\u0159\u00edpravu odborn\u00fdch sout\u011b\u017en\u00edch \u00faloh. Sout\u011b\u017e\u00edc\u00ed studenti se sezn\u00e1m\u00ed s \u00falohy typu OSINT, bin\u00e1rn\u00ed exploitace, reverzn\u00ed in\u017een\u00fdrstv\u00ed, web, kryptografie, anal\u00fdza po\u010d\u00edta\u010dov\u00fdch stop.<\/p>\n\n\n\n<p>Hlavn\u00edm c\u00edlem sout\u011b\u017ee je hled\u00e1n\u00ed mlad\u00fdch a nadan\u00fdch talent\u016f v oblasti <a href=\"https:\/\/ssps-backup.200.solutions\/projekty\/kyberneticka-bezpecnost\/\">kyberbezpe\u010dnosti<\/a> a n\u00e1sledn\u00fd rozvoj jejich schopnost\u00ed. Sout\u011b\u017e bude zaji\u0161t\u011bna dvakr\u00e1t, poka\u017ed\u00e9 s jin\u00fdmi \u00falohami a v jin\u00e9m term\u00ednu.<\/p>\n\n\n\n<figure class=\"wp-block-table is-style-stripes\"><table><thead><tr><th> <strong>V\u00fdstupy aktivity:<\/strong> <\/th><\/tr><\/thead><tbody><tr><td>Dva ro\u010dn\u00edky kybernetick\u00e9 sout\u011b\u017ee typu CTF<\/td><\/tr><tr><td>P\u0159\u00edprava sout\u011b\u017en\u00edch \u00faloh<\/td><\/tr><\/tbody><\/table><\/figure>\n\n\n\n<h2 class=\"wp-block-heading\"><a href=\"https:\/\/ssps-backup.200.solutions\/coworkingove-centrum-a-inkubator-start-upu-pri-ssps\/\">Coworkingov\u00e9 centrum a inkub\u00e1tor start-up\u016f p\u0159i SSP\u0160<\/a><\/h2>\n\n\n\n<p><a href=\"https:\/\/ssps-backup.200.solutions\/projekty\/coworkingove-centrum-pri-smichovske-sps-a-gymnaziu\/\">Coworkingov\u00e9 centrum v r\u00e1mci SSP\u0160<\/a> bude spolu s inkub\u00e1torem slou\u017eit jako m\u00edsto pro setk\u00e1v\u00e1n\u00ed student\u016f pra\u017esk\u00fdch st\u0159edn\u00edch \u0161kol. Studenti se budou moci potk\u00e1vat na t\u00e9matick\u00fdch konferenc\u00edch a workshopech. Jejich obsah bude tvo\u0159en jak samotn\u00fdm t\u00fdmem koordinace Coworkingov\u00e9ho centra, ale i skrze extern\u00ed spolupr\u00e1ci. Ve\u0161ker\u00fd obsah bude mo\u017en\u00e9 \u017eiv\u011b p\u0159en\u00e1\u0161et s vyu\u017eit\u00edm vybaven\u00ed pro medi\u00e1ln\u00ed produkci v rukou t\u00fdmu medi\u00e1ln\u00ed produkce.<\/p>\n\n\n\n<p>V r\u00e1mci Maker Space (nov\u011b zrekonstruovan\u00fdch d\u00edlen) bude pra\u017esk\u00fdm student\u016fm v r\u00e1mci Coworkingov\u00e9ho centra nab\u00edzeny workshopy pro zlep\u0161en\u00ed zru\u010dnosti a pr\u00e1ci na modern\u00edm strojn\u00edm vybaven\u00ed. Workshop bude c\u00edlit tak\u00e9 na studenty se z\u00e1jmem v\u011bnovat se v\u00fdvoji hardware v r\u00e1mci startup\u016f. Budou d\u00edky n\u011bmu sezn\u00e1meni s rozli\u0161n\u00fdmi v\u00fdrobn\u00edmi metodami, kter\u00e9 se v praxi vyu\u017e\u00edvaj\u00ed jak pro v\u00fdrobu prototyp\u016f, tak i pro malos\u00e9riovou produkci.<\/p>\n\n\n\n<figure class=\"wp-block-table is-style-stripes\"><table><thead><tr><th> <strong>V\u00fdstupy aktivity:<\/strong><\/th><\/tr><\/thead><tbody><tr><td>60 workshop\u016f \u2013 v\u00fdvoj hardwaru v r\u00e1mci startup\u016f \u2013 prob\u00edh\u00e1 v nov\u011b zrekonstruovan\u00e9m Maker Space<\/td><\/tr><tr><td>60 tematick\u00fdch konferenc\u00ed z oblasti IT, VR, UI se zaj\u00edmav\u00fdmi hosty, v\u010d. mezin\u00e1rodn\u00ed \u00fa\u010dasti<\/td><\/tr><\/tbody><\/table><\/figure>\n\n\n\n<h2 class=\"wp-block-heading\"><a href=\"https:\/\/ssps-backup.200.solutions\/podcasting-a-tvorba-audio-vystupu\/\">Podcasting a tvorba audio v\u00fdstup\u016f<\/a><\/h2>\n\n\n\n<p>Ve zrekonstruovan\u00fdch prostor\u00e1ch SSP\u0160 se bude nach\u00e1zet roz\u0161\u00ed\u0159en\u00e9 pracovi\u0161t\u011b podcastov\u00e9ho studia. Bude dopln\u011bn o WiFi p\u0159\u00edstupov\u00fd bod, zvuka\u0159sk\u00fd po\u010d\u00edta\u010d, pracovn\u00ed vybaven\u00ed a vybaven\u00ed pro hosty, jako\u017e i 4 sady zvuka\u0159sk\u00e9 techniky ur\u010den\u00e9 pro v\u00fduku. Studio bude slou\u017eit student\u016fm, u\u010ditel\u016fm, ale tak\u00e9 poslou\u017e\u00ed \u0161irok\u00e9 ve\u0159ejnosti. Zde se studenti budou moci pod\u00edlet na nahr\u00e1v\u00e1n\u00ed podcast\u016f a u\u010dit se co obn\u00e1\u0161\u00ed pr\u00e1ce zvuka\u0159e.<\/p>\n\n\n\n<p>Pro budouc\u00ed v\u00fduku p\u0159edm\u011btu, kter\u00fd se zab\u00fdv\u00e1 audio produkc\u00ed, jsou p\u0159ipraveny 4 sady zvuka\u0159sk\u00e9 techniky. V\u00fdhoda t\u011bchto sad je jejich mobilita a tud\u00ed\u017e se s nimi studenti budou pohybovat v are\u00e1lu \u0161koly nebo mimo \u0161kolu s u\u010ditelsk\u00fdm dozorem.<\/p>\n\n\n\n<figure class=\"wp-block-table is-style-stripes\"><table><thead><tr><th> <strong>V\u00fdstupy aktivity:<\/strong><\/th><\/tr><\/thead><tbody><tr><td>Nov\u00e9 \u0161koln\u00ed podcastov\u00e9 studio<\/td><\/tr><tr><td>150 nahran\u00fdch podcast\u016f<\/td><\/tr><\/tbody><\/table><\/figure>\n\n\n\n<h2 class=\"wp-block-heading\"><a href=\"https:\/\/ssps-backup.200.solutions\/peer-program-osveta-kyberneticke-bezpecnosti\/\">PEER PROGRAM &#8211; osv\u011bta kybernetick\u00e9 bezpe\u010dnosti<\/a><\/h2>\n\n\n\n<p><a href=\"https:\/\/ssps-backup.200.solutions\/projekty\/start-upy\/peer-program\/\">Projekt zalo\u017een\u00fd na principech peer efektu<\/a> \u2013 p\u0159ed\u00e1v\u00e1n\u00ed zku\u0161enost\u00ed mezi vrstevn\u00edky. Interaktivn\u00ed programy prevence kyberkriminality lektoruj\u00ed na M\u0160 a Z\u0160 po Praze pro\u0161kolen\u00ed studenti z celkem 3 pra\u017esk\u00fdch S\u0160, jako\u017eto \u201ekybervrstevn\u00edci\u201c \u017e\u00e1k\u016f Z\u0160. D\u00edky tomu, \u017ee v kybersv\u011bt\u011b za\u017e\u00edvaj\u00ed podobn\u00e9 situace, se \u017e\u00e1ci s lektory l\u00e9pe ztoto\u017en\u00ed a pom\u011brn\u011b snadno nabyt\u00e9 dovednosti a postoje uplatn\u00ed v praxi. Principem peer program\u016f je aktivn\u00ed zapojen\u00ed vrstevn\u00edk\u016f s c\u00edlem formovat jejich postoje a \u00fa\u010dinn\u011b ovliv\u0148ovat jejich rizikov\u00e9 chov\u00e1n\u00ed.<\/p>\n\n\n\n<figure class=\"wp-block-table is-style-stripes\"><table><thead><tr><th> <strong>V\u00fdstupy aktivity:<\/strong><\/th><\/tr><\/thead><tbody><tr><td>Programy pro Z\u0160 a M\u0160<\/td><\/tr><tr><td>P\u0159\u00edru\u010dky pro lektory<\/td><\/tr><\/tbody><\/table><\/figure>\n\n\n\n<h2 class=\"wp-block-heading\"><a href=\"https:\/\/ssps-backup.200.solutions\/serie-vzdelavacich-kempu-a-letnich-skol\/\">S\u00e9rie vzd\u011bl\u00e1vac\u00edch kemp\u016f a letn\u00edch \u0161kol<\/a><\/h2>\n\n\n\n<p>Aktivita vede k utvo\u0159en\u00ed pevn\u00fdch kolektiv\u016f mezi \u0161kolami, k neform\u00e1ln\u00edmu, interaktivn\u00edmu a n\u00e1zorn\u00e9mu vzd\u011bl\u00e1v\u00e1n\u00ed, podpory student\u016f v jejich kari\u00e9rn\u00edch c\u00edlech, jako\u017e i podpo\u0159e mezioborovosti \u0161kolstv\u00ed. Subjekt cestou kemp\u016f a letn\u00edch \u0161kol utv\u00e1\u0159\u00ed jedine\u010dn\u00fd prostor pro vzd\u011bl\u00e1v\u00e1n\u00ed student\u016f mnoha pra\u017esk\u00fdch st\u0159edn\u00edch \u0161kol.<\/p>\n\n\n\n<p><strong>Medi\u00e1ln\u00ed kemp<\/strong> &#8211; setk\u00e1n\u00ed student\u016f a pedagog\u016f nap\u0159\u00ed\u010d \u0161kolami &#8211; t\u00e9matem kempu je audio a video produkce, publicistika, moder\u00e1torstv\u00ed, diskuze<\/p>\n\n\n\n<p><strong>Vzd\u011bl\u00e1vac\u00ed kemp STEM<\/strong> &#8211; setk\u00e1n\u00ed student\u016f a pedagog\u016f nap\u0159\u00ed\u010d \u0161kolami &#8211; t\u00e9matem kempu je p\u0159\u00edrodov\u011bdn\u00e9 vzd\u011bl\u00e1v\u00e1n\u00ed nap\u0159\u00ed\u010d obory, budov\u00e1n\u00ed m\u011bkk\u00fdch kompetenc\u00ed<\/p>\n\n\n\n<p><strong>Kemp k ob\u010danstv\u00ed<\/strong> &#8211; setk\u00e1n\u00ed student\u016f a pedagog\u016f nap\u0159\u00ed\u010d \u0161kolami &#8211; t\u00e9matem kempu je budov\u00e1n\u00ed ob\u010dansk\u00e9 uv\u011bdom\u011bnosti, v\u00fdchovy k vz\u00e1jemn\u00e9 toleranci, d\u016fraz na svobodu a demokracii &#8211; zejm\u00e9na formou rozpravy na dan\u00e1 t\u00e9mata, prezentace, workshopy<\/p>\n\n\n\n<p><strong>Teambuildingov\u00fd kemp student\u016f pilotn\u00edho programu Kybernetick\u00e1 bezpe\u010dnost<\/strong> &#8211; Kemp oboru kybernetick\u00e1 bezpe\u010dnost c\u00edlen\u00fd na rozvoj m\u011bkk\u00fdch kompetenc\u00ed a dovednosti.<\/p>\n\n\n\n<p><strong>Letn\u00ed \u0161kola medi\u00e1ln\u00edho domu<\/strong> &#8211; intenzivn\u00ed letn\u00ed \u0161kola na p\u016fd\u011b subjektu. T\u00e9matem letn\u00ed \u0161koly je audio a video produkce, publicistika, moder\u00e1torstv\u00ed, diskuze.<\/p>\n\n\n\n<p><strong>Letn\u00ed \u0161kola v\u00fdvoje po\u010d\u00edta\u010dov\u00fdch her<\/strong> &#8211; intenzivn\u00ed letn\u00ed \u0161kola na p\u016fd\u011b subjektu. T\u00e9matem je v\u00fdvoj po\u010d\u00edta\u010dov\u00fdch her, ale i multiplatformn\u00ed v\u00fdvoj na mobiln\u00ed telefony a tablety.<\/p>\n\n\n\n<p><strong>Letn\u00ed \u0161kola Kybernetick\u00e9 bezpe\u010dnosti <\/strong>&#8211; intenzivn\u00ed letn\u00ed \u0161kola na p\u016fd\u011b subjektu. T\u00e9matem je kybernetick\u00e1 bezpe\u010dnost v teorii i praxi &#8211; v teorii jde zejm\u00e9na o to, jak se chr\u00e1nit v kybersv\u011bt\u011b a jak\u00e9 m\u00e1 kyberkriminalita pr\u00e1vn\u00ed d\u016fsledky, v praxi si pak studenti osvoj\u00ed &#8222;dobr\u00e9&#8220; hackov\u00e1n\u00ed, tedy hackov\u00e1n\u00ed za mor\u00e1ln\u00edm \u00fa\u010delem testov\u00e1n\u00ed obranyschopnosti za\u0159\u00edzen\u00ed.<\/p>\n\n\n\n<figure class=\"wp-block-table is-style-stripes\"><table class=\"has-black-color has-text-color\"><thead><tr><th> <strong>V\u00fdstupy aktivity:<\/strong><\/th><\/tr><\/thead><tbody><tr><td>S\u00e9rie letn\u00edch \u0161kol<\/td><\/tr><tr><td>S\u00e9rie kemp\u016f<\/td><\/tr><\/tbody><\/table><\/figure>\n\n\n\n<figure class=\"wp-block-image size-large\"><img fetchpriority=\"high\" decoding=\"async\" width=\"1024\" height=\"119\" src=\"https:\/\/ssps-backup.200.solutions\/wp-content\/uploads\/2022\/03\/277277047_702960854176505_4569261629175638757_n-1024x119.jpg\" alt=\"\" class=\"wp-image-3345\" srcset=\"https:\/\/ssps-backup.200.solutions\/wp-content\/uploads\/2022\/03\/277277047_702960854176505_4569261629175638757_n-1024x119.jpg 1024w, https:\/\/ssps-backup.200.solutions\/wp-content\/uploads\/2022\/03\/277277047_702960854176505_4569261629175638757_n-300x35.jpg 300w, https:\/\/ssps-backup.200.solutions\/wp-content\/uploads\/2022\/03\/277277047_702960854176505_4569261629175638757_n-768x89.jpg 768w, https:\/\/ssps-backup.200.solutions\/wp-content\/uploads\/2022\/03\/277277047_702960854176505_4569261629175638757_n.jpg 1146w\" sizes=\"(max-width: 1024px) 100vw, 1024px\" \/><\/figure>\n\n\n<div class=\"wp-block-image\">\n<figure class=\"aligncenter size-full\"><img decoding=\"async\" width=\"372\" height=\"83\" src=\"https:\/\/ssps-backup.200.solutions\/wp-content\/uploads\/2021\/08\/Obrazek1.jpg\" alt=\"\" class=\"wp-image-2315\" srcset=\"https:\/\/ssps-backup.200.solutions\/wp-content\/uploads\/2021\/08\/Obrazek1.jpg 372w, https:\/\/ssps-backup.200.solutions\/wp-content\/uploads\/2021\/08\/Obrazek1-300x67.jpg 300w\" sizes=\"(max-width: 372px) 100vw, 372px\" \/><\/figure>\n<\/div>","protected":false},"excerpt":{"rendered":"<p>Sm\u00edchovsk\u00e1 st\u0159edn\u00ed pr\u016fmyslov\u00e1 \u0161kola a gymn\u00e1zium je od roku 2021 partnerem projektu v\u00a0r\u00e1mci OP VVV&#8230; <a href=\"https:\/\/ssps-backup.200.solutions\/?page_id=2182\" class=\"readmore\">Zobrazit v\u00edce<\/a><\/p>\n","protected":false},"author":14,"featured_media":0,"parent":1052,"menu_order":1,"comment_status":"closed","ping_status":"closed","template":"","meta":{"_acf_changed":false,"inline_featured_image":false,"footnotes":""},"class_list":["post-2182","page","type-page","status-publish","hentry"],"acf":[],"_links":{"self":[{"href":"https:\/\/ssps-backup.200.solutions\/index.php?rest_route=\/wp\/v2\/pages\/2182","targetHints":{"allow":["GET"]}}],"collection":[{"href":"https:\/\/ssps-backup.200.solutions\/index.php?rest_route=\/wp\/v2\/pages"}],"about":[{"href":"https:\/\/ssps-backup.200.solutions\/index.php?rest_route=\/wp\/v2\/types\/page"}],"author":[{"embeddable":true,"href":"https:\/\/ssps-backup.200.solutions\/index.php?rest_route=\/wp\/v2\/users\/14"}],"replies":[{"embeddable":true,"href":"https:\/\/ssps-backup.200.solutions\/index.php?rest_route=%2Fwp%2Fv2%2Fcomments&post=2182"}],"version-history":[{"count":22,"href":"https:\/\/ssps-backup.200.solutions\/index.php?rest_route=\/wp\/v2\/pages\/2182\/revisions"}],"predecessor-version":[{"id":4884,"href":"https:\/\/ssps-backup.200.solutions\/index.php?rest_route=\/wp\/v2\/pages\/2182\/revisions\/4884"}],"up":[{"embeddable":true,"href":"https:\/\/ssps-backup.200.solutions\/index.php?rest_route=\/wp\/v2\/pages\/1052"}],"wp:attachment":[{"href":"https:\/\/ssps-backup.200.solutions\/index.php?rest_route=%2Fwp%2Fv2%2Fmedia&parent=2182"}],"curies":[{"name":"wp","href":"https:\/\/api.w.org\/{rel}","templated":true}]}}