{"id":2180,"date":"2021-06-21T05:27:26","date_gmt":"2021-06-21T03:27:26","guid":{"rendered":"https:\/\/ssps-backup.200.solutions\/?page_id=2180"},"modified":"2023-02-02T23:55:56","modified_gmt":"2023-02-02T22:55:56","slug":"pilotni-projekt-plnospektralniho-led-osvetleni","status":"publish","type":"page","link":"https:\/\/ssps-backup.200.solutions\/?page_id=2180","title":{"rendered":"Pilotn\u00ed projekt plnospektr\u00e1ln\u00edho LED osv\u011btlen\u00ed"},"content":{"rendered":"\n<p>Sm\u00edchovsk\u00e1 st\u0159edn\u00ed pr\u016fmyslov\u00e1 \u0161kola a gymn\u00e1zium obdr\u017eela nab\u00eddku od \u010cVUT UCEEB (Univerzitn\u00ed centrum energeticky efektivn\u00edch budov), na rekonstrukci osv\u011btlen\u00ed v n\u011bkolika u\u010debn\u00e1ch v na\u0161\u00ed \u0161kole. Jedn\u00e1 se o tzv. <em>plnospektr\u00e1ln\u00ed LED osv\u011btlen\u00ed<\/em>, kter\u00e9 prokazateln\u011b podporuje kognitivn\u00ed funkce student\u016f, jejich soust\u0159ed\u011bn\u00ed, pam\u011b\u0165 a dlouhodob\u011b m\u00e1 pozitivn\u00ed vliv na jejich zdrav\u00ed. Komplexn\u00ed \u0159e\u0161en\u00ed v\u00fdm\u011bny st\u00e1vaj\u00edc\u00edho osv\u011btlen\u00ed za plnospektr\u00e1ln\u00ed LED osv\u011btlen\u00ed zahrnuje po\u017eadavky na zlep\u0161en\u00ed zrakov\u00fdch, funk\u010dn\u00edch, biologick\u00fdch i provozn\u00edch podm\u00ednek a \u00fasporu energie do jednoho syst\u00e9mu, kter\u00fd umo\u017e\u0148uje vytvo\u0159it prototyp unik\u00e1tn\u00ed osv\u011btlovac\u00ed soustavy, optimalizovan\u00e9 pro v\u00fdukov\u00e9 a pedagogick\u00e9 prostory. V\u00fdm\u011bna osv\u011btlen\u00ed se v prvn\u00ed f\u00e1zi t\u00fdk\u00e1 na\u0161ich nejv\u011bt\u0161\u00edch kmenov\u00fdch u\u010deben \u010d. 107, 108, 111, 113, 201, 207, 213.<\/p>\n\n\n\n<p>Rada hl. m. Prahy sv\u00fdm <a href=\"http:\/\/zastupitelstvo.praha.eu\/ina\/tedusndetail.aspx?par=190228031039034251241228049039034251238228046039034251238228043039034251238&amp;id=623329\" rel=\"nofollow noopener\" target=\"_blank\">usnesen\u00edm<\/a> ze dne 14. 6. 2021 schv\u00e1lila financov\u00e1n\u00ed tohoto projektu.<\/p>\n\n\n\n<p class=\"has-text-align-center has-white-color has-text-color has-background\" style=\"background-color:#0c5a89\"><strong>V\u00fd\u0161e podpory:<\/strong><br>3 000 000,- K\u010d<\/p>\n\n\n<div class=\"wp-block-image\">\n<figure class=\"aligncenter size-large\"><img fetchpriority=\"high\" decoding=\"async\" width=\"1024\" height=\"318\" src=\"https:\/\/ssps-backup.200.solutions\/wp-content\/uploads\/2021\/09\/cvut-1024x318.jpg\" alt=\"\" class=\"wp-image-2383\" srcset=\"https:\/\/ssps-backup.200.solutions\/wp-content\/uploads\/2021\/09\/cvut-1024x318.jpg 1024w, https:\/\/ssps-backup.200.solutions\/wp-content\/uploads\/2021\/09\/cvut-300x93.jpg 300w, https:\/\/ssps-backup.200.solutions\/wp-content\/uploads\/2021\/09\/cvut-768x239.jpg 768w, https:\/\/ssps-backup.200.solutions\/wp-content\/uploads\/2021\/09\/cvut-1536x477.jpg 1536w, https:\/\/ssps-backup.200.solutions\/wp-content\/uploads\/2021\/09\/cvut.jpg 1706w\" sizes=\"(max-width: 1024px) 100vw, 1024px\" \/><\/figure>\n<\/div>","protected":false},"excerpt":{"rendered":"<p>Sm\u00edchovsk\u00e1 st\u0159edn\u00ed pr\u016fmyslov\u00e1 \u0161kola a gymn\u00e1zium obdr\u017eela nab\u00eddku od \u010cVUT UCEEB (Univerzitn\u00ed centrum energeticky efektivn\u00edch&#8230; <a href=\"https:\/\/ssps-backup.200.solutions\/?page_id=2180\" class=\"readmore\">Zobrazit v\u00edce<\/a><\/p>\n","protected":false},"author":14,"featured_media":0,"parent":1052,"menu_order":5,"comment_status":"closed","ping_status":"closed","template":"","meta":{"_acf_changed":false,"inline_featured_image":false,"footnotes":""},"class_list":["post-2180","page","type-page","status-publish","hentry"],"acf":[],"_links":{"self":[{"href":"https:\/\/ssps-backup.200.solutions\/index.php?rest_route=\/wp\/v2\/pages\/2180","targetHints":{"allow":["GET"]}}],"collection":[{"href":"https:\/\/ssps-backup.200.solutions\/index.php?rest_route=\/wp\/v2\/pages"}],"about":[{"href":"https:\/\/ssps-backup.200.solutions\/index.php?rest_route=\/wp\/v2\/types\/page"}],"author":[{"embeddable":true,"href":"https:\/\/ssps-backup.200.solutions\/index.php?rest_route=\/wp\/v2\/users\/14"}],"replies":[{"embeddable":true,"href":"https:\/\/ssps-backup.200.solutions\/index.php?rest_route=%2Fwp%2Fv2%2Fcomments&post=2180"}],"version-history":[{"count":7,"href":"https:\/\/ssps-backup.200.solutions\/index.php?rest_route=\/wp\/v2\/pages\/2180\/revisions"}],"predecessor-version":[{"id":4883,"href":"https:\/\/ssps-backup.200.solutions\/index.php?rest_route=\/wp\/v2\/pages\/2180\/revisions\/4883"}],"up":[{"embeddable":true,"href":"https:\/\/ssps-backup.200.solutions\/index.php?rest_route=\/wp\/v2\/pages\/1052"}],"wp:attachment":[{"href":"https:\/\/ssps-backup.200.solutions\/index.php?rest_route=%2Fwp%2Fv2%2Fmedia&parent=2180"}],"curies":[{"name":"wp","href":"https:\/\/api.w.org\/{rel}","templated":true}]}}