{"id":2175,"date":"2021-06-21T05:10:25","date_gmt":"2021-06-21T03:10:25","guid":{"rendered":"https:\/\/ssps-backup.200.solutions\/?page_id=2175"},"modified":"2023-02-02T23:59:28","modified_gmt":"2023-02-02T22:59:28","slug":"modernizace-zarizeni-a-vybaveni-prazskych-skol","status":"publish","type":"page","link":"https:\/\/ssps-backup.200.solutions\/?page_id=2175","title":{"rendered":"Program celom\u011bstsk\u00e9 podpory vzd\u011bl\u00e1v\u00e1n\u00ed na \u00fazem\u00ed hl. m. Prahy"},"content":{"rendered":"\n<p>Sm\u00edchovsk\u00e1 st\u0159edn\u00ed pr\u016fmyslov\u00e1 \u0161kola a gymn\u00e1zium ka\u017edoro\u010dn\u011b pod\u00e1v\u00e1 \u017e\u00e1dosti o podporu Magistr\u00e1tu hlavn\u00edho m\u011bsta Prahy v r\u00e1mci programu celom\u011bstsk\u00e9 podpory vzd\u011bl\u00e1v\u00e1n\u00ed na \u00fazem\u00ed hl. m. Prahy.<\/p>\n\n\n\n<p>Pro rok 2023 \u017e\u00e1dala \u0161kola prost\u0159edky na tyto projekty:<\/p>\n\n\n\n<h2 class=\"wp-block-heading\">\u0160\u00ed\u0159en\u00ed osv\u011bty, zvy\u0161ov\u00e1n\u00ed technick\u00fdch dovednost\u00ed ml\u00e1de\u017ee v oblasti kybernetick\u00e9 bezpe\u010dnosti<\/h2>\n\n\n\n<p>Um\u011bl\u00e1 inteligence (AI) a robotika je za\u010d\u00ednaj\u00edc\u00ed a perspektivn\u00ed oblast vzd\u011bl\u00e1v\u00e1n\u00ed 3.0 a pr\u016fmyslu 4.0. Cht\u011bli bychom nav\u00e1zat na inkub\u00e1tor um\u011bl\u00e9 inteligence na na\u0161\u00ed \u0161kole, jednu z prvn\u00edch u\u010deben AI v \u010cR a polygon kybernetick\u00e9 bezpe\u010dnosti. Pokra\u010dovat v po\u0159\u00e1d\u00e1n\u00ed ji\u017e zaveden\u00fdch kemp\u016f, \u201eHackDays\u201c, \u201eCodeDays\u201c, \u201eHardwareDays\u201c, s mimo\u0159\u00e1dn\u011b \u00fasp\u011b\u0161n\u00fdm ohlasem, kter\u00e9 se u student\u016f t\u011b\u0161\u00ed velik\u00e9 oblib\u011b.<\/p>\n\n\n\n<p>\u00da\u010dastn\u00edci budou po absolvov\u00e1n\u00ed kemp\u016f schopni orientace v kl\u00ed\u010dov\u00fdch aspektech problematiky um\u011bl\u00e9 inteligence, robotiky a v\u00fdvoje software. Ch\u00e1pat podstatu bezpe\u010dn\u00e9 komunikace mezi za\u0159\u00edzen\u00edmi, v\u011btven\u00ed, rozhodovac\u00ed procesy, a mnoh\u00e9 dal\u0161\u00ed. Jedn\u00e1 se o pomysln\u00fd vstupn\u00ed bod nejenom pro studenty, kte\u0159\u00ed maj\u00ed z\u00e1jem o obory kybernetick\u00e9 bezpe\u010dnosti, IT a cht\u011bj\u00ed se jimi zab\u00fdvat, ale i v\u0161echny dal\u0161\u00ed nadan\u00e9 talenty, je\u017e je kl\u00ed\u010dov\u00e9 z\u00edsk\u00e1vat a spr\u00e1vn\u011b motivovat.<\/p>\n\n\n\n<p class=\"has-text-align-center has-white-color has-text-color has-background\" style=\"background-color:#0c5a89\"><strong>Po\u017e\u00e1dan\u00e1 v\u00fd\u0161e podpory:<\/strong><br>150 000,- K\u010d<\/p>\n\n\n\n<h2 class=\"wp-block-heading\">Interaktivn\u00ed v\u00fdukov\u00e9 materi\u00e1ly pro kybernetickou bezpe\u010dnost<\/h2>\n\n\n\n<p>Z\u00e1kladn\u00ed pom\u016fckou pro veden\u00ed kvalitn\u00ed v\u00fduky jsou samotn\u00e9 v\u00fdukov\u00e9 materi\u00e1ly. Oblast kybernetick\u00e9 bezpe\u010dnosti se obecn\u011b vyu\u010duje velmi kr\u00e1tkou dobu a neexistuj\u00ed k tomuto oboru \u017e\u00e1dn\u00e9 ofici\u00e1ln\u00ed materi\u00e1ly.<\/p>\n\n\n\n<p>Pokud m\u00e1 b\u00fdt v\u00fduka kybernetick\u00e9 bezpe\u010dnosti kvalitn\u00ed, je zapot\u0159eb\u00ed do vzd\u011bl\u00e1vac\u00edho procesu zakomponovat i praktickou \u010d\u00e1st. Pro maxim\u00e1ln\u00ed osvojen\u00ed dovednost\u00ed si studenti mus\u00ed sv\u00e9 teoreticky nabyt\u00e9 v\u011bdomosti ov\u011b\u0159it v praktick\u00fdch cvi\u010den\u00edch. P\u0159\u00edprava cvi\u010den\u00ed d\u00e9lku p\u0159\u00edpravy je\u0161t\u011b n\u011bkolikan\u00e1sobn\u011b prodlu\u017euje.<\/p>\n\n\n\n<p>Pro zlep\u0161en\u00ed v\u00fdsledk\u016f je obecn\u011b u lid\u00ed pot\u0159eba hledat motivace. U mlad\u00fdch lid\u00ed to neb\u00fdv\u00e1 jednoduch\u00e9. Co ale dlouhodob\u011b funguje, je vyu\u017e\u00edt jejich hravosti a sout\u011b\u017eivosti. Proto chceme jak aktivitu ve v\u00fduce, tak seberozvoj ve voln\u00e9m \u010dase podpo\u0159it dlouhodobou sout\u011b\u017e\u00ed nad r\u00e1mec v\u00fdukov\u00fdch materi\u00e1l\u016f. Na sout\u011b\u017en\u00edm port\u00e1lu budou pr\u016fb\u011b\u017en\u011b p\u0159ib\u00fdvat r\u016fzn\u00e9 \u00falohy a v\u00fdzvy ze v\u0161ech oblast\u00ed kybernetick\u00e9 bezpe\u010dnosti, jejich\u017e pln\u011bn\u00edm studenti budou z\u00edsk\u00e1vat body. Pomoc\u00ed t\u011bchto bod\u016f se n\u00e1sledn\u011b bude tvo\u0159it \u017eeb\u0159\u00ed\u010dek v\u00fdsledk\u016f, kter\u00fd bude zobraziteln\u00fd pro v\u0161echny sout\u011b\u017e\u00edc\u00ed.<\/p>\n\n\n\n<p class=\"has-text-align-center has-white-color has-text-color has-background\" style=\"background-color:#0c5a89\"><strong>Po\u017e\u00e1dan\u00e1 v\u00fd\u0161e podpory:<\/strong><br>150 000,- K\u010d<\/p>\n\n\n\n<h2 class=\"wp-block-heading\"><\/h2>\n\n\n<div class=\"wp-block-image\">\n<figure class=\"aligncenter size-large\"><img fetchpriority=\"high\" decoding=\"async\" width=\"1024\" height=\"158\" src=\"https:\/\/ssps-backup.200.solutions\/wp-content\/uploads\/2021\/09\/modernizace-1024x158.jpg\" alt=\"\" class=\"wp-image-2381\" srcset=\"https:\/\/ssps-backup.200.solutions\/wp-content\/uploads\/2021\/09\/modernizace-1024x158.jpg 1024w, https:\/\/ssps-backup.200.solutions\/wp-content\/uploads\/2021\/09\/modernizace-300x46.jpg 300w, https:\/\/ssps-backup.200.solutions\/wp-content\/uploads\/2021\/09\/modernizace-768x119.jpg 768w, https:\/\/ssps-backup.200.solutions\/wp-content\/uploads\/2021\/09\/modernizace-1536x238.jpg 1536w, https:\/\/ssps-backup.200.solutions\/wp-content\/uploads\/2021\/09\/modernizace.jpg 1843w\" sizes=\"(max-width: 1024px) 100vw, 1024px\" \/><\/figure>\n<\/div>","protected":false},"excerpt":{"rendered":"<p>Sm\u00edchovsk\u00e1 st\u0159edn\u00ed pr\u016fmyslov\u00e1 \u0161kola a gymn\u00e1zium ka\u017edoro\u010dn\u011b pod\u00e1v\u00e1 \u017e\u00e1dosti o podporu Magistr\u00e1tu hlavn\u00edho m\u011bsta Prahy&#8230; <a href=\"https:\/\/ssps-backup.200.solutions\/?page_id=2175\" class=\"readmore\">Zobrazit v\u00edce<\/a><\/p>\n","protected":false},"author":14,"featured_media":0,"parent":1052,"menu_order":4,"comment_status":"closed","ping_status":"closed","template":"","meta":{"_acf_changed":false,"inline_featured_image":false,"footnotes":""},"class_list":["post-2175","page","type-page","status-publish","hentry"],"acf":[],"_links":{"self":[{"href":"https:\/\/ssps-backup.200.solutions\/index.php?rest_route=\/wp\/v2\/pages\/2175","targetHints":{"allow":["GET"]}}],"collection":[{"href":"https:\/\/ssps-backup.200.solutions\/index.php?rest_route=\/wp\/v2\/pages"}],"about":[{"href":"https:\/\/ssps-backup.200.solutions\/index.php?rest_route=\/wp\/v2\/types\/page"}],"author":[{"embeddable":true,"href":"https:\/\/ssps-backup.200.solutions\/index.php?rest_route=\/wp\/v2\/users\/14"}],"replies":[{"embeddable":true,"href":"https:\/\/ssps-backup.200.solutions\/index.php?rest_route=%2Fwp%2Fv2%2Fcomments&post=2175"}],"version-history":[{"count":7,"href":"https:\/\/ssps-backup.200.solutions\/index.php?rest_route=\/wp\/v2\/pages\/2175\/revisions"}],"predecessor-version":[{"id":4888,"href":"https:\/\/ssps-backup.200.solutions\/index.php?rest_route=\/wp\/v2\/pages\/2175\/revisions\/4888"}],"up":[{"embeddable":true,"href":"https:\/\/ssps-backup.200.solutions\/index.php?rest_route=\/wp\/v2\/pages\/1052"}],"wp:attachment":[{"href":"https:\/\/ssps-backup.200.solutions\/index.php?rest_route=%2Fwp%2Fv2%2Fmedia&parent=2175"}],"curies":[{"name":"wp","href":"https:\/\/api.w.org\/{rel}","templated":true}]}}