{"id":2040,"date":"2024-05-15T00:00:00","date_gmt":"2024-05-14T22:00:00","guid":{"rendered":"https:\/\/ssps-backup.200.solutions\/?page_id=2040"},"modified":"2025-10-03T14:36:44","modified_gmt":"2025-10-03T12:36:44","slug":"vysledky-prijimaciho-rizeni-pro-skolni-rok-2022-2023","status":"publish","type":"page","link":"https:\/\/ssps-backup.200.solutions\/?page_id=2040","title":{"rendered":"V\u00fdsledky p\u0159ij\u00edmac\u00edho \u0159\u00edzen\u00ed"},"content":{"rendered":"\n<h2 class=\"wp-block-heading has-text-align-center\"><strong>V\u00ddSLEDKY <strong>P\u0158IJ\u00cdMAC\u00cdHO \u0158\u00cdZEN\u00cd PRO ROK 2025\/202<\/strong><\/strong>6<\/h2>\n\n\n\n<p class=\"has-text-align-center has-white-color has-text-color has-background\" style=\"background-color:#0c5a89\">V\u00fdsledky bodov\u00e9ho zisku jsou p\u0159esn\u00fdm obrazem bodov\u00e9ho zisku uchaze\u010de v dan\u00e9 kategorii\/testu. Celkov\u00e9 po\u0159ad\u00ed vych\u00e1z\u00ed z p\u0159epo\u010dtu bodov\u00e9ho zisku, dle stanoven\u00fdch vah dan\u00fdch krit\u00e9rii p\u0159ij\u00edmac\u00edho \u0159\u00edzen\u00ed, kter\u00e9 bylo \u0161kolou zve\u0159ejn\u011bno.<\/p>\n\n\n\n<h4 class=\"wp-block-heading\">Informace pro nov\u011b p\u0159ijat\u00e9 uchaze\u010de<\/h4>\n\n\n\n<p>Zde jsou zve\u0159ejn\u011bny informace pro p\u0159ijat\u00e9 uchaze\u010de pro \u0161koln\u00ed rok 2025\/2026.<\/p>\n\n\n\n<h4 class=\"wp-block-heading\">Obor vzd\u011bl\u00e1n\u00ed Informa\u010dn\u00ed technologie (18-20-M\/01)<\/h4>\n\n\n\n<p>Zde jsou zve\u0159ejn\u011bny v\u00fdsledky p\u0159ij\u00edmac\u00edho \u0159\u00edzen\u00ed u tohoto oboru pro \u0161koln\u00ed rok 2025\/2026.<\/p>\n\n\n\n<div class=\"wp-block-file\"><a id=\"wp-block-file--media-db46c6cb-cd9d-455b-af56-141bc37630d1\" href=\"https:\/\/ssps-backup.200.solutions\/wp-content\/uploads\/2025\/05\/IT_2025.pdf\">IT V\u00fdsledky &#8211; \u0160K. ROK 2025\/26<\/a><a href=\"https:\/\/ssps-backup.200.solutions\/wp-content\/uploads\/2025\/05\/IT_2025.pdf\" class=\"wp-block-file__button wp-element-button\" download aria-describedby=\"wp-block-file--media-db46c6cb-cd9d-455b-af56-141bc37630d1\">St\u00e1hnout<\/a><\/div>\n\n\n\n<h4 class=\"wp-block-heading\">Obor vzd\u011bl\u00e1n\u00ed Informa\u010dn\u00ed technologie &#8211; Kybernetick\u00e1 bezpe\u010dnost (18-20-M\/01)<\/h4>\n\n\n\n<p>Zde jsou zve\u0159ejn\u011bny v\u00fdsledky p\u0159ij\u00edmac\u00edho \u0159\u00edzen\u00ed u tohoto oboru pro \u0161koln\u00ed rok 2025\/2026.<\/p>\n\n\n\n<div class=\"wp-block-file\"><a id=\"wp-block-file--media-de2bf01b-6490-43ce-848f-173aa443c81d\" href=\"https:\/\/ssps-backup.200.solutions\/wp-content\/uploads\/2025\/05\/KB_2025.pdf\">KB V\u00fdsledky &#8211; \u0160K. ROK 2025\/26<\/a><a href=\"https:\/\/ssps-backup.200.solutions\/wp-content\/uploads\/2025\/05\/KB_2025.pdf\" class=\"wp-block-file__button wp-element-button\" download aria-describedby=\"wp-block-file--media-de2bf01b-6490-43ce-848f-173aa443c81d\">St\u00e1hnout<\/a><\/div>\n\n\n\n<h4 class=\"wp-block-heading\">Obor vzd\u011bl\u00e1n\u00ed Gymn\u00e1zium (79-41-K\/41)<\/h4>\n\n\n\n<p>Zde jsou zve\u0159ejn\u011bny v\u00fdsledky p\u0159ij\u00edmac\u00edho \u0159\u00edzen\u00ed u tohoto oboru pro \u0161koln\u00ed rok 2025\/2026.<\/p>\n\n\n\n<div class=\"wp-block-file\"><a id=\"wp-block-file--media-f7bf6799-f15b-4ff8-bbf8-f03583b4eeab\" href=\"https:\/\/ssps-backup.200.solutions\/wp-content\/uploads\/2025\/05\/GYM_2025.pdf\">GYM V\u00fdsledky &#8211; \u0160K. ROK 2025\/26<\/a><a href=\"https:\/\/ssps-backup.200.solutions\/wp-content\/uploads\/2025\/05\/GYM_2025.pdf\" class=\"wp-block-file__button wp-element-button\" download aria-describedby=\"wp-block-file--media-f7bf6799-f15b-4ff8-bbf8-f03583b4eeab\">St\u00e1hnout<\/a><\/div>\n\n\n\n<hr class=\"wp-block-separator has-alpha-channel-opacity\"\/>\n\n\n<div class=\"lightweight-accordion\"><details><summary class=\"lightweight-accordion-title\"><span>Archiv: V\u00fdsledky p\u0159ij\u00edmac\u00edho \u0159\u00edzen\u00ed pro \u0161koln\u00ed rok 2024\/2025<\/span><\/summary><div class=\"lightweight-accordion-body\">\n\n<h4 class=\"wp-block-heading\">Obor vzd\u011bl\u00e1n\u00ed Informa\u010dn\u00ed technologie (18-20-M\/01)<\/h4>\n\n\n\n<p>V\u00fdsledky pro \u0161koln\u00ed rok 2024\/25:<\/p>\n\n\n\n<div class=\"wp-block-file\"><a id=\"wp-block-file--media-06719477-0da6-452a-9727-edde45ccccd6\" href=\"https:\/\/ssps-backup.200.solutions\/wp-content\/uploads\/2025\/05\/IT_VYSLEDKY-2024.pdf\">IT_VYSLEDKY-2024<\/a><a href=\"https:\/\/ssps-backup.200.solutions\/wp-content\/uploads\/2025\/05\/IT_VYSLEDKY-2024.pdf\" class=\"wp-block-file__button wp-element-button\" download aria-describedby=\"wp-block-file--media-06719477-0da6-452a-9727-edde45ccccd6\">St\u00e1hnout<\/a><\/div>\n\n\n\n<h4 class=\"wp-block-heading\">Obor vzd\u011bl\u00e1n\u00ed Informa\u010dn\u00ed technologie &#8211; Kybernetick\u00e1 bezpe\u010dnost (18-20-M\/01)<\/h4>\n\n\n\n<p>V\u00fdsledky pro \u0161koln\u00ed rok 2024\/25:<\/p>\n\n\n\n<div class=\"wp-block-file\"><a id=\"wp-block-file--media-fc64f8fa-18dc-4a60-9b60-1445c3ed5ae6\" href=\"https:\/\/ssps-backup.200.solutions\/wp-content\/uploads\/2025\/05\/KB_VYSLEDKY-2024.pdf\">KB_VYSLEDKY-2024<\/a><a href=\"https:\/\/ssps-backup.200.solutions\/wp-content\/uploads\/2025\/05\/KB_VYSLEDKY-2024.pdf\" class=\"wp-block-file__button wp-element-button\" download aria-describedby=\"wp-block-file--media-fc64f8fa-18dc-4a60-9b60-1445c3ed5ae6\">St\u00e1hnout<\/a><\/div>\n\n\n\n<h4 class=\"wp-block-heading\">Obor vzd\u011bl\u00e1n\u00ed Gymn\u00e1zium (79-41-K\/41)<\/h4>\n\n\n\n<p>V\u00fdsledky pro \u0161koln\u00ed rok 2024\/25:<\/p>\n\n\n\n<div class=\"wp-block-file\"><a id=\"wp-block-file--media-01919830-4a9e-469c-a05c-a5fccadb6649\" href=\"https:\/\/ssps-backup.200.solutions\/wp-content\/uploads\/2025\/05\/GYM_VYSLEDKY-2024.pdf\">GYM_VYSLEDKY-2024<\/a><a href=\"https:\/\/ssps-backup.200.solutions\/wp-content\/uploads\/2025\/05\/GYM_VYSLEDKY-2024.pdf\" class=\"wp-block-file__button wp-element-button\" download aria-describedby=\"wp-block-file--media-01919830-4a9e-469c-a05c-a5fccadb6649\">St\u00e1hnout<\/a><\/div>\n\n<\/div><\/details><\/div>\n\n<div class=\"lightweight-accordion\"><details><summary class=\"lightweight-accordion-title\"><span>Archiv: V\u00fdsledky p\u0159ij\u00edmac\u00edho \u0159\u00edzen\u00ed pro \u0161koln\u00ed rok 2022\/2023<\/span><\/summary><div class=\"lightweight-accordion-body\">\n\n<p> Ke&nbsp;dni&nbsp;<strong>9.&nbsp;5.&nbsp;2022<\/strong>&nbsp;byli&nbsp;p\u0159ijati&nbsp;uchaze\u010di, do&nbsp;oboru&nbsp;Informa\u010dn\u00ed&nbsp;technologie:&nbsp;do&nbsp;po\u0159ad\u00ed&nbsp;<strong>107&nbsp;v\u010detn\u011b.<\/strong><\/p>\n\n\n\n<div class=\"wp-block-file\"><a id=\"wp-block-file--media-eb1cd976-ae5a-420e-8fd5-47e9a58ccd4c\" href=\"https:\/\/ssps-backup.200.solutions\/wp-content\/uploads\/2022\/05\/ICT.pdf\">IT_V\u00ddSLEDKY &#8211; \u0160K. ROK 2022\/23<\/a><a href=\"https:\/\/ssps-backup.200.solutions\/wp-content\/uploads\/2022\/05\/ICT.pdf\" class=\"wp-block-file__button wp-element-button\" download aria-describedby=\"wp-block-file--media-eb1cd976-ae5a-420e-8fd5-47e9a58ccd4c\">St\u00e1hnout<\/a><\/div>\n\n\n\n<h4 class=\"wp-block-heading\">Obor vzd\u011bl\u00e1n\u00ed Informa\u010dn\u00ed technologie &#8211; Kybernetick\u00e1 bezpe\u010dnost (18-20-M\/01)<\/h4>\n\n\n\n<p>Ke&nbsp;dni&nbsp;<strong>9.&nbsp;5.&nbsp;2022<\/strong>&nbsp;byli&nbsp;p\u0159ijati&nbsp;uchaze\u010di, do oboru Informa\u010dn\u00ed technologie-Kybernetick\u00e1 bezpe\u010dnost: do po\u0159ad\u00ed<strong> 36 v\u010detn\u011b.<\/strong><\/p>\n\n\n\n<div class=\"wp-block-file\"><a id=\"wp-block-file--media-c77f29b6-9e48-41ca-b86b-7cd300cb4ed2\" href=\"https:\/\/ssps-backup.200.solutions\/wp-content\/uploads\/2022\/05\/KB.pdf\">KB_V\u00ddSLEDKY &#8211; \u0160K. ROK 2022\/23<\/a><a href=\"https:\/\/ssps-backup.200.solutions\/wp-content\/uploads\/2022\/05\/KB.pdf\" class=\"wp-block-file__button wp-element-button\" download aria-describedby=\"wp-block-file--media-c77f29b6-9e48-41ca-b86b-7cd300cb4ed2\">St\u00e1hnout<\/a><\/div>\n\n\n\n<h4 class=\"wp-block-heading\">Obor vzd\u011bl\u00e1n\u00ed Gymn\u00e1zium (79-41-K\/41)<\/h4>\n\n\n\n<p>Ke&nbsp;dni&nbsp;<strong>9.&nbsp;5.&nbsp;2022<\/strong>&nbsp;byli&nbsp;p\u0159ijati&nbsp;uchaze\u010di,&nbsp;do&nbsp;oboru&nbsp;Gymn\u00e1zium:&nbsp;do&nbsp;po\u0159ad\u00ed&nbsp;<strong>40&nbsp;v\u010detn\u011b.<\/strong><\/p>\n\n\n\n<div class=\"wp-block-file\"><a id=\"wp-block-file--media-d8957815-6365-447c-9880-9885f9803d41\" href=\"https:\/\/ssps-backup.200.solutions\/wp-content\/uploads\/2022\/05\/GYM-2.pdf\">GYM_V\u00ddSLEDKY &#8211; \u0160K. ROK 2022\/23<\/a><a href=\"https:\/\/ssps-backup.200.solutions\/wp-content\/uploads\/2022\/05\/GYM-2.pdf\" class=\"wp-block-file__button wp-element-button\" download aria-describedby=\"wp-block-file--media-d8957815-6365-447c-9880-9885f9803d41\">St\u00e1hnout<\/a><\/div>\n\n\n\n<p>Ke&nbsp;dni&nbsp;<strong>9.&nbsp;5.&nbsp;2022<\/strong>&nbsp;byli&nbsp;p\u0159ijati&nbsp;uchaze\u010di,&nbsp;do&nbsp;oboru&nbsp;Gymn\u00e1zium:&nbsp;do&nbsp;po\u0159ad\u00ed&nbsp;<strong>40&nbsp;v\u010detn\u011b.<\/strong><\/p>\n\n<\/div><\/details><\/div>\n\n<div class=\"lightweight-accordion\"><details><summary class=\"lightweight-accordion-title\"><span> Archiv: V\u00fdsledky p\u0159ij\u00edmac\u00edho \u0159\u00edzen\u00ed pro \u0161koln\u00ed rok 2021\/2022 <\/span><\/summary><div class=\"lightweight-accordion-body\">\n\n<h4 class=\"wp-block-heading\">Informace pro nov\u011b p\u0159ijat\u00e9 uchaze\u010de<\/h4>\n\n\n\n<div class=\"wp-block-file\"><a id=\"wp-block-file--media-ebdb4bd3-a4dc-4d83-8457-e58dd24323ee\" href=\"https:\/\/ssps-backup.200.solutions\/wp-content\/uploads\/2021\/05\/dopis_na_web_20052021.pdf\">Dopis &#8211; Matrika<\/a><a href=\"https:\/\/ssps-backup.200.solutions\/wp-content\/uploads\/2021\/05\/dopis_na_web_20052021.pdf\" class=\"wp-block-file__button wp-element-button\" download aria-describedby=\"wp-block-file--media-ebdb4bd3-a4dc-4d83-8457-e58dd24323ee\">St\u00e1hnout<\/a><\/div>\n\n\n\n<h4 class=\"wp-block-heading\">Obor vzd\u011bl\u00e1n\u00ed Informa\u010dn\u00ed technologie (<strong><strong>18-20-M\/01<\/strong><\/strong>)<\/h4>\n\n\n\n<p>Ke dni 20. 5. 2021 byli p\u0159ijati uchaze\u010di v po\u0159ad\u00ed 1 &#8211; 105 v\u010detn\u011b.<\/p>\n\n\n\n<p><strong>Tabulka obsahuje v\u00fdsledky p\u0159ij\u00edmac\u00edho \u0159\u00edzen\u00ed po zapo\u010dten\u00ed v\u00fdsledk\u016f uchaze\u010d\u016f, kte\u0159\u00ed konali p\u0159ij\u00edmac\u00ed zkou\u0161ky v n\u00e1hradn\u00edm term\u00ednu.<\/strong><\/p>\n\n\n\n<div class=\"wp-block-file\"><a id=\"wp-block-file--media-3e556fd2-39dc-4551-a9e4-3a6b65994c55\" href=\"https:\/\/ssps-backup.200.solutions\/wp-content\/uploads\/2021\/06\/ICT_210614.pdf\">IT_V\u00ddSLEDKY &#8211; \u0160K. ROK 2021\/22<\/a><a href=\"https:\/\/ssps-backup.200.solutions\/wp-content\/uploads\/2021\/06\/ICT_210614.pdf\" class=\"wp-block-file__button wp-element-button\" download aria-describedby=\"wp-block-file--media-3e556fd2-39dc-4551-a9e4-3a6b65994c55\">St\u00e1hnout<\/a><\/div>\n\n\n\n<h4 class=\"wp-block-heading\">Ob<strong>or vzd\u011bl\u00e1n\u00ed Informa\u010dn\u00ed technologie &#8211; Kybernetick\u00e1 bezpe\u010dnost (18-20-M\/01)<\/strong><\/h4>\n\n\n\n<p>Ke dni 20. 5. 2021 byli p\u0159ijati uchaze\u010di v po\u0159ad\u00ed 1 &#8211; 35 v\u010detn\u011b.<\/p>\n\n\n\n<div class=\"wp-block-file\"><a id=\"wp-block-file--media-7b7a2733-5aec-4951-8917-c3bd7b182e8a\" href=\"https:\/\/ssps-backup.200.solutions\/wp-content\/uploads\/2021\/05\/KB21_19052021.pdf\">KB_V\u00ddSLEDKY &#8211; \u0160K. ROK 2021\/22<\/a><a href=\"https:\/\/ssps-backup.200.solutions\/wp-content\/uploads\/2021\/05\/KB21_19052021.pdf\" class=\"wp-block-file__button wp-element-button\" download aria-describedby=\"wp-block-file--media-7b7a2733-5aec-4951-8917-c3bd7b182e8a\">St\u00e1hnout<\/a><\/div>\n\n\n\n<h4 class=\"wp-block-heading\"><strong>Obor vzd\u011bl\u00e1n\u00ed Gymn\u00e1zium (79-41-K\/41)<\/strong><\/h4>\n\n\n\n<p>Ke dni 20. 5. 2021 byli p\u0159ijati uchaze\u010di v po\u0159ad\u00ed 1 &#8211; 32 v\u010detn\u011b.<\/p>\n\n\n\n<div class=\"wp-block-file\"><a id=\"wp-block-file--media-0d8173da-ac14-43af-b6c8-1de2df3bb98f\" href=\"https:\/\/ssps-backup.200.solutions\/wp-content\/uploads\/2021\/05\/GYM21_19052021.pdf\">GYM_V\u00ddSLEDKY &#8211; \u0160K. ROK 2021\/22<\/a><a href=\"https:\/\/ssps-backup.200.solutions\/wp-content\/uploads\/2021\/05\/GYM21_19052021.pdf\" class=\"wp-block-file__button wp-element-button\" download aria-describedby=\"wp-block-file--media-0d8173da-ac14-43af-b6c8-1de2df3bb98f\">St\u00e1hnout<\/a><\/div>\n\n<\/div><\/details><\/div>\n\n\n<p><\/p>\n","protected":false},"excerpt":{"rendered":"<p>V\u00ddSLEDKY P\u0158IJ\u00cdMAC\u00cdHO \u0158\u00cdZEN\u00cd PRO ROK 2025\/2026 V\u00fdsledky bodov\u00e9ho zisku jsou p\u0159esn\u00fdm obrazem bodov\u00e9ho zisku uchaze\u010de&#8230; <a href=\"https:\/\/ssps-backup.200.solutions\/?page_id=2040\" class=\"readmore\">Zobrazit v\u00edce<\/a><\/p>\n","protected":false},"author":14,"featured_media":0,"parent":1610,"menu_order":3,"comment_status":"closed","ping_status":"closed","template":"","meta":{"_acf_changed":false,"inline_featured_image":false,"footnotes":""},"class_list":["post-2040","page","type-page","status-publish","hentry"],"acf":[],"_links":{"self":[{"href":"https:\/\/ssps-backup.200.solutions\/index.php?rest_route=\/wp\/v2\/pages\/2040","targetHints":{"allow":["GET"]}}],"collection":[{"href":"https:\/\/ssps-backup.200.solutions\/index.php?rest_route=\/wp\/v2\/pages"}],"about":[{"href":"https:\/\/ssps-backup.200.solutions\/index.php?rest_route=\/wp\/v2\/types\/page"}],"author":[{"embeddable":true,"href":"https:\/\/ssps-backup.200.solutions\/index.php?rest_route=\/wp\/v2\/users\/14"}],"replies":[{"embeddable":true,"href":"https:\/\/ssps-backup.200.solutions\/index.php?rest_route=%2Fwp%2Fv2%2Fcomments&post=2040"}],"version-history":[{"count":54,"href":"https:\/\/ssps-backup.200.solutions\/index.php?rest_route=\/wp\/v2\/pages\/2040\/revisions"}],"predecessor-version":[{"id":7173,"href":"https:\/\/ssps-backup.200.solutions\/index.php?rest_route=\/wp\/v2\/pages\/2040\/revisions\/7173"}],"up":[{"embeddable":true,"href":"https:\/\/ssps-backup.200.solutions\/index.php?rest_route=\/wp\/v2\/pages\/1610"}],"wp:attachment":[{"href":"https:\/\/ssps-backup.200.solutions\/index.php?rest_route=%2Fwp%2Fv2%2Fmedia&parent=2040"}],"curies":[{"name":"wp","href":"https:\/\/api.w.org\/{rel}","templated":true}]}}