{"id":2002,"date":"2022-11-30T22:34:42","date_gmt":"2022-11-30T21:34:42","guid":{"rendered":"https:\/\/ssps-backup.200.solutions\/?page_id=2002"},"modified":"2025-10-03T14:41:04","modified_gmt":"2025-10-03T12:41:04","slug":"terminy-prijimaciho-rizeni-do-smichovske-sps-a-gymnazia","status":"publish","type":"page","link":"https:\/\/ssps-backup.200.solutions\/?page_id=2002","title":{"rendered":"Term\u00edny p\u0159ij\u00edmac\u00edho \u0159\u00edzen\u00ed"},"content":{"rendered":"\n<h2 class=\"wp-block-heading has-text-align-center\"><strong>TERM\u00cdNY P\u0158IJ\u00cdMAC\u00cdHO \u0158\u00cdZEN\u00cd PRO ROK 2026\/2027<\/strong><\/h2>\n\n\n\n<p class=\"has-text-align-center has-white-color has-text-color has-background\" style=\"background-color:#0c5a89\"><strong>10. dubna 2026<\/strong><\/p>\n\n\n\n<p class=\"has-text-align-center has-text-color has-background\" style=\"color:#0c5a89;background-color:#eeeeee\">se kon\u00e1 <strong>1. term\u00edn<\/strong> p\u0159ij\u00edmac\u00ed zkou\u0161ky z <strong>\u010cesk\u00e9ho jazyka a literatury <\/strong>a <strong>Matematiky<\/strong><\/p>\n\n\n\n<p class=\"has-text-align-center has-white-color has-text-color has-background\" style=\"background-color:#0c5a89\"><strong>13. dubna 2026<\/strong><\/p>\n\n\n\n<p class=\"has-text-align-center has-text-color has-background\" style=\"color:#0c5a89;background-color:#eeeeee\">se kon\u00e1 <strong>2. term\u00edn<\/strong> p\u0159ij\u00edmac\u00ed zkou\u0161ky z <strong>\u010cesk\u00e9ho jazyka a literatury <\/strong>a <strong>Matematiky<\/strong><\/p>\n\n\n\n<p class=\"has-text-align-center has-white-color has-text-color has-background\" style=\"background-color:#0c5a89\"><strong>od 30. b\u0159ezna do 24. dubna 2026<\/strong><\/p>\n\n\n\n<p class=\"has-text-align-center has-text-color has-background\" style=\"color:#0c5a89;background-color:#eeeeee\">prob\u00edhaj\u00ed na \u0161kole<strong> p\u0159ij\u00edmac\u00ed pohovory<\/strong> pro v\u0161echny uchaze\u010de (IT, KB, GYM). Rozvrhy \u010das\u016f pohovor\u016f budou zve\u0159ejn\u011bny s dostate\u010dn\u00fdm \u010dasov\u00fdm p\u0159edstihem na str\u00e1nk\u00e1ch \u0161koly a v pozv\u00e1nce k p\u0159ij\u00edmac\u00edmu \u0159\u00edzen\u00ed. Pohovory budou prob\u00edhat cel\u00fd den, a to i v dopoledn\u00edch hodin\u00e1ch.<\/p>\n\n\n\n<p class=\"has-text-align-center has-white-color has-text-color has-background\" style=\"background-color:#0c5a89\"><strong>29. dubna 2026<\/strong><\/p>\n\n\n\n<p class=\"has-text-align-center has-text-color has-background\" style=\"color:#0c5a89;background-color:#eeeeee\">se kon\u00e1 n\u00e1hradn\u00ed term\u00edn kon\u00e1n\u00ed jednotn\u00fdch p\u0159ij\u00edmac\u00edch zkou\u0161ek pro uchaze\u010de, kte\u0159\u00ed se z&nbsp;\u0159\u00e1dn\u00e9ho term\u00ednu p\u00edsemn\u011b omluvili ze&nbsp;zdravotn\u00edch d\u016fvod\u016f (dolo\u017eeno l\u00e9ka\u0159skou zpr\u00e1vou do&nbsp;3&nbsp;dn\u016f od kon\u00e1n\u00ed zkou\u0161ky), nekonali jednotn\u00e9 p\u0159ij\u00edmac\u00ed zkou\u0161ky a \u0161koln\u00ed p\u0159ij\u00edmac\u00ed zkou\u0161ku v&nbsp;\u0159\u00e1dn\u00e9m term\u00ednu.<\/p>\n\n\n\n<p class=\"has-text-align-center has-white-color has-text-color has-background\" style=\"background-color:#0c5a89\"><strong>30. dubna 2026<\/strong><\/p>\n\n\n\n<p class=\"has-text-align-center has-text-color has-background\" style=\"color:#0c5a89;background-color:#eeeeee\">se kon\u00e1 n\u00e1hradn\u00ed term\u00edn kon\u00e1n\u00ed jednotn\u00fdch p\u0159ij\u00edmac\u00edch zkou\u0161ek pro uchaze\u010de, kte\u0159\u00ed se z&nbsp;\u0159\u00e1dn\u00e9ho term\u00ednu p\u00edsemn\u011b omluvili ze&nbsp;zdravotn\u00edch d\u016fvod\u016f (dolo\u017eeno l\u00e9ka\u0159skou zpr\u00e1vou do&nbsp;3&nbsp;dn\u016f od kon\u00e1n\u00ed zkou\u0161ky), nekonali jednotn\u00e9 p\u0159ij\u00edmac\u00ed zkou\u0161ky a \u0161koln\u00ed p\u0159ij\u00edmac\u00ed zkou\u0161ku v&nbsp;\u0159\u00e1dn\u00e9m term\u00ednu.<\/p>\n\n\n\n<p class=\"has-text-align-center has-white-color has-text-color has-background\" style=\"background-color:#0c5a89\"><strong>14. kv\u011btna 2026<\/strong><\/p>\n\n\n\n<p class=\"has-text-align-center has-text-color has-background\" style=\"color:#0c5a89;background-color:#eeeeee\">\u0161kola vyv\u011bs\u00ed na webov\u00e9 str\u00e1nky <strong>v\u00fdsledky<\/strong> p\u0159ij\u00edmac\u00edho \u0159\u00edzen\u00ed pro \u0161koln\u00ed rok 2026\/2027.<\/p>\n\n\n\n<p><\/p>\n","protected":false},"excerpt":{"rendered":"<p>TERM\u00cdNY P\u0158IJ\u00cdMAC\u00cdHO \u0158\u00cdZEN\u00cd PRO ROK 2026\/2027 10. dubna 2026 se kon\u00e1 1. term\u00edn p\u0159ij\u00edmac\u00ed zkou\u0161ky&#8230; <a href=\"https:\/\/ssps-backup.200.solutions\/?page_id=2002\" class=\"readmore\">Zobrazit v\u00edce<\/a><\/p>\n","protected":false},"author":14,"featured_media":0,"parent":1610,"menu_order":1,"comment_status":"closed","ping_status":"closed","template":"","meta":{"_acf_changed":false,"inline_featured_image":false,"footnotes":""},"class_list":["post-2002","page","type-page","status-publish","hentry"],"acf":[],"_links":{"self":[{"href":"https:\/\/ssps-backup.200.solutions\/index.php?rest_route=\/wp\/v2\/pages\/2002","targetHints":{"allow":["GET"]}}],"collection":[{"href":"https:\/\/ssps-backup.200.solutions\/index.php?rest_route=\/wp\/v2\/pages"}],"about":[{"href":"https:\/\/ssps-backup.200.solutions\/index.php?rest_route=\/wp\/v2\/types\/page"}],"author":[{"embeddable":true,"href":"https:\/\/ssps-backup.200.solutions\/index.php?rest_route=\/wp\/v2\/users\/14"}],"replies":[{"embeddable":true,"href":"https:\/\/ssps-backup.200.solutions\/index.php?rest_route=%2Fwp%2Fv2%2Fcomments&post=2002"}],"version-history":[{"count":43,"href":"https:\/\/ssps-backup.200.solutions\/index.php?rest_route=\/wp\/v2\/pages\/2002\/revisions"}],"predecessor-version":[{"id":7179,"href":"https:\/\/ssps-backup.200.solutions\/index.php?rest_route=\/wp\/v2\/pages\/2002\/revisions\/7179"}],"up":[{"embeddable":true,"href":"https:\/\/ssps-backup.200.solutions\/index.php?rest_route=\/wp\/v2\/pages\/1610"}],"wp:attachment":[{"href":"https:\/\/ssps-backup.200.solutions\/index.php?rest_route=%2Fwp%2Fv2%2Fmedia&parent=2002"}],"curies":[{"name":"wp","href":"https:\/\/api.w.org\/{rel}","templated":true}]}}