{"id":186,"date":"2020-07-30T16:52:42","date_gmt":"2020-07-30T14:52:42","guid":{"rendered":"http:\/\/ssps\/web\/?page_id=186"},"modified":"2025-11-24T21:27:31","modified_gmt":"2025-11-24T20:27:31","slug":"maturitni-zkousky","status":"publish","type":"page","link":"https:\/\/ssps-backup.200.solutions\/?page_id=186","title":{"rendered":"Maturitn\u00ed zkou\u0161ky"},"content":{"rendered":"\n<h2 class=\"wp-block-heading has-text-align-center\"><strong>Z\u00c1KLADN\u00cd INFORMACE K MATURITN\u00cdM ZKOU\u0160K\u00c1M<\/strong><\/h2>\n\n\n\n<p>Maturitn\u00ed zkou\u0161ku (MZ) tvo\u0159\u00ed spole\u010dn\u00e1 a profilov\u00e1 \u010d\u00e1st. \u017d\u00e1k u maturitn\u00ed zkou\u0161ky usp\u011bje, pokud \u00fasp\u011b\u0161n\u011b vykon\u00e1 v\u0161echny povinn\u00e9 zkou\u0161ky spole\u010dn\u00e9 a profilov\u00e9 \u010d\u00e1sti. Ke v\u0161em zkou\u0161k\u00e1m se \u017e\u00e1k z\u00e1vazn\u011b p\u0159ihla\u0161uje, p\u0159ihl\u00e1\u0161ku pro jarn\u00ed term\u00edn MZ je \u017e\u00e1k povinen odevzdat do 1. prosince dan\u00e9ho roku. Do stejn\u00e9ho data je nutn\u00e9 dolo\u017eit tak\u00e9 doporu\u010den\u00ed k&nbsp;p\u0159izn\u00e1n\u00ed uzp\u016fsoben\u00ed podm\u00ednek pro kon\u00e1n\u00ed MZ vydan\u00e9 \u0161kolsk\u00fdm poradensk\u00fdm za\u0159\u00edzen\u00edm, m\u00e1-li \u017e\u00e1k na uzp\u016fsoben\u00ed n\u00e1rok a chce-li ho uplatnit.<\/p>\n\n\n\n<p class=\"has-text-align-center has-very-light-gray-color has-text-color has-background\" style=\"background-color:#0c5a89\">Informace ohledn\u011b maturitn\u00edch zkou\u0161ek naleznete v odkazech n\u00ed\u017ee nebo na v\u00fdv\u011bsce ve 4. pat\u0159e. V p\u0159\u00edpad\u011b jak\u00fdchkoliv nejasnost\u00ed ohledn\u011b maturitn\u00edch zkou\u0161ek se pros\u00edm obra\u0165te na z\u00e1stupce \u0159editele \u0161koly <a href=\"https:\/\/ssps-backup.200.solutions\/ucitel\/aramis-tochjan\/\">Ing. Aramise Tochjana<\/a>.<\/p>\n\n\n\n<h3 class=\"wp-block-heading\">1. Spole\u010dn\u00e1 \u010d\u00e1st maturitn\u00ed zkou\u0161ky<\/h3>\n\n\n\n<p>a) <strong>Povinn\u00e1 zkou\u0161ka z&nbsp;\u010desk\u00e9ho jazyka a literatury<\/strong> \u2013 formou didaktick\u00e9ho testu, hodnocen\u00ed usp\u011bl\/neusp\u011bl<\/p>\n\n\n\n<p>b) <strong>Povinn\u00e1 zkou\u0161ka bu\u010f z\u00a0ciz\u00edho jazyka nebo z\u00a0matematiky<\/strong> \u2013 v\u00a0obou p\u0159\u00edpadech formou didaktick\u00e9ho testu, hodnocen\u00ed usp\u011bl\/neusp\u011bl<\/p>\n\n\n\n<p class=\"has-text-align-center has-very-light-gray-color has-text-color has-background\" style=\"background-color:#0c5a89\">Maturitn\u00ed zkou\u0161ku z anglick\u00e9ho jazyka je mo\u017en\u00e9 nahradit jazykov\u00fdm certifik\u00e1tem. Seznam jazykov\u00fdch certifik\u00e1t\u016f, kter\u00e9 lze uznat naleznete na <a href=\"https:\/\/www.msmt.cz\/vzdelavani\/stredni-vzdelavani\/informace-msmt-o-standardizovanych-jazykovych-zkouskach-1\" rel=\"nofollow noopener\" target=\"_blank\">str\u00e1nk\u00e1ch<\/a> ministerstva \u0161kolstv\u00ed, ml\u00e1de\u017ee a t\u011blov\u00fdchovy. Nahrazen\u00ed jazykov\u00fdm certifik\u00e1tem neplat\u00ed pro didaktick\u00fd test z&nbsp;ciz\u00edho jazyka ve spole\u010dn\u00e9 \u010d\u00e1sti, ten kon\u00e1 \u017e\u00e1k v\u017edy.<\/p>\n\n\n\n<p>c) <strong>Nepovinn\u00e9 zkou\u0161ky<\/strong> \u2013 \u017e\u00e1k si m\u016f\u017ee zvolit a\u017e dv\u011b zkou\u0161ky, hodnocen\u00ed nepovinn\u00fdch zkou\u0161ek nem\u00e1 vliv na celkov\u00fd v\u00fdsledek maturitn\u00ed zkou\u0161ky<\/p>\n\n\n\n<h3 class=\"wp-block-heading\">2. Profilov\u00e1 \u010d\u00e1st maturitn\u00ed zkou\u0161ky<\/h3>\n\n\n\n<h4 class=\"wp-block-heading has-text-align-left\"><strong>Obor Informa\u010dn\u00ed technologie 18-20-M\/01 \u2013 t\u0159\u00eddy 4.A, 4.B a 4.C<\/strong><\/h4>\n\n\n\n<p>a) <strong>\u010cesk\u00fd jazyk a literatura<\/strong> &#8211; \u00fastn\u00ed zkou\u0161ka, 20 minut p\u0159\u00edprava, 15 minut zkou\u0161ka, vizte <a href=\"https:\/\/ssps-backup.200.solutions\/studenti\/maturitni-zkousky\/maturitni-cetba\/\" data-type=\"page\" data-id=\"4083\">maturitn\u00ed \u010detba<\/a><\/p>\n\n\n\n<p>b) <strong>\u010cesk\u00fd jazyk a literatura<\/strong> &#8211; p\u00edsemn\u00e1 pr\u00e1ce (tzv. &#8222;sloh&#8220;), v\u00fdb\u011br z&nbsp;v\u00edce zad\u00e1n\u00ed, 110 minut, min. 250 slov<\/p>\n\n\n\n<p>c)<strong> Ciz\u00ed jazyk<\/strong> \u2013 pokud si \u017e\u00e1k zvolil tento jazyk ve spole\u010dn\u00e9 \u010d\u00e1sti (\u00fastn\u00ed zkou\u0161ka, 20 minut p\u0159\u00edprava, 15 minut zkou\u0161ka), bl\u00ed\u017ee viz <a href=\"https:\/\/ssps-backup.200.solutions\/studenti\/maturitni-zkousky\/maturitni-temata\/\">maturitn\u00ed t\u00e9mata<\/a>.<\/p>\n\n\n\n<p>d) <strong>Ciz\u00ed jazyk<\/strong> \u2013 pokud si \u017e\u00e1k zvolil tento jazyk ve spole\u010dn\u00e9 \u010d\u00e1sti (p\u00edsemn\u00e1 pr\u00e1ce, v\u00fdb\u011br ze dvou zad\u00e1n\u00ed, v&nbsp;ka\u017ed\u00e9m zad\u00e1n\u00ed 2 \u010d\u00e1sti, 1. \u010d\u00e1st \u2013 140-170 slov, 2. \u010d\u00e1st 60-70 slov, celkem \u010das 60 minut)<\/p>\n\n\n\n<p>e) <strong>Profilov\u00e1 zkou\u0161ka Maturitn\u00ed pr\u00e1ce<\/strong> s&nbsp;obhajobou (15 minut p\u0159\u00edprava, 15 minut zkou\u0161ka)<\/p>\n\n\n\n<p>f) <strong>Profilov\u00e1 \u00fastn\u00ed zkou\u0161ka Maturitn\u00ed voliteln\u00fd odborn\u00fd p\u0159edm\u011bt<\/strong> (15 minut p\u0159\u00edprava, 15 minut zkou\u0161ka), bl\u00ed\u017ee viz <a href=\"https:\/\/ssps-backup.200.solutions\/studenti\/maturitni-zkousky\/maturitni-temata\/\">maturitn\u00ed t\u00e9mata<\/a>.<\/p>\n\n\n\n<p>g)<strong> Profilov\u00e1 \u00fastn\u00ed zkou\u0161ka Informa\u010dn\u00ed technologie v&nbsp;praxi<\/strong> (15 minut p\u0159\u00edprava, 15 minut zkou\u0161ka), bl\u00ed\u017ee viz <a href=\"https:\/\/ssps-backup.200.solutions\/studenti\/maturitni-zkousky\/maturitni-temata\/\">maturitn\u00ed t\u00e9mata<\/a>.<\/p>\n\n\n\n<p>h) <strong>Nepovinn\u00e9 \u00fastn\u00ed profilov\u00e9 zkou\u0161ky<\/strong> &#8211; Fyzika, Ekonomika (15 minut p\u0159\u00edprava, 15 minut zkou\u0161ka) \u2013 \u017e\u00e1k si m\u016f\u017ee zvolit a\u017e dv\u011b zkou\u0161ky, hodnocen\u00ed nepovinn\u00fdch zkou\u0161ek nem\u00e1 vliv na celkov\u00fd v\u00fdsledek maturitn\u00ed zkou\u0161ky, bl\u00ed\u017ee viz <a href=\"https:\/\/ssps-backup.200.solutions\/studenti\/maturitni-zkousky\/maturitni-temata\/\">maturitn\u00ed t\u00e9mata<\/a>.<\/p>\n\n\n\n<h4 class=\"wp-block-heading\"><strong>Obor Informa\u010dn\u00ed technologie 18-20-M\/01 se zam\u011b\u0159en\u00edm na &#8222;Kybernetick\u00e1 bezpe\u010dnost&#8220; \u2013 t\u0159\u00edda 4.K<\/strong><\/h4>\n\n\n\n<p>a) <strong>\u010cesk\u00fd jazyk a literatura <\/strong>&#8211; \u00fastn\u00ed zkou\u0161ka, 20 minut p\u0159\u00edprava, 15 minut zkou\u0161ka, vizte <a href=\"https:\/\/ssps-backup.200.solutions\/studenti\/maturitni-zkousky\/maturitni-cetba\/\" data-type=\"page\" data-id=\"4083\">maturitn\u00ed \u010detba<\/a><\/p>\n\n\n\n<p>b) <strong>\u010cesk\u00fd jazyk a literatura<\/strong> &#8211; p\u00edsemn\u00e1 pr\u00e1ce (tzv. &#8222;sloh&#8220;), v\u00fdb\u011br z&nbsp;v\u00edce zad\u00e1n\u00ed, 110 minut, min. 250 slov<\/p>\n\n\n\n<p>c) <strong>Ciz\u00ed jazyk<\/strong> \u2013 pokud si \u017e\u00e1k zvolil tento jazyk ve spole\u010dn\u00e9 \u010d\u00e1sti (\u00fastn\u00ed zkou\u0161ka, 20 minut p\u0159\u00edprava, 15 minut zkou\u0161ka), bl\u00ed\u017ee viz <a href=\"https:\/\/ssps-backup.200.solutions\/studenti\/maturitni-zkousky\/maturitni-temata\/\">maturitn\u00ed t\u00e9mata<\/a>.<\/p>\n\n\n\n<p>d) <strong>Ciz\u00ed jazyk<\/strong> \u2013 pokud si \u017e\u00e1k zvolil tento jazyk ve spole\u010dn\u00e9 \u010d\u00e1sti (p\u00edsemn\u00e1 pr\u00e1ce, v\u00fdb\u011br ze dvou zad\u00e1n\u00ed, v&nbsp;ka\u017ed\u00e9m zad\u00e1n\u00ed 2 \u010d\u00e1sti, 1. \u010d\u00e1st \u2013 140-170 slov, 2. \u010d\u00e1st 60-70 slov, celkem \u010das 60 minut)<\/p>\n\n\n\n<p>e) <strong>Profilov\u00e1 zkou\u0161ka Maturitn\u00ed pr\u00e1ce<\/strong> s&nbsp;obhajobou (15 minut p\u0159\u00edprava, 15 minut zkou\u0161ka)<\/p>\n\n\n\n<p>f) <strong>Profilov\u00e1 \u00fastn\u00ed zkou\u0161ka Kybernetick\u00e1 bezpe\u010dnost<\/strong> (15 minut p\u0159\u00edprava, 15 minut zkou\u0161ka), bl\u00ed\u017ee viz <a href=\"https:\/\/ssps-backup.200.solutions\/studenti\/maturitni-zkousky\/maturitni-temata\/\">maturitn\u00ed t\u00e9mata<\/a>.<\/p>\n\n\n\n<p>g)<strong> Profilov\u00e1 \u00fastn\u00ed zkou\u0161ka Programov\u00e1n\u00ed a v\u00fdvoj aplikac\u00ed<\/strong> (15 minut p\u0159\u00edprava, 15 minut zkou\u0161ka), bl\u00ed\u017ee viz <a href=\"https:\/\/ssps-backup.200.solutions\/studenti\/maturitni-zkousky\/maturitni-temata\/\">maturitn\u00ed t\u00e9mata<\/a>.<\/p>\n\n\n\n<p>h) <strong>Nepovinn\u00e9 \u00fastn\u00ed profilov\u00e9 zkou\u0161ky<\/strong> &#8211; Fyzika, Ekonomika (15 minut p\u0159\u00edprava, 15 minut zkou\u0161ka) \u2013 \u017e\u00e1k si m\u016f\u017ee zvolit a\u017e dv\u011b zkou\u0161ky, hodnocen\u00ed nepovinn\u00fdch zkou\u0161ek nem\u00e1 vliv na celkov\u00fd v\u00fdsledek maturitn\u00ed zkou\u0161ky, bl\u00ed\u017ee viz <a href=\"https:\/\/ssps-backup.200.solutions\/studenti\/maturitni-zkousky\/maturitni-temata\/\">maturitn\u00ed t\u00e9mata<\/a>.<\/p>\n\n\n\n<h4 class=\"wp-block-heading\"><strong>Obor Gymn\u00e1zium 79-41-K\/41 &#8211; t\u0159\u00edda 4.G<\/strong><\/h4>\n\n\n\n<p>a) <strong>\u010cesk\u00fd jazyk a literatura<\/strong> &#8211; \u00fastn\u00ed zkou\u0161ka, 20 minut p\u0159\u00edprava, 15 minut zkou\u0161ka, vizte <a href=\"https:\/\/ssps-backup.200.solutions\/studenti\/maturitni-zkousky\/maturitni-cetba\/\" data-type=\"page\" data-id=\"4083\">maturitn\u00ed \u010detba<\/a><\/p>\n\n\n\n<p>b) <strong>\u010cesk\u00fd jazyk a literatura<\/strong> &#8211; p\u00edsemn\u00e1 pr\u00e1ce (tzv. &#8222;sloh&#8220;), v\u00fdb\u011br z&nbsp;v\u00edce zad\u00e1n\u00ed, 110 minut, min. 250 slov<\/p>\n\n\n\n<p>c) <strong>Ciz\u00ed jazyk<\/strong> \u2013 pokud si \u017e\u00e1k zvolil tento jazyk ve spole\u010dn\u00e9 \u010d\u00e1sti (\u00fastn\u00ed zkou\u0161ka, 20 minut p\u0159\u00edprava, 15 minut zkou\u0161ka), bl\u00ed\u017ee viz <a href=\"https:\/\/ssps-backup.200.solutions\/studenti\/maturitni-zkousky\/maturitni-temata\/\">maturitn\u00ed t\u00e9mata<\/a>.<\/p>\n\n\n\n<p>d) <strong>Ciz\u00ed jazyk<\/strong> \u2013 pokud si \u017e\u00e1k zvolil tento jazyk ve spole\u010dn\u00e9 \u010d\u00e1sti (p\u00edsemn\u00e1 pr\u00e1ce, v\u00fdb\u011br ze dvou zad\u00e1n\u00ed, v&nbsp;ka\u017ed\u00e9m zad\u00e1n\u00ed 2 \u010d\u00e1sti, 1. \u010d\u00e1st \u2013 140-170 slov, 2. \u010d\u00e1st 60-70 slov, celkem \u010das 60 minut)<\/p>\n\n\n\n<p>e) <strong>Profilov\u00e1 zkou\u0161ka Maturitn\u00ed pr\u00e1ce <\/strong>s&nbsp;obhajobou (15 minut p\u0159\u00edprava, 15 minut zkou\u0161ka)<\/p>\n\n\n\n<p>f) <strong>Profilov\u00e1 \u00fastn\u00ed zkou\u0161ka Maturitn\u00ed voliteln\u00fd odborn\u00fd p\u0159edm\u011bt<\/strong> (15 minut p\u0159\u00edprava, 15 minut zkou\u0161ka).<\/p>\n\n\n\n<p>g) <strong>Nepovinn\u00e9 \u00fastn\u00ed profilov\u00e9 zkou\u0161ky<\/strong> &#8211; Fyzika, D\u011bjepis, N\u011bmeck\u00fd jazyk, Matematika, Ob\u010dansk\u00e1 nauka, T\u011blesn\u00e1 v\u00fdchova (15 minut p\u0159\u00edprava, 15 minut zkou\u0161ka) \u2013 \u017e\u00e1k si m\u016f\u017ee zvolit a\u017e dv\u011b zkou\u0161ky, hodnocen\u00ed nepovinn\u00fdch zkou\u0161ek nem\u00e1 vliv na celkov\u00fd v\u00fdsledek maturitn\u00ed zkou\u0161ky, bl\u00ed\u017ee viz <a href=\"https:\/\/ssps-backup.200.solutions\/studenti\/maturitni-zkousky\/maturitni-temata\/\">maturitn\u00ed t\u00e9mata<\/a>.<\/p>\n\n\n\n<h2 class=\"wp-block-heading has-text-align-center\"><strong>HODNOCEN\u00cd ZKOU\u0160EK PROFILOV\u00c9 \u010c\u00c1STI<\/strong><\/h2>\n\n\n\n<p><strong>Plat\u00ed pro v\u0161echny obory vzd\u011bl\u00e1v\u00e1n\u00ed<\/strong><\/p>\n\n\n\n<p>a) <strong>Hodnocen\u00ed \u00fastn\u00edch zkou\u0161ek<\/strong> &#8211; Klasifikaci \u017e\u00e1ka navrhuje zku\u0161ebn\u00ed komisi zkou\u0161ej\u00edc\u00ed s&nbsp;p\u0159\u00edsed\u00edc\u00edm. Zku\u0161ebn\u00ed komise o zn\u00e1mce hlasuje, v&nbsp;p\u0159\u00edpad\u011b rovnosti hlas\u016f rozhoduje hlas p\u0159edsedy komise. Tento zp\u016fsob hodnocen\u00ed schvaluje zku\u0161ebn\u00ed maturitn\u00ed komise p\u0159ed za\u010d\u00e1tkem kon\u00e1n\u00ed prvn\u00ed ze zkou\u0161ek profilov\u00e9 \u010d\u00e1sti.<\/p>\n\n\n\n<p>b) <strong>Hodnocen\u00ed p\u00edsemn\u00fdch prac\u00ed<\/strong> &#8211; V&nbsp;p\u0159\u00edpad\u011b zkou\u0161ek z&nbsp;\u010desk\u00e9ho jazyka a literatura a ciz\u00edho jazyka tvo\u0159\u00ed hodnocen\u00ed p\u00edsemn\u00e9 pr\u00e1ce 40 % a hodnocen\u00ed \u00fastn\u00ed zkou\u0161ky 60 % celkov\u00e9ho hodnocen\u00ed zku\u0161ebn\u00edho p\u0159edm\u011btu.<\/p>\n\n\n\n<p>Pokud se zkou\u0161ka skl\u00e1d\u00e1 z&nbsp;v\u00edce \u010d\u00e1st\u00ed konan\u00fdch r\u016fznou formou, vykon\u00e1 \u017e\u00e1k zkou\u0161ku \u00fasp\u011b\u0161n\u011b, pokud \u00fasp\u011b\u0161n\u011b vykon\u00e1 v\u0161echny jej\u00ed \u010d\u00e1sti.<\/p>\n\n\n\n<p>V\u00edce informac\u00ed naleznete v souborech n\u00ed\u017ee:<\/p>\n\n\n\n<div class=\"wp-block-file\"><a id=\"wp-block-file--media-51f966f0-975a-4ae1-ba88-388b15411920\" href=\"https:\/\/ssps-backup.200.solutions\/wp-content\/uploads\/2021\/10\/Hodnotici-kriteria-profilovych-maturitnich-zkousek.pdf\">Hodnot\u00edc\u00ed krit\u00e9ria profilov\u00fdch maturitn\u00edch zkou\u0161ek<\/a><a href=\"https:\/\/ssps-backup.200.solutions\/wp-content\/uploads\/2021\/10\/Hodnotici-kriteria-profilovych-maturitnich-zkousek.pdf\" class=\"wp-block-file__button wp-element-button\" aria-describedby=\"wp-block-file--media-51f966f0-975a-4ae1-ba88-388b15411920\" download>St\u00e1hnout<\/a><\/div>\n\n\n\n<div class=\"wp-block-file\"><a id=\"wp-block-file--media-9a2dbab2-6fda-4aa9-a2bd-c5c3eabd2ebf\" href=\"https:\/\/ssps-backup.200.solutions\/wp-content\/uploads\/2022\/10\/Web-Maturitni-zkouska-z-CJL-kriteria.pdf\">Hodnot\u00edc\u00ed krit\u00e9ria a dal\u0161\u00ed informace k maturitn\u00ed zkou\u0161ce z \u010cesk\u00e9ho jazyka a literatury<\/a><a href=\"https:\/\/ssps-backup.200.solutions\/wp-content\/uploads\/2022\/10\/Web-Maturitni-zkouska-z-CJL-kriteria.pdf\" class=\"wp-block-file__button wp-element-button\" aria-describedby=\"wp-block-file--media-9a2dbab2-6fda-4aa9-a2bd-c5c3eabd2ebf\" download>St\u00e1hnout<\/a><\/div>\n","protected":false},"excerpt":{"rendered":"<p>Z\u00c1KLADN\u00cd INFORMACE K MATURITN\u00cdM ZKOU\u0160K\u00c1M Maturitn\u00ed zkou\u0161ku (MZ) tvo\u0159\u00ed spole\u010dn\u00e1 a profilov\u00e1 \u010d\u00e1st. \u017d\u00e1k u&#8230; <a href=\"https:\/\/ssps-backup.200.solutions\/?page_id=186\" class=\"readmore\">Zobrazit v\u00edce<\/a><\/p>\n","protected":false},"author":14,"featured_media":0,"parent":189,"menu_order":0,"comment_status":"closed","ping_status":"closed","template":"","meta":{"_acf_changed":false,"inline_featured_image":false,"footnotes":""},"class_list":["post-186","page","type-page","status-publish","hentry"],"acf":[],"_links":{"self":[{"href":"https:\/\/ssps-backup.200.solutions\/index.php?rest_route=\/wp\/v2\/pages\/186","targetHints":{"allow":["GET"]}}],"collection":[{"href":"https:\/\/ssps-backup.200.solutions\/index.php?rest_route=\/wp\/v2\/pages"}],"about":[{"href":"https:\/\/ssps-backup.200.solutions\/index.php?rest_route=\/wp\/v2\/types\/page"}],"author":[{"embeddable":true,"href":"https:\/\/ssps-backup.200.solutions\/index.php?rest_route=\/wp\/v2\/users\/14"}],"replies":[{"embeddable":true,"href":"https:\/\/ssps-backup.200.solutions\/index.php?rest_route=%2Fwp%2Fv2%2Fcomments&post=186"}],"version-history":[{"count":44,"href":"https:\/\/ssps-backup.200.solutions\/index.php?rest_route=\/wp\/v2\/pages\/186\/revisions"}],"predecessor-version":[{"id":7280,"href":"https:\/\/ssps-backup.200.solutions\/index.php?rest_route=\/wp\/v2\/pages\/186\/revisions\/7280"}],"up":[{"embeddable":true,"href":"https:\/\/ssps-backup.200.solutions\/index.php?rest_route=\/wp\/v2\/pages\/189"}],"wp:attachment":[{"href":"https:\/\/ssps-backup.200.solutions\/index.php?rest_route=%2Fwp%2Fv2%2Fmedia&parent=186"}],"curies":[{"name":"wp","href":"https:\/\/api.w.org\/{rel}","templated":true}]}}